{"id":5207,"date":"2015-08-11T18:40:40","date_gmt":"2015-08-11T18:40:40","guid":{"rendered":"http:\/\/tdbank2.site.findly.com\/technical-help-2\/"},"modified":"2022-07-13T06:48:26","modified_gmt":"2022-07-13T06:48:26","slug":"technical-help","status":"publish","type":"page","link":"https:\/\/tdbank4.site.findly.com\/fr-CA\/technical-help\/","title":{"rendered":"Assistance technique"},"content":{"rendered":"<\/div><\/div><\/div><!-- close content main div --><\/div><\/div><div id='secMainCopy' class='av-layout-grid-container entry-content-wrapper main_color av-flex-cells   container_wrap fullsize'   >\n<div class=\"flex_cell no_margin av_one_full  mainCell  \" style='vertical-align:top; padding:0px 30px 30px 30px ; background-color:#ffffff; '><div class='flex_cell_inner' ><section class=\"av_textblock_section\"  itemscope=\"itemscope\" itemtype=\"https:\/\/schema.org\/CreativeWork\" ><div class='avia_textblock '   itemprop=\"text\" ><h1 class=\"copyHeading\">Soutien technique<\/h1>\n<\/div><\/section><br \/>\n<section class=\"av_textblock_section\"  itemscope=\"itemscope\" itemtype=\"https:\/\/schema.org\/CreativeWork\" ><div class='avia_textblock '   itemprop=\"text\" ><p>Si vous \u00eates une personne ayant une incapacit\u00e9 et avez besoin d\u2019aide pour soumettre une candidature, veuillez nous \u00e9crire \u00e0 <a href=\"mailto:TD.TDOpportunitiesTechSupport@td.com.\" class=\" rel=\" noopener=\"\">TD.TDOpportunitiesTechSupport@td.com.<\/a><\/p>\n<p>Les besoins de soutien les plus fr\u00e9quents sont li\u00e9s aux profils du syst\u00e8me Possibilit\u00e9s d\u2019emploi \u00e0 la TD et \u00e0 la navigation sur le site. Notez que vous consultez actuellement le site Web Carri\u00e8res, \u00e0 l\u2019adresse emplois.td.com. Pour acc\u00e9der \u00e0 notre site Possibilit\u00e9s d\u2019emploi \u00e0 la TD (au sjobs.brassring.com), cliquez sur le lien Ouvrir une session.<\/p>\n<p><strong>J\u2019ai oubli\u00e9 le mot de passe ou le nom d\u2019utilisateur utilis\u00e9s pour ouvrir mon compte, et je ne me souviens pas des r\u00e9ponses \u00e0 mes questions de s\u00e9curit\u00e9.<\/strong><\/p>\n<p style=\"padding-left: 40px;\">\u00c0 partir de la page d\u2019ouverture de session de Possibilit\u00e9s d\u2019emploi \u00e0 la TD, cliquez sur le lien Nom d\u2019utilisateur ou mot de passe oubli\u00e9? pour obtenir les renseignements requis. Un code d\u2019acc\u00e8s vous sera automatiquement envoy\u00e9 \u00e0 l\u2019adresse courriel du compte. Si vous n\u2019avez pas acc\u00e8s \u00e0 votre courriel, vous avez la possibilit\u00e9 de r\u00e9pondre correctement \u00e0 l\u2019une des questions de s\u00e9curit\u00e9 s\u00e9lectionn\u00e9es \u00e0 l\u2019origine.<\/p>\n<p style=\"padding-left: 40px;\">Si vous ne voyez pas de courriel dans votre bo\u00eete de r\u00e9ception, consultez le dossier des pourriels au cas o\u00f9 le courriel s\u2019y trouverait.<\/p>\n<p style=\"padding-left: 40px;\">Notez que les mots de passe et les r\u00e9ponses \u00e0 vos questions de s\u00e9curit\u00e9 sont sensibles \u00e0 la casse. Si vous \u00e9prouvez toujours des probl\u00e8mes ou si vous ne recevez pas le courriel de r\u00e9initialisation du mot de passe, \u00e9crivez-nous \u00e0 : <a href=\"mailto: TD.TDOpportunitiesTechSupport@td.com \" class=\" rel=\" noopener=\"\"> TD.TDOpportunitiesTechSupport@td.com.<\/a><\/p>\n<p>Pour toute question d\u2019ordre g\u00e9n\u00e9ral sur le processus de candidature, visitez la <a href=\"https:\/\/jobs.td.com\/fr-CA\/faqs\/\" target=\"_blank\" rel=\"noopener\">FAQ de notre site Web Carri\u00e8res.<\/a><\/p>\n<p>Pour toute question sur la navigation dans le site Possibilit\u00e9s d\u2019emploi \u00e0 la TD, consultez la <a href=\"\/fr-CA\/docs\/FAQ_Externe.pdf\" target=\"_blank\" rel=\"noopener\">FAQ de Possibilit\u00e9s d\u2019emploi \u00e0 la TD<\/a> Vous y trouverez des explications sur la fa\u00e7on de modifier votre profil, de t\u00e9l\u00e9verser un CV, de retirer une candidature, de consulter et d\u2019accepter une lettre d\u2019offre et de demander la suppression de votre profil.<\/p>\n<\/div><\/section><\/p>\n<\/div><\/div><\/div>\n","protected":false},"excerpt":{"rendered":"","protected":false},"author":1,"featured_media":0,"parent":0,"menu_order":0,"comment_status":"closed","ping_status":"closed","template":"","meta":{"footnotes":""},"class_list":["post-5207","page","type-page","status-publish","hentry"],"yoast_head":"<!-- This site is optimized with the Yoast SEO Premium plugin v23.0 (Yoast SEO v23.0) - https:\/\/yoast.com\/wordpress\/plugins\/seo\/ -->\n<title>Assistance technique<\/title>\n<meta name=\"robots\" content=\"noindex, follow, max-snippet:-1, max-image-preview:large, max-video-preview:-1\" \/>\n<meta property=\"og:locale\" content=\"fr_CA\" \/>\n<meta property=\"og:type\" content=\"article\" \/>\n<meta property=\"og:title\" content=\"Assistance technique\" \/>\n<meta property=\"og:url\" content=\"https:\/\/tdbank4.site.findly.com\/fr-CA\/technical-help\/\" \/>\n<meta property=\"og:site_name\" content=\"Banque TD\" \/>\n<meta property=\"article:publisher\" content=\"https:\/\/www.facebook.com\/TDBank\" \/>\n<meta property=\"article:modified_time\" content=\"2022-07-13T06:48:26+00:00\" \/>\n<meta name=\"twitter:label1\" content=\"Estimation du temps de lecture\" \/>\n\t<meta name=\"twitter:data1\" content=\"2 minutes\" \/>\n<script type=\"application\/ld+json\" class=\"yoast-schema-graph\">{\"@context\":\"https:\/\/schema.org\",\"@graph\":[{\"@type\":\"WebPage\",\"@id\":\"https:\/\/tdbank4.site.findly.com\/fr-CA\/technical-help\/\",\"url\":\"https:\/\/tdbank4.site.findly.com\/fr-CA\/technical-help\/\",\"name\":\"Assistance technique\",\"isPartOf\":{\"@id\":\"https:\/\/tdbank4.site.findly.com\/fr-CA\/#website\"},\"datePublished\":\"2015-08-11T18:40:40+00:00\",\"dateModified\":\"2022-07-13T06:48:26+00:00\",\"breadcrumb\":{\"@id\":\"https:\/\/tdbank4.site.findly.com\/fr-CA\/technical-help\/#breadcrumb\"},\"inLanguage\":\"fr-CA\",\"potentialAction\":[{\"@type\":\"ReadAction\",\"target\":[\"https:\/\/tdbank4.site.findly.com\/fr-CA\/technical-help\/\"]}]},{\"@type\":\"BreadcrumbList\",\"@id\":\"https:\/\/tdbank4.site.findly.com\/fr-CA\/technical-help\/#breadcrumb\",\"itemListElement\":[{\"@type\":\"ListItem\",\"position\":1,\"name\":\"Home\",\"item\":\"https:\/\/tdbank4.site.findly.com\/fr-CA\/\"},{\"@type\":\"ListItem\",\"position\":2,\"name\":\"Assistance technique\"}]},{\"@type\":\"WebSite\",\"@id\":\"https:\/\/tdbank4.site.findly.com\/fr-CA\/#website\",\"url\":\"https:\/\/tdbank4.site.findly.com\/fr-CA\/\",\"name\":\"Banque TD\",\"description\":\"Responsive Career site\",\"potentialAction\":[{\"@type\":\"SearchAction\",\"target\":{\"@type\":\"EntryPoint\",\"urlTemplate\":\"https:\/\/tdbank4.site.findly.com\/fr-CA\/?s={search_term_string}\"},\"query-input\":\"required name=search_term_string\"}],\"inLanguage\":\"fr-CA\"}]}<\/script>\n<!-- \/ Yoast SEO Premium plugin. -->","yoast_head_json":{"title":"Assistance technique","robots":{"index":"noindex","follow":"follow","max-snippet":"max-snippet:-1","max-image-preview":"max-image-preview:large","max-video-preview":"max-video-preview:-1"},"og_locale":"fr_CA","og_type":"article","og_title":"Assistance technique","og_url":"https:\/\/tdbank4.site.findly.com\/fr-CA\/technical-help\/","og_site_name":"Banque TD","article_publisher":"https:\/\/www.facebook.com\/TDBank","article_modified_time":"2022-07-13T06:48:26+00:00","twitter_misc":{"Estimation du temps de lecture":"2 minutes"},"schema":{"@context":"https:\/\/schema.org","@graph":[{"@type":"WebPage","@id":"https:\/\/tdbank4.site.findly.com\/fr-CA\/technical-help\/","url":"https:\/\/tdbank4.site.findly.com\/fr-CA\/technical-help\/","name":"Assistance technique","isPartOf":{"@id":"https:\/\/tdbank4.site.findly.com\/fr-CA\/#website"},"datePublished":"2015-08-11T18:40:40+00:00","dateModified":"2022-07-13T06:48:26+00:00","breadcrumb":{"@id":"https:\/\/tdbank4.site.findly.com\/fr-CA\/technical-help\/#breadcrumb"},"inLanguage":"fr-CA","potentialAction":[{"@type":"ReadAction","target":["https:\/\/tdbank4.site.findly.com\/fr-CA\/technical-help\/"]}]},{"@type":"BreadcrumbList","@id":"https:\/\/tdbank4.site.findly.com\/fr-CA\/technical-help\/#breadcrumb","itemListElement":[{"@type":"ListItem","position":1,"name":"Home","item":"https:\/\/tdbank4.site.findly.com\/fr-CA\/"},{"@type":"ListItem","position":2,"name":"Assistance technique"}]},{"@type":"WebSite","@id":"https:\/\/tdbank4.site.findly.com\/fr-CA\/#website","url":"https:\/\/tdbank4.site.findly.com\/fr-CA\/","name":"Banque TD","description":"Responsive Career site","potentialAction":[{"@type":"SearchAction","target":{"@type":"EntryPoint","urlTemplate":"https:\/\/tdbank4.site.findly.com\/fr-CA\/?s={search_term_string}"},"query-input":"required name=search_term_string"}],"inLanguage":"fr-CA"}]}},"_links":{"self":[{"href":"https:\/\/tdbank4.site.findly.com\/fr-CA\/wp-json\/wp\/v2\/pages\/5207","targetHints":{"allow":["GET"]}}],"collection":[{"href":"https:\/\/tdbank4.site.findly.com\/fr-CA\/wp-json\/wp\/v2\/pages"}],"about":[{"href":"https:\/\/tdbank4.site.findly.com\/fr-CA\/wp-json\/wp\/v2\/types\/page"}],"author":[{"embeddable":true,"href":"https:\/\/tdbank4.site.findly.com\/fr-CA\/wp-json\/wp\/v2\/users\/1"}],"replies":[{"embeddable":true,"href":"https:\/\/tdbank4.site.findly.com\/fr-CA\/wp-json\/wp\/v2\/comments?post=5207"}],"version-history":[{"count":3,"href":"https:\/\/tdbank4.site.findly.com\/fr-CA\/wp-json\/wp\/v2\/pages\/5207\/revisions"}],"predecessor-version":[{"id":19290,"href":"https:\/\/tdbank4.site.findly.com\/fr-CA\/wp-json\/wp\/v2\/pages\/5207\/revisions\/19290"}],"wp:attachment":[{"href":"https:\/\/tdbank4.site.findly.com\/fr-CA\/wp-json\/wp\/v2\/media?parent=5207"}],"curies":[{"name":"wp","href":"https:\/\/api.w.org\/{rel}","templated":true}]}}