{"id":452,"date":"2015-02-13T23:40:49","date_gmt":"2015-02-13T23:40:49","guid":{"rendered":"http:\/\/td.site.findly.com\/home-2\/"},"modified":"2024-04-26T12:36:31","modified_gmt":"2024-04-26T12:36:31","slug":"carrieres-accueil","status":"publish","type":"page","link":"https:\/\/tdbank4.site.findly.com\/fr-CA\/","title":{"rendered":"Carri\u00e8res Accueil"},"content":{"rendered":"<div id='layer_slider_1' class='avia-layerslider main_color avia-shadow  container_wrap fullsize'    style='height: 376px;' ><\/div>\n<div class=\"flex_column av_one_half  flex_column_div av-zero-column-padding first  \" style='border-radius:0px; '><section class=\"av_textblock_section\"  itemscope=\"itemscope\" itemtype=\"https:\/\/schema.org\/CreativeWork\" ><div class='avia_textblock '   itemprop=\"text\" ><p style=\"text-align: left;\"><span style=\"font-size: 18pt;\"><strong><a class=\"relaunch-button\" href=\"https:\/\/td.wd3.myworkdayjobs.com\/fr-CA\/TD_Bank_Careers\">Explorer des occasions<\/a><\/strong><\/span><\/p>\n<\/div><\/section><\/div>\n<\/div><\/div><\/div><!-- close content main div --><\/div><\/div><div id='secmaincopy' class='avia-section main_color avia-section-small avia-no-border-styling avia-bg-style-scroll   container_wrap fullsize' style = 'background-color: #ffffff; background-color: #ffffff; '  ><div class='container' ><div class='template-page content  av-content-full alpha units'><div class='post-entry post-entry-type-page post-entry-452'><div class='entry-content-wrapper clearfix'>\n<div class=\"flex_column av_one_full  flex_column_div first  \" ><section class=\"av_textblock_section\"  itemscope=\"itemscope\" itemtype=\"https:\/\/schema.org\/CreativeWork\" ><div class='avia_textblock '   itemprop=\"text\" ><h1 class=\"homeHeading\">Lorsque vous joignez la\u00a0TD, vous obtenez bien plus qu\u2019un emploi. Vous entreprendrez une carri\u00e8re.<\/h1>\n<p>La TD est la sixi\u00e8me banque en importance en Am\u00e9rique du Nord d\u2019apr\u00e8s le nombre de succursales et elle offre ses services \u00e0 environ 24 millions de clients dans plusieurs centres financiers cl\u00e9s du monde entier. Notre mission consiste \u00e0 offrir \u00e0 nos clients la meilleure exp\u00e9rience bancaire possible, et ce, chaque jour. Pour ce faire, nous comptons sur notre \u00e9quipe compos\u00e9e de plus de ~95 000 employ\u00e9s ambitieux et talentueux qui partagent notre passion pour l\u2019excellence.<\/p>\n<p>Que vous ayez plusieurs ann\u00e9es d\u2019exp\u00e9rience en mati\u00e8re de services bancaires ou commencez votre carri\u00e8re dans les services financiers, nous vous aiderons \u00e0 r\u00e9aliser votre plein potentiel et \u00e0 atteindre vos objectifs de carri\u00e8re. Du mentorat au perfectionnement du leadership, en passant par les programmes de formation, vous b\u00e9n\u00e9ficierez de tout ce dont vous avez besoin pour r\u00e9ussir. Nous vous aiderons \u00e0 devenir le meilleur de vous-m\u00eame, parce que meilleur vous \u00eates, meilleurs nous sommes.<\/p>\n<\/div><\/section><\/div><\/div><\/div><\/div><!-- close content main div --><\/div><\/div><div id='secdrivers' class='avia-section main_color avia-section-no-padding avia-no-border-styling avia-bg-style-scroll   container_wrap fullsize'   ><div class='container' ><div class='template-page content  av-content-full alpha units'><div class='post-entry post-entry-type-page post-entry-452'><div class='entry-content-wrapper clearfix'>\n<section class=\"av_textblock_section\"  itemscope=\"itemscope\" itemtype=\"https:\/\/schema.org\/CreativeWork\" ><div class='avia_textblock '   itemprop=\"text\" ><h2>En savoir plus sur la TD<\/h2>\n<\/div><\/section>\n<div class=\"flex_column av_one_third  flex_column_div first  \" ><p><div class='avia-image-container  av-styling-   imgDrivers avia-align-center '  itemscope=\"itemscope\" itemtype=\"https:\/\/schema.org\/ImageObject\"  ><div class='avia-image-container-inner'><img class='avia_image ' src='https:\/\/tdbank4.site.findly.com\/wp-content\/uploads\/sites\/605\/2018\/04\/CF-NJSTR-0006_FLIPPED_1067x375.jpg' alt='' title=''   itemprop=\"contentURL\"  \/><\/div><\/div><br \/>\n<section class=\"av_textblock_section\"  itemscope=\"itemscope\" itemtype=\"https:\/\/schema.org\/CreativeWork\" ><div class='avia_textblock av-image-caption-overlay-position'   itemprop=\"text\" ><p><a title=\"Possibilit\u00e9s d\u2019emploi\" href=\"\/fr-CA\/possibilites-demploi\/\">Possibilit\u00e9s d\u2019emploi <span class=\"av-icon-char\" style=\"font-size: 12px; line-height: 12px;\"><\/span><\/a><\/p>\n<\/div><\/section><\/p><\/div><div class=\"flex_column av_one_third  flex_column_div av-zero-column-padding   \" style='border-radius:0px; '><p><div class='avia-image-container  av-styling-   imgDrivers avia-align-center '  itemscope=\"itemscope\" itemtype=\"https:\/\/schema.org\/ImageObject\"  ><div class='avia-image-container-inner'><img class='avia_image ' src='https:\/\/tdbank4.site.findly.com\/wp-content\/uploads\/sites\/605\/2018\/04\/CF-NJSTR-0010_retouched_1067x375.jpg' alt='' title=''   itemprop=\"contentURL\"  \/><\/div><\/div><br \/>\n<section class=\"av_textblock_section\"  itemscope=\"itemscope\" itemtype=\"https:\/\/schema.org\/CreativeWork\" ><div class='avia_textblock av-image-caption-overlay-position'   itemprop=\"text\" ><p><a title=\"Aper\u00e7u des secteurs d'activit\u00e9\" href=\"\/fr-CA\/secteurs-dactivite\/\">Aper\u00e7u des secteurs d&rsquo;activit\u00e9 <span class=\"av-icon-char\" style=\"font-size: 12px; line-height: 12px;\"><\/span><\/a><\/p>\n<\/div><\/section><\/p><\/div><div class=\"flex_column av_one_third  flex_column_div av-zero-column-padding   \" style='border-radius:0px; '><p><div class='avia-image-container  av-styling-   imgDrivers avia-align-center '  itemscope=\"itemscope\" itemtype=\"https:\/\/schema.org\/ImageObject\"  ><div class='avia-image-container-inner'><img class='avia_image ' src='https:\/\/tdbank4.site.findly.com\/wp-content\/uploads\/sites\/605\/2022\/07\/banner2_update_sml.jpg' alt='' title='banner2_update_sml'   itemprop=\"contentURL\"  \/><\/div><\/div><br \/>\n<section class=\"av_textblock_section\"  itemscope=\"itemscope\" itemtype=\"https:\/\/schema.org\/CreativeWork\" ><div class='avia_textblock av-image-caption-overlay-position'   itemprop=\"text\" ><p><a title=\"Pourquoi nous choisir?\" href=\"\/fr-CA\/pourquoi-nous-choisir\/\">Pourquoi nous choisir? <span class=\"av-icon-char\" style=\"font-size: 12px; line-height: 12px;\"><\/span><\/a><\/p>\n<\/div><\/section><\/p><\/div><div class=\"flex_column av_one_third  flex_column_div av-zero-column-padding first  \" style='border-radius:0px; '><p><div class='avia-image-container  av-styling-   imgDrivers avia-align-center '  itemscope=\"itemscope\" itemtype=\"https:\/\/schema.org\/ImageObject\"  ><div class='avia-image-container-inner'><img class='avia_image ' src='https:\/\/tdbank4.site.findly.com\/wp-content\/uploads\/sites\/605\/2018\/04\/EC-GNXT-030.jpg' alt='' title=''   itemprop=\"contentURL\"  \/><\/div><\/div><br \/>\n<section class=\"av_textblock_section\"  itemscope=\"itemscope\" itemtype=\"https:\/\/schema.org\/CreativeWork\" ><div class='avia_textblock av-image-caption-overlay-position'   itemprop=\"text\" ><p><a title=\"Recrutement universitaire \" href=\"\/fr-CA\/recrutement-universitaire\/\">Recrutement universitaire <span class=\"av-icon-char\" style=\"font-size: 12px; line-height: 12px;\"><\/span><\/a><\/p>\n<\/div><\/section><\/p><\/div><div class=\"flex_column av_one_third  flex_column_div av-zero-column-padding   hidden \" style='border-radius:0px; '><p><div class='avia-image-container  av-styling-   imgDrivers avia-align-center '  itemscope=\"itemscope\" itemtype=\"https:\/\/schema.org\/ImageObject\"  ><div class='avia-image-container-inner'><img class='avia_image ' src='https:\/\/tdbank4.site.findly.com\/wp-content\/uploads\/sites\/605\/2020\/12\/driver_locations1.jpg' alt='' title='driver_locations1'   itemprop=\"contentURL\"  \/><\/div><\/div><br \/>\n<section class=\"av_textblock_section\"  itemscope=\"itemscope\" itemtype=\"https:\/\/schema.org\/CreativeWork\" ><div class='avia_textblock av-image-caption-overlay-position'   itemprop=\"text\" ><p>Lieux <span class=\"av-icon-char\" style=\"font-size: 12px; line-height: 12px;\"><\/span><br \/>\n<!--<a title=\"Lieux\" href=\"\/fr-CA\/recherche-demploi\/locations\/\">Lieux <span class=\"av-icon-char\" style=\"font-size: 12px; line-height: 12px;\"><\/span><\/a>--><\/p>\n<\/div><\/section><\/p><\/div><div class=\"flex_column av_one_third  flex_column_div av-zero-column-padding   hidden \" style='border-radius:0px; '><p><div class='avia-image-container  av-styling-   imgDrivers avia-align-center '  itemscope=\"itemscope\" itemtype=\"https:\/\/schema.org\/ImageObject\"  ><div class='avia-image-container-inner'><img class='avia_image ' src='https:\/\/tdbank4.site.findly.com\/wp-content\/uploads\/sites\/605\/2018\/04\/2a.jpg' alt='' title=''   itemprop=\"contentURL\"  \/><\/div><\/div><br \/>\n<section class=\"av_textblock_section\"  itemscope=\"itemscope\" itemtype=\"https:\/\/schema.org\/CreativeWork\" ><div class='avia_textblock av-image-caption-overlay-position'   itemprop=\"text\" ><p><a title=\"Nouvelles\" href=\"\/fr-CA\/nouvelles-et-evenements-sur-les-carrieres\/\">Nouvelles <span class=\"av-icon-char\" style=\"font-size: 12px; line-height: 12px;\"><\/span><\/a><\/p>\n<\/div><\/section><\/p><\/div>\n<\/p>\n","protected":false},"excerpt":{"rendered":"","protected":false},"author":1038,"featured_media":0,"parent":0,"menu_order":0,"comment_status":"open","ping_status":"closed","template":"","meta":{"footnotes":""},"class_list":["post-452","page","type-page","status-publish","hentry"],"yoast_head":"<!-- This site is optimized with the Yoast SEO Premium plugin v23.0 (Yoast SEO v23.0) - https:\/\/yoast.com\/wordpress\/plugins\/seo\/ -->\n<title>Carri\u00e8res \u00e0 la TD<\/title>\n<meta name=\"robots\" content=\"noindex, follow, max-snippet:-1, max-image-preview:large, max-video-preview:-1\" \/>\n<meta property=\"og:locale\" content=\"fr_CA\" \/>\n<meta property=\"og:type\" content=\"article\" \/>\n<meta property=\"og:title\" content=\"Carri\u00e8res Accueil\" \/>\n<meta property=\"og:url\" content=\"https:\/\/tdbank4.site.findly.com\/fr-CA\/\" \/>\n<meta property=\"og:site_name\" content=\"Banque TD\" \/>\n<meta property=\"article:publisher\" content=\"https:\/\/www.facebook.com\/TDBank\" \/>\n<meta property=\"article:modified_time\" content=\"2024-04-26T12:36:31+00:00\" \/>\n<meta name=\"twitter:label1\" content=\"Estimation du temps de lecture\" \/>\n\t<meta name=\"twitter:data1\" content=\"6 minutes\" \/>\n<script type=\"application\/ld+json\" class=\"yoast-schema-graph\">{\"@context\":\"https:\/\/schema.org\",\"@graph\":[{\"@type\":\"WebPage\",\"@id\":\"https:\/\/tdbank4.site.findly.com\/fr-CA\/\",\"url\":\"https:\/\/tdbank4.site.findly.com\/fr-CA\/\",\"name\":\"Carri\u00e8res \u00e0 la TD\",\"isPartOf\":{\"@id\":\"https:\/\/tdbank4.site.findly.com\/fr-CA\/#website\"},\"datePublished\":\"2015-02-13T23:40:49+00:00\",\"dateModified\":\"2024-04-26T12:36:31+00:00\",\"breadcrumb\":{\"@id\":\"https:\/\/tdbank4.site.findly.com\/fr-CA\/#breadcrumb\"},\"inLanguage\":\"fr-CA\",\"potentialAction\":[{\"@type\":\"ReadAction\",\"target\":[\"https:\/\/tdbank4.site.findly.com\/fr-CA\/\"]}]},{\"@type\":\"BreadcrumbList\",\"@id\":\"https:\/\/tdbank4.site.findly.com\/fr-CA\/#breadcrumb\",\"itemListElement\":[{\"@type\":\"ListItem\",\"position\":1,\"name\":\"Home\",\"item\":\"https:\/\/tdbank4.site.findly.com\/fr-CA\/\"},{\"@type\":\"ListItem\",\"position\":2,\"name\":\"Carri\u00e8res Accueil\"}]},{\"@type\":\"WebSite\",\"@id\":\"https:\/\/tdbank4.site.findly.com\/fr-CA\/#website\",\"url\":\"https:\/\/tdbank4.site.findly.com\/fr-CA\/\",\"name\":\"Banque TD\",\"description\":\"Responsive Career site\",\"potentialAction\":[{\"@type\":\"SearchAction\",\"target\":{\"@type\":\"EntryPoint\",\"urlTemplate\":\"https:\/\/tdbank4.site.findly.com\/fr-CA\/?s={search_term_string}\"},\"query-input\":\"required name=search_term_string\"}],\"inLanguage\":\"fr-CA\"}]}<\/script>\n<!-- \/ Yoast SEO Premium plugin. -->","yoast_head_json":{"title":"Carri\u00e8res \u00e0 la TD","robots":{"index":"noindex","follow":"follow","max-snippet":"max-snippet:-1","max-image-preview":"max-image-preview:large","max-video-preview":"max-video-preview:-1"},"og_locale":"fr_CA","og_type":"article","og_title":"Carri\u00e8res Accueil","og_url":"https:\/\/tdbank4.site.findly.com\/fr-CA\/","og_site_name":"Banque TD","article_publisher":"https:\/\/www.facebook.com\/TDBank","article_modified_time":"2024-04-26T12:36:31+00:00","twitter_misc":{"Estimation du temps de lecture":"6 minutes"},"schema":{"@context":"https:\/\/schema.org","@graph":[{"@type":"WebPage","@id":"https:\/\/tdbank4.site.findly.com\/fr-CA\/","url":"https:\/\/tdbank4.site.findly.com\/fr-CA\/","name":"Carri\u00e8res \u00e0 la TD","isPartOf":{"@id":"https:\/\/tdbank4.site.findly.com\/fr-CA\/#website"},"datePublished":"2015-02-13T23:40:49+00:00","dateModified":"2024-04-26T12:36:31+00:00","breadcrumb":{"@id":"https:\/\/tdbank4.site.findly.com\/fr-CA\/#breadcrumb"},"inLanguage":"fr-CA","potentialAction":[{"@type":"ReadAction","target":["https:\/\/tdbank4.site.findly.com\/fr-CA\/"]}]},{"@type":"BreadcrumbList","@id":"https:\/\/tdbank4.site.findly.com\/fr-CA\/#breadcrumb","itemListElement":[{"@type":"ListItem","position":1,"name":"Home","item":"https:\/\/tdbank4.site.findly.com\/fr-CA\/"},{"@type":"ListItem","position":2,"name":"Carri\u00e8res Accueil"}]},{"@type":"WebSite","@id":"https:\/\/tdbank4.site.findly.com\/fr-CA\/#website","url":"https:\/\/tdbank4.site.findly.com\/fr-CA\/","name":"Banque TD","description":"Responsive Career site","potentialAction":[{"@type":"SearchAction","target":{"@type":"EntryPoint","urlTemplate":"https:\/\/tdbank4.site.findly.com\/fr-CA\/?s={search_term_string}"},"query-input":"required name=search_term_string"}],"inLanguage":"fr-CA"}]}},"_links":{"self":[{"href":"https:\/\/tdbank4.site.findly.com\/fr-CA\/wp-json\/wp\/v2\/pages\/452","targetHints":{"allow":["GET"]}}],"collection":[{"href":"https:\/\/tdbank4.site.findly.com\/fr-CA\/wp-json\/wp\/v2\/pages"}],"about":[{"href":"https:\/\/tdbank4.site.findly.com\/fr-CA\/wp-json\/wp\/v2\/types\/page"}],"author":[{"embeddable":true,"href":"https:\/\/tdbank4.site.findly.com\/fr-CA\/wp-json\/wp\/v2\/users\/1038"}],"replies":[{"embeddable":true,"href":"https:\/\/tdbank4.site.findly.com\/fr-CA\/wp-json\/wp\/v2\/comments?post=452"}],"version-history":[{"count":15,"href":"https:\/\/tdbank4.site.findly.com\/fr-CA\/wp-json\/wp\/v2\/pages\/452\/revisions"}],"predecessor-version":[{"id":22179,"href":"https:\/\/tdbank4.site.findly.com\/fr-CA\/wp-json\/wp\/v2\/pages\/452\/revisions\/22179"}],"wp:attachment":[{"href":"https:\/\/tdbank4.site.findly.com\/fr-CA\/wp-json\/wp\/v2\/media?parent=452"}],"curies":[{"name":"wp","href":"https:\/\/api.w.org\/{rel}","templated":true}]}}