{"id":2447,"date":"2015-05-15T17:08:44","date_gmt":"2015-05-15T17:08:44","guid":{"rendered":"http:\/\/tdbank2.site.findly.com\/campus-recruitment\/technology\/recruitment-process\/"},"modified":"2018-10-12T09:54:54","modified_gmt":"2018-10-12T09:54:54","slug":"notre-processus-de-recrutement-technologie","status":"publish","type":"page","link":"https:\/\/tdbank4.site.findly.com\/fr-CA\/recrutement-universitaire\/accuiel-de-technologie\/notre-processus-de-recrutement-technologie\/","title":{"rendered":"Notre processus de recrutement &#8211; Technologie"},"content":{"rendered":"<\/div><\/div><\/div><!-- close content main div --><\/div><\/div><div id='banner-subpage' class='avia-section alternate_color avia-section-default avia-no-border-styling avia-bg-style-scroll   av-minimum-height av-minimum-height-custom container_wrap fullsize' style = 'background-repeat: no-repeat; background-image: url(https:\/\/tdbank4.site.findly.com\/wp-content\/uploads\/sites\/605\/2015\/05\/TD_Toronto_HR_SELECTS_EDITED-122_1067x375.jpg); background-attachment: scroll; background-position: top center; ' data-section-bg-repeat='no-repeat' ><div class='container' ><div class='template-page content  av-content-full alpha units'><div class='post-entry post-entry-type-page post-entry-2447'><div class='entry-content-wrapper clearfix'>\n<section class=\"av_textblock_section\"  itemscope=\"itemscope\" itemtype=\"https:\/\/schema.org\/CreativeWork\" ><div class='avia_textblock  headertext w45 t50 left50 tagline-position-banner'   itemprop=\"text\" ><div>Rencontrons-nous! D\u00e9couvrez jusqu\u2019o\u00f9 peut vous mener une carri\u00e8re \u00e0 la TD.<\/div>\n<\/div><\/section>\n<\/div><\/div><\/div><!-- close content main div --><\/div><\/div><div id='mobile-bannertext' class='avia-section alternate_color avia-section-default avia-no-border-styling avia-bg-style-scroll   av-minimum-height av-minimum-height-custom container_wrap fullsize'   ><div class='container' ><div class='template-page content  av-content-full alpha units'><div class='post-entry post-entry-type-page post-entry-2447'><div class='entry-content-wrapper clearfix'>\n<section class=\"av_textblock_section\"  itemscope=\"itemscope\" itemtype=\"https:\/\/schema.org\/CreativeWork\" ><div class='avia_textblock headertext moretext'   itemprop=\"text\" ><div>Rencontrons-nous! D\u00e9couvrez jusqu\u2019o\u00f9 peut vous mener une carri\u00e8re \u00e0 la TD.<\/div>\n<\/div><\/section>\n<\/p>\n<\/div><\/div><\/div><!-- close content main div --><\/div><\/div><div id='secjobsearchbar' class='avia-section main_color avia-section-small avia-no-border-styling avia-bg-style-scroll   container_wrap fullsize'   ><div class='container' ><div class='template-page content  av-content-full alpha units'><div class='post-entry post-entry-type-page post-entry-2447'><div class='entry-content-wrapper clearfix'>\n\n\n<\/div><\/div><\/div><!-- close content main div --><\/div><\/div><div id='secMainCopy' class='av-layout-grid-container entry-content-wrapper main_color av-flex-cells   container_wrap fullsize'   >\n<div class=\"flex_cell no_margin av_one_fourth  navCell  \" style='vertical-align:top; padding:0px 0px 0 0px ; background-color:#efeff4; '><div class='flex_cell_inner' ><div class=\"flex_column av_one_full  flex_column_div first  \" ><div class='avia-builder-widget-area clearfix '><div id=\"nav_menu-4\" class=\"widget clearfix widget_nav_menu\"><div class=\"menu-campus-technology-french-can0-container\"><ul id=\"menu-campus-technology-french-can0\" class=\"menu\"><li id=\"menu-item-2467\" class=\"menu-item menu-item-type-post_type menu-item-object-page menu-item-has-children menu-item-2467\"><a href=\"https:\/\/tdbank4.site.findly.com\/fr-CA\/recrutement-universitaire\/accuiel-de-technologie\/\">Accuiel de Technologie<\/a>\n<ul class=\"sub-menu\">\n\t<li id=\"menu-item-2469\" class=\"menu-item menu-item-type-post_type menu-item-object-page menu-item-2469\"><a href=\"https:\/\/tdbank4.site.findly.com\/fr-CA\/recrutement-universitaire\/accuiel-de-technologie\/notre-equipe\/\">Faites connaissance avec notre \u00e9quipe &#8211; Technologie<\/a><\/li>\n\t<li id=\"menu-item-2471\" class=\"menu-item menu-item-type-post_type menu-item-object-page menu-item-2471\"><a href=\"https:\/\/tdbank4.site.findly.com\/fr-CA\/recrutement-universitaire\/accuiel-de-technologie\/nos-programmes\/\">Nos Programmes &#8211; Technologie<\/a><\/li>\n\t<li id=\"menu-item-2473\" class=\"menu-item menu-item-type-post_type menu-item-object-page menu-item-2473\"><a href=\"https:\/\/tdbank4.site.findly.com\/fr-CA\/recrutement-universitaire\/accuiel-de-technologie\/notre-processus-de-recrutement-technologie\/\">Notre processus de recrutement &#8211; Technologie<\/a><\/li>\n\t<li id=\"menu-item-2477\" class=\"menu-item menu-item-type-post_type menu-item-object-page menu-item-2477\"><a href=\"https:\/\/tdbank4.site.findly.com\/fr-CA\/recrutement-universitaire\/\">Recrutement Universitaire<\/a><\/li>\n<\/ul>\n<\/li>\n<\/ul><\/div><\/div><div id=\"text-8\" class=\"widget clearfix widget_text\"><h3 class=\"widgettitle\">Vous avez d\u00e9j\u00e0 fait vos recherches sur la TD?<\/h3>\t\t\t<div class=\"textwidget\"><p>Alors, jetez donc un coup d\u2019\u0153il \u00e0 nos possibilit\u00e9s d\u2019emplois. Si vous ne trouvez pas de poste correspondant \u00e0 vos int\u00e9r\u00eats, communiquez avec nous et nous vous informerons des occasions pertinentes au fur et \u00e0 mesure qu\u2019elles se pr\u00e9senteront.<\/p>\r\n<div class=\"calloutLinks\">\r\n<a href=\"https:\/\/jobs.td.com\/fr-CA\/recherche-demploi\/?addtnl_categories=Programme%20sur%20les%20campus\">Consulter tous les programmes <span class=\"av-icon-char\" style=\"font-size:12px;line-height:12px;\" aria-hidden=\"true\" data-av_icon=\"\ue875\" data-av_iconfont=\"entypo-fontello\"><\/span><\/a><br \/>\r\n<!-- <a class=\"\" href=\"https:\/\/connect.thehive.com\/td-join-fr-ca?cp=Career-Site,FR-CA,Campus-Technology-Get-Connected-FR-CA&ty=0&d=fnCLOSE\" target=\"_blank\">Get connected <span class=\"av-icon-char\" style=\"font-size:12px;line-height:12px;\" aria-hidden=\"true\" data-av_icon=\"\ue875\" data-av_iconfont=\"entypo-fontello\"><\/span><\/a>-->\r\n<\/div><\/div>\n\t\t<\/div><\/div><\/div>\n<\/div><\/div><div class=\"flex_cell no_margin av_three_fourth  mainCell  \" style='vertical-align:top; padding:0px 30px 30px 30px ; background-color:#ffffff; '><div class='flex_cell_inner' ><div class=\"flex_column av_one_full  flex_column_div first  \" ><section class=\"av_textblock_section\"  itemscope=\"itemscope\" itemtype=\"https:\/\/schema.org\/CreativeWork\" ><div class='avia_textblock '   itemprop=\"text\" ><h1 class=\"copyHeading\">Notre processus de recrutement<\/h1>\n<\/div><\/section><br \/>\n<section class=\"av_textblock_section\"  itemscope=\"itemscope\" itemtype=\"https:\/\/schema.org\/CreativeWork\" ><div class='avia_textblock '   itemprop=\"text\" ><p><strong>C\u2019est ici que \u00e7a se passe pour un d\u00e9but de carri\u00e8re brillant en TI.<\/strong><\/p>\n<p><strong>\u00a0<\/strong><strong>Programme des associ\u00e9s en TI<\/strong><\/p>\n<p><strong>Candidatures<\/strong> accept\u00e9es de la mi-ao\u00fbt \u00e0 la fin septembre.<\/p>\n<p><strong>Entrevues<\/strong> de la mi-septembre \u00e0 la mi-octobre.<\/p>\n<p><strong>Offres<\/strong> communiqu\u00e9es au plus tard \u00e0 la fin octobre.<\/p>\n<p><strong>Processus de pr\u00e9sentation de candidature aux programmes coop\u00e9ratifs et stages<\/strong><\/p>\n<p><strong>\u00a0<\/strong>Cliquez sur le domaine qui vous int\u00e9resse pour pr\u00e9senter votre candidature directement en ligne.<\/p>\n<p><strong>Soumettez les documents suivants avec votre demande\u00a0:<\/strong><\/p>\n<ul>\n<li>votre curriculum vit\u00e6 \u00e0 jour;<\/li>\n<li>une lettre de pr\u00e9sentation;<\/li>\n<li>une copie de relev\u00e9 de notes non officiel.<\/li>\n<\/ul>\n<p><strong>Les candidatures aux programmes coop\u00e9ratifs sont accept\u00e9es\u00a0:<\/strong><\/p>\n<ul>\n<li>de septembre \u00e0 novembre pour la session d\u2019hiver (de janvier \u00e0 avril);<\/li>\n<li>de janvier \u00e0 mars pour la session d\u2019\u00e9t\u00e9 (de mai \u00e0 ao\u00fbt);<\/li>\n<li>de mai \u00e0 juillet pour la session d\u2019automne (de septembre \u00e0 d\u00e9cembre).<\/li>\n<\/ul>\n<p>Tous les candidats seront avis\u00e9s aux diff\u00e9rentes \u00e9tapes de traitement de leur candidature par notre syst\u00e8me de suivi en ligne.<\/p>\n<p><strong>Les entrevues pour les programmes coop\u00e9ratifs auront lieu\u00a0:<\/strong><\/p>\n<ul>\n<li>d\u2019octobre \u00e0 novembre pour la session d\u2019hiver;<\/li>\n<li>de f\u00e9vrier \u00e0 mars pour la session d\u2019\u00e9t\u00e9;<\/li>\n<li>de juin \u00e0 juillet pour la session d\u2019automne.<\/li>\n<\/ul>\n<p>Nous vous aviserons directement ou aviserons votre bureau de placement si vous \u00eates retenu pour une entrevue.<\/p>\n<p>Les <strong>offres <\/strong>seront communiqu\u00e9es \u00e0 votre bureau de placement en fonction de ses dates limites.<\/p>\n<\/div><\/section><\/p><\/div>\n<\/div><\/div>\n<\/div>\n","protected":false},"excerpt":{"rendered":"","protected":false},"author":1,"featured_media":0,"parent":2435,"menu_order":0,"comment_status":"closed","ping_status":"closed","template":"","meta":{"footnotes":""},"class_list":["post-2447","page","type-page","status-publish","hentry"],"yoast_head":"<!-- This site is optimized with the Yoast SEO Premium plugin v23.0 (Yoast SEO v23.0) - https:\/\/yoast.com\/wordpress\/plugins\/seo\/ -->\n<title>Notre processus de recrutement - Technologie<\/title>\n<meta name=\"robots\" content=\"noindex, follow, max-snippet:-1, max-image-preview:large, max-video-preview:-1\" \/>\n<meta property=\"og:locale\" content=\"fr_CA\" \/>\n<meta property=\"og:type\" content=\"article\" \/>\n<meta property=\"og:title\" content=\"Notre processus de recrutement - Technologie\" \/>\n<meta property=\"og:url\" content=\"https:\/\/tdbank4.site.findly.com\/fr-CA\/recrutement-universitaire\/accuiel-de-technologie\/notre-processus-de-recrutement-technologie\/\" \/>\n<meta property=\"og:site_name\" content=\"Banque TD\" \/>\n<meta property=\"article:publisher\" content=\"https:\/\/www.facebook.com\/TDBank\" \/>\n<meta property=\"article:modified_time\" content=\"2018-10-12T09:54:54+00:00\" \/>\n<meta name=\"twitter:label1\" content=\"Estimation du temps de lecture\" \/>\n\t<meta name=\"twitter:data1\" content=\"3 minutes\" \/>\n<script type=\"application\/ld+json\" class=\"yoast-schema-graph\">{\"@context\":\"https:\/\/schema.org\",\"@graph\":[{\"@type\":\"WebPage\",\"@id\":\"https:\/\/tdbank4.site.findly.com\/fr-CA\/recrutement-universitaire\/accuiel-de-technologie\/notre-processus-de-recrutement-technologie\/\",\"url\":\"https:\/\/tdbank4.site.findly.com\/fr-CA\/recrutement-universitaire\/accuiel-de-technologie\/notre-processus-de-recrutement-technologie\/\",\"name\":\"Notre processus de recrutement - Technologie\",\"isPartOf\":{\"@id\":\"https:\/\/tdbank4.site.findly.com\/fr-CA\/#website\"},\"datePublished\":\"2015-05-15T17:08:44+00:00\",\"dateModified\":\"2018-10-12T09:54:54+00:00\",\"breadcrumb\":{\"@id\":\"https:\/\/tdbank4.site.findly.com\/fr-CA\/recrutement-universitaire\/accuiel-de-technologie\/notre-processus-de-recrutement-technologie\/#breadcrumb\"},\"inLanguage\":\"fr-CA\",\"potentialAction\":[{\"@type\":\"ReadAction\",\"target\":[\"https:\/\/tdbank4.site.findly.com\/fr-CA\/recrutement-universitaire\/accuiel-de-technologie\/notre-processus-de-recrutement-technologie\/\"]}]},{\"@type\":\"BreadcrumbList\",\"@id\":\"https:\/\/tdbank4.site.findly.com\/fr-CA\/recrutement-universitaire\/accuiel-de-technologie\/notre-processus-de-recrutement-technologie\/#breadcrumb\",\"itemListElement\":[{\"@type\":\"ListItem\",\"position\":1,\"name\":\"Home\",\"item\":\"https:\/\/tdbank4.site.findly.com\/fr-CA\/\"},{\"@type\":\"ListItem\",\"position\":2,\"name\":\"Recrutement Universitaire\",\"item\":\"https:\/\/tdbank4.site.findly.com\/fr-CA\/recrutement-universitaire\/\"},{\"@type\":\"ListItem\",\"position\":3,\"name\":\"Accuiel de Technologie\",\"item\":\"https:\/\/tdbank4.site.findly.com\/fr-CA\/recrutement-universitaire\/accuiel-de-technologie\/\"},{\"@type\":\"ListItem\",\"position\":4,\"name\":\"Notre processus de recrutement &#8211; Technologie\"}]},{\"@type\":\"WebSite\",\"@id\":\"https:\/\/tdbank4.site.findly.com\/fr-CA\/#website\",\"url\":\"https:\/\/tdbank4.site.findly.com\/fr-CA\/\",\"name\":\"Banque TD\",\"description\":\"Responsive Career site\",\"potentialAction\":[{\"@type\":\"SearchAction\",\"target\":{\"@type\":\"EntryPoint\",\"urlTemplate\":\"https:\/\/tdbank4.site.findly.com\/fr-CA\/?s={search_term_string}\"},\"query-input\":\"required name=search_term_string\"}],\"inLanguage\":\"fr-CA\"}]}<\/script>\n<!-- \/ Yoast SEO Premium plugin. -->","yoast_head_json":{"title":"Notre processus de recrutement - Technologie","robots":{"index":"noindex","follow":"follow","max-snippet":"max-snippet:-1","max-image-preview":"max-image-preview:large","max-video-preview":"max-video-preview:-1"},"og_locale":"fr_CA","og_type":"article","og_title":"Notre processus de recrutement - Technologie","og_url":"https:\/\/tdbank4.site.findly.com\/fr-CA\/recrutement-universitaire\/accuiel-de-technologie\/notre-processus-de-recrutement-technologie\/","og_site_name":"Banque TD","article_publisher":"https:\/\/www.facebook.com\/TDBank","article_modified_time":"2018-10-12T09:54:54+00:00","twitter_misc":{"Estimation du temps de lecture":"3 minutes"},"schema":{"@context":"https:\/\/schema.org","@graph":[{"@type":"WebPage","@id":"https:\/\/tdbank4.site.findly.com\/fr-CA\/recrutement-universitaire\/accuiel-de-technologie\/notre-processus-de-recrutement-technologie\/","url":"https:\/\/tdbank4.site.findly.com\/fr-CA\/recrutement-universitaire\/accuiel-de-technologie\/notre-processus-de-recrutement-technologie\/","name":"Notre processus de recrutement - Technologie","isPartOf":{"@id":"https:\/\/tdbank4.site.findly.com\/fr-CA\/#website"},"datePublished":"2015-05-15T17:08:44+00:00","dateModified":"2018-10-12T09:54:54+00:00","breadcrumb":{"@id":"https:\/\/tdbank4.site.findly.com\/fr-CA\/recrutement-universitaire\/accuiel-de-technologie\/notre-processus-de-recrutement-technologie\/#breadcrumb"},"inLanguage":"fr-CA","potentialAction":[{"@type":"ReadAction","target":["https:\/\/tdbank4.site.findly.com\/fr-CA\/recrutement-universitaire\/accuiel-de-technologie\/notre-processus-de-recrutement-technologie\/"]}]},{"@type":"BreadcrumbList","@id":"https:\/\/tdbank4.site.findly.com\/fr-CA\/recrutement-universitaire\/accuiel-de-technologie\/notre-processus-de-recrutement-technologie\/#breadcrumb","itemListElement":[{"@type":"ListItem","position":1,"name":"Home","item":"https:\/\/tdbank4.site.findly.com\/fr-CA\/"},{"@type":"ListItem","position":2,"name":"Recrutement Universitaire","item":"https:\/\/tdbank4.site.findly.com\/fr-CA\/recrutement-universitaire\/"},{"@type":"ListItem","position":3,"name":"Accuiel de Technologie","item":"https:\/\/tdbank4.site.findly.com\/fr-CA\/recrutement-universitaire\/accuiel-de-technologie\/"},{"@type":"ListItem","position":4,"name":"Notre processus de recrutement &#8211; Technologie"}]},{"@type":"WebSite","@id":"https:\/\/tdbank4.site.findly.com\/fr-CA\/#website","url":"https:\/\/tdbank4.site.findly.com\/fr-CA\/","name":"Banque TD","description":"Responsive Career site","potentialAction":[{"@type":"SearchAction","target":{"@type":"EntryPoint","urlTemplate":"https:\/\/tdbank4.site.findly.com\/fr-CA\/?s={search_term_string}"},"query-input":"required name=search_term_string"}],"inLanguage":"fr-CA"}]}},"_links":{"self":[{"href":"https:\/\/tdbank4.site.findly.com\/fr-CA\/wp-json\/wp\/v2\/pages\/2447","targetHints":{"allow":["GET"]}}],"collection":[{"href":"https:\/\/tdbank4.site.findly.com\/fr-CA\/wp-json\/wp\/v2\/pages"}],"about":[{"href":"https:\/\/tdbank4.site.findly.com\/fr-CA\/wp-json\/wp\/v2\/types\/page"}],"author":[{"embeddable":true,"href":"https:\/\/tdbank4.site.findly.com\/fr-CA\/wp-json\/wp\/v2\/users\/1"}],"replies":[{"embeddable":true,"href":"https:\/\/tdbank4.site.findly.com\/fr-CA\/wp-json\/wp\/v2\/comments?post=2447"}],"version-history":[{"count":0,"href":"https:\/\/tdbank4.site.findly.com\/fr-CA\/wp-json\/wp\/v2\/pages\/2447\/revisions"}],"up":[{"embeddable":true,"href":"https:\/\/tdbank4.site.findly.com\/fr-CA\/wp-json\/wp\/v2\/pages\/2435"}],"wp:attachment":[{"href":"https:\/\/tdbank4.site.findly.com\/fr-CA\/wp-json\/wp\/v2\/media?parent=2447"}],"curies":[{"name":"wp","href":"https:\/\/api.w.org\/{rel}","templated":true}]}}