{"id":2443,"date":"2015-05-15T17:08:19","date_gmt":"2015-05-15T17:08:19","guid":{"rendered":"http:\/\/tdbank2.site.findly.com\/campus-recruitment\/technology\/programs\/"},"modified":"2023-03-23T10:42:37","modified_gmt":"2023-03-23T10:42:37","slug":"nos-programmes","status":"publish","type":"page","link":"https:\/\/tdbank4.site.findly.com\/fr-CA\/recrutement-universitaire\/accuiel-de-technologie\/nos-programmes\/","title":{"rendered":"Nos Programmes &#8211; Technologie"},"content":{"rendered":"<\/div><\/div><\/div><!-- close content main div --><\/div><\/div><div id='banner-subpage' class='avia-section alternate_color avia-section-default avia-no-border-styling avia-bg-style-scroll   av-minimum-height av-minimum-height-custom container_wrap fullsize' style = 'background-repeat: no-repeat; background-image: url(https:\/\/tdbank4.site.findly.com\/wp-content\/uploads\/sites\/605\/2018\/10\/TORetailProd-118_10272.jpg); background-attachment: scroll; background-position: top center; ' data-section-bg-repeat='no-repeat' ><div class='container' ><div class='template-page content  av-content-full alpha units'><div class='post-entry post-entry-type-page post-entry-2443'><div class='entry-content-wrapper clearfix'>\n<section class=\"av_textblock_section\"  itemscope=\"itemscope\" itemtype=\"https:\/\/schema.org\/CreativeWork\" ><div class='avia_textblock headertext w42p t50 tagline-position-banner'   itemprop=\"text\" ><div>Joignez-vous \u00e0 notre \u00e9quipe et aidez-nous \u00e0 fa\u00e7onner l\u2019avenir des services bancaires.<\/div>\n<\/div><\/section>\n\n<\/div><\/div><\/div><!-- close content main div --><\/div><\/div><div id='mobile-bannertext' class='avia-section alternate_color avia-section-default avia-no-border-styling avia-bg-style-scroll   av-minimum-height av-minimum-height-custom container_wrap fullsize'   ><div class='container' ><div class='template-page content  av-content-full alpha units'><div class='post-entry post-entry-type-page post-entry-2443'><div class='entry-content-wrapper clearfix'>\n<section class=\"av_textblock_section\"  itemscope=\"itemscope\" itemtype=\"https:\/\/schema.org\/CreativeWork\" ><div class='avia_textblock headertext moretext'   itemprop=\"text\" ><div>Joignez-vous \u00e0 notre \u00e9quipe et aidez-nous \u00e0 fa\u00e7onner l\u2019avenir des services bancaires.<\/div>\n<\/div><\/section>\n\n<\/div><\/div><\/div><!-- close content main div --><\/div><\/div><div id='secjobsearchbar' class='avia-section main_color avia-section-small avia-no-border-styling avia-bg-style-scroll   container_wrap fullsize'   ><div class='container' ><div class='template-page content  av-content-full alpha units'><div class='post-entry post-entry-type-page post-entry-2443'><div class='entry-content-wrapper clearfix'>\n\n\n<\/div><\/div><\/div><!-- close content main div --><\/div><\/div><div id='secMainCopy' class='av-layout-grid-container entry-content-wrapper main_color av-flex-cells   container_wrap fullsize'   >\n<div class=\"flex_cell no_margin av_one_fourth  navCell  \" style='vertical-align:top; padding:0px 0px 0 0px ; background-color:#efeff4; '><div class='flex_cell_inner' ><div class=\"flex_column av_one_full  flex_column_div first  \" ><p><div class='avia-builder-widget-area clearfix '><div id=\"nav_menu-4\" class=\"widget clearfix widget_nav_menu\"><div class=\"menu-campus-technology-french-can0-container\"><ul id=\"menu-campus-technology-french-can0\" class=\"menu\"><li id=\"menu-item-2467\" class=\"menu-item menu-item-type-post_type menu-item-object-page menu-item-has-children menu-item-2467\"><a href=\"https:\/\/tdbank4.site.findly.com\/fr-CA\/recrutement-universitaire\/accuiel-de-technologie\/\">Accuiel de Technologie<\/a>\n<ul class=\"sub-menu\">\n\t<li id=\"menu-item-2469\" class=\"menu-item menu-item-type-post_type menu-item-object-page menu-item-2469\"><a href=\"https:\/\/tdbank4.site.findly.com\/fr-CA\/recrutement-universitaire\/accuiel-de-technologie\/notre-equipe\/\">Faites connaissance avec notre \u00e9quipe &#8211; Technologie<\/a><\/li>\n\t<li id=\"menu-item-2471\" class=\"menu-item menu-item-type-post_type menu-item-object-page menu-item-2471\"><a href=\"https:\/\/tdbank4.site.findly.com\/fr-CA\/recrutement-universitaire\/accuiel-de-technologie\/nos-programmes\/\">Nos Programmes &#8211; Technologie<\/a><\/li>\n\t<li id=\"menu-item-2473\" class=\"menu-item menu-item-type-post_type menu-item-object-page menu-item-2473\"><a href=\"https:\/\/tdbank4.site.findly.com\/fr-CA\/recrutement-universitaire\/accuiel-de-technologie\/notre-processus-de-recrutement-technologie\/\">Notre processus de recrutement &#8211; Technologie<\/a><\/li>\n\t<li id=\"menu-item-2477\" class=\"menu-item menu-item-type-post_type menu-item-object-page menu-item-2477\"><a href=\"https:\/\/tdbank4.site.findly.com\/fr-CA\/recrutement-universitaire\/\">Recrutement Universitaire<\/a><\/li>\n<\/ul>\n<\/li>\n<\/ul><\/div><\/div><div id=\"text-8\" class=\"widget clearfix widget_text\"><h3 class=\"widgettitle\">Vous avez d\u00e9j\u00e0 fait vos recherches sur la TD?<\/h3>\t\t\t<div class=\"textwidget\"><p>Alors, jetez donc un coup d\u2019\u0153il \u00e0 nos possibilit\u00e9s d\u2019emplois. Si vous ne trouvez pas de poste correspondant \u00e0 vos int\u00e9r\u00eats, communiquez avec nous et nous vous informerons des occasions pertinentes au fur et \u00e0 mesure qu\u2019elles se pr\u00e9senteront.<\/p>\r\n<div class=\"calloutLinks\">\r\n<a href=\"https:\/\/jobs.td.com\/fr-CA\/recherche-demploi\/?addtnl_categories=Programme%20sur%20les%20campus\">Consulter tous les programmes <span class=\"av-icon-char\" style=\"font-size:12px;line-height:12px;\" aria-hidden=\"true\" data-av_icon=\"\ue875\" data-av_iconfont=\"entypo-fontello\"><\/span><\/a><br \/>\r\n<!-- <a class=\"\" href=\"https:\/\/connect.thehive.com\/td-join-fr-ca?cp=Career-Site,FR-CA,Campus-Technology-Get-Connected-FR-CA&ty=0&d=fnCLOSE\" target=\"_blank\">Get connected <span class=\"av-icon-char\" style=\"font-size:12px;line-height:12px;\" aria-hidden=\"true\" data-av_icon=\"\ue875\" data-av_iconfont=\"entypo-fontello\"><\/span><\/a>-->\r\n<\/div><\/div>\n\t\t<\/div><\/div><br \/>\n<\/p><\/div>\n<\/div><\/div><div class=\"flex_cell no_margin av_three_fourth  mainCell  \" style='vertical-align:top; padding:0px 30px 30px 30px ; background-color:#ffffff; '><div class='flex_cell_inner' ><div class=\"flex_column av_one_full  flex_column_div first  \" ><section class=\"av_textblock_section\"  itemscope=\"itemscope\" itemtype=\"https:\/\/schema.org\/CreativeWork\" ><div class='avia_textblock '   itemprop=\"text\" ><h1 class=\"copyHeading\">Nos programmes<\/h1>\n<\/div><\/section><br \/>\n<section class=\"av_textblock_section\"  itemscope=\"itemscope\" itemtype=\"https:\/\/schema.org\/CreativeWork\" ><div class='avia_textblock '   itemprop=\"text\" ><p><strong>Cr\u00e9ez et innovez.<\/strong> Faire carri\u00e8re en technologies \u00e0 la TD, c\u2019est se joindre \u00e0 une organisation prosp\u00e8re et proactive qui vous permet de travailler avec les grands du march\u00e9 et de laisser votre marque. Adoptez notre culture de collaboration et de soutien, et contribuez \u00e0 modeler l\u2019avenir des services bancaires. Le perfectionnement personnel et professionnel de tous nos employ\u00e9s nous tient \u00e0 c\u0153ur. Nous r\u00e9compensons et f\u00e9licitons les membres de notre \u00e9quipe, et les aidons \u00e0 progresser.<\/p>\n<\/div><\/section><br \/>\n<div class=\"togglecontainer toggle_close_all  \">\n<section class=\"av_toggle_section\"  itemscope=\"itemscope\" itemtype=\"https:\/\/schema.org\/CreativeWork\" >    <div class=\"single_toggle\" data-tags=\"{All} \" >        <p role=\"tab\" aria-expanded=\"true\" aria-controls=\"toggle-id-1-container\" data-fake-id=\"#toggle-id-1\" class=\"toggler activeTitle\"  itemprop=\"headline\"  tabindex=\"0\">Programme de rotation des associ\u00e9s en Solutions technologiques <span class=\"toggle_icon\">        <span class=\"vert_icon\"><\/span><span class=\"hor_icon\"><\/span><\/span><\/p>        <div role=\"tabpanel\" id=\"toggle-id-1-container\" class=\"toggle_wrap active_tc\" aria-hidden=\"false\">            <div class=\"toggle_content invers-color\"  itemprop=\"text\" ><p>Ce programme de rotation \u00e0 temps plein pour \u00e9tudiants de premier cycle donne aux associ\u00e9s la chance unique de lancer leur carri\u00e8re en TI du bon pied en d\u00e9couvrant diff\u00e9rents groupes et technologies de la TD sur une p\u00e9riode de deux ans. Une relation de mentorat personnelle, des \u00e9valuations de rendement et rapports d\u2019\u00e9volution de carri\u00e8re fr\u00e9quents, sans oublier l\u2019interaction avec divers gestionnaires et dirigeants des TI font tous partie int\u00e9grante du programme.<\/p>\n<p>Les associ\u00e9s re\u00e7oivent successivement quatre affectations de six mois dans diff\u00e9rentes \u00e9quipes des TI. Leur carri\u00e8re \u00e0 la TD s\u2019ouvre sur une formation d\u2019int\u00e9gration captivante d\u2019un mois ayant lieu en juillet, qui leur donne un aper\u00e7u de la TD et de Technologie TD. Tout au long des deux ans que dure le programme, les associ\u00e9s suivent toutes sortes de formations, tant en ligne qu\u2019en classe.<\/p>\n<p><strong>\u00a0<\/strong><strong>Entrevues annuelles<\/strong><\/p>\n<ul>\n<li>Mi-septembre \u00e0 mi-octobre<\/li>\n<\/ul>\n<p><strong>Formation d\u2019orientation annuelle<\/strong><\/p>\n<ul>\n<li>Juillet<\/li>\n<\/ul>\n<p><strong>Quatre affectations de six mois<\/strong><\/p>\n<ul>\n<li>Ao\u00fbt \u00e0 janvier<\/li>\n<li>F\u00e9vrier \u00e0 juillet<\/li>\n<li>Ao\u00fbt \u00e0 janvier<\/li>\n<li>F\u00e9vrier \u00e0 juillet<\/li>\n<\/ul>\n<p><strong>\u00a0<\/strong><strong>\u00a0<\/strong><strong>Postes d\u2019associ\u00e9 des TI \u00e0 la TD<\/strong><\/p>\n<p><strong>\u00a0<\/strong><strong>Des carri\u00e8res en technologie qui comptent. <\/strong>Voici quelques exemples d\u2019applications int\u00e9ressantes pour votre amour de la technologie, en partenariat avec notre talentueuse \u00e9quipe. Dans nos efforts pour \u00eatre la meilleure banque, l\u2019\u00e9quipe des TI joue un r\u00f4le important dans la fa\u00e7on dont nous fonctionnons et par la cr\u00e9ation de solutions de pointe sur lesquelles nos clients peuvent compter.<\/p>\n<p><strong>\u00a0<\/strong><strong>Analyste op\u00e9rationnel des TI<\/strong><\/p>\n<p>D\u00e9veloppez de nouvelles applications et des solutions novatrices qui transforment v\u00e9ritablement les exp\u00e9riences client et employ\u00e9. Travaillez sur des livrables strat\u00e9giques au moyen d\u2019outils \u00e0 la fine pointe de la technologie pour produire du code s\u00e9curitaire et de haute qualit\u00e9 dans le cadre de projets vari\u00e9s qui red\u00e9finissent notre fa\u00e7on de faire des affaires.<\/p>\n<p><strong>D\u00e9veloppeur de solutions des\u00a0TI<\/strong><\/p>\n<p>D\u00e9veloppez de nouvelles applications et des solutions novatrices qui transforment v\u00e9ritablement les exp\u00e9riences client et employ\u00e9. Travaillez sur des livrables strat\u00e9giques au moyen d\u2019outils \u00e0 la fine pointe de la technologie pour produire du code s\u00e9curitaire et de haute qualit\u00e9 dans le cadre de projets vari\u00e9s qui red\u00e9finissent notre fa\u00e7on de faire des affaires.<\/p>\n<p>Apportez votre contribution dans l\u2019un ou l\u2019autre des langages suivants\u00a0: C, C++, C#, Objective\u00a0C, Java, Python, SQL, services Web, .NET, VBA, XML, UNIX, Perl, Oracle, AIX, Windows, DB2.<\/p>\n<p><strong>Associ\u00e9, STI<\/strong><\/p>\n<p>En tant que professionnel en infrastructure, vous fournirez des services et un soutien adapt\u00e9s, s\u00e9curitaires et rentables en mati\u00e8re de technologies \u00e0 infrastructure. Vous travaillerez aux c\u00f4t\u00e9s de diverses \u00e9quipes valorisant l\u2019innovation pour d\u00e9velopper, b\u00e2tir, mettre \u00e0 l\u2019essai et d\u00e9ployer des serveurs, des bases de donn\u00e9es et des intergiciels.<\/p>\n<p><a href=\"\/fr-CA\/recherche-demploi\/?addtnl_categories=Programme%20sur%20les%20campus\">Consulter tous les occasions <span class=\"av-icon-char\" style=\"font-size: 12px; line-height: 12px;\"><\/span><\/a><\/p>\n            <\/div>        <\/div>    <\/div><\/section>\n<section class=\"av_toggle_section\"  itemscope=\"itemscope\" itemtype=\"https:\/\/schema.org\/CreativeWork\" >    <div class=\"single_toggle\" data-tags=\"{All} \" >        <p role=\"tab\" aria-expanded=\"false\" aria-controls=\"toggle-id-2-container\" data-fake-id=\"#toggle-id-2\" class=\"toggler \"  itemprop=\"headline\"  tabindex=\"-1\">Programme coop\u00e9ratif ou stage<span class=\"toggle_icon\">        <span class=\"vert_icon\"><\/span><span class=\"hor_icon\"><\/span><\/span><\/p>        <div role=\"tabpanel\" id=\"toggle-id-2-container\" class=\"toggle_wrap \" aria-hidden=\"true\">            <div class=\"toggle_content invers-color\"  itemprop=\"text\" ><p>Ces d\u00e9bouch\u00e9s sont offerts aux \u00e9tudiants inscrits au coll\u00e8ge, \u00e0 l\u2019universit\u00e9 ou ailleurs dans un programme technique pertinent. Nous recrutons \u00e0 trois moments durant l\u2019ann\u00e9e \u2013 \u00e0 l\u2019hiver, \u00e0 l\u2019\u00e9t\u00e9 et \u00e0 l\u2019automne \u2013, pour des postes de quatre, huit ou douze mois. Saisissez cette occasion captivante et tr\u00e9pidante de travailler dans un cadre dynamique o\u00f9 la technologie change continuellement nos fa\u00e7ons de faire. Vous pourriez participer \u00e0 de grands changements \u00e0 la TD, en touchant \u00e0 des sujets comme les m\u00e9gadonn\u00e9es, l\u2019analyse de donn\u00e9es et l\u2019infonuagique.<\/p>\n<p>Vivez diff\u00e9rentes exp\u00e9riences de travail \u00e0 la TD, en passant d\u2019un groupe \u00e0 un autre. B\u00e2tissez-vous une expertise technique et professionnelle en travaillant avec des \u00e9quipes des TI stimulantes dans des secteurs comme les Services bancaires de d\u00e9tail, les March\u00e9s des capitaux, la Gestion de patrimoine, les Canaux num\u00e9riques, le Risque, l\u2019Infrastructure et bien d\u2019autres. C\u2019est votre chance de faire un travail int\u00e9ressant et de b\u00e2tir avec des leaders, des pairs et des \u00e9tudiants comme vous des relations durables qui joueront pour beaucoup dans l\u2019\u00e9volution de votre carri\u00e8re. Effectuez de multiples affectations au sein de la Technologie pour vous positionner comme candidat int\u00e9ressant pour notre programme des associ\u00e9s en rotation \u00e0 temps plein d\u00e8s l\u2019obtention de votre dipl\u00f4me.<\/p>\n<p><strong>Affectations de programme coop\u00e9ratif et stages<\/strong><\/p>\n<p><strong>\u00a0<\/strong><strong>La TD, pour une carri\u00e8re en TI passionnante.<\/strong> Si vous voulez plonger au c\u0153ur du monde des technologies de l\u2019information, la TD comblera vos souhaits. Notre \u00e9quipe des TI travaille sur un vaste r\u00e9seau de plateformes et d\u2019applications en mettant \u00e0 profit des savoir-faire tr\u00e8s vari\u00e9s. Nous vous offrons un milieu de travail stimulant et enrichissant qui vous aidera \u00e0 lancer votre carri\u00e8re.<\/p>\n<p><strong>D\u00e9veloppeur de solutions des TI<\/strong><\/p>\n<p>Travaillez avec l\u2019une des nombreuses \u00e9quipes de d\u00e9veloppement des TI \u00e0 haut rendement qui assurent l\u2019efficacit\u00e9 des communications et l\u2019int\u00e9gration des probl\u00e8mes et livrables li\u00e9s aux projets tout en recommandant des solutions. Dans ce poste, vous cr\u00e9erez et entretiendrez du code conform\u00e9ment aux normes de qualit\u00e9, et offrirez un soutien lors des cycles d\u2019essai et du lancement postproduction. Vous verrez aussi \u00e0 d\u00e9barrasser la programmation de toute erreur en proc\u00e9dant \u00e0 des essais et au d\u00e9bogage \u00e0 l\u2019aide des outils appropri\u00e9s, et participerez \u00e0 l\u2019examen du code produit par vos pairs.<\/p>\n<p>Offrez \u00e0 nos clients le meilleur en mati\u00e8re de solutions novatrices tout en travaillant avec des\u00a0technologies de pointe. C\u2019est l\u2019occasion parfaite d\u2019approfondir vos connaissances des services, des applications, de l\u2019infrastructure, des outils analytiques et des techniques de la\u00a0TD pouvant contribuer \u00e0 l\u2019\u00e9laboration et \u00e0 la mise en \u0153uvre de solutions efficaces.<\/p>\n<p>Vous devez \u00eatre familier avec l\u2019un ou l\u2019autre des langages suivants\u00a0: C, C++, C#, Objective\u00a0C, Java, Python, SQL, services Web, .NET, VBA, XML, UNIX, Perl, Oracle, AIX, Windows, DB2.<\/p>\n<p><strong>Analyste op\u00e9rationnel des TI<\/strong><\/p>\n<p>Joignez-vous \u00e0 une \u00e9quipe dynamique des Solutions technologiques \u00e0 la TD et acquerrez une exp\u00e9rience pratique en travaillant<\/p>\n<p>sur des projets stimulants \u00e0 l\u2019\u00e9chelle de l\u2019organisation. Collaborez avec les intervenants concern\u00e9s et des experts en TI pour comprendre les grandes exigences op\u00e9rationnelles et appliquer vos connaissances techniques \u00e0 l\u2019\u00e9laboration des documents sur les Sp\u00e9cifications des exigences syst\u00e8me et \u00e0 la cr\u00e9ation des processus en devenir.<\/p>\n<p>Vous devrez respecter le cycle de d\u00e9veloppement de syst\u00e8mes (CDS) et le cycle de gestion des projets, notamment en ce qui a trait \u00e0 l\u2019\u00e9laboration de documents de projet, \u00e0 la d\u00e9finition des caract\u00e9ristiques du syst\u00e8me, et \u00e0 l\u2019estimation de la port\u00e9e et des co\u00fbts. Ce poste vous offre la chance de participer \u00e0 l\u2019\u00e9laboration et \u00e0 la v\u00e9rification de plans et de sc\u00e9narios d\u2019essai, dans le respect des sp\u00e9cifications \u00e9tablies, et \u00e0 la mise \u00e0 l\u2019essai des syst\u00e8mes et solutions d\u00e9velopp\u00e9s.<\/p>\n<p><strong>Analyste, Soutien TI<\/strong><\/p>\n<p>L\u2019analyste, Soutien aux applications passe la majeure partie de son temps \u00e0 offrir un soutien technique \u00e0 tous les<\/p>\n<p>utilisateurs finaux de nos logiciels et applications de services bancaires. Ce r\u00f4le vous plongera dans un milieu tr\u00e8s dynamique, au sein d\u2019une \u00e9quipe qui s\u2019efforce d\u2019offrir un service \u00e0 la client\u00e8le sup\u00e9rieur aux d\u00e9lais de r\u00e9ponse courts, et qui prend en charge la situation lorsqu\u2019un syst\u00e8me tombe en panne. Vous effectuerez aussi des v\u00e9rifications de syst\u00e8me et analyserez les rapports d\u2019erreur pour d\u00e9celer les probl\u00e8mes potentiels, d\u00e9crire les incidents et faire une analyse des causes fondamentales.<\/p>\n<p>Les analystes, Soutien TI sont dot\u00e9s de solides aptitudes en communication et aiment r\u00e9soudre des probl\u00e8mes. Ils savent g\u00e9rer les situations tr\u00e8s stressantes, et sont capables de diagnostiquer les pannes et de mener de front plusieurs t\u00e2ches.<\/p>\n<p><a href=\"\/fr-CA\/recherche-demploi\/?addtnl_categories=Programme%20sur%20les%20campus\">Consulter tous les occasions <span class=\"av-icon-char\" style=\"font-size: 12px; line-height: 12px;\"><\/span><\/a><\/p>\n            <\/div>        <\/div>    <\/div><\/section>\n<\/div><br \/>\n<div style='height:30px' class='hr hr-invisible  '><span class='hr-inner ' ><span class='hr-inner-style'><\/span><\/span><\/div><br \/>\n<section class=\"av_textblock_section\"  itemscope=\"itemscope\" itemtype=\"https:\/\/schema.org\/CreativeWork\" ><div class='avia_textblock signUp'   itemprop=\"text\" ><p><strong>Commencez ici. <\/strong><\/p>\n<p>Jetez un \u0153il aux d\u00e9bouch\u00e9s qui s\u2019offrent aux titulaires de dipl\u00f4me de premier cycle pour trouver chaussure \u00e0 votre pied. Si vous ne trouvez pas de programme correspondant \u00e0 vos int\u00e9r\u00eats pour l\u2019instant, sachez que nous recrutons \u00e0 diverses p\u00e9riodes de l\u2019ann\u00e9e. Communiquez avec nous pour \u00eatre inform\u00e9 des occasions int\u00e9ressantes \u00e0 mesure qu\u2019elles se pr\u00e9sentent.<\/p>\n<p><a title=\"\" href=\"\/fr-CA\/recherche-demploi\/?addtnl_categories=Programme%20sur%20les%20campus\">Consultez les d\u00e9bouch\u00e9s\u00a0<\/a><\/p>\n<p><!--<a href=\"https:\/\/connect.thehive.com\/td-join-en?cp=TD-Career-Site-CAN-FR,TD-CareerSite-Join-CAN-FR,Campus-Recruitment&d=fnCLOSE&ty=0\" target=\"_blank\" rel=\"noopener\">Communiquer avec nous <\/a>--><\/p>\n<\/div><\/section><\/p><\/div>\n<\/div><\/div><\/div>\n","protected":false},"excerpt":{"rendered":"","protected":false},"author":1,"featured_media":0,"parent":2435,"menu_order":0,"comment_status":"closed","ping_status":"closed","template":"","meta":{"footnotes":""},"class_list":["post-2443","page","type-page","status-publish","hentry"],"yoast_head":"<!-- This site is optimized with the Yoast SEO Premium plugin v23.0 (Yoast SEO v23.0) - https:\/\/yoast.com\/wordpress\/plugins\/seo\/ -->\n<title>Nos Programmes - Technologie<\/title>\n<meta name=\"robots\" content=\"noindex, follow, max-snippet:-1, max-image-preview:large, max-video-preview:-1\" \/>\n<meta property=\"og:locale\" content=\"fr_CA\" \/>\n<meta property=\"og:type\" content=\"article\" \/>\n<meta property=\"og:title\" content=\"Nos Programmes - Technologie\" \/>\n<meta property=\"og:url\" content=\"https:\/\/tdbank4.site.findly.com\/fr-CA\/recrutement-universitaire\/accuiel-de-technologie\/nos-programmes\/\" \/>\n<meta property=\"og:site_name\" content=\"Banque TD\" \/>\n<meta property=\"article:publisher\" content=\"https:\/\/www.facebook.com\/TDBank\" \/>\n<meta property=\"article:modified_time\" content=\"2023-03-23T10:42:37+00:00\" \/>\n<meta name=\"twitter:label1\" content=\"Estimation du temps de lecture\" \/>\n\t<meta name=\"twitter:data1\" content=\"10 minutes\" \/>\n<script type=\"application\/ld+json\" class=\"yoast-schema-graph\">{\"@context\":\"https:\/\/schema.org\",\"@graph\":[{\"@type\":\"WebPage\",\"@id\":\"https:\/\/tdbank4.site.findly.com\/fr-CA\/recrutement-universitaire\/accuiel-de-technologie\/nos-programmes\/\",\"url\":\"https:\/\/tdbank4.site.findly.com\/fr-CA\/recrutement-universitaire\/accuiel-de-technologie\/nos-programmes\/\",\"name\":\"Nos Programmes - Technologie\",\"isPartOf\":{\"@id\":\"https:\/\/tdbank4.site.findly.com\/fr-CA\/#website\"},\"datePublished\":\"2015-05-15T17:08:19+00:00\",\"dateModified\":\"2023-03-23T10:42:37+00:00\",\"breadcrumb\":{\"@id\":\"https:\/\/tdbank4.site.findly.com\/fr-CA\/recrutement-universitaire\/accuiel-de-technologie\/nos-programmes\/#breadcrumb\"},\"inLanguage\":\"fr-CA\",\"potentialAction\":[{\"@type\":\"ReadAction\",\"target\":[\"https:\/\/tdbank4.site.findly.com\/fr-CA\/recrutement-universitaire\/accuiel-de-technologie\/nos-programmes\/\"]}]},{\"@type\":\"BreadcrumbList\",\"@id\":\"https:\/\/tdbank4.site.findly.com\/fr-CA\/recrutement-universitaire\/accuiel-de-technologie\/nos-programmes\/#breadcrumb\",\"itemListElement\":[{\"@type\":\"ListItem\",\"position\":1,\"name\":\"Home\",\"item\":\"https:\/\/tdbank4.site.findly.com\/fr-CA\/\"},{\"@type\":\"ListItem\",\"position\":2,\"name\":\"Recrutement Universitaire\",\"item\":\"https:\/\/tdbank4.site.findly.com\/fr-CA\/recrutement-universitaire\/\"},{\"@type\":\"ListItem\",\"position\":3,\"name\":\"Accuiel de Technologie\",\"item\":\"https:\/\/tdbank4.site.findly.com\/fr-CA\/recrutement-universitaire\/accuiel-de-technologie\/\"},{\"@type\":\"ListItem\",\"position\":4,\"name\":\"Nos Programmes &#8211; Technologie\"}]},{\"@type\":\"WebSite\",\"@id\":\"https:\/\/tdbank4.site.findly.com\/fr-CA\/#website\",\"url\":\"https:\/\/tdbank4.site.findly.com\/fr-CA\/\",\"name\":\"Banque TD\",\"description\":\"Responsive Career site\",\"potentialAction\":[{\"@type\":\"SearchAction\",\"target\":{\"@type\":\"EntryPoint\",\"urlTemplate\":\"https:\/\/tdbank4.site.findly.com\/fr-CA\/?s={search_term_string}\"},\"query-input\":\"required name=search_term_string\"}],\"inLanguage\":\"fr-CA\"}]}<\/script>\n<!-- \/ Yoast SEO Premium plugin. -->","yoast_head_json":{"title":"Nos Programmes - Technologie","robots":{"index":"noindex","follow":"follow","max-snippet":"max-snippet:-1","max-image-preview":"max-image-preview:large","max-video-preview":"max-video-preview:-1"},"og_locale":"fr_CA","og_type":"article","og_title":"Nos Programmes - Technologie","og_url":"https:\/\/tdbank4.site.findly.com\/fr-CA\/recrutement-universitaire\/accuiel-de-technologie\/nos-programmes\/","og_site_name":"Banque TD","article_publisher":"https:\/\/www.facebook.com\/TDBank","article_modified_time":"2023-03-23T10:42:37+00:00","twitter_misc":{"Estimation du temps de lecture":"10 minutes"},"schema":{"@context":"https:\/\/schema.org","@graph":[{"@type":"WebPage","@id":"https:\/\/tdbank4.site.findly.com\/fr-CA\/recrutement-universitaire\/accuiel-de-technologie\/nos-programmes\/","url":"https:\/\/tdbank4.site.findly.com\/fr-CA\/recrutement-universitaire\/accuiel-de-technologie\/nos-programmes\/","name":"Nos Programmes - Technologie","isPartOf":{"@id":"https:\/\/tdbank4.site.findly.com\/fr-CA\/#website"},"datePublished":"2015-05-15T17:08:19+00:00","dateModified":"2023-03-23T10:42:37+00:00","breadcrumb":{"@id":"https:\/\/tdbank4.site.findly.com\/fr-CA\/recrutement-universitaire\/accuiel-de-technologie\/nos-programmes\/#breadcrumb"},"inLanguage":"fr-CA","potentialAction":[{"@type":"ReadAction","target":["https:\/\/tdbank4.site.findly.com\/fr-CA\/recrutement-universitaire\/accuiel-de-technologie\/nos-programmes\/"]}]},{"@type":"BreadcrumbList","@id":"https:\/\/tdbank4.site.findly.com\/fr-CA\/recrutement-universitaire\/accuiel-de-technologie\/nos-programmes\/#breadcrumb","itemListElement":[{"@type":"ListItem","position":1,"name":"Home","item":"https:\/\/tdbank4.site.findly.com\/fr-CA\/"},{"@type":"ListItem","position":2,"name":"Recrutement Universitaire","item":"https:\/\/tdbank4.site.findly.com\/fr-CA\/recrutement-universitaire\/"},{"@type":"ListItem","position":3,"name":"Accuiel de Technologie","item":"https:\/\/tdbank4.site.findly.com\/fr-CA\/recrutement-universitaire\/accuiel-de-technologie\/"},{"@type":"ListItem","position":4,"name":"Nos Programmes &#8211; Technologie"}]},{"@type":"WebSite","@id":"https:\/\/tdbank4.site.findly.com\/fr-CA\/#website","url":"https:\/\/tdbank4.site.findly.com\/fr-CA\/","name":"Banque TD","description":"Responsive Career site","potentialAction":[{"@type":"SearchAction","target":{"@type":"EntryPoint","urlTemplate":"https:\/\/tdbank4.site.findly.com\/fr-CA\/?s={search_term_string}"},"query-input":"required name=search_term_string"}],"inLanguage":"fr-CA"}]}},"_links":{"self":[{"href":"https:\/\/tdbank4.site.findly.com\/fr-CA\/wp-json\/wp\/v2\/pages\/2443","targetHints":{"allow":["GET"]}}],"collection":[{"href":"https:\/\/tdbank4.site.findly.com\/fr-CA\/wp-json\/wp\/v2\/pages"}],"about":[{"href":"https:\/\/tdbank4.site.findly.com\/fr-CA\/wp-json\/wp\/v2\/types\/page"}],"author":[{"embeddable":true,"href":"https:\/\/tdbank4.site.findly.com\/fr-CA\/wp-json\/wp\/v2\/users\/1"}],"replies":[{"embeddable":true,"href":"https:\/\/tdbank4.site.findly.com\/fr-CA\/wp-json\/wp\/v2\/comments?post=2443"}],"version-history":[{"count":2,"href":"https:\/\/tdbank4.site.findly.com\/fr-CA\/wp-json\/wp\/v2\/pages\/2443\/revisions"}],"predecessor-version":[{"id":20478,"href":"https:\/\/tdbank4.site.findly.com\/fr-CA\/wp-json\/wp\/v2\/pages\/2443\/revisions\/20478"}],"up":[{"embeddable":true,"href":"https:\/\/tdbank4.site.findly.com\/fr-CA\/wp-json\/wp\/v2\/pages\/2435"}],"wp:attachment":[{"href":"https:\/\/tdbank4.site.findly.com\/fr-CA\/wp-json\/wp\/v2\/media?parent=2443"}],"curies":[{"name":"wp","href":"https:\/\/api.w.org\/{rel}","templated":true}]}}