{"id":2439,"date":"2015-05-15T17:07:53","date_gmt":"2015-05-15T17:07:53","guid":{"rendered":"http:\/\/tdbank2.site.findly.com\/campus-recruitment\/technology\/meet-our-people\/"},"modified":"2018-10-12T09:46:16","modified_gmt":"2018-10-12T09:46:16","slug":"notre-equipe","status":"publish","type":"page","link":"https:\/\/tdbank4.site.findly.com\/fr-CA\/recrutement-universitaire\/accuiel-de-technologie\/notre-equipe\/","title":{"rendered":"Faites connaissance avec notre \u00e9quipe &#8211; Technologie"},"content":{"rendered":"<\/div><\/div><\/div><!-- close content main div --><\/div><\/div><div id='banner-subpage' class='avia-section alternate_color avia-section-default avia-no-border-styling avia-bg-style-scroll   av-minimum-height av-minimum-height-custom container_wrap fullsize' style = 'background-repeat: no-repeat; background-image: url(https:\/\/tdbank4.site.findly.com\/wp-content\/uploads\/sites\/605\/2018\/10\/CO-MRKTGTO-46_10119.jpg); background-attachment: scroll; background-position: bottom center; ' data-section-bg-repeat='no-repeat' ><div class='container' ><div class='template-page content  av-content-full alpha units'><div class='post-entry post-entry-type-page post-entry-2439'><div class='entry-content-wrapper clearfix'>\n<section class=\"av_textblock_section\"  itemscope=\"itemscope\" itemtype=\"https:\/\/schema.org\/CreativeWork\" ><div class='avia_textblock headertext moretext ht5 w45 tagline-position-banner'   itemprop=\"text\" ><div>Rencontrez notre \u00e9quipe et d\u00e9couvrez jusqu\u2019o\u00f9 peut vous mener une carri\u00e8re \u00e0 la TD.<\/div>\n<\/div><\/section>\n<\/div><\/div><\/div><!-- close content main div --><\/div><\/div><div id='mobile-bannertext' class='avia-section alternate_color avia-section-default avia-no-border-styling avia-bg-style-scroll   av-minimum-height av-minimum-height-custom container_wrap fullsize'   ><div class='container' ><div class='template-page content  av-content-full alpha units'><div class='post-entry post-entry-type-page post-entry-2439'><div class='entry-content-wrapper clearfix'>\n<section class=\"av_textblock_section\"  itemscope=\"itemscope\" itemtype=\"https:\/\/schema.org\/CreativeWork\" ><div class='avia_textblock headertext moretext'   itemprop=\"text\" ><div>Rencontrez notre \u00e9quipe et d\u00e9couvrez jusqu\u2019o\u00f9 peut vous mener une carri\u00e8re \u00e0 la TD.<\/div>\n<\/div><\/section>\n<\/p>\n<\/div><\/div><\/div><!-- close content main div --><\/div><\/div><div id='secjobsearchbar' class='avia-section main_color avia-section-small avia-no-border-styling avia-bg-style-scroll   container_wrap fullsize'   ><div class='container' ><div class='template-page content  av-content-full alpha units'><div class='post-entry post-entry-type-page post-entry-2439'><div class='entry-content-wrapper clearfix'>\n\n\n<\/div><\/div><\/div><!-- close content main div --><\/div><\/div><div id='secMainCopy' class='av-layout-grid-container entry-content-wrapper main_color av-flex-cells   container_wrap fullsize'   >\n<div class=\"flex_cell no_margin av_one_fourth  navCell  \" style='vertical-align:top; padding:0px 0px 0 0px ; background-color:#efeff4; '><div class='flex_cell_inner' ><div class=\"flex_column av_one_full  flex_column_div first  \" ><p><div class='avia-builder-widget-area clearfix '><div id=\"nav_menu-4\" class=\"widget clearfix widget_nav_menu\"><div class=\"menu-campus-technology-french-can0-container\"><ul id=\"menu-campus-technology-french-can0\" class=\"menu\"><li id=\"menu-item-2467\" class=\"menu-item menu-item-type-post_type menu-item-object-page menu-item-has-children menu-item-2467\"><a href=\"https:\/\/tdbank4.site.findly.com\/fr-CA\/recrutement-universitaire\/accuiel-de-technologie\/\">Accuiel de Technologie<\/a>\n<ul class=\"sub-menu\">\n\t<li id=\"menu-item-2469\" class=\"menu-item menu-item-type-post_type menu-item-object-page menu-item-2469\"><a href=\"https:\/\/tdbank4.site.findly.com\/fr-CA\/recrutement-universitaire\/accuiel-de-technologie\/notre-equipe\/\">Faites connaissance avec notre \u00e9quipe &#8211; Technologie<\/a><\/li>\n\t<li id=\"menu-item-2471\" class=\"menu-item menu-item-type-post_type menu-item-object-page menu-item-2471\"><a href=\"https:\/\/tdbank4.site.findly.com\/fr-CA\/recrutement-universitaire\/accuiel-de-technologie\/nos-programmes\/\">Nos Programmes &#8211; Technologie<\/a><\/li>\n\t<li id=\"menu-item-2473\" class=\"menu-item menu-item-type-post_type menu-item-object-page menu-item-2473\"><a href=\"https:\/\/tdbank4.site.findly.com\/fr-CA\/recrutement-universitaire\/accuiel-de-technologie\/notre-processus-de-recrutement-technologie\/\">Notre processus de recrutement &#8211; Technologie<\/a><\/li>\n\t<li id=\"menu-item-2477\" class=\"menu-item menu-item-type-post_type menu-item-object-page menu-item-2477\"><a href=\"https:\/\/tdbank4.site.findly.com\/fr-CA\/recrutement-universitaire\/\">Recrutement Universitaire<\/a><\/li>\n<\/ul>\n<\/li>\n<\/ul><\/div><\/div><div id=\"text-8\" class=\"widget clearfix widget_text\"><h3 class=\"widgettitle\">Vous avez d\u00e9j\u00e0 fait vos recherches sur la TD?<\/h3>\t\t\t<div class=\"textwidget\"><p>Alors, jetez donc un coup d\u2019\u0153il \u00e0 nos possibilit\u00e9s d\u2019emplois. Si vous ne trouvez pas de poste correspondant \u00e0 vos int\u00e9r\u00eats, communiquez avec nous et nous vous informerons des occasions pertinentes au fur et \u00e0 mesure qu\u2019elles se pr\u00e9senteront.<\/p>\r\n<div class=\"calloutLinks\">\r\n<a href=\"https:\/\/jobs.td.com\/fr-CA\/recherche-demploi\/?addtnl_categories=Programme%20sur%20les%20campus\">Consulter tous les programmes <span class=\"av-icon-char\" style=\"font-size:12px;line-height:12px;\" aria-hidden=\"true\" data-av_icon=\"\ue875\" data-av_iconfont=\"entypo-fontello\"><\/span><\/a><br \/>\r\n<!-- <a class=\"\" href=\"https:\/\/connect.thehive.com\/td-join-fr-ca?cp=Career-Site,FR-CA,Campus-Technology-Get-Connected-FR-CA&ty=0&d=fnCLOSE\" target=\"_blank\">Get connected <span class=\"av-icon-char\" style=\"font-size:12px;line-height:12px;\" aria-hidden=\"true\" data-av_icon=\"\ue875\" data-av_iconfont=\"entypo-fontello\"><\/span><\/a>-->\r\n<\/div><\/div>\n\t\t<\/div><\/div><br \/>\n<\/p><\/div>\n<\/div><\/div><div class=\"flex_cell no_margin av_three_fourth  mainCell  \" style='vertical-align:top; padding:0px 30px 30px 30px ; background-color:#ffffff; '><div class='flex_cell_inner' ><div class=\"flex_column av_one_full  flex_column_div first  \" ><section class=\"av_textblock_section\"  itemscope=\"itemscope\" itemtype=\"https:\/\/schema.org\/CreativeWork\" ><div class='avia_textblock '   itemprop=\"text\" ><h1 class=\"copyHeading\">Faites connaissance avec notre \u00e9quipe<\/h1>\n<\/div><\/section><br \/>\n<section class=\"av_textblock_section\"  itemscope=\"itemscope\" itemtype=\"https:\/\/schema.org\/CreativeWork\" ><div class='avia_textblock '   itemprop=\"text\" ><p><strong>\u00c0 la TD, vous pouvez cr\u00e9er des liens et collaborer. <\/strong>Rencontrez quelques-uns des talentueux membres de l\u2019\u00e9quipe TD \u00e0 pied d\u2019\u0153uvre pour concevoir des solutions de pointe sur lesquelles nos clients puissent compter.<\/p>\n<\/div><\/section><br \/>\n<div class=\"togglecontainer toggle_close_all  \">\n<section class=\"av_toggle_section\"  itemscope=\"itemscope\" itemtype=\"https:\/\/schema.org\/CreativeWork\" >    <div class=\"single_toggle\" data-tags=\"{All} \" >        <p role=\"tab\" aria-expanded=\"true\" aria-controls=\"toggle-id-1-container\" data-fake-id=\"#toggle-id-1\" class=\"toggler activeTitle\"  itemprop=\"headline\"  tabindex=\"0\">Nicole, D\u00e9veloppeuse de solutions des TI<span class=\"toggle_icon\">        <span class=\"vert_icon\"><\/span><span class=\"hor_icon\"><\/span><\/span><\/p>        <div role=\"tabpanel\" id=\"toggle-id-1-container\" class=\"toggle_wrap active_tc\" aria-hidden=\"false\">            <div class=\"toggle_content invers-color\"  itemprop=\"text\" ><p><strong>Nicole Leung<\/strong><br \/>\n<strong>D\u00e9veloppeuse de solutions des TI<\/strong><br \/>\n<strong>\u00c9quipe Calypso Derivatives, Solutions technologiques, Valeurs Mobili\u00e8res TD<\/strong><\/p>\n<p><em>Participante \u00e0 un programme coop\u00e9ratif de quatre mois, premi\u00e8re exp\u00e9rience \u00e0 la TD.<\/em><\/p>\n<p>J\u2019appr\u00e9cie \u00e9norm\u00e9ment ce premier stage coop\u00e9ratif \u00e0 la TD. Le fait de faire partie d\u2019une \u00e9quipe de d\u00e9veloppement au sein des Solutions technologiques de Valeurs Mobili\u00e8res TD m\u2019a donn\u00e9 la chance d\u2019acqu\u00e9rir une exp\u00e9rience r\u00e9elle et pratique en codage et en d\u00e9bogage.<\/p>\n<p>Au quotidien, je travaille en partenariat avec les analystes op\u00e9rationnels des TI pour r\u00e9gler les questions li\u00e9es \u00e0 la production et am\u00e9liorer le rendement de beaucoup de nos syst\u00e8mes de n\u00e9gociation et de rapports.<\/p>\n<p>Cette exp\u00e9rience coop\u00e9rative d\u00e9passe mes attentes.<\/p>\n            <\/div>        <\/div>    <\/div><\/section>\n<section class=\"av_toggle_section\"  itemscope=\"itemscope\" itemtype=\"https:\/\/schema.org\/CreativeWork\" >    <div class=\"single_toggle\" data-tags=\"{All} \" >        <p role=\"tab\" aria-expanded=\"false\" aria-controls=\"toggle-id-2-container\" data-fake-id=\"#toggle-id-2\" class=\"toggler \"  itemprop=\"headline\"  tabindex=\"-1\">Hussam, Analyste op\u00e9rationnel des TI<span class=\"toggle_icon\">        <span class=\"vert_icon\"><\/span><span class=\"hor_icon\"><\/span><\/span><\/p>        <div role=\"tabpanel\" id=\"toggle-id-2-container\" class=\"toggle_wrap \" aria-hidden=\"true\">            <div class=\"toggle_content invers-color\"  itemprop=\"text\" ><p><strong>Hussam Kuroukchi<\/strong><br \/>\n<strong>Analyste op\u00e9rationnel des TI<\/strong><br \/>\n<strong>Technologies li\u00e9es aux risques, Valeurs Mobili\u00e8res TD<\/strong><\/p>\n<p><em>Participant \u00e0 un programme coop\u00e9ratif de huit mois, troisi\u00e8me exp\u00e9rience \u00e0 la TD.<\/em><\/p>\n<p>En tant que membre de l\u2019\u00e9quipe des Technologies li\u00e9es aux risques de Valeurs Mobili\u00e8res TD, j\u2019ai l\u2019occasion d\u2019interagir avec beaucoup d\u2019\u00e9quipes des Services bancaires de gros, y compris les n\u00e9gociateurs de la salle des march\u00e9s, les Finances et l\u2019Exploitation, les services d\u2019arri\u00e8re-guichet, le Cr\u00e9dit de tr\u00e9sorerie et la Gestion des risques.<\/p>\n<p>Parmi les projets plus notables sur lesquels j\u2019ai travaill\u00e9, je mentionnerais la conception et la mise en \u0153uvre d\u2019une nouvelle plateforme d\u2019\u00e9valuation des risques technologiques et commerciaux, la prestation de soutien informatique relativement au syst\u00e8me de risque de march\u00e9 Bloomberg, et la migration du syst\u00e8me de n\u00e9gociation d\u00e9suet des Services bancaires \u00e0 l\u2019\u00e9chelle mondiale, Valeurs Mobili\u00e8res TD.<\/p>\n<p>Ce poste me donne la flexibilit\u00e9 n\u00e9cessaire pour utiliser \u00e0 la fois mes comp\u00e9tences techniques et mes comp\u00e9tences en analyse de valeur et de rentabilit\u00e9 afin d\u2019aider \u00e0 d\u00e9velopper et \u00e0 mettre en \u0153uvre des solutions technologiques durables et robustes.<\/p>\n            <\/div>        <\/div>    <\/div><\/section>\n<section class=\"av_toggle_section\"  itemscope=\"itemscope\" itemtype=\"https:\/\/schema.org\/CreativeWork\" >    <div class=\"single_toggle\" data-tags=\"{All} \" >        <p role=\"tab\" aria-expanded=\"false\" aria-controls=\"toggle-id-3-container\" data-fake-id=\"#toggle-id-3\" class=\"toggler \"  itemprop=\"headline\"  tabindex=\"-1\">Sanjay, Ing\u00e9nieur des TI \u2013 Associ\u00e9 de la TD<span class=\"toggle_icon\">        <span class=\"vert_icon\"><\/span><span class=\"hor_icon\"><\/span><\/span><\/p>        <div role=\"tabpanel\" id=\"toggle-id-3-container\" class=\"toggle_wrap \" aria-hidden=\"true\">            <div class=\"toggle_content invers-color\"  itemprop=\"text\" ><p><strong>Sanjay Kaushik<\/strong><br \/>\n<strong>Ing\u00e9nieur des TI \u2013 Associ\u00e9 de la TD<\/strong><br \/>\n<strong>Portefeuille Ing\u00e9nierie et Maintenance, Solutions technologiques \u2013 Infrastructure (STI)<\/strong><\/p>\n<p><em>Participant au programme des associ\u00e9s, premi\u00e8re rotation.<\/em><\/p>\n<p>En tant que membre de l\u2019\u00e9quipe responsable du portefeuille Ing\u00e9nierie et Maintenance, STI nouvellement form\u00e9e, je suis responsable du processus de prise en charge de tous les probl\u00e8mes de niveau\u00a03 assign\u00e9s aux diff\u00e9rentes \u00e9quipes de gestion en ing\u00e9nierie.<\/p>\n<p>Une fois qu\u2019un probl\u00e8me est signal\u00e9, ma premi\u00e8re t\u00e2che consiste \u00e0 d\u00e9terminer s\u2019il rel\u00e8ve r\u00e9ellement de l\u2019ing\u00e9nierie. Si oui, je passe en revue les crit\u00e8res de contr\u00f4le pour m\u2019assurer que tous les renseignements importants ont \u00e9t\u00e9 donn\u00e9s dans la fiche de probl\u00e8me, qui est ensuite assign\u00e9e \u00e0 l\u2019\u00e9quipe d\u2019ing\u00e9nierie appropri\u00e9e. Notre \u00e9quipe veille \u00e0 ce que la fiche de probl\u00e8me soit trait\u00e9e, analys\u00e9e et finalement, ferm\u00e9e. Nous pr\u00e9parons chaque mois des rapports d\u2019\u00e9volution pour les \u00e9quipes d\u2019ing\u00e9nierie \u00e0 l\u2019intention de la direction afin de v\u00e9rifier que nous nous dirigeons dans la bonne direction et que nous r\u00e9duisons bien le nombre de probl\u00e8mes, tout en coupant dans les co\u00fbts d\u2019infrastructure.<\/p>\n<p>Ce r\u00f4le me donne l\u2019occasion de travailler avec diff\u00e9rentes \u00e9quipes et de mettre \u00e0 profit mes comp\u00e9tences en gestion de projet pour faire en sorte que tous les probl\u00e8mes soient r\u00e9solus promptement, et am\u00e9liorer les r\u00e9sultats de la TD.<\/p>\n            <\/div>        <\/div>    <\/div><\/section>\n<\/div><br \/>\n<div style='height:30px' class='hr hr-invisible  '><span class='hr-inner ' ><span class='hr-inner-style'><\/span><\/span><\/div><br \/>\n<section class=\"av_textblock_section\"  itemscope=\"itemscope\" itemtype=\"https:\/\/schema.org\/CreativeWork\" ><div class='avia_textblock '   itemprop=\"text\" ><h3>\u00c9quipe de recrutement des Solutions technologiques<\/h3>\n<p><strong>Nous appuyons l\u2019innovation en TI. <\/strong>Faites connaissance avec quelques-uns des recruteurs de la TD, dont la passion pour les TI \u00e9gale la v\u00f4tre. Ils peuvent vous aider \u00e0 voir comment, en vous joignant \u00e0 l\u2019\u00e9quipe Technologie de la TD, vous pourriez faire en sorte que votre int\u00e9r\u00eat pour le d\u00e9veloppement de solutions technologiques \u00e9l\u00e9gantes change les choses dans la vraie vie.<\/p>\n<\/div><\/section><br \/>\n<section class=\"av_textblock_section\"  itemscope=\"itemscope\" itemtype=\"https:\/\/schema.org\/CreativeWork\" ><div class='avia_textblock '   itemprop=\"text\" ><p><img loading=\"lazy\" decoding=\"async\" class=\"alignleft size-full wp-image-1799\" src=\"http:\/\/cdn-static.findly.com\/wp-content\/uploads\/sites\/55\/2015\/06\/CAN_5_7_1_Technology_MOP_steve.jpg\" alt=\"CAN_5_7_1_Technology_MOP_steve\" width=\"150\" height=\"150\" srcset=\"https:\/\/tdbank4.site.findly.com\/wp-content\/uploads\/sites\/605\/2015\/06\/CAN_5_7_1_Technology_MOP_steve.jpg 150w, https:\/\/tdbank4.site.findly.com\/wp-content\/uploads\/sites\/605\/2015\/06\/CAN_5_7_1_Technology_MOP_steve-80x80.jpg 80w, https:\/\/tdbank4.site.findly.com\/wp-content\/uploads\/sites\/605\/2015\/06\/CAN_5_7_1_Technology_MOP_steve-36x36.jpg 36w, https:\/\/tdbank4.site.findly.com\/wp-content\/uploads\/sites\/605\/2015\/06\/CAN_5_7_1_Technology_MOP_steve-120x120.jpg 120w\" sizes=\"auto, (max-width: 150px) 100vw, 150px\" \/><br \/>\n<strong>Steve Staios, directeur principal, Acquisition de talents, Entreprise TD<\/strong><br \/>\n<strong>Programmes des associ\u00e9s et autres d\u00e9bouch\u00e9s en Technologie<\/strong><br \/>\nJe suis fier de dire que cela fait maintenant plus de quinze ans que je travaille \u00e0 la TD dans diff\u00e9rents secteurs de l\u2019organisation. Depuis mon arriv\u00e9e, j\u2019ai eu l\u2019occasion de faire avancer ma carri\u00e8re et de tisser des relations professionnelles et personnelles.<\/p>\n<p>Actuellement, je suis directeur principal pour Acquisition de talents, Entreprise TD. Je dirige un programme des associ\u00e9s en Technologie \u00e0 temps plein pour la TD \u00e0 l\u2019\u00e9chelle mondiale. Je supervise aussi diff\u00e9rents programmes coop\u00e9ratifs et stages en Technologie dans l\u2019organisation.<\/p>\n<p>Technologie TD est \u00e0 l\u2019origine de changements prometteurs dans toute la soci\u00e9t\u00e9, des changements qui touchent non seulement l\u2019exp\u00e9rience client, mais aussi notre fa\u00e7on de fonctionner. Je suis d\u00e9termin\u00e9 \u00e0 former un bassin de talents en technologie diversifi\u00e9 compos\u00e9 de personnes ayant \u00e0 c\u0153ur de changer les choses.<\/p>\n<\/div><\/section><br \/>\n<section class=\"av_textblock_section\"  itemscope=\"itemscope\" itemtype=\"https:\/\/schema.org\/CreativeWork\" ><div class='avia_textblock '   itemprop=\"text\" ><p><img loading=\"lazy\" decoding=\"async\" class=\"alignleft wp-image-2302 size-full\" src=\"http:\/\/cdn-static.findly.com\/wp-content\/uploads\/sites\/55\/2015\/05\/CAN_5_8_Gen_MOR_Sarah1.jpg\" alt=\"\" width=\"127\" height=\"129\" srcset=\"https:\/\/tdbank4.site.findly.com\/wp-content\/uploads\/sites\/605\/2015\/05\/CAN_5_8_Gen_MOR_Sarah1.jpg 127w, https:\/\/tdbank4.site.findly.com\/wp-content\/uploads\/sites\/605\/2015\/05\/CAN_5_8_Gen_MOR_Sarah1-80x80.jpg 80w, https:\/\/tdbank4.site.findly.com\/wp-content\/uploads\/sites\/605\/2015\/05\/CAN_5_8_Gen_MOR_Sarah1-36x36.jpg 36w\" sizes=\"auto, (max-width: 127px) 100vw, 127px\" \/><br \/>\n<strong>Sarah Duggan<br \/>\n<\/strong><strong>Conseill\u00e8re, Recrutement, TI<\/strong><br \/>\n\u00c0 la TD depuis\u00a02014, je suis titulaire d\u2019un poste de conseill\u00e8re, Recrutement sur les campus pour les TI, et je me sp\u00e9cialiste dans le recrutement d\u2019\u00e9tudiants en programme coop\u00e9ratif et d\u2019associ\u00e9s dans le domaine de la technologie.<\/p>\n<p>Je me passionne pour la recherche des meilleurs talents pour travailler sur des technologies de pointe, tout en cherchant \u00e0 constituer un bon bassin de talents pour alimenter notre Programme des associ\u00e9s en TI.<\/p>\n<\/div><\/section><\/p><\/div>\n<\/div><\/div>\n<\/div>\n","protected":false},"excerpt":{"rendered":"","protected":false},"author":1,"featured_media":0,"parent":2435,"menu_order":0,"comment_status":"closed","ping_status":"closed","template":"","meta":{"footnotes":""},"class_list":["post-2439","page","type-page","status-publish","hentry"],"yoast_head":"<!-- This site is optimized with the Yoast SEO Premium plugin v23.0 (Yoast SEO v23.0) - https:\/\/yoast.com\/wordpress\/plugins\/seo\/ -->\n<title>Faites connaissance avec notre \u00e9quipe - Technologie<\/title>\n<meta name=\"robots\" content=\"noindex, follow, max-snippet:-1, max-image-preview:large, max-video-preview:-1\" \/>\n<meta property=\"og:locale\" content=\"fr_CA\" \/>\n<meta property=\"og:type\" content=\"article\" \/>\n<meta property=\"og:title\" content=\"Faites connaissance avec notre \u00e9quipe - Technologie\" \/>\n<meta property=\"og:url\" content=\"https:\/\/tdbank4.site.findly.com\/fr-CA\/recrutement-universitaire\/accuiel-de-technologie\/notre-equipe\/\" \/>\n<meta property=\"og:site_name\" content=\"Banque TD\" \/>\n<meta property=\"article:publisher\" content=\"https:\/\/www.facebook.com\/TDBank\" \/>\n<meta property=\"article:modified_time\" content=\"2018-10-12T09:46:16+00:00\" \/>\n<meta property=\"og:image\" content=\"http:\/\/cdn-static.findly.com\/wp-content\/uploads\/sites\/55\/2015\/06\/CAN_5_7_1_Technology_MOP_steve.jpg\" \/>\n<meta name=\"twitter:label1\" content=\"Estimation du temps de lecture\" \/>\n\t<meta name=\"twitter:data1\" content=\"8 minutes\" \/>\n<script type=\"application\/ld+json\" class=\"yoast-schema-graph\">{\"@context\":\"https:\/\/schema.org\",\"@graph\":[{\"@type\":\"WebPage\",\"@id\":\"https:\/\/tdbank4.site.findly.com\/fr-CA\/recrutement-universitaire\/accuiel-de-technologie\/notre-equipe\/\",\"url\":\"https:\/\/tdbank4.site.findly.com\/fr-CA\/recrutement-universitaire\/accuiel-de-technologie\/notre-equipe\/\",\"name\":\"Faites connaissance avec notre \u00e9quipe - Technologie\",\"isPartOf\":{\"@id\":\"https:\/\/tdbank4.site.findly.com\/fr-CA\/#website\"},\"primaryImageOfPage\":{\"@id\":\"https:\/\/tdbank4.site.findly.com\/fr-CA\/recrutement-universitaire\/accuiel-de-technologie\/notre-equipe\/#primaryimage\"},\"image\":{\"@id\":\"https:\/\/tdbank4.site.findly.com\/fr-CA\/recrutement-universitaire\/accuiel-de-technologie\/notre-equipe\/#primaryimage\"},\"thumbnailUrl\":\"http:\/\/cdn-static.findly.com\/wp-content\/uploads\/sites\/55\/2015\/06\/CAN_5_7_1_Technology_MOP_steve.jpg\",\"datePublished\":\"2015-05-15T17:07:53+00:00\",\"dateModified\":\"2018-10-12T09:46:16+00:00\",\"breadcrumb\":{\"@id\":\"https:\/\/tdbank4.site.findly.com\/fr-CA\/recrutement-universitaire\/accuiel-de-technologie\/notre-equipe\/#breadcrumb\"},\"inLanguage\":\"fr-CA\",\"potentialAction\":[{\"@type\":\"ReadAction\",\"target\":[\"https:\/\/tdbank4.site.findly.com\/fr-CA\/recrutement-universitaire\/accuiel-de-technologie\/notre-equipe\/\"]}]},{\"@type\":\"ImageObject\",\"inLanguage\":\"fr-CA\",\"@id\":\"https:\/\/tdbank4.site.findly.com\/fr-CA\/recrutement-universitaire\/accuiel-de-technologie\/notre-equipe\/#primaryimage\",\"url\":\"http:\/\/cdn-static.findly.com\/wp-content\/uploads\/sites\/55\/2015\/06\/CAN_5_7_1_Technology_MOP_steve.jpg\",\"contentUrl\":\"http:\/\/cdn-static.findly.com\/wp-content\/uploads\/sites\/55\/2015\/06\/CAN_5_7_1_Technology_MOP_steve.jpg\"},{\"@type\":\"BreadcrumbList\",\"@id\":\"https:\/\/tdbank4.site.findly.com\/fr-CA\/recrutement-universitaire\/accuiel-de-technologie\/notre-equipe\/#breadcrumb\",\"itemListElement\":[{\"@type\":\"ListItem\",\"position\":1,\"name\":\"Home\",\"item\":\"https:\/\/tdbank4.site.findly.com\/fr-CA\/\"},{\"@type\":\"ListItem\",\"position\":2,\"name\":\"Recrutement Universitaire\",\"item\":\"https:\/\/tdbank4.site.findly.com\/fr-CA\/recrutement-universitaire\/\"},{\"@type\":\"ListItem\",\"position\":3,\"name\":\"Accuiel de Technologie\",\"item\":\"https:\/\/tdbank4.site.findly.com\/fr-CA\/recrutement-universitaire\/accuiel-de-technologie\/\"},{\"@type\":\"ListItem\",\"position\":4,\"name\":\"Faites connaissance avec notre \u00e9quipe &#8211; Technologie\"}]},{\"@type\":\"WebSite\",\"@id\":\"https:\/\/tdbank4.site.findly.com\/fr-CA\/#website\",\"url\":\"https:\/\/tdbank4.site.findly.com\/fr-CA\/\",\"name\":\"Banque TD\",\"description\":\"Responsive Career site\",\"potentialAction\":[{\"@type\":\"SearchAction\",\"target\":{\"@type\":\"EntryPoint\",\"urlTemplate\":\"https:\/\/tdbank4.site.findly.com\/fr-CA\/?s={search_term_string}\"},\"query-input\":\"required name=search_term_string\"}],\"inLanguage\":\"fr-CA\"}]}<\/script>\n<!-- \/ Yoast SEO Premium plugin. -->","yoast_head_json":{"title":"Faites connaissance avec notre \u00e9quipe - Technologie","robots":{"index":"noindex","follow":"follow","max-snippet":"max-snippet:-1","max-image-preview":"max-image-preview:large","max-video-preview":"max-video-preview:-1"},"og_locale":"fr_CA","og_type":"article","og_title":"Faites connaissance avec notre \u00e9quipe - Technologie","og_url":"https:\/\/tdbank4.site.findly.com\/fr-CA\/recrutement-universitaire\/accuiel-de-technologie\/notre-equipe\/","og_site_name":"Banque TD","article_publisher":"https:\/\/www.facebook.com\/TDBank","article_modified_time":"2018-10-12T09:46:16+00:00","og_image":[{"url":"http:\/\/cdn-static.findly.com\/wp-content\/uploads\/sites\/55\/2015\/06\/CAN_5_7_1_Technology_MOP_steve.jpg"}],"twitter_misc":{"Estimation du temps de lecture":"8 minutes"},"schema":{"@context":"https:\/\/schema.org","@graph":[{"@type":"WebPage","@id":"https:\/\/tdbank4.site.findly.com\/fr-CA\/recrutement-universitaire\/accuiel-de-technologie\/notre-equipe\/","url":"https:\/\/tdbank4.site.findly.com\/fr-CA\/recrutement-universitaire\/accuiel-de-technologie\/notre-equipe\/","name":"Faites connaissance avec notre \u00e9quipe - Technologie","isPartOf":{"@id":"https:\/\/tdbank4.site.findly.com\/fr-CA\/#website"},"primaryImageOfPage":{"@id":"https:\/\/tdbank4.site.findly.com\/fr-CA\/recrutement-universitaire\/accuiel-de-technologie\/notre-equipe\/#primaryimage"},"image":{"@id":"https:\/\/tdbank4.site.findly.com\/fr-CA\/recrutement-universitaire\/accuiel-de-technologie\/notre-equipe\/#primaryimage"},"thumbnailUrl":"http:\/\/cdn-static.findly.com\/wp-content\/uploads\/sites\/55\/2015\/06\/CAN_5_7_1_Technology_MOP_steve.jpg","datePublished":"2015-05-15T17:07:53+00:00","dateModified":"2018-10-12T09:46:16+00:00","breadcrumb":{"@id":"https:\/\/tdbank4.site.findly.com\/fr-CA\/recrutement-universitaire\/accuiel-de-technologie\/notre-equipe\/#breadcrumb"},"inLanguage":"fr-CA","potentialAction":[{"@type":"ReadAction","target":["https:\/\/tdbank4.site.findly.com\/fr-CA\/recrutement-universitaire\/accuiel-de-technologie\/notre-equipe\/"]}]},{"@type":"ImageObject","inLanguage":"fr-CA","@id":"https:\/\/tdbank4.site.findly.com\/fr-CA\/recrutement-universitaire\/accuiel-de-technologie\/notre-equipe\/#primaryimage","url":"http:\/\/cdn-static.findly.com\/wp-content\/uploads\/sites\/55\/2015\/06\/CAN_5_7_1_Technology_MOP_steve.jpg","contentUrl":"http:\/\/cdn-static.findly.com\/wp-content\/uploads\/sites\/55\/2015\/06\/CAN_5_7_1_Technology_MOP_steve.jpg"},{"@type":"BreadcrumbList","@id":"https:\/\/tdbank4.site.findly.com\/fr-CA\/recrutement-universitaire\/accuiel-de-technologie\/notre-equipe\/#breadcrumb","itemListElement":[{"@type":"ListItem","position":1,"name":"Home","item":"https:\/\/tdbank4.site.findly.com\/fr-CA\/"},{"@type":"ListItem","position":2,"name":"Recrutement Universitaire","item":"https:\/\/tdbank4.site.findly.com\/fr-CA\/recrutement-universitaire\/"},{"@type":"ListItem","position":3,"name":"Accuiel de Technologie","item":"https:\/\/tdbank4.site.findly.com\/fr-CA\/recrutement-universitaire\/accuiel-de-technologie\/"},{"@type":"ListItem","position":4,"name":"Faites connaissance avec notre \u00e9quipe &#8211; Technologie"}]},{"@type":"WebSite","@id":"https:\/\/tdbank4.site.findly.com\/fr-CA\/#website","url":"https:\/\/tdbank4.site.findly.com\/fr-CA\/","name":"Banque TD","description":"Responsive Career site","potentialAction":[{"@type":"SearchAction","target":{"@type":"EntryPoint","urlTemplate":"https:\/\/tdbank4.site.findly.com\/fr-CA\/?s={search_term_string}"},"query-input":"required name=search_term_string"}],"inLanguage":"fr-CA"}]}},"_links":{"self":[{"href":"https:\/\/tdbank4.site.findly.com\/fr-CA\/wp-json\/wp\/v2\/pages\/2439","targetHints":{"allow":["GET"]}}],"collection":[{"href":"https:\/\/tdbank4.site.findly.com\/fr-CA\/wp-json\/wp\/v2\/pages"}],"about":[{"href":"https:\/\/tdbank4.site.findly.com\/fr-CA\/wp-json\/wp\/v2\/types\/page"}],"author":[{"embeddable":true,"href":"https:\/\/tdbank4.site.findly.com\/fr-CA\/wp-json\/wp\/v2\/users\/1"}],"replies":[{"embeddable":true,"href":"https:\/\/tdbank4.site.findly.com\/fr-CA\/wp-json\/wp\/v2\/comments?post=2439"}],"version-history":[{"count":0,"href":"https:\/\/tdbank4.site.findly.com\/fr-CA\/wp-json\/wp\/v2\/pages\/2439\/revisions"}],"up":[{"embeddable":true,"href":"https:\/\/tdbank4.site.findly.com\/fr-CA\/wp-json\/wp\/v2\/pages\/2435"}],"wp:attachment":[{"href":"https:\/\/tdbank4.site.findly.com\/fr-CA\/wp-json\/wp\/v2\/media?parent=2439"}],"curies":[{"name":"wp","href":"https:\/\/api.w.org\/{rel}","templated":true}]}}