{"id":2435,"date":"2015-05-15T17:05:49","date_gmt":"2015-05-15T17:05:49","guid":{"rendered":"http:\/\/tdbank2.site.findly.com\/campus-recruitment\/technology\/"},"modified":"2024-05-02T06:38:44","modified_gmt":"2024-05-02T06:38:44","slug":"accuiel-de-technologie","status":"publish","type":"page","link":"https:\/\/tdbank4.site.findly.com\/fr-CA\/recrutement-universitaire\/accuiel-de-technologie\/","title":{"rendered":"Accuiel de Technologie"},"content":{"rendered":"<div id='layer_slider_1' class='avia-layerslider main_color avia-shadow  container_wrap fullsize'    style='height: 376px;' ><\/div>\n<\/div><\/div><\/div><!-- close content main div --><\/div><\/div><div id='subheadnav-' class='avia-section main_color avia-section-no-padding avia-no-border-styling avia-bg-style-scroll  none av-minimum-height av-minimum-height-custom container_wrap fullsize'   ><div class='container' style='height:70px'><div class='template-page content  av-content-full alpha units'><div class='post-entry post-entry-type-page post-entry-2435'><div class='entry-content-wrapper clearfix'>\n<div class=\"flex_column av_one_full  flex_column_div av-zero-column-padding first  none \" style='border-radius:0px; '><section class=\"av_textblock_section\"  itemscope=\"itemscope\" itemtype=\"https:\/\/schema.org\/CreativeWork\" ><div class='avia_textblock '   itemprop=\"text\" ><div class=\"campusButtons\"><a title=\"\" href=\"\/fr-CA\/recherche-demploi\/?addtnl_categories=Programme%20sur%20les%20campus\">Explorer des occasions<\/a><\/div>\n<\/div><\/section><\/div>\n\n<\/div><\/div><\/div><!-- close content main div --><\/div><\/div><div id='secjobsearchbar-none' class='avia-section main_color avia-section-small avia-no-border-styling avia-bg-style-scroll   container_wrap fullsize'   ><div class='container' ><div class='template-page content  av-content-full alpha units'><div class='post-entry post-entry-type-page post-entry-2435'><div class='entry-content-wrapper clearfix'>\n\n\n<\/div><\/div><\/div><!-- close content main div --><\/div><\/div><div id='secMainCopy' class='av-layout-grid-container entry-content-wrapper main_color av-flex-cells   container_wrap fullsize'   >\n<div class=\"flex_cell no_margin av_one_fourth  navCell  \" style='vertical-align:top; padding:0px 0px 0 0px ; background-color:#efeff4; '><div class='flex_cell_inner' ><div class=\"flex_column av_one_full  flex_column_div first  \" ><div class='avia-builder-widget-area clearfix '><div id=\"nav_menu-13\" class=\"widget clearfix widget_nav_menu\"><div class=\"menu-campus-recruitment-french-can0-container\"><ul id=\"menu-campus-recruitment-french-can0\" class=\"menu\"><li id=\"menu-item-2479\" class=\"menu-item menu-item-type-post_type menu-item-object-page menu-item-has-children menu-item-2479\"><a href=\"https:\/\/tdbank4.site.findly.com\/fr-CA\/recrutement-universitaire\/\">Recrutement Universitaire<\/a>\n<ul class=\"sub-menu\">\n\t<li id=\"menu-item-17958\" class=\"menu-item menu-item-type-post_type menu-item-object-page menu-item-17958\"><a href=\"https:\/\/tdbank4.site.findly.com\/fr-CA\/recrutement-universitaire\/etudiants-de-premier-cycle\/\">Occasions pour les titulaires d\u2019un dipl\u00f4me de premier cycle<\/a><\/li>\n\t<li id=\"menu-item-17951\" class=\"menu-item menu-item-type-post_type menu-item-object-page menu-item-17951\"><a href=\"https:\/\/tdbank4.site.findly.com\/fr-CA\/recrutement-universitaire\/occasions-de-stages-et-de-programmes-cooperatifs\/\">Stage\/programme coop\u00e9ratif et occasions estivales<\/a><\/li>\n\t<li id=\"menu-item-2485\" class=\"menu-item menu-item-type-post_type menu-item-object-page menu-item-2485\"><a href=\"https:\/\/tdbank4.site.findly.com\/fr-CA\/recrutement-universitaire\/maitrise-en-administration\/\">Occasions pour les titulaires d\u2019un dipl\u00f4me d\u2019\u00e9tudes sup\u00e9rieures<\/a><\/li>\n\t<li id=\"menu-item-2487\" class=\"menu-item menu-item-type-post_type menu-item-object-page menu-item-2487\"><a href=\"https:\/\/tdbank4.site.findly.com\/fr-CA\/recrutement-universitaire\/la-diversite-a-la-td\/\">La diversit\u00e9 \u00e0 la TD<\/a><\/li>\n\t<li id=\"menu-item-2491\" class=\"menu-item menu-item-type-post_type menu-item-object-page menu-item-2491\"><a href=\"https:\/\/tdbank4.site.findly.com\/fr-CA\/recrutement-universitaire\/accueil-de-valeurs-mobilieres-td\/\">Page d\u2019accueil \u2013 Valeurs Mobili\u00e8res TD<\/a><\/li>\n<\/ul>\n<\/li>\n<li id=\"menu-item-17957\" class=\"menu-item menu-item-type-post_type menu-item-object-page menu-item-17957\"><a href=\"https:\/\/tdbank4.site.findly.com\/fr-CA\/recrutement-universitaire\/accuiel-de-technologie\/\">Page d\u2019accueil \u2013 Technologie<\/a><\/li>\n<\/ul><\/div><\/div><div id=\"custom_html-2\" class=\"widget_text widget clearfix widget_custom_html\"><h3 class=\"widgettitle\">Vous avez d\u00e9j\u00e0 fait vos recherches sur la TD?<\/h3><div class=\"textwidget custom-html-widget\"><p style=\"margin-top:15px;\">Alors, jetez donc un coup d\u2019\u0153il \u00e0 nos possibilit\u00e9s d\u2019emplois.<\/p>\r\n<!--<div class=\"calloutLinks\"><a href=\"\/en\/job-search-results\/?addtnl_categories=Campus%20Program\">Consulter tous les programmes <\/a><\/div>--><\/div><\/div><\/div><\/div>\n<\/div><\/div><div class=\"flex_cell no_margin av_three_fourth  mainCell  \" style='vertical-align:top; padding:0px 30px 30px 30px ; background-color:#ffffff; '><div class='flex_cell_inner' ><section class=\"av_textblock_section\"  itemscope=\"itemscope\" itemtype=\"https:\/\/schema.org\/CreativeWork\" ><div class='avia_textblock '   itemprop=\"text\" ><h1 class=\"copyHeading\">Un milieu qui vous ressemble<\/h1>\n<\/div><\/section><br \/>\n<div class=\"flex_column av_one_full  flex_column_div first  \" ><p><section class=\"av_textblock_section\"  itemscope=\"itemscope\" itemtype=\"https:\/\/schema.org\/CreativeWork\" ><div class='avia_textblock '   itemprop=\"text\" ><p><strong>La TD, pour une carri\u00e8re en TI passionnante.<\/strong> \u00c0 la TD, les technologies de l\u2019information jouent un r\u00f4le crucial dans les services que nous offrons \u00e0 nos clients. Nos \u00e9quipes travaillent dans diff\u00e9rents domaines stimulants \u00e0 la conception de solutions novatrices qui donnent une longueur d\u2019avance \u00e0 la TD. Elles sont confront\u00e9es \u00e0 toutes sortes de d\u00e9fis int\u00e9ressants et trouvent des solutions novatrices, exploitant pour ce faire un large \u00e9ventail de programmes et de plateformes.<\/p>\n<p>Chaque jour \u00e0 la TD vous offre la possibilit\u00e9 de d\u00e9velopper vos comp\u00e9tences et de faire avancer votre carri\u00e8re. Les talentueux membres de l\u2019\u00e9quipe des TI travaillent de pair et ont acc\u00e8s \u00e0 un soutien continu et \u00e0 des activit\u00e9s de formation. Faites carri\u00e8re \u00e0 la\u00a0TD.<\/p>\n<\/div><\/section><br \/>\n<div style='height:20px' class='hr hr-invisible  '><span class='hr-inner ' ><span class='hr-inner-style'><\/span><\/span><\/div><\/p><\/div><div class=\"flex_column av_one_full  flex_column_div first  \" ><section class=\"av_textblock_section\"  itemscope=\"itemscope\" itemtype=\"https:\/\/schema.org\/CreativeWork\" ><div class='avia_textblock '   itemprop=\"text\" ><h2 class=\"copyHeading\">Nos programmes<\/h2>\n<\/div><\/section><br \/>\n<section class=\"av_textblock_section\"  itemscope=\"itemscope\" itemtype=\"https:\/\/schema.org\/CreativeWork\" ><div class='avia_textblock calloutBox'   itemprop=\"text\" ><div class=\"limage\"><img loading=\"lazy\" decoding=\"async\" class=\"alignleft size-full wp-image-2265 driverImg\" src=\"\/wp-content\/uploads\/sites\/55\/2015\/05\/CAN_5_7_Technology_TAP_inset.jpg\" alt=\"\" width=\"150\" height=\"150\" srcset=\"https:\/\/tdbank4.site.findly.com\/wp-content\/uploads\/sites\/605\/2015\/05\/CAN_5_7_Technology_TAP_inset.jpg 150w, https:\/\/tdbank4.site.findly.com\/wp-content\/uploads\/sites\/605\/2015\/05\/CAN_5_7_Technology_TAP_inset-80x80.jpg 80w, https:\/\/tdbank4.site.findly.com\/wp-content\/uploads\/sites\/605\/2015\/05\/CAN_5_7_Technology_TAP_inset-36x36.jpg 36w, https:\/\/tdbank4.site.findly.com\/wp-content\/uploads\/sites\/605\/2015\/05\/CAN_5_7_Technology_TAP_inset-120x120.jpg 120w\" sizes=\"auto, (max-width: 150px) 100vw, 150px\" \/><\/div>\n<div class=\"rcontent\">\n<div class=\"driverText\">\n<h3 class=\"greenArrow\"><span>Programme des associ\u00e9s en Solutions technologiques<\/span><\/h3>\n<p><strong>Explorez des carri\u00e8res en TI d\u00e9cisives. <\/strong>Ce programme de rotation \u00e0 temps plein pour \u00e9tudiants de premier cycle donne aux associ\u00e9s la chance unique de lancer leur carri\u00e8re en TI du bon pied en d\u00e9couvrant diff\u00e9rents groupes et technologies de la TD sur une p\u00e9riode de deux ans. Vous pouvez vous attendre \u00e0 suivre des formations vari\u00e9es, \u00e0 avoir un mentor personnel et \u00e0 interagir avec divers gestionnaires et dirigeants des TI dans le cadre du programme.<br \/>\n<a title=\"Nos programmes\" href=\"\/fr-CA\/recrutement-universitaire\/accuiel-de-technologie\/nos-programmes\/\/\"><strong>Voir tous les programmes en Solutions technologiques <span class=\"av-icon-char\" style=\"font-size: 12px; line-height: 12px;\"><\/span><\/strong><\/a><\/p>\n<\/div>\n<\/div>\n<\/div><\/section><br \/>\n<section class=\"av_textblock_section\"  itemscope=\"itemscope\" itemtype=\"https:\/\/schema.org\/CreativeWork\" ><div class='avia_textblock calloutBox'   itemprop=\"text\" ><p><img loading=\"lazy\" decoding=\"async\" class=\"alignleft size-full wp-image-2264 driverImg\" src=\"\/wp-content\/uploads\/sites\/55\/2015\/05\/CAN_5_7_Technology_coop_inset.jpg\" alt=\"\" width=\"150\" height=\"150\" srcset=\"https:\/\/tdbank4.site.findly.com\/wp-content\/uploads\/sites\/605\/2015\/05\/CAN_5_7_Technology_coop_inset.jpg 150w, https:\/\/tdbank4.site.findly.com\/wp-content\/uploads\/sites\/605\/2015\/05\/CAN_5_7_Technology_coop_inset-80x80.jpg 80w, https:\/\/tdbank4.site.findly.com\/wp-content\/uploads\/sites\/605\/2015\/05\/CAN_5_7_Technology_coop_inset-36x36.jpg 36w, https:\/\/tdbank4.site.findly.com\/wp-content\/uploads\/sites\/605\/2015\/05\/CAN_5_7_Technology_coop_inset-120x120.jpg 120w\" sizes=\"auto, (max-width: 150px) 100vw, 150px\" \/><\/p>\n<div class=\"driverText\">\n<h3 class=\"greenArrow\"><span>Programme coop\u00e9ratif ou stage<\/span><\/h3>\n<p><strong>Lancez votre carri\u00e8re en TI. <\/strong>La TD est un bon endroit o\u00f9 vivre votre passion pour les TI. Vous y perfectionnerez vos comp\u00e9tences tout en acqu\u00e9rant une exp\u00e9rience pr\u00e9cieuse et pratique. Vous travaillerez aux c\u00f4t\u00e9s de professionnels des TI talentueux avec des outils \u00e0 la fine pointe de la technologie, et nous prouverez que vous avez beaucoup \u00e0 apporter.<\/p>\n<p><a title=\"Nos programmes\" href=\"\/fr-CA\/recrutement-universitaire\/accuiel-de-technologie\/nos-programmes\"><strong>Voir tous les programmes en Solutions technologiques <span class=\"av-icon-char\" style=\"font-size: 12px; line-height: 12px;\"><\/span><\/strong><\/a><\/p>\n<\/div>\n<\/div><\/section><\/p><\/div><div class=\"flex_column av_one_full  flex_column_div first  \" ><section class=\"av_textblock_section\"  itemscope=\"itemscope\" itemtype=\"https:\/\/schema.org\/CreativeWork\" ><div class='avia_textblock '   itemprop=\"text\" ><p><strong>\u00a0<\/strong><strong>D\u00e9couvrez une carri\u00e8re en TI qui compte vraiment. <\/strong>L\u2019\u00e9quipe Solutions technologiques de la TD est constitu\u00e9e de plusieurs divisions qui repr\u00e9sentent l\u2019ensemble des services et des unit\u00e9s dont la TD a besoin pour poursuivre sa croissance comme banque internationale. Nous avons une panoplie d\u2019exp\u00e9riences \u00e0 vous proposer. Que vous fassiez vos d\u00e9buts dans un programme d\u2019associ\u00e9, un programme coop\u00e9ratif ou un stage, vous aurez l\u2019occasion d\u2019apporter des changements et de faire bouger les choses. Infrastructure, D\u00e9veloppement des applications, Canaux num\u00e9riques et Innovation ne sont que quelques-uns des domaines dans lesquels les membres de notre talentueuse \u00e9quipe Solutions technologiques \u0153uvrent pour offrir \u00e0 nos clients des produits l\u00e9gendaires au moyen de solutions novatrices.<\/p>\n<p><strong>Aidez \u00e0 concevoir des solutions de pointe sur lesquelles nos clients peuvent compter. <\/strong>Notre souci d\u2019offrir une exp\u00e9rience client de qualit\u00e9 s\u2019exprime entre autres par la mise sur pied des Laboratoires TD. Agiles, cr\u00e9atifs et exp\u00e9rimentaux, les Laboratoires fonctionnent comme des entreprises en d\u00e9marrage, le but \u00e9tant d\u2019explorer des technologiques \u00e9mergentes et de nouvelles solutions client tout en recrutant et en perfectionnant des gens hautement talentueux, et de mettre \u00e0 l\u2019essai les plus r\u00e9cents mod\u00e8les ainsi que les outils et les techniques de d\u00e9veloppement.<\/p>\n<\/div><\/section><\/div><div class=\"flex_column av_two_third  flex_column_div first  \" ><section class=\"av_textblock_section\"  itemscope=\"itemscope\" itemtype=\"https:\/\/schema.org\/CreativeWork\" ><div class='avia_textblock '   itemprop=\"text\" ><p><strong>\u00c0 la recherche de talents en TI \u00e0 l\u2019esprit novateur. <\/strong>La technologie, l\u2019innovation et la r\u00e9solution de probl\u00e8me cr\u00e9ative vous passionnent? Vous voulez vous servir de votre ing\u00e9niosit\u00e9 pour transformer la vie de nos clients?<\/p>\n<\/div><\/section><\/div><div class=\"flex_column av_one_third  flex_column_div av-zero-column-padding   \" style='border-radius:0px; '><section class=\"av_textblock_section\"  itemscope=\"itemscope\" itemtype=\"https:\/\/schema.org\/CreativeWork\" ><div class='avia_textblock greenBorder'   itemprop=\"text\" ><p><strong>Domaines d\u2019int\u00e9r\u00eat de la Technologie, TD<\/strong><\/p>\n<ul>\n<li>M\u00e9gadonn\u00e9es<\/li>\n<li>Infonuagique<\/li>\n<li>Strat\u00e9gies de nuage<\/li>\n<li>Analyse de donn\u00e9es<\/li>\n<li>Excellence de l\u2019information<\/li>\n<\/ul>\n<\/div><\/section><\/div><div class=\"flex_column av_one_half  flex_column_div first  \" ><section class=\"av_textblock_section\"  itemscope=\"itemscope\" itemtype=\"https:\/\/schema.org\/CreativeWork\" ><div class='avia_textblock campusDriver teal'   itemprop=\"text\" ><div class=\"no-padding\"><img loading=\"lazy\" decoding=\"async\" class=\"driverImg wp-image-2359 size-full alignleft\" src=\"\/wp-content\/uploads\/sites\/55\/2015\/05\/CAN_5_7_Technology_MOP_inset.jpg\" alt=\"\" width=\"145\" height=\"157\" \/><\/div>\n<div class=\"driverText\">\n<h4>Faites connaissance avec notre \u00e9quipe<\/h4>\n<p>Cliquez ici pour d\u00e9couvrir le travail stimulant de certains de nos talentueux co\u00e9quipiers et communiquer avec nos recruteurs en TI.<\/p>\n<p><a href=\"\/fr-CA\/recrutement-universitaire\/accuiel-de-technologie\/notre-equipe\">D\u00e9couvrir les TI \u00e0 la TD <span class=\"av-icon-char\" style=\"font-size: 12px; line-height: 12px;\"><\/span><\/a><\/p>\n<\/div>\n<\/div><\/section><\/div><div class=\"flex_column av_one_half  flex_column_div av-zero-column-padding   \" style='border-radius:0px; '><section class=\"av_textblock_section\"  itemscope=\"itemscope\" itemtype=\"https:\/\/schema.org\/CreativeWork\" ><div class='avia_textblock campusDriver green'   itemprop=\"text\" ><div class=\"no-padding\"><img loading=\"lazy\" decoding=\"async\" class=\"alignleft wp-image-1574 size-full driverImg\" src=\"\/wp-content\/uploads\/sites\/55\/2015\/06\/driver_seecurities_5_0.png\" alt=\"\" width=\"145\" height=\"157\" \/><\/div>\n<div class=\"driverText\">\n<h4>Entamez votre carri\u00e8re au sein de Valeurs Mobili\u00e8res TD<\/h4>\n<p>Concevez des solutions financi\u00e8res novatrices pour aider les clients \u00e0 atteindre leurs objectifs strat\u00e9giques et financiers.<\/p>\n<p><a href=\"\/fr-CA\/apercu-des-secteurs-dactivite\/valeurs-mobilieres-td\/\">Explorer les possibilit\u00e9s de carri\u00e8res au sein de Valeurs Mobili\u00e8res TD <span class=\"av-icon-char\" style=\"font-size: 12px; line-height: 12px;\"><\/span><\/a><\/p>\n<\/div>\n<\/div><\/section><\/div><\/p>\n<\/div><\/div>\n<\/div>\n","protected":false},"excerpt":{"rendered":"","protected":false},"author":1,"featured_media":0,"parent":2228,"menu_order":0,"comment_status":"closed","ping_status":"closed","template":"","meta":{"footnotes":""},"class_list":["post-2435","page","type-page","status-publish","hentry"],"yoast_head":"<!-- This site is optimized with the Yoast SEO Premium plugin v23.0 (Yoast SEO v23.0) - https:\/\/yoast.com\/wordpress\/plugins\/seo\/ -->\n<title>Accuiel de Technologie<\/title>\n<meta name=\"robots\" content=\"noindex, follow, max-snippet:-1, max-image-preview:large, max-video-preview:-1\" \/>\n<meta property=\"og:locale\" content=\"fr_CA\" \/>\n<meta property=\"og:type\" content=\"article\" \/>\n<meta property=\"og:title\" content=\"Accuiel de Technologie\" \/>\n<meta property=\"og:url\" content=\"https:\/\/tdbank4.site.findly.com\/fr-CA\/recrutement-universitaire\/accuiel-de-technologie\/\" \/>\n<meta property=\"og:site_name\" content=\"Banque TD\" \/>\n<meta property=\"article:publisher\" content=\"https:\/\/www.facebook.com\/TDBank\" \/>\n<meta property=\"article:modified_time\" content=\"2024-05-02T06:38:44+00:00\" \/>\n<meta property=\"og:image\" content=\"https:\/\/tdbank4.site.findly.com\/wp-content\/uploads\/sites\/55\/2015\/05\/CAN_5_7_Technology_TAP_inset.jpg\" \/>\n<meta name=\"twitter:label1\" content=\"Estimation du temps de lecture\" \/>\n\t<meta name=\"twitter:data1\" content=\"7 minutes\" \/>\n<script type=\"application\/ld+json\" class=\"yoast-schema-graph\">{\"@context\":\"https:\/\/schema.org\",\"@graph\":[{\"@type\":\"WebPage\",\"@id\":\"https:\/\/tdbank4.site.findly.com\/fr-CA\/recrutement-universitaire\/accuiel-de-technologie\/\",\"url\":\"https:\/\/tdbank4.site.findly.com\/fr-CA\/recrutement-universitaire\/accuiel-de-technologie\/\",\"name\":\"Accuiel de Technologie\",\"isPartOf\":{\"@id\":\"https:\/\/tdbank4.site.findly.com\/fr-CA\/#website\"},\"datePublished\":\"2015-05-15T17:05:49+00:00\",\"dateModified\":\"2024-05-02T06:38:44+00:00\",\"breadcrumb\":{\"@id\":\"https:\/\/tdbank4.site.findly.com\/fr-CA\/recrutement-universitaire\/accuiel-de-technologie\/#breadcrumb\"},\"inLanguage\":\"fr-CA\",\"potentialAction\":[{\"@type\":\"ReadAction\",\"target\":[\"https:\/\/tdbank4.site.findly.com\/fr-CA\/recrutement-universitaire\/accuiel-de-technologie\/\"]}]},{\"@type\":\"BreadcrumbList\",\"@id\":\"https:\/\/tdbank4.site.findly.com\/fr-CA\/recrutement-universitaire\/accuiel-de-technologie\/#breadcrumb\",\"itemListElement\":[{\"@type\":\"ListItem\",\"position\":1,\"name\":\"Home\",\"item\":\"https:\/\/tdbank4.site.findly.com\/fr-CA\/\"},{\"@type\":\"ListItem\",\"position\":2,\"name\":\"Recrutement Universitaire\",\"item\":\"https:\/\/tdbank4.site.findly.com\/fr-CA\/recrutement-universitaire\/\"},{\"@type\":\"ListItem\",\"position\":3,\"name\":\"Accuiel de Technologie\"}]},{\"@type\":\"WebSite\",\"@id\":\"https:\/\/tdbank4.site.findly.com\/fr-CA\/#website\",\"url\":\"https:\/\/tdbank4.site.findly.com\/fr-CA\/\",\"name\":\"Banque TD\",\"description\":\"Responsive Career site\",\"potentialAction\":[{\"@type\":\"SearchAction\",\"target\":{\"@type\":\"EntryPoint\",\"urlTemplate\":\"https:\/\/tdbank4.site.findly.com\/fr-CA\/?s={search_term_string}\"},\"query-input\":\"required name=search_term_string\"}],\"inLanguage\":\"fr-CA\"}]}<\/script>\n<!-- \/ Yoast SEO Premium plugin. -->","yoast_head_json":{"title":"Accuiel de Technologie","robots":{"index":"noindex","follow":"follow","max-snippet":"max-snippet:-1","max-image-preview":"max-image-preview:large","max-video-preview":"max-video-preview:-1"},"og_locale":"fr_CA","og_type":"article","og_title":"Accuiel de Technologie","og_url":"https:\/\/tdbank4.site.findly.com\/fr-CA\/recrutement-universitaire\/accuiel-de-technologie\/","og_site_name":"Banque TD","article_publisher":"https:\/\/www.facebook.com\/TDBank","article_modified_time":"2024-05-02T06:38:44+00:00","og_image":[{"url":"https:\/\/tdbank4.site.findly.com\/wp-content\/uploads\/sites\/55\/2015\/05\/CAN_5_7_Technology_TAP_inset.jpg"}],"twitter_misc":{"Estimation du temps de lecture":"7 minutes"},"schema":{"@context":"https:\/\/schema.org","@graph":[{"@type":"WebPage","@id":"https:\/\/tdbank4.site.findly.com\/fr-CA\/recrutement-universitaire\/accuiel-de-technologie\/","url":"https:\/\/tdbank4.site.findly.com\/fr-CA\/recrutement-universitaire\/accuiel-de-technologie\/","name":"Accuiel de Technologie","isPartOf":{"@id":"https:\/\/tdbank4.site.findly.com\/fr-CA\/#website"},"datePublished":"2015-05-15T17:05:49+00:00","dateModified":"2024-05-02T06:38:44+00:00","breadcrumb":{"@id":"https:\/\/tdbank4.site.findly.com\/fr-CA\/recrutement-universitaire\/accuiel-de-technologie\/#breadcrumb"},"inLanguage":"fr-CA","potentialAction":[{"@type":"ReadAction","target":["https:\/\/tdbank4.site.findly.com\/fr-CA\/recrutement-universitaire\/accuiel-de-technologie\/"]}]},{"@type":"BreadcrumbList","@id":"https:\/\/tdbank4.site.findly.com\/fr-CA\/recrutement-universitaire\/accuiel-de-technologie\/#breadcrumb","itemListElement":[{"@type":"ListItem","position":1,"name":"Home","item":"https:\/\/tdbank4.site.findly.com\/fr-CA\/"},{"@type":"ListItem","position":2,"name":"Recrutement Universitaire","item":"https:\/\/tdbank4.site.findly.com\/fr-CA\/recrutement-universitaire\/"},{"@type":"ListItem","position":3,"name":"Accuiel de Technologie"}]},{"@type":"WebSite","@id":"https:\/\/tdbank4.site.findly.com\/fr-CA\/#website","url":"https:\/\/tdbank4.site.findly.com\/fr-CA\/","name":"Banque TD","description":"Responsive Career site","potentialAction":[{"@type":"SearchAction","target":{"@type":"EntryPoint","urlTemplate":"https:\/\/tdbank4.site.findly.com\/fr-CA\/?s={search_term_string}"},"query-input":"required name=search_term_string"}],"inLanguage":"fr-CA"}]}},"_links":{"self":[{"href":"https:\/\/tdbank4.site.findly.com\/fr-CA\/wp-json\/wp\/v2\/pages\/2435","targetHints":{"allow":["GET"]}}],"collection":[{"href":"https:\/\/tdbank4.site.findly.com\/fr-CA\/wp-json\/wp\/v2\/pages"}],"about":[{"href":"https:\/\/tdbank4.site.findly.com\/fr-CA\/wp-json\/wp\/v2\/types\/page"}],"author":[{"embeddable":true,"href":"https:\/\/tdbank4.site.findly.com\/fr-CA\/wp-json\/wp\/v2\/users\/1"}],"replies":[{"embeddable":true,"href":"https:\/\/tdbank4.site.findly.com\/fr-CA\/wp-json\/wp\/v2\/comments?post=2435"}],"version-history":[{"count":9,"href":"https:\/\/tdbank4.site.findly.com\/fr-CA\/wp-json\/wp\/v2\/pages\/2435\/revisions"}],"predecessor-version":[{"id":22137,"href":"https:\/\/tdbank4.site.findly.com\/fr-CA\/wp-json\/wp\/v2\/pages\/2435\/revisions\/22137"}],"up":[{"embeddable":true,"href":"https:\/\/tdbank4.site.findly.com\/fr-CA\/wp-json\/wp\/v2\/pages\/2228"}],"wp:attachment":[{"href":"https:\/\/tdbank4.site.findly.com\/fr-CA\/wp-json\/wp\/v2\/media?parent=2435"}],"curies":[{"name":"wp","href":"https:\/\/api.w.org\/{rel}","templated":true}]}}