{"id":2419,"date":"2015-05-15T17:02:55","date_gmt":"2015-05-15T17:02:55","guid":{"rendered":"http:\/\/tdbank2.site.findly.com\/campus-recruitment\/tds\/"},"modified":"2024-05-02T06:00:47","modified_gmt":"2024-05-02T06:00:47","slug":"accueil-de-valeurs-mobilieres-td","status":"publish","type":"page","link":"https:\/\/tdbank4.site.findly.com\/fr-CA\/recrutement-universitaire\/accueil-de-valeurs-mobilieres-td\/","title":{"rendered":"Accueil de Valeurs Mobili\u00e8res TD"},"content":{"rendered":"<section class=\"av_textblock_section\"  itemscope=\"itemscope\" itemtype=\"https:\/\/schema.org\/CreativeWork\" ><div class='avia_textblock '   itemprop=\"text\" ><\/div><\/section>\n<div id='layer_slider_1' class='avia-layerslider main_color avia-shadow  container_wrap fullsize'    style='height: 376px;' ><\/div>\n<\/div><\/div><\/div><!-- close content main div --><\/div><\/div><div id='subheadnav' class='avia-section main_color avia-section-no-padding avia-no-shadow avia-bg-style-scroll  none av-minimum-height av-minimum-height-custom container_wrap fullsize'   ><div class='container' style='height:70px'><div class='template-page content  av-content-full alpha units'><div class='post-entry post-entry-type-page post-entry-2419'><div class='entry-content-wrapper clearfix'>\n<div class=\"flex_column av_one_full  flex_column_div av-zero-column-padding first  none \" style='border-radius:0px; '><section class=\"av_textblock_section\"  itemscope=\"itemscope\" itemtype=\"https:\/\/schema.org\/CreativeWork\" ><div class='avia_textblock '   itemprop=\"text\" ><div class=\"campusButtons\"><a title=\"\" href=\"\/fr-CA\/recherche-demploi\/?addtnl_categories=Programme%20sur%20les%20campus\">Explorer des occasions <\/a><\/div>\n<\/div><\/section><\/div>\n\n<\/div><\/div><\/div><!-- close content main div --><\/div><\/div><div id='secjobsearchbar' class='avia-section main_color avia-section-small avia-no-border-styling avia-bg-style-scroll   container_wrap fullsize'   ><div class='container' ><div class='template-page content  av-content-full alpha units'><div class='post-entry post-entry-type-page post-entry-2419'><div class='entry-content-wrapper clearfix'>\n\n\n<\/div><\/div><\/div><!-- close content main div --><\/div><\/div><div id='secMainCopy' class='av-layout-grid-container entry-content-wrapper main_color av-flex-cells   container_wrap fullsize'   >\n<div class=\"flex_cell no_margin av_one_fourth  navCell  \" style='vertical-align:top; padding:0px 0px 0 0px ; background-color:#efeff4; '><div class='flex_cell_inner' ><div class=\"flex_column av_one_full  flex_column_div first  \" ><div class='avia-builder-widget-area clearfix '><div id=\"nav_menu-13\" class=\"widget clearfix widget_nav_menu\"><div class=\"menu-campus-recruitment-french-can0-container\"><ul id=\"menu-campus-recruitment-french-can0\" class=\"menu\"><li id=\"menu-item-2479\" class=\"menu-item menu-item-type-post_type menu-item-object-page menu-item-has-children menu-item-2479\"><a href=\"https:\/\/tdbank4.site.findly.com\/fr-CA\/recrutement-universitaire\/\">Recrutement Universitaire<\/a>\n<ul class=\"sub-menu\">\n\t<li id=\"menu-item-17958\" class=\"menu-item menu-item-type-post_type menu-item-object-page menu-item-17958\"><a href=\"https:\/\/tdbank4.site.findly.com\/fr-CA\/recrutement-universitaire\/etudiants-de-premier-cycle\/\">Occasions pour les titulaires d\u2019un dipl\u00f4me de premier cycle<\/a><\/li>\n\t<li id=\"menu-item-17951\" class=\"menu-item menu-item-type-post_type menu-item-object-page menu-item-17951\"><a href=\"https:\/\/tdbank4.site.findly.com\/fr-CA\/recrutement-universitaire\/occasions-de-stages-et-de-programmes-cooperatifs\/\">Stage\/programme coop\u00e9ratif et occasions estivales<\/a><\/li>\n\t<li id=\"menu-item-2485\" class=\"menu-item menu-item-type-post_type menu-item-object-page menu-item-2485\"><a href=\"https:\/\/tdbank4.site.findly.com\/fr-CA\/recrutement-universitaire\/maitrise-en-administration\/\">Occasions pour les titulaires d\u2019un dipl\u00f4me d\u2019\u00e9tudes sup\u00e9rieures<\/a><\/li>\n\t<li id=\"menu-item-2487\" class=\"menu-item menu-item-type-post_type menu-item-object-page menu-item-2487\"><a href=\"https:\/\/tdbank4.site.findly.com\/fr-CA\/recrutement-universitaire\/la-diversite-a-la-td\/\">La diversit\u00e9 \u00e0 la TD<\/a><\/li>\n\t<li id=\"menu-item-2491\" class=\"menu-item menu-item-type-post_type menu-item-object-page menu-item-2491\"><a href=\"https:\/\/tdbank4.site.findly.com\/fr-CA\/recrutement-universitaire\/accueil-de-valeurs-mobilieres-td\/\">Page d\u2019accueil \u2013 Valeurs Mobili\u00e8res TD<\/a><\/li>\n<\/ul>\n<\/li>\n<li id=\"menu-item-17957\" class=\"menu-item menu-item-type-post_type menu-item-object-page menu-item-17957\"><a href=\"https:\/\/tdbank4.site.findly.com\/fr-CA\/recrutement-universitaire\/accuiel-de-technologie\/\">Page d\u2019accueil \u2013 Technologie<\/a><\/li>\n<\/ul><\/div><\/div><div id=\"custom_html-2\" class=\"widget_text widget clearfix widget_custom_html\"><h3 class=\"widgettitle\">Vous avez d\u00e9j\u00e0 fait vos recherches sur la TD?<\/h3><div class=\"textwidget custom-html-widget\"><p style=\"margin-top:15px;\">Alors, jetez donc un coup d\u2019\u0153il \u00e0 nos possibilit\u00e9s d\u2019emplois.<\/p>\r\n<!--<div class=\"calloutLinks\"><a href=\"\/en\/job-search-results\/?addtnl_categories=Campus%20Program\">Consulter tous les programmes <\/a><\/div>--><\/div><\/div><\/div><\/div>\n<\/div><\/div><div class=\"flex_cell no_margin av_three_fourth  mainCell  \" style='vertical-align:top; padding:0px 30px 30px 30px ; background-color:#ffffff; '><div class='flex_cell_inner' ><section class=\"av_textblock_section\"  itemscope=\"itemscope\" itemtype=\"https:\/\/schema.org\/CreativeWork\" ><div class='avia_textblock '   itemprop=\"text\" ><h1 class=\"copyHeading\">Un milieu qui vous ressemble.<\/h1>\n<\/div><\/section><br \/>\n<div class=\"flex_column av_one_full  flex_column_div first  \" ><p><section class=\"av_textblock_section\"  itemscope=\"itemscope\" itemtype=\"https:\/\/schema.org\/CreativeWork\" ><div class='avia_textblock '   itemprop=\"text\" ><p><strong>Commencez en force.<\/strong> Gr\u00e2ce \u00e0 la pr\u00e9sence internationale de la TD, notre personnel a acc\u00e8s \u00e0 des clients et \u00e0 des projets en vue. Valeurs Mobili\u00e8res TD propose aux nouveaux co\u00e9quipiers des t\u00e2ches stimulantes tr\u00e8s t\u00f4t dans le processus. Vous participerez \u00e0 des entretiens de vente et \u00e0 des transactions, et votre initiative sera reconnue. En plus, vous aurez acc\u00e8s \u00e0 de grands experts du secteur qui veulent vous voir progresser.<\/p>\n<p>Avec plus de ~95 000\u00a0employ\u00e9s r\u00e9partis dans 12\u00a0bureaux internationaux, Valeurs Mobili\u00e8res TD offre une vaste gamme de produits et de services du march\u00e9 financier \u00e0 des entreprises, \u00e0 des gouvernements et \u00e0 la client\u00e8le institutionnelle.<\/p>\n<\/div><\/section><br \/>\n<div style='height:20px' class='hr hr-invisible  '><span class='hr-inner ' ><span class='hr-inner-style'><\/span><\/span><\/div><\/p><\/div><div class=\"flex_column av_one_full  flex_column_div first  \" ><section class=\"av_textblock_section\"  itemscope=\"itemscope\" itemtype=\"https:\/\/schema.org\/CreativeWork\" ><div class='avia_textblock '   itemprop=\"text\" ><h2 class=\"copyHeading\">Nos programmes<\/h2>\n<\/div><\/section><br \/>\n<section class=\"av_textblock_section\"  itemscope=\"itemscope\" itemtype=\"https:\/\/schema.org\/CreativeWork\" ><div class='avia_textblock calloutBox'   itemprop=\"text\" ><div class=\"leftimg\"><img loading=\"lazy\" decoding=\"async\" class=\"calloutImg alignleft\" src=\"\/wp-content\/uploads\/sites\/55\/2015\/05\/CAN_5_6_-Securities_capitalmarkets_inset.jpg\" alt=\"\" width=\"151\" height=\"155\" \/><\/div>\n<div class=\"rightcontent\">\n<h3 class=\"greenArrow\"><span>March\u00e9s des capitaux, Valeurs Mobili\u00e8res TD<\/span><\/h3>\n<p><strong>Fixez vous-m\u00eame le cap.<\/strong> Avec le Programme des March\u00e9s des capitaux, vous contribuerez \u00e0 l\u2019\u00e9laboration d\u2019id\u00e9es, d\u2019\u00e9valuations de march\u00e9, de services de n\u00e9gociation, d\u2019analyses et de nouveaux produits qui permettront aux clients de maximiser leurs rendements sur les march\u00e9s pour toute une gamme de cat\u00e9gories d\u2019actifs. Vous aurez la chance de travailler dans les domaines cl\u00e9s des March\u00e9s des capitaux d\u2019emprunt, March\u00e9s de titres de capitaux propres et Devises et titres \u00e0 revenu fixe.<br \/>\n<a title=\"Our Programs\" href=\"\/fr-CA\/recrutement-universitaire\/accueil-de-valeurs-mobilieres-td\/programmes\/#tab-id-1\">Voir tous les programmes en Accueil de Valeurs Mobili\u00e8res TD <span class=\"av-icon-char\" style=\"font-size: 12px; line-height: 12px;\"><\/span><\/a><\/p>\n<\/div>\n<\/div><\/section><br \/>\n<section class=\"av_textblock_section\"  itemscope=\"itemscope\" itemtype=\"https:\/\/schema.org\/CreativeWork\" ><div class='avia_textblock calloutBox'   itemprop=\"text\" ><div class=\"leftimg\"><img loading=\"lazy\" decoding=\"async\" class=\"calloutImg alignleft wp-image-2255 size-full\" src=\"\/wp-content\/uploads\/sites\/55\/2015\/05\/CAN_5_6_-Securities_invbanking_inset1.jpg\" alt=\"\" width=\"150\" height=\"150\" srcset=\"https:\/\/tdbank4.site.findly.com\/wp-content\/uploads\/sites\/605\/2015\/05\/CAN_5_6_-Securities_invbanking_inset1.jpg 150w, https:\/\/tdbank4.site.findly.com\/wp-content\/uploads\/sites\/605\/2015\/05\/CAN_5_6_-Securities_invbanking_inset1-80x80.jpg 80w, https:\/\/tdbank4.site.findly.com\/wp-content\/uploads\/sites\/605\/2015\/05\/CAN_5_6_-Securities_invbanking_inset1-36x36.jpg 36w, https:\/\/tdbank4.site.findly.com\/wp-content\/uploads\/sites\/605\/2015\/05\/CAN_5_6_-Securities_invbanking_inset1-120x120.jpg 120w\" sizes=\"auto, (max-width: 150px) 100vw, 150px\" \/><\/div>\n<div class=\"rightcontent\">\n<h3 class=\"greenArrow\"><span>Services bancaires d\u2019investissement, Valeurs Mobili\u00e8res TD<\/span><\/h3>\n<p><strong>Faites-vous entendre et progressez.<\/strong> Le Programme des Services bancaires d\u2019investissement vous fera travailler sur un large \u00e9ventail de transactions et d\u2019activit\u00e9s d\u2019expansion des affaires relatives \u00e0 divers groupes de produits et secteurs. Vous acquerrez des fondements solides en ce qui concerne les comp\u00e9tences de base que sont la r\u00e9solution de probl\u00e8mes financiers, la n\u00e9gociation et l\u2019ex\u00e9cution. Ce programme vous exposera aux Services bancaires d\u2019investissement, aux Services bancaires aux grandes entreprises, \u00e0 la Gestion du cr\u00e9dit et \u00e0 la Gestion de la client\u00e8le mondiale.<br \/>\n<a title=\"Our Programs\" href=\"\/fr-CA\/recrutement-universitaire\/accueil-de-valeurs-mobilieres-td\/programmes\/#tab-id-2\">Voir tous les programmes en Accueil de Valeurs Mobili\u00e8res TD <span class=\"av-icon-char\" style=\"font-size: 12px; line-height: 12px;\"><\/span><\/a><\/p>\n<\/div>\n<\/div><\/section><br \/>\n<section class=\"av_textblock_section\"  itemscope=\"itemscope\" itemtype=\"https:\/\/schema.org\/CreativeWork\" ><div class='avia_textblock calloutBox'   itemprop=\"text\" ><div class=\"leftimg\"><img loading=\"lazy\" decoding=\"async\" class=\"calloutImg alignleft wp-image-2256 size-full\" src=\"\/wp-content\/uploads\/sites\/55\/2015\/05\/CAN_5_6_-Securities_infrastructure_inset1.jpg\" alt=\"\" width=\"150\" height=\"150\" srcset=\"https:\/\/tdbank4.site.findly.com\/wp-content\/uploads\/sites\/605\/2015\/05\/CAN_5_6_-Securities_infrastructure_inset1.jpg 150w, https:\/\/tdbank4.site.findly.com\/wp-content\/uploads\/sites\/605\/2015\/05\/CAN_5_6_-Securities_infrastructure_inset1-80x80.jpg 80w, https:\/\/tdbank4.site.findly.com\/wp-content\/uploads\/sites\/605\/2015\/05\/CAN_5_6_-Securities_infrastructure_inset1-36x36.jpg 36w, https:\/\/tdbank4.site.findly.com\/wp-content\/uploads\/sites\/605\/2015\/05\/CAN_5_6_-Securities_infrastructure_inset1-120x120.jpg 120w\" sizes=\"auto, (max-width: 150px) 100vw, 150px\" \/><\/div>\n<div class=\"rightcontent\">\n<h3 class=\"greenArrow\"><span>Infrastructure, Valeurs Mobili\u00e8res TD<\/span><\/h3>\n<p><strong>Une exp\u00e9rience qui rime avec succ\u00e8s.<\/strong> Les Op\u00e9rations mondiales offrent des services d\u2019infrastructure essentiels en appui aux activit\u00e9s de n\u00e9gociation, de placement et de services bancaires aux grandes entreprises de Valeurs Mobili\u00e8res TD. Le Programme d\u2019Infrastructure vous fera conna\u00eetre diff\u00e9rents domaines li\u00e9s aux Op\u00e9rations mondiales et aux groupes connexes.<br \/>\n<a title=\"Our Programs\" href=\"\/fr-CA\/recrutement-universitaire\/accueil-de-valeurs-mobilieres-td\/programmes\/#tab-id-3\">Voir tous les programmes en Accueil de Valeurs Mobili\u00e8res TD <span class=\"av-icon-char\" style=\"font-size: 12px; line-height: 12px;\"><\/span><\/a><\/p>\n<\/div>\n<\/div><\/section><\/p><\/div><section class=\"av_textblock_section\"  itemscope=\"itemscope\" itemtype=\"https:\/\/schema.org\/CreativeWork\" ><div class='avia_textblock '   itemprop=\"text\" ><p>Nos clients sont impressionn\u00e9s par notre expertise, notre innovation et notre exp\u00e9rience dans des domaines cl\u00e9s de la finance, \u00e0 savoir\u00a0:<\/p>\n<ul>\n<li>les placements et les services bancaires aux grandes entreprises;<\/li>\n<li>les march\u00e9s des capitaux;<\/li>\n<li>les taux d\u2019int\u00e9r\u00eat, les devises et les produits d\u00e9riv\u00e9s;<\/li>\n<li>les produits de base.<\/li>\n<\/ul>\n<p>R\u00e9ussir ici exige de l\u2019expertise, de l\u2019engagement et une aptitude \u00e0 voir ce que les autres ne voient pas. Travailler \u00e0 la TD implique de penser en termes mondiaux, d\u2019exploiter des ressources d\u2019apprentissage de premier ordre et de faire partie d\u2019un r\u00e9seau de ~95\u00a0000\u00a0coll\u00e8gues talentueux, mais avant tout, nous recherchons des personnes d\u00e9termin\u00e9es \u00e0 surpasser les attentes.<\/p>\n<p><strong>D\u00e9fis, liens et contributions. <\/strong>Notre personnel fait la diff\u00e9rence. C\u2019est pourquoi nous investissons dans notre \u00e9quipe en offrant de la formation continue et du soutien au perfectionnement. Notre culture est marqu\u00e9e par l\u2019entrepreneuriat et la collaboration. Nous saisissons aussi l\u2019importance de l\u2019\u00e9quilibre, ce qui nous am\u00e8ne \u00e0 faire une place aux objectifs et int\u00e9r\u00eats individuels. Prenez une longueur d\u2019avance avec Valeurs Mobili\u00e8res TD.<\/p>\n<\/div><\/section><br \/>\n<section class=\"av_textblock_section\"  itemscope=\"itemscope\" itemtype=\"https:\/\/schema.org\/CreativeWork\" ><div class='avia_textblock signUp'   itemprop=\"text\" ><p><strong>Commencez ici. <\/strong><\/p>\n<p>Jetez un \u0153il aux d\u00e9bouch\u00e9s qui s\u2019offrent aux titulaires de dipl\u00f4me de premier cycle pour trouver chaussure \u00e0 votre pied. Si vous ne trouvez pas de programme correspondant \u00e0 vos int\u00e9r\u00eats pour l\u2019instant, sachez que nous recrutons \u00e0 diverses p\u00e9riodes de l\u2019ann\u00e9e. Communiquez avec nous pour \u00eatre inform\u00e9 des occasions int\u00e9ressantes \u00e0 mesure qu\u2019elles se pr\u00e9sentent.<\/p>\n<p><a title=\"Job Search Results\" href=\"\/fr-CA\/recherche-demploi\/?addtnl_categories=Programme%20sur%20les%20campus\">Consultez les d\u00e9bouch\u00e9s\u00a0<\/a><\/p>\n<\/div><\/section><\/p>\n<\/div><\/div>\n<\/div>\n","protected":false},"excerpt":{"rendered":"","protected":false},"author":1,"featured_media":0,"parent":2228,"menu_order":0,"comment_status":"closed","ping_status":"closed","template":"","meta":{"footnotes":""},"class_list":["post-2419","page","type-page","status-publish","hentry"],"yoast_head":"<!-- This site is optimized with the Yoast SEO Premium plugin v23.0 (Yoast SEO v23.0) - https:\/\/yoast.com\/wordpress\/plugins\/seo\/ -->\n<title>Accueil de Valeurs Mobili\u00e8res TD<\/title>\n<meta name=\"robots\" content=\"noindex, follow, max-snippet:-1, max-image-preview:large, max-video-preview:-1\" \/>\n<meta property=\"og:locale\" content=\"fr_CA\" \/>\n<meta property=\"og:type\" content=\"article\" \/>\n<meta property=\"og:title\" content=\"Accueil de Valeurs Mobili\u00e8res TD\" \/>\n<meta property=\"og:url\" content=\"https:\/\/tdbank4.site.findly.com\/fr-CA\/recrutement-universitaire\/accueil-de-valeurs-mobilieres-td\/\" \/>\n<meta property=\"og:site_name\" content=\"Banque TD\" \/>\n<meta property=\"article:publisher\" content=\"https:\/\/www.facebook.com\/TDBank\" \/>\n<meta property=\"article:modified_time\" content=\"2024-05-02T06:00:47+00:00\" \/>\n<meta property=\"og:image\" content=\"https:\/\/tdbank4.site.findly.com\/wp-content\/uploads\/sites\/55\/2015\/05\/CAN_5_6_-Securities_capitalmarkets_inset.jpg\" \/>\n<meta name=\"twitter:label1\" content=\"Estimation du temps de lecture\" \/>\n\t<meta name=\"twitter:data1\" content=\"6 minutes\" \/>\n<script type=\"application\/ld+json\" class=\"yoast-schema-graph\">{\"@context\":\"https:\/\/schema.org\",\"@graph\":[{\"@type\":\"WebPage\",\"@id\":\"https:\/\/tdbank4.site.findly.com\/fr-CA\/recrutement-universitaire\/accueil-de-valeurs-mobilieres-td\/\",\"url\":\"https:\/\/tdbank4.site.findly.com\/fr-CA\/recrutement-universitaire\/accueil-de-valeurs-mobilieres-td\/\",\"name\":\"Accueil de Valeurs Mobili\u00e8res TD\",\"isPartOf\":{\"@id\":\"https:\/\/tdbank4.site.findly.com\/fr-CA\/#website\"},\"datePublished\":\"2015-05-15T17:02:55+00:00\",\"dateModified\":\"2024-05-02T06:00:47+00:00\",\"breadcrumb\":{\"@id\":\"https:\/\/tdbank4.site.findly.com\/fr-CA\/recrutement-universitaire\/accueil-de-valeurs-mobilieres-td\/#breadcrumb\"},\"inLanguage\":\"fr-CA\",\"potentialAction\":[{\"@type\":\"ReadAction\",\"target\":[\"https:\/\/tdbank4.site.findly.com\/fr-CA\/recrutement-universitaire\/accueil-de-valeurs-mobilieres-td\/\"]}]},{\"@type\":\"BreadcrumbList\",\"@id\":\"https:\/\/tdbank4.site.findly.com\/fr-CA\/recrutement-universitaire\/accueil-de-valeurs-mobilieres-td\/#breadcrumb\",\"itemListElement\":[{\"@type\":\"ListItem\",\"position\":1,\"name\":\"Home\",\"item\":\"https:\/\/tdbank4.site.findly.com\/fr-CA\/\"},{\"@type\":\"ListItem\",\"position\":2,\"name\":\"Recrutement Universitaire\",\"item\":\"https:\/\/tdbank4.site.findly.com\/fr-CA\/recrutement-universitaire\/\"},{\"@type\":\"ListItem\",\"position\":3,\"name\":\"Accueil de Valeurs Mobili\u00e8res TD\"}]},{\"@type\":\"WebSite\",\"@id\":\"https:\/\/tdbank4.site.findly.com\/fr-CA\/#website\",\"url\":\"https:\/\/tdbank4.site.findly.com\/fr-CA\/\",\"name\":\"Banque TD\",\"description\":\"Responsive Career site\",\"potentialAction\":[{\"@type\":\"SearchAction\",\"target\":{\"@type\":\"EntryPoint\",\"urlTemplate\":\"https:\/\/tdbank4.site.findly.com\/fr-CA\/?s={search_term_string}\"},\"query-input\":\"required name=search_term_string\"}],\"inLanguage\":\"fr-CA\"}]}<\/script>\n<!-- \/ Yoast SEO Premium plugin. -->","yoast_head_json":{"title":"Accueil de Valeurs Mobili\u00e8res TD","robots":{"index":"noindex","follow":"follow","max-snippet":"max-snippet:-1","max-image-preview":"max-image-preview:large","max-video-preview":"max-video-preview:-1"},"og_locale":"fr_CA","og_type":"article","og_title":"Accueil de Valeurs Mobili\u00e8res TD","og_url":"https:\/\/tdbank4.site.findly.com\/fr-CA\/recrutement-universitaire\/accueil-de-valeurs-mobilieres-td\/","og_site_name":"Banque TD","article_publisher":"https:\/\/www.facebook.com\/TDBank","article_modified_time":"2024-05-02T06:00:47+00:00","og_image":[{"url":"https:\/\/tdbank4.site.findly.com\/wp-content\/uploads\/sites\/55\/2015\/05\/CAN_5_6_-Securities_capitalmarkets_inset.jpg"}],"twitter_misc":{"Estimation du temps de lecture":"6 minutes"},"schema":{"@context":"https:\/\/schema.org","@graph":[{"@type":"WebPage","@id":"https:\/\/tdbank4.site.findly.com\/fr-CA\/recrutement-universitaire\/accueil-de-valeurs-mobilieres-td\/","url":"https:\/\/tdbank4.site.findly.com\/fr-CA\/recrutement-universitaire\/accueil-de-valeurs-mobilieres-td\/","name":"Accueil de Valeurs Mobili\u00e8res TD","isPartOf":{"@id":"https:\/\/tdbank4.site.findly.com\/fr-CA\/#website"},"datePublished":"2015-05-15T17:02:55+00:00","dateModified":"2024-05-02T06:00:47+00:00","breadcrumb":{"@id":"https:\/\/tdbank4.site.findly.com\/fr-CA\/recrutement-universitaire\/accueil-de-valeurs-mobilieres-td\/#breadcrumb"},"inLanguage":"fr-CA","potentialAction":[{"@type":"ReadAction","target":["https:\/\/tdbank4.site.findly.com\/fr-CA\/recrutement-universitaire\/accueil-de-valeurs-mobilieres-td\/"]}]},{"@type":"BreadcrumbList","@id":"https:\/\/tdbank4.site.findly.com\/fr-CA\/recrutement-universitaire\/accueil-de-valeurs-mobilieres-td\/#breadcrumb","itemListElement":[{"@type":"ListItem","position":1,"name":"Home","item":"https:\/\/tdbank4.site.findly.com\/fr-CA\/"},{"@type":"ListItem","position":2,"name":"Recrutement Universitaire","item":"https:\/\/tdbank4.site.findly.com\/fr-CA\/recrutement-universitaire\/"},{"@type":"ListItem","position":3,"name":"Accueil de Valeurs Mobili\u00e8res TD"}]},{"@type":"WebSite","@id":"https:\/\/tdbank4.site.findly.com\/fr-CA\/#website","url":"https:\/\/tdbank4.site.findly.com\/fr-CA\/","name":"Banque TD","description":"Responsive Career site","potentialAction":[{"@type":"SearchAction","target":{"@type":"EntryPoint","urlTemplate":"https:\/\/tdbank4.site.findly.com\/fr-CA\/?s={search_term_string}"},"query-input":"required name=search_term_string"}],"inLanguage":"fr-CA"}]}},"_links":{"self":[{"href":"https:\/\/tdbank4.site.findly.com\/fr-CA\/wp-json\/wp\/v2\/pages\/2419","targetHints":{"allow":["GET"]}}],"collection":[{"href":"https:\/\/tdbank4.site.findly.com\/fr-CA\/wp-json\/wp\/v2\/pages"}],"about":[{"href":"https:\/\/tdbank4.site.findly.com\/fr-CA\/wp-json\/wp\/v2\/types\/page"}],"author":[{"embeddable":true,"href":"https:\/\/tdbank4.site.findly.com\/fr-CA\/wp-json\/wp\/v2\/users\/1"}],"replies":[{"embeddable":true,"href":"https:\/\/tdbank4.site.findly.com\/fr-CA\/wp-json\/wp\/v2\/comments?post=2419"}],"version-history":[{"count":9,"href":"https:\/\/tdbank4.site.findly.com\/fr-CA\/wp-json\/wp\/v2\/pages\/2419\/revisions"}],"predecessor-version":[{"id":22128,"href":"https:\/\/tdbank4.site.findly.com\/fr-CA\/wp-json\/wp\/v2\/pages\/2419\/revisions\/22128"}],"up":[{"embeddable":true,"href":"https:\/\/tdbank4.site.findly.com\/fr-CA\/wp-json\/wp\/v2\/pages\/2228"}],"wp:attachment":[{"href":"https:\/\/tdbank4.site.findly.com\/fr-CA\/wp-json\/wp\/v2\/media?parent=2419"}],"curies":[{"name":"wp","href":"https:\/\/api.w.org\/{rel}","templated":true}]}}