{"id":2407,"date":"2015-05-15T16:58:01","date_gmt":"2015-05-15T16:58:01","guid":{"rendered":"http:\/\/tdbank2.site.findly.com\/campus-recruitment\/internshipsco-op-and-summer-ops\/"},"modified":"2021-10-07T03:14:11","modified_gmt":"2021-10-07T03:14:11","slug":"occasions-de-stages-et-de-programmes-cooperatifs","status":"publish","type":"page","link":"https:\/\/tdbank4.site.findly.com\/fr-CA\/recrutement-universitaire\/occasions-de-stages-et-de-programmes-cooperatifs\/","title":{"rendered":"Occasions de Stages et de Programmes Coop\u00e9ratifs"},"content":{"rendered":"<\/div><\/div><\/div><!-- close content main div --><\/div><\/div><div id='banner-subpage' class='avia-section alternate_color avia-section-default avia-no-border-styling avia-bg-style-scroll   av-minimum-height av-minimum-height-custom container_wrap fullsize' style = 'background-repeat: no-repeat; background-image: url(https:\/\/tdbank4.site.findly.com\/wp-content\/uploads\/sites\/605\/2015\/05\/EC-GNXT-005.jpg); background-attachment: scroll; background-position: bottom center; ' data-section-bg-repeat='no-repeat' ><div class='container' ><div class='template-page content  av-content-full alpha units'><div class='post-entry post-entry-type-page post-entry-2407'><div class='entry-content-wrapper clearfix'>\n<section class=\"av_textblock_section\"  itemscope=\"itemscope\" itemtype=\"https:\/\/schema.org\/CreativeWork\" ><div class='avia_textblock headertext w40 left55 t43 tagline-position-banner'   itemprop=\"text\" ><div>Un environnement stimulant qui vous donne les moyens d\u2019apprendre, de grandir et de vous perfectionner.<\/div>\n<\/div><\/section>\n\n<\/div><\/div><\/div><!-- close content main div --><\/div><\/div><div id='mobile-bannertext' class='avia-section alternate_color avia-section-default avia-no-border-styling avia-bg-style-scroll   av-minimum-height av-minimum-height-custom container_wrap fullsize'   ><div class='container' ><div class='template-page content  av-content-full alpha units'><div class='post-entry post-entry-type-page post-entry-2407'><div class='entry-content-wrapper clearfix'>\n<section class=\"av_textblock_section\"  itemscope=\"itemscope\" itemtype=\"https:\/\/schema.org\/CreativeWork\" ><div class='avia_textblock headertext moretext'   itemprop=\"text\" ><div>Un environnement stimulant qui vous donne les moyens d\u2019apprendre, de grandir et de vous perfectionner.<\/div>\n<\/div><\/section>\n\n<\/div><\/div><\/div><!-- close content main div --><\/div><\/div><div id='secjobsearchbar' class='avia-section main_color avia-section-small avia-no-border-styling avia-bg-style-scroll   container_wrap fullsize'   ><div class='container' ><div class='template-page content  av-content-full alpha units'><div class='post-entry post-entry-type-page post-entry-2407'><div class='entry-content-wrapper clearfix'>\n\n\n<\/div><\/div><\/div><!-- close content main div --><\/div><\/div><div id='secMainCopy' class='av-layout-grid-container entry-content-wrapper main_color av-flex-cells   container_wrap fullsize'   >\n<div class=\"flex_cell no_margin av_one_fourth  navCell  \" style='vertical-align:top; padding:0px 0px 0 0px ; background-color:#efeff4; '><div class='flex_cell_inner' ><div class=\"flex_column av_one_full  flex_column_div first  \" ><div class='avia-builder-widget-area clearfix '><div id=\"nav_menu-13\" class=\"widget clearfix widget_nav_menu\"><div class=\"menu-campus-recruitment-french-can0-container\"><ul id=\"menu-campus-recruitment-french-can0\" class=\"menu\"><li id=\"menu-item-2479\" class=\"menu-item menu-item-type-post_type menu-item-object-page menu-item-has-children menu-item-2479\"><a href=\"https:\/\/tdbank4.site.findly.com\/fr-CA\/recrutement-universitaire\/\">Recrutement Universitaire<\/a>\n<ul class=\"sub-menu\">\n\t<li id=\"menu-item-17958\" class=\"menu-item menu-item-type-post_type menu-item-object-page menu-item-17958\"><a href=\"https:\/\/tdbank4.site.findly.com\/fr-CA\/recrutement-universitaire\/etudiants-de-premier-cycle\/\">Occasions pour les titulaires d\u2019un dipl\u00f4me de premier cycle<\/a><\/li>\n\t<li id=\"menu-item-17951\" class=\"menu-item menu-item-type-post_type menu-item-object-page menu-item-17951\"><a href=\"https:\/\/tdbank4.site.findly.com\/fr-CA\/recrutement-universitaire\/occasions-de-stages-et-de-programmes-cooperatifs\/\">Stage\/programme coop\u00e9ratif et occasions estivales<\/a><\/li>\n\t<li id=\"menu-item-2485\" class=\"menu-item menu-item-type-post_type menu-item-object-page menu-item-2485\"><a href=\"https:\/\/tdbank4.site.findly.com\/fr-CA\/recrutement-universitaire\/maitrise-en-administration\/\">Occasions pour les titulaires d\u2019un dipl\u00f4me d\u2019\u00e9tudes sup\u00e9rieures<\/a><\/li>\n\t<li id=\"menu-item-2487\" class=\"menu-item menu-item-type-post_type menu-item-object-page menu-item-2487\"><a href=\"https:\/\/tdbank4.site.findly.com\/fr-CA\/recrutement-universitaire\/la-diversite-a-la-td\/\">La diversit\u00e9 \u00e0 la TD<\/a><\/li>\n\t<li id=\"menu-item-2491\" class=\"menu-item menu-item-type-post_type menu-item-object-page menu-item-2491\"><a href=\"https:\/\/tdbank4.site.findly.com\/fr-CA\/recrutement-universitaire\/accueil-de-valeurs-mobilieres-td\/\">Page d\u2019accueil \u2013 Valeurs Mobili\u00e8res TD<\/a><\/li>\n<\/ul>\n<\/li>\n<li id=\"menu-item-17957\" class=\"menu-item menu-item-type-post_type menu-item-object-page menu-item-17957\"><a href=\"https:\/\/tdbank4.site.findly.com\/fr-CA\/recrutement-universitaire\/accuiel-de-technologie\/\">Page d\u2019accueil \u2013 Technologie<\/a><\/li>\n<\/ul><\/div><\/div><div id=\"custom_html-2\" class=\"widget_text widget clearfix widget_custom_html\"><h3 class=\"widgettitle\">Vous avez d\u00e9j\u00e0 fait vos recherches sur la TD?<\/h3><div class=\"textwidget custom-html-widget\"><p style=\"margin-top:15px;\">Alors, jetez donc un coup d\u2019\u0153il \u00e0 nos possibilit\u00e9s d\u2019emplois.<\/p>\r\n<!--<div class=\"calloutLinks\"><a href=\"\/en\/job-search-results\/?addtnl_categories=Campus%20Program\">Consulter tous les programmes <\/a><\/div>--><\/div><\/div><\/div><\/div>\n<\/div><\/div><div class=\"flex_cell no_margin av_three_fourth  mainCell  \" style='vertical-align:top; padding:0px 30px 30px 30px ; background-color:#ffffff; '><div class='flex_cell_inner' ><div class=\"flex_column av_one_full  flex_column_div first  \" ><section class=\"av_textblock_section\"  itemscope=\"itemscope\" itemtype=\"https:\/\/schema.org\/CreativeWork\" ><div class='avia_textblock '   itemprop=\"text\" ><h1 class=\"copyHeading\">Occasions de stages et de programmes coop\u00e9ratifs<\/h1>\n<\/div><\/section><br \/>\n<section class=\"av_textblock_section\"  itemscope=\"itemscope\" itemtype=\"https:\/\/schema.org\/CreativeWork\" ><div class='avia_textblock '   itemprop=\"text\" ><h3>Commencez \u00e0 travailler \u00e0 la TD.<\/h3>\n<p>Voulez-vous acqu\u00e9rir une exp\u00e9rience pr\u00e9cieuse pour obtenir le poste parfait apr\u00e8s l&rsquo;obtention de votre dipl\u00f4me ? Souhaitez-vous d\u00e9couvrir les cheminements de carri\u00e8re qui s&rsquo;offrent \u00e0 vous? Si vous avez r\u00e9pondu \u00ab\u00a0oui\u00a0\u00bb, alors vous \u00eates au bon endroit.<\/p>\n<p>Lorsque vous vous joignez \u00e0 la\u00a0TD en tant que stagiaire ou \u00e9tudiant d&rsquo;un programme coop\u00e9ratif, vous avez l&rsquo;occasion unique d&rsquo;acqu\u00e9rir une exp\u00e9rience de travail enrichissante et r\u00e9mun\u00e9r\u00e9e pour soutenir vos \u00e9tudes, tout en d\u00e9veloppant vos comp\u00e9tences et en vous familiarisant avec les secteurs de notre entreprise qui sont les plus pertinents pour vos objectifs de carri\u00e8re. De plus, vous d\u00e9velopperez vos comp\u00e9tences professionnelles au sein d&rsquo;une entreprise qui s&rsquo;investit dans votre croissance et votre avancement.<\/p>\n<p>Nous travaillons avec des universit\u00e9s et des coll\u00e8ges \u00e0 l\u2019\u00e9chelle du Canada pour embaucher des stagiaires et des \u00e9tudiants de programmes coop\u00e9ratifs dans divers domaines, tels la finances, la comptabilit\u00e9, la gestion des risques, le marketing et ainsi que d&rsquo;autres nombreux secteurs d\u2019activit\u00e9 de la TD.<\/p>\n<p>La dur\u00e9e d\u2019emploi est g\u00e9n\u00e9ralement de quatre\u00a0mois\u00a0:<\/p>\n<ul>\n<li>\u00c9t\u00e9 (mai \u00e0 ao\u00fbt)<\/li>\n<li>Automne (septembre \u00e0 d\u00e9cembre)<\/li>\n<li>Hiver (janvier \u00e0 avril)<\/li>\n<\/ul>\n<p>Les postes sont offerts \u00e0 tous les \u00e9tudiants en voie d\u2019obtenir un dipl\u00f4me d\u2019\u00e9tudes professionnelles, de premier cycle ou des tudes de cycles sup\u00e9rieurs.<\/p>\n<h3>Programme de perfectionnement (stage et programme coop\u00e9ratif)<\/h3>\n<p>Un programme de perfectionnement personnalis\u00e9 est offert (postes de stage et postes de programme coop\u00e9ratif)\u00a0 pour vous aider \u00e0 mieux comprendre\u00a0les lignes d&rsquo;affaires de la TD, \u00e0 d\u00e9velopper vos comp\u00e9tences professionnelles essentielles et \u00e0 \u00e9largir votre r\u00e9seau professionnel. Le programme est con\u00e7u pour compl\u00e9ter votre exp\u00e9rience en milieu de travail et pr\u00e9sente les points suivants \u00a0:<\/p>\n<ul>\n<li>Des discussions de leadership avec des dirigeants cl\u00e9s \u00e0 l\u2019\u00e9chelle de l\u2019entreprise<\/li>\n<li>Des d\u00eeners-causeries sur des sujets tels que l\u2019innovation, l\u2019inclusion et la diversit\u00e9, la cr\u00e9ation de votre marque personnelle, et bien plus encore<\/li>\n<\/ul>\n<\/div><\/section><br \/>\n<section class=\"av_textblock_section\"  itemscope=\"itemscope\" itemtype=\"https:\/\/schema.org\/CreativeWork\" ><div class='avia_textblock signUp'   itemprop=\"text\" ><h3>Commencez ici.<\/h3>\n<p>Jetez un \u0153il aux occasions de stages et de programmes coop\u00e9ratifs offert pour trouver ce qui vous convient le mieux. Dans l&rsquo;\u00e9ventualit\u00e9 o\u00f9 vous ne trouvez pas de programmes actuellement offerts qui correspondent \u00e0 vos int\u00e9r\u00eats, n\u2019oubliez pas que nous recrutons \u00e0 diff\u00e9rents moments de l\u2019ann\u00e9e.<\/p>\n<p><a title=\"Job Search Results\" href=\"\/fr-CA\/recherche-demploi\/?addtnl_categories=Programme%20sur%20les%20campus\"><strong>Consultez les <strong>d\u00e9bouch\u00e9s\u00a0<\/strong><\/strong><\/a><\/p>\n<\/div><\/section><br \/>\n<section class=\"av_textblock_section\"  itemscope=\"itemscope\" itemtype=\"https:\/\/schema.org\/CreativeWork\" ><div class='avia_textblock '   itemprop=\"text\" ><h3><strong>Programme de Valeurs Mobili\u00e8res TD<\/strong><\/h3>\n<h3>Envisagez s\u00e9rieusement une carri\u00e8re dans le domaine des valeurs mobili\u00e8res \u00e0 la TD.<\/h3>\n<p>Au sein de Valeurs Mobili\u00e8res TD, nous faisons \u00e9quipe avec les clients pour leur offrir des solutions financi\u00e8res novatrices qui les aident \u00e0 atteindre leurs objectifs strat\u00e9giques et financiers. Nous sommes l\u2019une des plus importantes maisons de courtage de valeurs et comptons des bureaux dans les principaux centres financiers du monde. Nous recrutons des candidats de haut calibre et d\u2019horizons diff\u00e9rents afin qu\u2019ils deviennent nos dirigeants de demain. Nos nouveaux employ\u00e9s travaillent avec des coll\u00e8gues exp\u00e9riment\u00e9s et ont la chance de jouer, sans tarder, un r\u00f4le d\u00e9terminant pour nos clients. Si vous poss\u00e9dez les qualit\u00e9s recherch\u00e9es, nous vous fournirons tout ce dont vous avez besoin pour atteindre vos objectifs de carri\u00e8re. Nous vous offrirons \u00e9galement r\u00e9compenses, avancement professionnel et occasions de mobilit\u00e9 \u00e0 l\u2019\u00e9chelle mondiale associ\u00e9es \u00e0 un rendement \u00e9lev\u00e9.<\/p>\n<p><a title=\"TD Securities Home\" href=\"\/fr-CA\/recrutement-universitaire\/accueil-de-valeurs-mobilieres-td\/\"><strong>Explorer les Programmes de Valeurs Mobili\u00e8res TD ici <span class=\"av-icon-char\" style=\"font-size: 12px;line-height: 12px\"><\/span><\/strong><\/a><\/p>\n<\/div><\/section><br \/>\n<section class=\"av_textblock_section\"  itemscope=\"itemscope\" itemtype=\"https:\/\/schema.org\/CreativeWork\" ><div class='avia_textblock '   itemprop=\"text\" ><h3><strong>Programme de Solutions technologiques<\/strong><\/h3>\n<h3>Donnez-vous des d\u00e9fis \u00e0 relever.<\/h3>\n<p>Les Solutions technologiques TD sont compos\u00e9es de plusieurs divisions repr\u00e9sentant tous les secteurs et fonctions de la TD. Infrastructure, D\u00e9veloppement d\u2019applications, Num\u00e9rique et Innovation ne sont que quelques-uns des secteurs dans lesquels notre \u00e9quipe de techniciens comp\u00e9tents offre des produits et des exp\u00e9riences l\u00e9gendaires \u00e0 nos clients gr\u00e2ce \u00e0 des solutions innovantes. Une carri\u00e8re en technologie \u00e0 la TD consiste \u00e0 travailler avec des personnes talentueuses et \u00e0 relever des d\u00e9fis complexes \u00e0 l\u2019aide de la fine pointe de la technologie.<\/p>\n<p><a title=\"Technology Home\" href=\"\/fr-CA\/recrutement-universitaire\/accuiel-de-technologie\/\"><strong>Explorez les Programmes en Solutions technologiques ici <span class=\"av-icon-char\" style=\"font-size: 12px;line-height: 12px\"><\/span>\u00a0<\/strong><\/a><\/p>\n<\/div><\/section><\/p><\/div>\n<\/div><\/div><\/div>\n","protected":false},"excerpt":{"rendered":"","protected":false},"author":1,"featured_media":0,"parent":2228,"menu_order":0,"comment_status":"closed","ping_status":"closed","template":"","meta":{"footnotes":""},"class_list":["post-2407","page","type-page","status-publish","hentry"],"yoast_head":"<!-- This site is optimized with the Yoast SEO Premium plugin v23.0 (Yoast SEO v23.0) - https:\/\/yoast.com\/wordpress\/plugins\/seo\/ -->\n<title>Occasions de Stages et de Programmes Coop\u00e9ratifs<\/title>\n<meta name=\"robots\" content=\"noindex, follow, max-snippet:-1, max-image-preview:large, max-video-preview:-1\" \/>\n<meta property=\"og:locale\" content=\"fr_CA\" \/>\n<meta property=\"og:type\" content=\"article\" \/>\n<meta property=\"og:title\" content=\"Occasions de Stages et de Programmes Coop\u00e9ratifs\" \/>\n<meta property=\"og:url\" content=\"https:\/\/tdbank4.site.findly.com\/fr-CA\/recrutement-universitaire\/occasions-de-stages-et-de-programmes-cooperatifs\/\" \/>\n<meta property=\"og:site_name\" content=\"Banque TD\" \/>\n<meta property=\"article:publisher\" content=\"https:\/\/www.facebook.com\/TDBank\" \/>\n<meta property=\"article:modified_time\" content=\"2021-10-07T03:14:11+00:00\" \/>\n<meta name=\"twitter:label1\" content=\"Estimation du temps de lecture\" \/>\n\t<meta name=\"twitter:data1\" content=\"6 minutes\" \/>\n<script type=\"application\/ld+json\" class=\"yoast-schema-graph\">{\"@context\":\"https:\/\/schema.org\",\"@graph\":[{\"@type\":\"WebPage\",\"@id\":\"https:\/\/tdbank4.site.findly.com\/fr-CA\/recrutement-universitaire\/occasions-de-stages-et-de-programmes-cooperatifs\/\",\"url\":\"https:\/\/tdbank4.site.findly.com\/fr-CA\/recrutement-universitaire\/occasions-de-stages-et-de-programmes-cooperatifs\/\",\"name\":\"Occasions de Stages et de Programmes Coop\u00e9ratifs\",\"isPartOf\":{\"@id\":\"https:\/\/tdbank4.site.findly.com\/fr-CA\/#website\"},\"datePublished\":\"2015-05-15T16:58:01+00:00\",\"dateModified\":\"2021-10-07T03:14:11+00:00\",\"breadcrumb\":{\"@id\":\"https:\/\/tdbank4.site.findly.com\/fr-CA\/recrutement-universitaire\/occasions-de-stages-et-de-programmes-cooperatifs\/#breadcrumb\"},\"inLanguage\":\"fr-CA\",\"potentialAction\":[{\"@type\":\"ReadAction\",\"target\":[\"https:\/\/tdbank4.site.findly.com\/fr-CA\/recrutement-universitaire\/occasions-de-stages-et-de-programmes-cooperatifs\/\"]}]},{\"@type\":\"BreadcrumbList\",\"@id\":\"https:\/\/tdbank4.site.findly.com\/fr-CA\/recrutement-universitaire\/occasions-de-stages-et-de-programmes-cooperatifs\/#breadcrumb\",\"itemListElement\":[{\"@type\":\"ListItem\",\"position\":1,\"name\":\"Home\",\"item\":\"https:\/\/tdbank4.site.findly.com\/fr-CA\/\"},{\"@type\":\"ListItem\",\"position\":2,\"name\":\"Recrutement Universitaire\",\"item\":\"https:\/\/tdbank4.site.findly.com\/fr-CA\/recrutement-universitaire\/\"},{\"@type\":\"ListItem\",\"position\":3,\"name\":\"Occasions de Stages et de Programmes Coop\u00e9ratifs\"}]},{\"@type\":\"WebSite\",\"@id\":\"https:\/\/tdbank4.site.findly.com\/fr-CA\/#website\",\"url\":\"https:\/\/tdbank4.site.findly.com\/fr-CA\/\",\"name\":\"Banque TD\",\"description\":\"Responsive Career site\",\"potentialAction\":[{\"@type\":\"SearchAction\",\"target\":{\"@type\":\"EntryPoint\",\"urlTemplate\":\"https:\/\/tdbank4.site.findly.com\/fr-CA\/?s={search_term_string}\"},\"query-input\":\"required name=search_term_string\"}],\"inLanguage\":\"fr-CA\"}]}<\/script>\n<!-- \/ Yoast SEO Premium plugin. -->","yoast_head_json":{"title":"Occasions de Stages et de Programmes Coop\u00e9ratifs","robots":{"index":"noindex","follow":"follow","max-snippet":"max-snippet:-1","max-image-preview":"max-image-preview:large","max-video-preview":"max-video-preview:-1"},"og_locale":"fr_CA","og_type":"article","og_title":"Occasions de Stages et de Programmes Coop\u00e9ratifs","og_url":"https:\/\/tdbank4.site.findly.com\/fr-CA\/recrutement-universitaire\/occasions-de-stages-et-de-programmes-cooperatifs\/","og_site_name":"Banque TD","article_publisher":"https:\/\/www.facebook.com\/TDBank","article_modified_time":"2021-10-07T03:14:11+00:00","twitter_misc":{"Estimation du temps de lecture":"6 minutes"},"schema":{"@context":"https:\/\/schema.org","@graph":[{"@type":"WebPage","@id":"https:\/\/tdbank4.site.findly.com\/fr-CA\/recrutement-universitaire\/occasions-de-stages-et-de-programmes-cooperatifs\/","url":"https:\/\/tdbank4.site.findly.com\/fr-CA\/recrutement-universitaire\/occasions-de-stages-et-de-programmes-cooperatifs\/","name":"Occasions de Stages et de Programmes Coop\u00e9ratifs","isPartOf":{"@id":"https:\/\/tdbank4.site.findly.com\/fr-CA\/#website"},"datePublished":"2015-05-15T16:58:01+00:00","dateModified":"2021-10-07T03:14:11+00:00","breadcrumb":{"@id":"https:\/\/tdbank4.site.findly.com\/fr-CA\/recrutement-universitaire\/occasions-de-stages-et-de-programmes-cooperatifs\/#breadcrumb"},"inLanguage":"fr-CA","potentialAction":[{"@type":"ReadAction","target":["https:\/\/tdbank4.site.findly.com\/fr-CA\/recrutement-universitaire\/occasions-de-stages-et-de-programmes-cooperatifs\/"]}]},{"@type":"BreadcrumbList","@id":"https:\/\/tdbank4.site.findly.com\/fr-CA\/recrutement-universitaire\/occasions-de-stages-et-de-programmes-cooperatifs\/#breadcrumb","itemListElement":[{"@type":"ListItem","position":1,"name":"Home","item":"https:\/\/tdbank4.site.findly.com\/fr-CA\/"},{"@type":"ListItem","position":2,"name":"Recrutement Universitaire","item":"https:\/\/tdbank4.site.findly.com\/fr-CA\/recrutement-universitaire\/"},{"@type":"ListItem","position":3,"name":"Occasions de Stages et de Programmes Coop\u00e9ratifs"}]},{"@type":"WebSite","@id":"https:\/\/tdbank4.site.findly.com\/fr-CA\/#website","url":"https:\/\/tdbank4.site.findly.com\/fr-CA\/","name":"Banque TD","description":"Responsive Career site","potentialAction":[{"@type":"SearchAction","target":{"@type":"EntryPoint","urlTemplate":"https:\/\/tdbank4.site.findly.com\/fr-CA\/?s={search_term_string}"},"query-input":"required name=search_term_string"}],"inLanguage":"fr-CA"}]}},"_links":{"self":[{"href":"https:\/\/tdbank4.site.findly.com\/fr-CA\/wp-json\/wp\/v2\/pages\/2407","targetHints":{"allow":["GET"]}}],"collection":[{"href":"https:\/\/tdbank4.site.findly.com\/fr-CA\/wp-json\/wp\/v2\/pages"}],"about":[{"href":"https:\/\/tdbank4.site.findly.com\/fr-CA\/wp-json\/wp\/v2\/types\/page"}],"author":[{"embeddable":true,"href":"https:\/\/tdbank4.site.findly.com\/fr-CA\/wp-json\/wp\/v2\/users\/1"}],"replies":[{"embeddable":true,"href":"https:\/\/tdbank4.site.findly.com\/fr-CA\/wp-json\/wp\/v2\/comments?post=2407"}],"version-history":[{"count":5,"href":"https:\/\/tdbank4.site.findly.com\/fr-CA\/wp-json\/wp\/v2\/pages\/2407\/revisions"}],"predecessor-version":[{"id":18026,"href":"https:\/\/tdbank4.site.findly.com\/fr-CA\/wp-json\/wp\/v2\/pages\/2407\/revisions\/18026"}],"up":[{"embeddable":true,"href":"https:\/\/tdbank4.site.findly.com\/fr-CA\/wp-json\/wp\/v2\/pages\/2228"}],"wp:attachment":[{"href":"https:\/\/tdbank4.site.findly.com\/fr-CA\/wp-json\/wp\/v2\/media?parent=2407"}],"curies":[{"name":"wp","href":"https:\/\/api.w.org\/{rel}","templated":true}]}}