{"id":2228,"date":"2015-05-15T16:57:19","date_gmt":"2015-05-15T16:57:19","guid":{"rendered":"http:\/\/tdbank2.site.findly.com\/campus-recruitment-2\/"},"modified":"2024-05-01T17:15:38","modified_gmt":"2024-05-01T17:15:38","slug":"recrutement-universitaire","status":"publish","type":"page","link":"https:\/\/tdbank4.site.findly.com\/fr-CA\/recrutement-universitaire\/","title":{"rendered":"Recrutement Universitaire"},"content":{"rendered":"<div id='layer_slider_1' class='avia-layerslider main_color avia-shadow  container_wrap fullsize'    style='height: 376px;' ><\/div>\n<\/div><\/div><\/div><!-- close content main div --><\/div><\/div><div id='subheadnav' class='avia-section main_color avia-section-no-padding avia-no-border-styling avia-bg-style-scroll   av-minimum-height av-minimum-height-custom container_wrap fullsize'   ><div class='container' style='height:70px'><div class='template-page content  av-content-full alpha units'><div class='post-entry post-entry-type-page post-entry-2228'><div class='entry-content-wrapper clearfix'>\n<div class=\"flex_column av_one_full  flex_column_div av-zero-column-padding first  none \" style='border-radius:0px; '><section class=\"av_textblock_section\"  itemscope=\"itemscope\" itemtype=\"https:\/\/schema.org\/CreativeWork\" ><div class='avia_textblock '   itemprop=\"text\" ><div class=\"campusButtons\"><a title=\"\" href=\"\/fr-CA\/recherche-demploi\/?addtnl_categories=Programme%20sur%20les%20campus\">Explorer des occasions <\/a><\/div>\n<\/div><\/section><\/div><div class=\"flex_column av_one_half  flex_column_div av-zero-column-padding first  \" style='border-radius:0px; '><section class=\"av_textblock_section\"  itemscope=\"itemscope\" itemtype=\"https:\/\/schema.org\/CreativeWork\" ><div class='avia_textblock '   itemprop=\"text\" ><p style=\"text-align: left;\"><span style=\"font-size: 18pt;\"><strong><a class=\"relaunch-button\" href=\"https:\/\/td.wd3.myworkdayjobs.com\/fr-CA\/TD_Bank_Careers\">Explorer des occasions<\/a><\/strong><\/span><\/p>\n<\/div><\/section><\/div><\/p>\n<\/div><\/div><\/div><!-- close content main div --><\/div><\/div><div id='secMainCopy' class='av-layout-grid-container entry-content-wrapper main_color av-flex-cells   container_wrap fullsize'   >\n<div class=\"flex_cell no_margin av_one_fourth  navCell  \" style='vertical-align:top; padding:0px 0px 0 0px ; background-color:#efeff4; '><div class='flex_cell_inner' ><div class=\"flex_column av_one_full  flex_column_div first  \" ><div class='avia-builder-widget-area clearfix '><div id=\"nav_menu-13\" class=\"widget clearfix widget_nav_menu\"><div class=\"menu-campus-recruitment-french-can0-container\"><ul id=\"menu-campus-recruitment-french-can0\" class=\"menu\"><li id=\"menu-item-2479\" class=\"menu-item menu-item-type-post_type menu-item-object-page menu-item-has-children menu-item-2479\"><a href=\"https:\/\/tdbank4.site.findly.com\/fr-CA\/recrutement-universitaire\/\">Recrutement Universitaire<\/a>\n<ul class=\"sub-menu\">\n\t<li id=\"menu-item-17958\" class=\"menu-item menu-item-type-post_type menu-item-object-page menu-item-17958\"><a href=\"https:\/\/tdbank4.site.findly.com\/fr-CA\/recrutement-universitaire\/etudiants-de-premier-cycle\/\">Occasions pour les titulaires d\u2019un dipl\u00f4me de premier cycle<\/a><\/li>\n\t<li id=\"menu-item-17951\" class=\"menu-item menu-item-type-post_type menu-item-object-page menu-item-17951\"><a href=\"https:\/\/tdbank4.site.findly.com\/fr-CA\/recrutement-universitaire\/occasions-de-stages-et-de-programmes-cooperatifs\/\">Stage\/programme coop\u00e9ratif et occasions estivales<\/a><\/li>\n\t<li id=\"menu-item-2485\" class=\"menu-item menu-item-type-post_type menu-item-object-page menu-item-2485\"><a href=\"https:\/\/tdbank4.site.findly.com\/fr-CA\/recrutement-universitaire\/maitrise-en-administration\/\">Occasions pour les titulaires d\u2019un dipl\u00f4me d\u2019\u00e9tudes sup\u00e9rieures<\/a><\/li>\n\t<li id=\"menu-item-2487\" class=\"menu-item menu-item-type-post_type menu-item-object-page menu-item-2487\"><a href=\"https:\/\/tdbank4.site.findly.com\/fr-CA\/recrutement-universitaire\/la-diversite-a-la-td\/\">La diversit\u00e9 \u00e0 la TD<\/a><\/li>\n\t<li id=\"menu-item-2491\" class=\"menu-item menu-item-type-post_type menu-item-object-page menu-item-2491\"><a href=\"https:\/\/tdbank4.site.findly.com\/fr-CA\/recrutement-universitaire\/accueil-de-valeurs-mobilieres-td\/\">Page d\u2019accueil \u2013 Valeurs Mobili\u00e8res TD<\/a><\/li>\n<\/ul>\n<\/li>\n<li id=\"menu-item-17957\" class=\"menu-item menu-item-type-post_type menu-item-object-page menu-item-17957\"><a href=\"https:\/\/tdbank4.site.findly.com\/fr-CA\/recrutement-universitaire\/accuiel-de-technologie\/\">Page d\u2019accueil \u2013 Technologie<\/a><\/li>\n<\/ul><\/div><\/div><div id=\"custom_html-2\" class=\"widget_text widget clearfix widget_custom_html\"><h3 class=\"widgettitle\">Vous avez d\u00e9j\u00e0 fait vos recherches sur la TD?<\/h3><div class=\"textwidget custom-html-widget\"><p style=\"margin-top:15px;\">Alors, jetez donc un coup d\u2019\u0153il \u00e0 nos possibilit\u00e9s d\u2019emplois.<\/p>\r\n<!--<div class=\"calloutLinks\"><a href=\"\/en\/job-search-results\/?addtnl_categories=Campus%20Program\">Consulter tous les programmes <\/a><\/div>--><\/div><\/div><\/div><\/div>\n<\/div><\/div><div class=\"flex_cell no_margin av_three_fourth  mainCell  \" style='vertical-align:top; padding:0px 30px 30px 30px ; background-color:#ffffff; '><div class='flex_cell_inner' ><section class=\"av_textblock_section\"  itemscope=\"itemscope\" itemtype=\"https:\/\/schema.org\/CreativeWork\" ><div class='avia_textblock '   itemprop=\"text\" ><h1 class=\"copyHeading\">Un milieu qui vous ressemble.<\/h1>\n<\/div><\/section><br \/>\n<div class=\"flex_column av_one_half  flex_column_div first  \" ><section class=\"av_textblock_section\"  itemscope=\"itemscope\" itemtype=\"https:\/\/schema.org\/CreativeWork\" ><div class='avia_textblock '   itemprop=\"text\" ><p>Une carri\u00e8re \u00e0 la\u00a0TD vous donne la libert\u00e9 de d\u00e9finir votre avenir et d&rsquo;atteindre votre plein potentiel. Nous vous fournirons un soutien en mati\u00e8re de leadership et des occasions pour d\u00e9velopper vos comp\u00e9tences, acqu\u00e9rir de nouvelles comp\u00e9tences et cr\u00e9er un impact positif tant au travail que dans votre communaut\u00e9.<\/p>\n<p>En devenant un coll\u00e8gue de la\u00a0TD, vous constaterez la mani\u00e8re unique dont nous collaborons\u00a0: les co\u00e9quipiers se soucient sinc\u00e8rement les uns des autres et sont passionn\u00e9s par le travail qu&rsquo;ils font.<\/p>\n<p>Nous sommes fiers de notre culture qui c\u00e9l\u00e8bre les talents et les contributions uniques de chaque individus. En favorisant un climat d&rsquo;inclusion et d&rsquo;appartenance, nous pouvons r\u00e9aliser de grandes choses ensemble et \u00eatre une meilleure banque.<\/p>\n<p><strong>L\u2019\u00e9quipe des talents en herbe de la\u00a0TD\u00a0\u2012 qui sommes-nous?<\/strong><br \/>\nL&rsquo;\u00e9quipe des talents en herbe au Canada pr\u00e9sente aux \u00e9tudiants de premier cycle et aux nouveaux ou r\u00e9cents dipl\u00f4m\u00e9s de nombreuses occasions d&rsquo;apprentissage et de r\u00e9seautage \u00e0 la\u00a0TD. Les participants entreprendront un travail int\u00e9ressant avec des coll\u00e8gues exp\u00e9riment\u00e9s et recevront la formation et le mentorat dont ils ont besoin pour \u00eatre des experts techniques et de futurs leaders.<\/p>\n<\/div><\/section><\/div><div class=\"flex_column av_one_half  flex_column_div av-zero-column-padding   \" style='border-radius:0px; '>[avia_codeblock_placeholder uid=\"0\"] <br \/>\n<section class=\"av_textblock_section\"  itemscope=\"itemscope\" itemtype=\"https:\/\/schema.org\/CreativeWork\" ><div class='avia_textblock '   itemprop=\"text\" ><div id=\"transcript\" class=\"transcript-block\" role=\"region\">\n<p>Parlons franchement : la TD est l\u2019un des meilleurs milieux de travail.<br \/>\nJe vais vous dire pourquoi.<br \/>\nVous \u00eates en plein centre-ville de Toronto.<br \/>\nVous faites un travail stimulant et gratifiant.<br \/>\nVous vivez une exp\u00e9rience incroyable.<br \/>\nVous c\u00f4toyez des personnes brillantes.<br \/>\nOn vous appuie \u00e0 toutes les \u00e9tapes et vous pouvez vous \u00e9panouir.<br \/>\nEt surtout, vous avez du plaisir \u00e0 le faire!<br \/>\nD\u00e9couvrez nos occasions pour talents en herbe d\u00e8s aujourd\u2019hui.<br \/>\nVisitez le site emplois.td.com<\/p>\n<p>END OF TRANSCRIPT<\/p>\n<\/div>\n<\/div><\/section><\/p><\/div><section class=\"av_textblock_section\"  itemscope=\"itemscope\" itemtype=\"https:\/\/schema.org\/CreativeWork\" ><div class='avia_textblock '   itemprop=\"text\" ><h2 class=\"copyHeading\">Explorez les d\u00e9bouch\u00e9s.<\/h2>\n<\/div><\/section><br \/>\n<div style='height:10px' class='hr hr-invisible  '><span class='hr-inner ' ><span class='hr-inner-style'><\/span><\/span><\/div><br \/>\n<div class=\"flex_column av_one_third  flex_column_div first  \" ><p><div class='avia-image-container  av-styling-no-styling    avia-align- '  itemscope=\"itemscope\" itemtype=\"https:\/\/schema.org\/ImageObject\"  ><div class='avia-image-container-inner'><img class='avia_image ' src='https:\/\/tdbank4.site.findly.com\/wp-content\/uploads\/sites\/605\/2021\/12\/Landing-Page_Undergraduates-1.jpg' alt='' title='Landing Page_Undergraduates'   itemprop=\"contentURL\"  \/><\/div><\/div><br \/>\n<section class=\"av_textblock_section\"  itemscope=\"itemscope\" itemtype=\"https:\/\/schema.org\/CreativeWork\" ><div class='avia_textblock programCallout'   itemprop=\"text\" ><h3 class=\"campusHeading\">\u00c9tudiants de premier cycle<\/h3>\n<p><strong>Haussez vos attentes.<\/strong> D\u00e9couvrez diff\u00e9rentes options de carri\u00e8re tout en \u00e9largissant votre r\u00e9seau et en acqu\u00e9rant des connaissances de l&rsquo;industrie gr\u00e2ce aux programmes uniques de la\u00a0TD.<\/p>\n<div class=\"campusLink\"><a style=\"padding: 0px;\" title=\"\u00c9tudiants de premier cycle\" href=\"\/fr-CA\/recrutement-universitaire\/etudiants-de-premier-cycle\/\">Consulter tous les programmes <span class=\"av-icon-char\" style=\"font-size: 12px; line-height: 12px;\"><\/span><\/a><\/div>\n<\/div><\/section><\/p><\/div><div class=\"flex_column av_one_third  flex_column_div av-zero-column-padding   \" style='border-radius:0px; '><p><div class='avia-image-container  av-styling-no-styling    avia-align- '  itemscope=\"itemscope\" itemtype=\"https:\/\/schema.org\/ImageObject\"  ><div class='avia-image-container-inner'><img class='avia_image ' src='https:\/\/tdbank4.site.findly.com\/wp-content\/uploads\/sites\/605\/2021\/12\/Landing-Page_Interships-Co-ops-1.jpg' alt='' title='Landing Page_Interships &amp; Co-ops'   itemprop=\"contentURL\"  \/><\/div><\/div><br \/>\n<section class=\"av_textblock_section\"  itemscope=\"itemscope\" itemtype=\"https:\/\/schema.org\/CreativeWork\" ><div class='avia_textblock programCallout'   itemprop=\"text\" ><h3 class=\"campusHeading\">Stages et programmes coop\u00e9ratifs<\/h3>\n<p><strong>Mettez un pied dans la porte. <\/strong>Acqu\u00e9rez l\u2019exp\u00e9rience dont vous avez besoin et explorez divers cheminements de carri\u00e8re tout en travaillant aupr\u00e8s de professionnels.<\/p>\n<div class=\"campusLink\"><a title=\"Occasions de Stages et de Programmes Coop\u00e9ratifs\" href=\"\/fr-CA\/recrutement-universitaire\/occasions-de-stages-et-de-programmes-cooperatifs\/\">Pour en savoir plus <span class=\"av-icon-char\" style=\"font-size: 12px; line-height: 12px;\"><\/span><\/a><\/div>\n<\/div><\/section><\/p><\/div><div class=\"flex_column av_one_third  flex_column_div av-zero-column-padding   \" style='border-radius:0px; '><p><div class='avia-image-container  av-styling-no-styling    avia-align- '  itemscope=\"itemscope\" itemtype=\"https:\/\/schema.org\/ImageObject\"  ><div class='avia-image-container-inner'><img class='avia_image ' src='https:\/\/tdbank4.site.findly.com\/wp-content\/uploads\/sites\/605\/2021\/12\/Landing-Page_MBA-Advance-Degrees-1.jpg' alt='' title='Landing Page_MBA &amp; Advance Degrees'   itemprop=\"contentURL\"  \/><\/div><\/div><br \/>\n<section class=\"av_textblock_section\"  itemscope=\"itemscope\" itemtype=\"https:\/\/schema.org\/CreativeWork\" ><div class='avia_textblock programCallout'   itemprop=\"text\" ><h3 class=\"campusHeading\">Ma\u00eetrise en administration des affaires et \u00e9tudes sup\u00e9rieures<\/h3>\n<p><strong>Une exp\u00e9rience exceptionnelle vous attend.<\/strong> Vous vous consacrez \u00e0 vos \u00e9tudes et maintenant vous souhaitez en tirer parti au maximum. \u00c0 la\u00a0TD, vous ne serez pas d\u00e9\u00e7u.<\/p>\n<div class=\"campusLink\"><a href=\"\/fr-CA\/recrutement-universitaire\/maitrise-en-administration\/\">Explorer la TD <span class=\"av-icon-char\" style=\"font-size: 12px; line-height: 12px;\"><\/span><\/a><\/div>\n<\/div><\/section><\/p><\/div><div class=\"flex_column av_one_full  flex_column_div first  \" ><div style='height:10px' class='hr hr-invisible  '><span class='hr-inner ' ><span class='hr-inner-style'><\/span><\/span><\/div><\/div><div class=\"flex_column av_one_half  flex_column_div first  \" ><section class=\"av_textblock_section\"  itemscope=\"itemscope\" itemtype=\"https:\/\/schema.org\/CreativeWork\" ><div class='avia_textblock campusDriver teal'   itemprop=\"text\" ><div class=\"no-padding\"><img loading=\"lazy\" decoding=\"async\" class=\"alignleft size-full wp-image-1574 driverImg\" src=\"\/wp-content\/uploads\/sites\/605\/2021\/12\/21053610\/Landing-Page_Start-you-Career-TD-Securities-1-1.jpg\" alt=\"\" width=\"147\" height=\"156\" \/><\/div>\n<div class=\"drivertext\">\n<h4>Entamez votre carri\u00e8re au sein de Valeurs Mobili\u00e8res TD<\/h4>\n<p>Concevez des solutions financi\u00e8res novatrices pour aider les clients \u00e0 atteindre leurs objectifs strat\u00e9giques et financiers.<\/p>\n<p><strong><a title=\"\" href=\"\/fr-CA\/recrutement-universitaire\/accueil-de-valeurs-mobilieres-td\/\"> Explorer les possibilit\u00e9s de carri\u00e8res au sein de Valeurs Mobili\u00e8res TD <span class=\"av-icon-char\" style=\"font-size: 12px; line-height: 12px;\"><\/span><\/a><\/strong><\/p>\n<\/div>\n<\/div><\/section><\/div><div class=\"flex_column av_one_half  flex_column_div av-zero-column-padding   \" style='border-radius:0px; '><section class=\"av_textblock_section\"  itemscope=\"itemscope\" itemtype=\"https:\/\/schema.org\/CreativeWork\" ><div class='avia_textblock campusDriver green'   itemprop=\"text\" ><div class=\"no-padding\"><img loading=\"lazy\" decoding=\"async\" class=\"alignleft wp-image-1568 size-full driverImg\" src=\"\/wp-content\/uploads\/sites\/605\/2021\/12\/21053647\/Discover-IT-1.jpg\" alt=\"\" width=\"147\" height=\"159\" \/><\/div>\n<div class=\"drivertext\">\n<h4>D\u00e9couvrez la technologie \u00e0 la TD<\/h4>\n<p>Nous offrons une multitude d&rsquo;opportunit\u00e9s dans le secteur de la Technologie que vous pouvez exp\u00e9rimenter.<\/p>\n<p><strong><a title=\"\" href=\"\/fr-CA\/recrutement-universitaire\/accuiel-de-technologie\/\">Explorer les possibilit\u00e9s d\u2019emplois en technologie<span class=\"av-icon-char\" style=\"font-size: 12px; line-height: 12px;\"><\/span><\/a><\/strong><\/p>\n<\/div>\n<\/div><\/section><\/div><div class=\"flex_column av_one_full  flex_column_div first  \" ><section class=\"av_textblock_section\"  itemscope=\"itemscope\" itemtype=\"https:\/\/schema.org\/CreativeWork\" ><div class='avia_textblock calloutBox'   itemprop=\"text\" ><p><img loading=\"lazy\" decoding=\"async\" class=\"alignleft size-full wp-image-1562\" src=\"\/wp-content\/uploads\/sites\/605\/2021\/12\/21053723\/Landing-Page_Diversity-at-TD-1-1.jpg\" alt=\"\" width=\"232\" height=\"112\" \/><\/p>\n<h4>La diversit\u00e9 \u00e0 la TD<\/h4>\n<p>Nous voulons que la\u00a0TD soit un endroit o\u00f9 les coll\u00e8gues sentent qu&rsquo;ils peuvent \u00eatre totalement eux-m\u00eames au travail. Notre culture de bienveillance consiste \u00e0 cr\u00e9er un environnement juste, respectueux et favorable \u00e0 tous les employ\u00e9s.<\/p>\n<p><strong><a title=\"\" href=\"\/fr-CA\/recrutement-universitaire\/la-diversite-a-la-td\/\"> D\u00e9couvrir quelques-uns de nos programmes de diversit\u00e9 <span class=\"av-icon-char\" style=\"font-size: 12px; line-height: 12px;\"><\/span><\/a><\/strong><\/p>\n<\/div><\/section><\/div><\/p>\n<\/div><\/div>\n<\/div>\n","protected":false},"excerpt":{"rendered":"","protected":false},"author":1,"featured_media":0,"parent":0,"menu_order":5,"comment_status":"closed","ping_status":"closed","template":"","meta":{"footnotes":""},"class_list":["post-2228","page","type-page","status-publish","hentry"],"yoast_head":"<!-- This site is optimized with the Yoast SEO Premium plugin v23.0 (Yoast SEO v23.0) - https:\/\/yoast.com\/wordpress\/plugins\/seo\/ -->\n<title>Recrutement Universitaire<\/title>\n<meta name=\"robots\" content=\"noindex, follow, max-snippet:-1, max-image-preview:large, max-video-preview:-1\" \/>\n<meta property=\"og:locale\" content=\"fr_CA\" \/>\n<meta property=\"og:type\" content=\"article\" \/>\n<meta property=\"og:title\" content=\"Recrutement Universitaire\" \/>\n<meta property=\"og:url\" content=\"https:\/\/tdbank4.site.findly.com\/fr-CA\/recrutement-universitaire\/\" \/>\n<meta property=\"og:site_name\" content=\"Banque TD\" \/>\n<meta property=\"article:publisher\" content=\"https:\/\/www.facebook.com\/TDBank\" \/>\n<meta property=\"article:modified_time\" content=\"2024-05-01T17:15:38+00:00\" \/>\n<meta property=\"og:image\" content=\"https:\/\/tdbank4.site.findly.com\/wp-content\/uploads\/sites\/605\/2021\/12\/21053610\/Landing-Page_Start-you-Career-TD-Securities-1-1.jpg\" \/>\n<meta name=\"twitter:label1\" content=\"Estimation du temps de lecture\" \/>\n\t<meta name=\"twitter:data1\" content=\"8 minutes\" \/>\n<script type=\"application\/ld+json\" class=\"yoast-schema-graph\">{\"@context\":\"https:\/\/schema.org\",\"@graph\":[{\"@type\":\"WebPage\",\"@id\":\"https:\/\/tdbank4.site.findly.com\/fr-CA\/recrutement-universitaire\/\",\"url\":\"https:\/\/tdbank4.site.findly.com\/fr-CA\/recrutement-universitaire\/\",\"name\":\"Recrutement Universitaire\",\"isPartOf\":{\"@id\":\"https:\/\/tdbank4.site.findly.com\/fr-CA\/#website\"},\"datePublished\":\"2015-05-15T16:57:19+00:00\",\"dateModified\":\"2024-05-01T17:15:38+00:00\",\"breadcrumb\":{\"@id\":\"https:\/\/tdbank4.site.findly.com\/fr-CA\/recrutement-universitaire\/#breadcrumb\"},\"inLanguage\":\"fr-CA\",\"potentialAction\":[{\"@type\":\"ReadAction\",\"target\":[\"https:\/\/tdbank4.site.findly.com\/fr-CA\/recrutement-universitaire\/\"]}]},{\"@type\":\"BreadcrumbList\",\"@id\":\"https:\/\/tdbank4.site.findly.com\/fr-CA\/recrutement-universitaire\/#breadcrumb\",\"itemListElement\":[{\"@type\":\"ListItem\",\"position\":1,\"name\":\"Home\",\"item\":\"https:\/\/tdbank4.site.findly.com\/fr-CA\/\"},{\"@type\":\"ListItem\",\"position\":2,\"name\":\"Recrutement Universitaire\"}]},{\"@type\":\"WebSite\",\"@id\":\"https:\/\/tdbank4.site.findly.com\/fr-CA\/#website\",\"url\":\"https:\/\/tdbank4.site.findly.com\/fr-CA\/\",\"name\":\"Banque TD\",\"description\":\"Responsive Career site\",\"potentialAction\":[{\"@type\":\"SearchAction\",\"target\":{\"@type\":\"EntryPoint\",\"urlTemplate\":\"https:\/\/tdbank4.site.findly.com\/fr-CA\/?s={search_term_string}\"},\"query-input\":\"required name=search_term_string\"}],\"inLanguage\":\"fr-CA\"}]}<\/script>\n<!-- \/ Yoast SEO Premium plugin. -->","yoast_head_json":{"title":"Recrutement Universitaire","robots":{"index":"noindex","follow":"follow","max-snippet":"max-snippet:-1","max-image-preview":"max-image-preview:large","max-video-preview":"max-video-preview:-1"},"og_locale":"fr_CA","og_type":"article","og_title":"Recrutement Universitaire","og_url":"https:\/\/tdbank4.site.findly.com\/fr-CA\/recrutement-universitaire\/","og_site_name":"Banque TD","article_publisher":"https:\/\/www.facebook.com\/TDBank","article_modified_time":"2024-05-01T17:15:38+00:00","og_image":[{"url":"https:\/\/tdbank4.site.findly.com\/wp-content\/uploads\/sites\/605\/2021\/12\/21053610\/Landing-Page_Start-you-Career-TD-Securities-1-1.jpg"}],"twitter_misc":{"Estimation du temps de lecture":"8 minutes"},"schema":{"@context":"https:\/\/schema.org","@graph":[{"@type":"WebPage","@id":"https:\/\/tdbank4.site.findly.com\/fr-CA\/recrutement-universitaire\/","url":"https:\/\/tdbank4.site.findly.com\/fr-CA\/recrutement-universitaire\/","name":"Recrutement Universitaire","isPartOf":{"@id":"https:\/\/tdbank4.site.findly.com\/fr-CA\/#website"},"datePublished":"2015-05-15T16:57:19+00:00","dateModified":"2024-05-01T17:15:38+00:00","breadcrumb":{"@id":"https:\/\/tdbank4.site.findly.com\/fr-CA\/recrutement-universitaire\/#breadcrumb"},"inLanguage":"fr-CA","potentialAction":[{"@type":"ReadAction","target":["https:\/\/tdbank4.site.findly.com\/fr-CA\/recrutement-universitaire\/"]}]},{"@type":"BreadcrumbList","@id":"https:\/\/tdbank4.site.findly.com\/fr-CA\/recrutement-universitaire\/#breadcrumb","itemListElement":[{"@type":"ListItem","position":1,"name":"Home","item":"https:\/\/tdbank4.site.findly.com\/fr-CA\/"},{"@type":"ListItem","position":2,"name":"Recrutement Universitaire"}]},{"@type":"WebSite","@id":"https:\/\/tdbank4.site.findly.com\/fr-CA\/#website","url":"https:\/\/tdbank4.site.findly.com\/fr-CA\/","name":"Banque TD","description":"Responsive Career site","potentialAction":[{"@type":"SearchAction","target":{"@type":"EntryPoint","urlTemplate":"https:\/\/tdbank4.site.findly.com\/fr-CA\/?s={search_term_string}"},"query-input":"required name=search_term_string"}],"inLanguage":"fr-CA"}]}},"_links":{"self":[{"href":"https:\/\/tdbank4.site.findly.com\/fr-CA\/wp-json\/wp\/v2\/pages\/2228","targetHints":{"allow":["GET"]}}],"collection":[{"href":"https:\/\/tdbank4.site.findly.com\/fr-CA\/wp-json\/wp\/v2\/pages"}],"about":[{"href":"https:\/\/tdbank4.site.findly.com\/fr-CA\/wp-json\/wp\/v2\/types\/page"}],"author":[{"embeddable":true,"href":"https:\/\/tdbank4.site.findly.com\/fr-CA\/wp-json\/wp\/v2\/users\/1"}],"replies":[{"embeddable":true,"href":"https:\/\/tdbank4.site.findly.com\/fr-CA\/wp-json\/wp\/v2\/comments?post=2228"}],"version-history":[{"count":15,"href":"https:\/\/tdbank4.site.findly.com\/fr-CA\/wp-json\/wp\/v2\/pages\/2228\/revisions"}],"predecessor-version":[{"id":22102,"href":"https:\/\/tdbank4.site.findly.com\/fr-CA\/wp-json\/wp\/v2\/pages\/2228\/revisions\/22102"}],"wp:attachment":[{"href":"https:\/\/tdbank4.site.findly.com\/fr-CA\/wp-json\/wp\/v2\/media?parent=2228"}],"curies":[{"name":"wp","href":"https:\/\/api.w.org\/{rel}","templated":true}]}}