{"id":20552,"date":"2023-04-14T03:48:01","date_gmt":"2023-04-14T03:48:01","guid":{"rendered":"https:\/\/jobs.td.com\/?page_id=20552"},"modified":"2023-06-21T10:56:42","modified_gmt":"2023-06-21T10:56:42","slug":"agile-scale","status":"publish","type":"page","link":"https:\/\/tdbank4.site.findly.com\/fr-CA\/agile-scale\/","title":{"rendered":"Agile @Scale"},"content":{"rendered":"<\/div><\/div><\/div><!-- close content main div --><\/div><\/div><div id='banner-subpage' class='avia-section alternate_color avia-section-default avia-no-border-styling avia-bg-style-scroll   banner-agile av-minimum-height av-minimum-height-custom container_wrap fullsize' style = 'background-repeat: no-repeat; background-image: url(\/wp-content\/uploads\/sites\/2630\/2023\/04\/03115221\/Upload_20230329-190323.png); background-attachment: scroll; background-position: top left; ' data-section-bg-repeat='no-repeat' ><div class='container' ><div class='template-page content  av-content-full alpha units'><div class='post-entry post-entry-type-page post-entry-20552'><div class='entry-content-wrapper clearfix'>\n<section class=\"av_textblock_section\"  itemscope=\"itemscope\" itemtype=\"https:\/\/schema.org\/CreativeWork\" ><div class='avia_textblock headertext moretext w32 t50 left50 tagline-position-banner agile-banner-text agile-banner-text-fr desktop-only'   itemprop=\"text\" ><div tabindex=\"0\">Il y a toujours un moyen d\u2019am\u00e9liorer les choses \u2013 trouvons-le ensemble<\/div>\n<\/div><\/section>\n\n<\/div><\/div><\/div><!-- close content main div --><\/div><\/div><div id='mobile-bannertext-agile' class='avia-section alternate_color avia-section-default avia-no-border-styling avia-bg-style-scroll  mobile-only av-minimum-height av-minimum-height-custom container_wrap fullsize' style = 'background-color: #ffffff; background-color: #ffffff; '  ><div class='container' ><div class='template-page content  av-content-full alpha units'><div class='post-entry post-entry-type-page post-entry-20552'><div class='entry-content-wrapper clearfix'>\n<section class=\"av_textblock_section\"  itemscope=\"itemscope\" itemtype=\"https:\/\/schema.org\/CreativeWork\" ><div class='avia_textblock headertext-agile-mobile mobile-only'   itemprop=\"text\" ><div tabindex=\"0\">Il y a toujours un moyen d\u2019am\u00e9liorer les choses \u2013 trouvons-le ensemble<\/div>\n<\/div><\/section>\n\n<\/div><\/div><\/div><!-- close content main div --><\/div><\/div><div id='secjobsearchbar' class='avia-section main_color avia-section-small avia-no-border-styling avia-bg-style-scroll   container_wrap fullsize'   ><div class='container' ><div class='template-page content  av-content-full alpha units'><div class='post-entry post-entry-type-page post-entry-20552'><div class='entry-content-wrapper clearfix'>\n\n\n<\/div><\/div><\/div><!-- close content main div --><\/div><\/div><div id='secMainCopy' class='av-layout-grid-container entry-content-wrapper main_color av-flex-cells   container_wrap fullsize'   >\n<div class=\"flex_cell no_margin av_one_fourth  navCell  \" style='vertical-align:top; padding:0px 0px 0 0px ; background-color:#efeff4; '><div class='flex_cell_inner' ><div class=\"flex_column av_one_full  flex_column_div first  \" ><div class='avia-builder-widget-area clearfix '><div id=\"nav_menu-8\" class=\"widget clearfix widget_nav_menu\"><div class=\"menu-job-ops-corporate-french-can0-container\"><ul id=\"menu-job-ops-corporate-french-can0\" class=\"menu\"><li id=\"menu-item-2012\" class=\"menu-item menu-item-type-post_type menu-item-object-page menu-item-2012\"><a href=\"https:\/\/tdbank4.site.findly.com\/fr-CA\/possibilites-demploi\/services-bancaires-de-detail\/\">Occasions au sein des Services bancaires de d\u00e9tail<\/a><\/li>\n<li id=\"menu-item-2014\" class=\"menu-item menu-item-type-post_type menu-item-object-page menu-item-has-children menu-item-2014\"><a href=\"https:\/\/tdbank4.site.findly.com\/fr-CA\/possibilites-demploi\/occasions-au-sein-du-bureau-de-la-societe\/\">Occasions au sein du Bureau de la Soci\u00e9t\u00e9<\/a>\n<ul class=\"sub-menu\">\n\t<li id=\"menu-item-20564\" class=\"menu-item menu-item-type-post_type menu-item-object-page menu-item-20564\"><a href=\"https:\/\/tdbank4.site.findly.com\/fr-CA\/agile-scale\/\">Agile \u00e0 grande \u00e9chelle<\/a><\/li>\n\t<li id=\"menu-item-21110\" class=\"menu-item menu-item-type-post_type menu-item-object-page menu-item-21110\"><a href=\"https:\/\/tdbank4.site.findly.com\/fr-CA\/engineering\/\">Pratiques d\u2019ing\u00e9nierie<\/a><\/li>\n\t<li id=\"menu-item-2016\" class=\"menu-item menu-item-type-post_type menu-item-object-page menu-item-2016\"><a href=\"https:\/\/tdbank4.site.findly.com\/fr-CA\/possibilites-demploi\/occasions-au-sein-du-bureau-de-la-societe\/lutte-contre-le-blanchiment-dargent-conformite-et-relations-avec-les-autorites-de-reglementation\/\">Lutte contre le blanchiment d\u2019argent, Conformit\u00e9 et Relations avec les autorit\u00e9s de r\u00e9glementation<\/a><\/li>\n\t<li id=\"menu-item-2018\" class=\"menu-item menu-item-type-post_type menu-item-object-page menu-item-2018\"><a href=\"https:\/\/tdbank4.site.findly.com\/fr-CA\/possibilites-demploi\/occasions-au-sein-du-bureau-de-la-societe\/audit\/\">Audit<\/a><\/li>\n\t<li id=\"menu-item-2020\" class=\"menu-item menu-item-type-post_type menu-item-object-page menu-item-2020\"><a href=\"https:\/\/tdbank4.site.findly.com\/fr-CA\/possibilites-demploi\/occasions-au-sein-du-bureau-de-la-societe\/affaires-internes-et-publiques\/\">Affaires internes et publiques<\/a><\/li>\n\t<li id=\"menu-item-2022\" class=\"menu-item menu-item-type-post_type menu-item-object-page menu-item-2022\"><a href=\"https:\/\/tdbank4.site.findly.com\/fr-CA\/possibilites-demploi\/occasions-au-sein-du-bureau-de-la-societe\/relations-communautaires-et-environnement\/\">Relations communautaires et Environnement<\/a><\/li>\n\t<li id=\"menu-item-2026\" class=\"menu-item menu-item-type-post_type menu-item-object-page menu-item-2026\"><a href=\"https:\/\/tdbank4.site.findly.com\/fr-CA\/possibilites-demploi\/occasions-au-sein-du-bureau-de-la-societe\/services-immobiliers-de-lentreprise\/\">Services immobiliers de l\u2019entreprise<\/a><\/li>\n\t<li id=\"menu-item-14598\" class=\"menu-item menu-item-type-post_type menu-item-object-page menu-item-14598\"><a href=\"https:\/\/tdbank4.site.findly.com\/fr-CA\/donnees-analyses\/\">Donn\u00e9es et analyses<\/a><\/li>\n\t<li id=\"menu-item-2028\" class=\"menu-item menu-item-type-post_type menu-item-object-page menu-item-2028\"><a href=\"https:\/\/tdbank4.site.findly.com\/fr-CA\/possibilites-demploi\/occasions-au-sein-du-bureau-de-la-societe\/finances\/\">Finances<\/a><\/li>\n\t<li id=\"menu-item-2030\" class=\"menu-item menu-item-type-post_type menu-item-object-page menu-item-2030\"><a href=\"https:\/\/tdbank4.site.findly.com\/fr-CA\/possibilites-demploi\/occasions-au-sein-du-bureau-de-la-societe\/ressources-humaines\/\">Ressources humaines<\/a><\/li>\n\t<li id=\"menu-item-2034\" class=\"menu-item menu-item-type-post_type menu-item-object-page menu-item-2034\"><a href=\"https:\/\/tdbank4.site.findly.com\/fr-CA\/possibilites-demploi\/occasions-au-sein-du-bureau-de-la-societe\/conseiller-en-placement\/\">Conseiller en placement<\/a><\/li>\n\t<li id=\"menu-item-2036\" class=\"menu-item menu-item-type-post_type menu-item-object-page menu-item-2036\"><a href=\"https:\/\/tdbank4.site.findly.com\/fr-CA\/possibilites-demploi\/occasions-au-sein-du-bureau-de-la-societe\/service-juridique-td\/\">Service juridique TD<\/a><\/li>\n\t<li id=\"menu-item-2038\" class=\"menu-item menu-item-type-post_type menu-item-object-page menu-item-2038\"><a href=\"https:\/\/tdbank4.site.findly.com\/fr-CA\/possibilites-demploi\/occasions-au-sein-du-bureau-de-la-societe\/marketing\/\">Marketing<\/a><\/li>\n\t<li id=\"menu-item-2040\" class=\"menu-item menu-item-type-post_type menu-item-object-page menu-item-2040\"><a href=\"https:\/\/tdbank4.site.findly.com\/fr-CA\/possibilites-demploi\/occasions-au-sein-du-bureau-de-la-societe\/exploitation\/\">Exploitation<\/a><\/li>\n\t<li id=\"menu-item-2042\" class=\"menu-item menu-item-type-post_type menu-item-object-page menu-item-2042\"><a href=\"https:\/\/tdbank4.site.findly.com\/fr-CA\/possibilites-demploi\/occasions-au-sein-du-bureau-de-la-societe\/approvisionnement\/\">Approvisionnement<\/a><\/li>\n\t<li id=\"menu-item-2044\" class=\"menu-item menu-item-type-post_type menu-item-object-page menu-item-2044\"><a href=\"https:\/\/tdbank4.site.findly.com\/fr-CA\/possibilites-demploi\/occasions-au-sein-du-bureau-de-la-societe\/gestion-de-developpement-de-produits\/\">Gestion de d\u00e9veloppement de produits<\/a><\/li>\n\t<li id=\"menu-item-2046\" class=\"menu-item menu-item-type-post_type menu-item-object-page menu-item-2046\"><a href=\"https:\/\/tdbank4.site.findly.com\/fr-CA\/possibilites-demploi\/occasions-au-sein-du-bureau-de-la-societe\/risque\/\">Risque<\/a><\/li>\n\t<li id=\"menu-item-2048\" class=\"menu-item menu-item-type-post_type menu-item-object-page menu-item-2048\"><a href=\"https:\/\/tdbank4.site.findly.com\/fr-CA\/possibilites-demploi\/occasions-au-sein-du-bureau-de-la-societe\/ventes-et-expansion-des-affaires\/\">Ventes et Expansion des affaires<\/a><\/li>\n\t<li id=\"menu-item-2032\" class=\"menu-item menu-item-type-post_type menu-item-object-page menu-item-2032\"><a href=\"https:\/\/tdbank4.site.findly.com\/fr-CA\/possibilites-demploi\/occasions-au-sein-du-bureau-de-la-societe\/technologies-de-linformation\/\">Solutions technologiques<\/a><\/li>\n<\/ul>\n<\/li>\n<li id=\"menu-item-7399\" class=\"menu-item menu-item-type-post_type menu-item-object-page menu-item-7399\"><a href=\"https:\/\/tdbank4.site.findly.com\/fr-CA\/possibilites-demploi\/occasions-au-sein-du-bureau-de-la-societe\/centre-de-contact\/\">Centre de contact<\/a><\/li>\n<\/ul><\/div><\/div><\/div><\/div>\n<\/div><\/div><div class=\"flex_cell no_margin av_three_fourth  mainCell  \" style='vertical-align:top; padding:0px 30px 30px 30px ; background-color:#ffffff; '><div class='flex_cell_inner' ><p><div class=\"flex_column av_one_full  flex_column_div first  whats-next-agile \" style='padding:0px 0px 0px 0px ; border-radius:0px; '><section class=\"av_textblock_section\"  itemscope=\"itemscope\" itemtype=\"https:\/\/schema.org\/CreativeWork\" ><div class='avia_textblock '   itemprop=\"text\" ><h1 class=\"copyHeading\" tabindex=\"0\">Pratique agile \u00e0 grande \u00e9chelle<\/h1>\n<\/div><\/section><br \/>\n<section class=\"av_textblock_section\"  itemscope=\"itemscope\" itemtype=\"https:\/\/schema.org\/CreativeWork\" ><div class='avia_textblock '   itemprop=\"text\" ><p>\u00c0 la TD, nous sommes profond\u00e9ment d\u00e9termin\u00e9s \u00e0 \u00eatre une meilleure banque.<\/p>\n<p>Maintenant plus que jamais, pour concr\u00e9tiser cette promesse faite \u00e0 nos clients et \u00e0 nos coll\u00e8gues, nous devons \u00eatre la banque la plus rapide et la plus agile. Nous simplifions la fa\u00e7on dont nos \u00e9quipes travaillent et nous donnons \u00e0 nos coll\u00e8gues les moyens d\u2019obtenir de meilleurs r\u00e9sultats, plus rapidement, pour notre client\u00e8le. Pour ce faire, la TD modifie notre fa\u00e7on de travailler gr\u00e2ce \u00e0 l\u2019une des transformations agiles les plus vastes de son histoire \u2013 <a href=\"https:\/\/actualites.td.com\/ca\/fr\/article\/la-nouvelle-evolution-du-travail?lang=swap\" rel=\"noopener\" target=\"_blank\">la Nouvelle \u00e9volution du travail (NET)<\/a>.<\/p>\n<\/div><\/section><\/p><\/div><div class=\"flex_column av_one_full  flex_column_div first  intro-agile-section \" style='padding:30px 0px 0px 0px ; border-radius:0px; '><section class=\"av_textblock_section\"  itemscope=\"itemscope\" itemtype=\"https:\/\/schema.org\/CreativeWork\" ><div class='avia_textblock '   itemprop=\"text\" ><h2 class=\"copyHeading\" style=\"margin: 0px 0 10px 0; color: #027602; font-size: 1.85em;\" tabindex=\"0\">Introduction \u00e0 la pratique agile \u00e0 grande \u00e9chelle<\/h2>\n<\/div><\/section><br \/>\n<section class=\"av_textblock_section\"  itemscope=\"itemscope\" itemtype=\"https:\/\/schema.org\/CreativeWork\" ><div class='avia_textblock '   itemprop=\"text\" ><p>La pratique agile \u00e0 grande \u00e9chelle joue un r\u00f4le essentiel dans l\u2019acc\u00e9l\u00e9ration de l\u2019adoption de pratiques agiles et de l\u2019am\u00e9lioration continue des \u00e9quipes qui exercent leurs activit\u00e9s dans le cadre de la pratique agile \u00e0 l\u2019\u00e9chelle de la TD. Nous sommes \u00e0 la recherche de personnes hautement motiv\u00e9es et qualifi\u00e9es, qui ont \u00e0 c\u0153ur d\u2019offrir des solutions cr\u00e9atives et innovantes sur lesquelles nos clients peuvent compter.<\/p>\n<\/div><\/section><br \/>\n<section class=\"av_textblock_section\"  itemscope=\"itemscope\" itemtype=\"https:\/\/schema.org\/CreativeWork\" ><div class='avia_textblock '   itemprop=\"text\" ><p>Voici certains des r\u00f4les : Coachs agiles, Ma\u00eetres de m\u00eal\u00e9e, Ing\u00e9nieurs, Nouvelles solutions, Ing\u00e9nieurs, Nouvelles versions, Responsables de la pratique agile.<\/p>\n<\/div><\/section><\/p><\/div><div class=\"flex_column av_one_full  flex_column_div first  agile-mindset-section \" style='padding:30px 0px 0px 0px ; border-radius:0px; '><section class=\"av_textblock_section\"  itemscope=\"itemscope\" itemtype=\"https:\/\/schema.org\/CreativeWork\" ><div class='avia_textblock '   itemprop=\"text\" ><h2 class=\"copyHeading\" style=\"margin: 0px 0 10px 0; color: #027602; font-size: 1.85em;\" tabindex=\"0\">Pourquoi entrer au service de la TD?<\/h2>\n<\/div><\/section><\/div><div class=\"flex_column av_one_full  flex_column_div first  agile-mindset-section \" style='padding:30px 0px 0px 0px ; border-radius:0px; '><section class=\"av_textblock_section\"  itemscope=\"itemscope\" itemtype=\"https:\/\/schema.org\/CreativeWork\" ><div class='avia_textblock '   itemprop=\"text\" ><h2 class=\"copyHeading\" style=\"margin: 0px 0 20px 0; color: #027602; font-size: 1.85em;\" tabindex=\"0\">La TD est agile<\/h2>\n<\/div><\/section><br \/>\n<section class=\"avia_codeblock_section avia_code_block_0\"  itemscope=\"itemscope\" itemtype=\"https:\/\/schema.org\/CreativeWork\" ><div class='avia_codeblock agilevideos'  itemprop=\"text\" > [avia_codeblock_placeholder uid=\"0\"] <\/div><\/section><br \/>\n<section class=\"avia_codeblock_section avia_code_block_1\"  itemscope=\"itemscope\" itemtype=\"https:\/\/schema.org\/CreativeWork\" ><div class='avia_codeblock agilevideos'  itemprop=\"text\" > [avia_codeblock_placeholder uid=\"1\"] <\/div><\/section><br \/>\n<section class=\"avia_codeblock_section avia_code_block_2\"  itemscope=\"itemscope\" itemtype=\"https:\/\/schema.org\/CreativeWork\" ><div class='avia_codeblock agilevideos'  itemprop=\"text\" > [avia_codeblock_placeholder uid=\"2\"] <\/div><\/section><\/p><\/div><div class=\"flex_column av_one_full  flex_column_div first  hear-from-our-section \" style='padding:30px 0px 0px 0px ; border-radius:0px; '><section class=\"av_textblock_section\"  itemscope=\"itemscope\" itemtype=\"https:\/\/schema.org\/CreativeWork\" ><div class='avia_textblock '   itemprop=\"text\" ><h2 class=\"copyHeading\" style=\"margin: 0px 0 20px 0; color: #027602; font-size: 1.85em;\" tabindex=\"0\">T\u00e9moignages de nos coll\u00e8gues<\/h2>\n<\/div><\/section><br \/>\n<section class=\"avia_codeblock_section avia_code_block_3\"  itemscope=\"itemscope\" itemtype=\"https:\/\/schema.org\/CreativeWork\" ><div class='avia_codeblock agilevideos'  itemprop=\"text\" > [avia_codeblock_placeholder uid=\"3\"] <\/div><\/section><br \/>\n<section class=\"avia_codeblock_section avia_code_block_4\"  itemscope=\"itemscope\" itemtype=\"https:\/\/schema.org\/CreativeWork\" ><div class='avia_codeblock '  itemprop=\"text\" > [avia_codeblock_placeholder uid=\"4\"] <\/div><\/section><br \/>\n<section class=\"avia_codeblock_section avia_code_block_5\"  itemscope=\"itemscope\" itemtype=\"https:\/\/schema.org\/CreativeWork\" ><div class='avia_codeblock '  itemprop=\"text\" > [avia_codeblock_placeholder uid=\"5\"] <\/div><\/section><br \/>\n<section class=\"av_textblock_section\"  itemscope=\"itemscope\" itemtype=\"https:\/\/schema.org\/CreativeWork\" ><div class='avia_textblock hear-from-text'   itemprop=\"text\" ><p>\u00c9coutez nos coll\u00e8gues de la pratique agile faire part de leur exp\u00e9rience aux postes de ma\u00eetre de m\u00eal\u00e9e I, de ma\u00eetre de m\u00eal\u00e9e II et de ma\u00eetre de m\u00eal\u00e9e IIl.<\/p>\n<\/div><\/section><\/p><\/div><\/p>\n<\/div><\/div><\/div>\n<\/div>\n","protected":false},"excerpt":{"rendered":"","protected":false},"author":1997,"featured_media":0,"parent":0,"menu_order":0,"comment_status":"closed","ping_status":"closed","template":"","meta":{"footnotes":""},"class_list":["post-20552","page","type-page","status-publish","hentry"],"yoast_head":"<!-- This site is optimized with the Yoast SEO Premium plugin v23.0 (Yoast SEO v23.0) - https:\/\/yoast.com\/wordpress\/plugins\/seo\/ -->\n<title>Joignez-vous \u00e0 notre \u00e9quipe de coachs experts de la m\u00e9thode agile et participez \u00e0 la transformation agile la plus ambitieuse en Am\u00e9rique du Nord | Posez votre candidature<\/title>\n<meta name=\"description\" content=\"La Nouvelle \u00e9volution du travail (NET) de la TD sera la transformation agile la plus ambitieuse en Am\u00e9rique du Nord et mettra l\u2019accent sur la collaboration am\u00e9lior\u00e9e entre \u00e9quipes travaillant selon les pratiques agiles \u00e0 grande \u00e9chelle. Nous sommes \u00e0 la recherche de professionnels agiles passionn\u00e9s, notamment des ma\u00eetres de m\u00eal\u00e9e, des coachs agiles et des responsables de pratique pour nous aider \u00e0 r\u00e9inventer nos parcours client.\" \/>\n<meta name=\"robots\" content=\"noindex, follow, max-snippet:-1, max-image-preview:large, max-video-preview:-1\" \/>\n<meta property=\"og:locale\" content=\"fr_CA\" \/>\n<meta property=\"og:type\" content=\"article\" \/>\n<meta property=\"og:title\" content=\"Agile @Scale\" \/>\n<meta property=\"og:description\" content=\"La Nouvelle \u00e9volution du travail (NET) de la TD sera la transformation agile la plus ambitieuse en Am\u00e9rique du Nord et mettra l\u2019accent sur la collaboration am\u00e9lior\u00e9e entre \u00e9quipes travaillant selon les pratiques agiles \u00e0 grande \u00e9chelle. Nous sommes \u00e0 la recherche de professionnels agiles passionn\u00e9s, notamment des ma\u00eetres de m\u00eal\u00e9e, des coachs agiles et des responsables de pratique pour nous aider \u00e0 r\u00e9inventer nos parcours client.\" \/>\n<meta property=\"og:url\" content=\"https:\/\/tdbank4.site.findly.com\/fr-CA\/agile-scale\/\" \/>\n<meta property=\"og:site_name\" content=\"Banque TD\" \/>\n<meta property=\"article:publisher\" content=\"https:\/\/www.facebook.com\/TDBank\" \/>\n<meta property=\"article:modified_time\" content=\"2023-06-21T10:56:42+00:00\" \/>\n<meta name=\"twitter:label1\" content=\"Estimation du temps de lecture\" \/>\n\t<meta name=\"twitter:data1\" content=\"10 minutes\" \/>\n<script type=\"application\/ld+json\" class=\"yoast-schema-graph\">{\"@context\":\"https:\/\/schema.org\",\"@graph\":[{\"@type\":\"WebPage\",\"@id\":\"https:\/\/tdbank4.site.findly.com\/fr-CA\/agile-scale\/\",\"url\":\"https:\/\/tdbank4.site.findly.com\/fr-CA\/agile-scale\/\",\"name\":\"Joignez-vous \u00e0 notre \u00e9quipe de coachs experts de la m\u00e9thode agile et participez \u00e0 la transformation agile la plus ambitieuse en Am\u00e9rique du Nord | Posez votre candidature\",\"isPartOf\":{\"@id\":\"https:\/\/tdbank4.site.findly.com\/fr-CA\/#website\"},\"datePublished\":\"2023-04-14T03:48:01+00:00\",\"dateModified\":\"2023-06-21T10:56:42+00:00\",\"description\":\"La Nouvelle \u00e9volution du travail (NET) de la TD sera la transformation agile la plus ambitieuse en Am\u00e9rique du Nord et mettra l\u2019accent sur la collaboration am\u00e9lior\u00e9e entre \u00e9quipes travaillant selon les pratiques agiles \u00e0 grande \u00e9chelle. Nous sommes \u00e0 la recherche de professionnels agiles passionn\u00e9s, notamment des ma\u00eetres de m\u00eal\u00e9e, des coachs agiles et des responsables de pratique pour nous aider \u00e0 r\u00e9inventer nos parcours client.\",\"breadcrumb\":{\"@id\":\"https:\/\/tdbank4.site.findly.com\/fr-CA\/agile-scale\/#breadcrumb\"},\"inLanguage\":\"fr-CA\",\"potentialAction\":[{\"@type\":\"ReadAction\",\"target\":[\"https:\/\/tdbank4.site.findly.com\/fr-CA\/agile-scale\/\"]}]},{\"@type\":\"BreadcrumbList\",\"@id\":\"https:\/\/tdbank4.site.findly.com\/fr-CA\/agile-scale\/#breadcrumb\",\"itemListElement\":[{\"@type\":\"ListItem\",\"position\":1,\"name\":\"Home\",\"item\":\"https:\/\/tdbank4.site.findly.com\/fr-CA\/\"},{\"@type\":\"ListItem\",\"position\":2,\"name\":\"Agile @Scale\"}]},{\"@type\":\"WebSite\",\"@id\":\"https:\/\/tdbank4.site.findly.com\/fr-CA\/#website\",\"url\":\"https:\/\/tdbank4.site.findly.com\/fr-CA\/\",\"name\":\"Banque TD\",\"description\":\"Responsive Career site\",\"potentialAction\":[{\"@type\":\"SearchAction\",\"target\":{\"@type\":\"EntryPoint\",\"urlTemplate\":\"https:\/\/tdbank4.site.findly.com\/fr-CA\/?s={search_term_string}\"},\"query-input\":\"required name=search_term_string\"}],\"inLanguage\":\"fr-CA\"}]}<\/script>\n<!-- \/ Yoast SEO Premium plugin. -->","yoast_head_json":{"title":"Joignez-vous \u00e0 notre \u00e9quipe de coachs experts de la m\u00e9thode agile et participez \u00e0 la transformation agile la plus ambitieuse en Am\u00e9rique du Nord | Posez votre candidature","description":"La Nouvelle \u00e9volution du travail (NET) de la TD sera la transformation agile la plus ambitieuse en Am\u00e9rique du Nord et mettra l\u2019accent sur la collaboration am\u00e9lior\u00e9e entre \u00e9quipes travaillant selon les pratiques agiles \u00e0 grande \u00e9chelle. Nous sommes \u00e0 la recherche de professionnels agiles passionn\u00e9s, notamment des ma\u00eetres de m\u00eal\u00e9e, des coachs agiles et des responsables de pratique pour nous aider \u00e0 r\u00e9inventer nos parcours client.","robots":{"index":"noindex","follow":"follow","max-snippet":"max-snippet:-1","max-image-preview":"max-image-preview:large","max-video-preview":"max-video-preview:-1"},"og_locale":"fr_CA","og_type":"article","og_title":"Agile @Scale","og_description":"La Nouvelle \u00e9volution du travail (NET) de la TD sera la transformation agile la plus ambitieuse en Am\u00e9rique du Nord et mettra l\u2019accent sur la collaboration am\u00e9lior\u00e9e entre \u00e9quipes travaillant selon les pratiques agiles \u00e0 grande \u00e9chelle. Nous sommes \u00e0 la recherche de professionnels agiles passionn\u00e9s, notamment des ma\u00eetres de m\u00eal\u00e9e, des coachs agiles et des responsables de pratique pour nous aider \u00e0 r\u00e9inventer nos parcours client.","og_url":"https:\/\/tdbank4.site.findly.com\/fr-CA\/agile-scale\/","og_site_name":"Banque TD","article_publisher":"https:\/\/www.facebook.com\/TDBank","article_modified_time":"2023-06-21T10:56:42+00:00","twitter_misc":{"Estimation du temps de lecture":"10 minutes"},"schema":{"@context":"https:\/\/schema.org","@graph":[{"@type":"WebPage","@id":"https:\/\/tdbank4.site.findly.com\/fr-CA\/agile-scale\/","url":"https:\/\/tdbank4.site.findly.com\/fr-CA\/agile-scale\/","name":"Joignez-vous \u00e0 notre \u00e9quipe de coachs experts de la m\u00e9thode agile et participez \u00e0 la transformation agile la plus ambitieuse en Am\u00e9rique du Nord | Posez votre candidature","isPartOf":{"@id":"https:\/\/tdbank4.site.findly.com\/fr-CA\/#website"},"datePublished":"2023-04-14T03:48:01+00:00","dateModified":"2023-06-21T10:56:42+00:00","description":"La Nouvelle \u00e9volution du travail (NET) de la TD sera la transformation agile la plus ambitieuse en Am\u00e9rique du Nord et mettra l\u2019accent sur la collaboration am\u00e9lior\u00e9e entre \u00e9quipes travaillant selon les pratiques agiles \u00e0 grande \u00e9chelle. Nous sommes \u00e0 la recherche de professionnels agiles passionn\u00e9s, notamment des ma\u00eetres de m\u00eal\u00e9e, des coachs agiles et des responsables de pratique pour nous aider \u00e0 r\u00e9inventer nos parcours client.","breadcrumb":{"@id":"https:\/\/tdbank4.site.findly.com\/fr-CA\/agile-scale\/#breadcrumb"},"inLanguage":"fr-CA","potentialAction":[{"@type":"ReadAction","target":["https:\/\/tdbank4.site.findly.com\/fr-CA\/agile-scale\/"]}]},{"@type":"BreadcrumbList","@id":"https:\/\/tdbank4.site.findly.com\/fr-CA\/agile-scale\/#breadcrumb","itemListElement":[{"@type":"ListItem","position":1,"name":"Home","item":"https:\/\/tdbank4.site.findly.com\/fr-CA\/"},{"@type":"ListItem","position":2,"name":"Agile @Scale"}]},{"@type":"WebSite","@id":"https:\/\/tdbank4.site.findly.com\/fr-CA\/#website","url":"https:\/\/tdbank4.site.findly.com\/fr-CA\/","name":"Banque TD","description":"Responsive Career site","potentialAction":[{"@type":"SearchAction","target":{"@type":"EntryPoint","urlTemplate":"https:\/\/tdbank4.site.findly.com\/fr-CA\/?s={search_term_string}"},"query-input":"required name=search_term_string"}],"inLanguage":"fr-CA"}]}},"_links":{"self":[{"href":"https:\/\/tdbank4.site.findly.com\/fr-CA\/wp-json\/wp\/v2\/pages\/20552","targetHints":{"allow":["GET"]}}],"collection":[{"href":"https:\/\/tdbank4.site.findly.com\/fr-CA\/wp-json\/wp\/v2\/pages"}],"about":[{"href":"https:\/\/tdbank4.site.findly.com\/fr-CA\/wp-json\/wp\/v2\/types\/page"}],"author":[{"embeddable":true,"href":"https:\/\/tdbank4.site.findly.com\/fr-CA\/wp-json\/wp\/v2\/users\/1997"}],"replies":[{"embeddable":true,"href":"https:\/\/tdbank4.site.findly.com\/fr-CA\/wp-json\/wp\/v2\/comments?post=20552"}],"version-history":[{"count":7,"href":"https:\/\/tdbank4.site.findly.com\/fr-CA\/wp-json\/wp\/v2\/pages\/20552\/revisions"}],"predecessor-version":[{"id":20854,"href":"https:\/\/tdbank4.site.findly.com\/fr-CA\/wp-json\/wp\/v2\/pages\/20552\/revisions\/20854"}],"wp:attachment":[{"href":"https:\/\/tdbank4.site.findly.com\/fr-CA\/wp-json\/wp\/v2\/media?parent=20552"}],"curies":[{"name":"wp","href":"https:\/\/api.w.org\/{rel}","templated":true}]}}