{"id":1541,"date":"2015-05-15T16:55:55","date_gmt":"2015-05-15T16:55:55","guid":{"rendered":"http:\/\/tdbank2.site.findly.com\/why-choose-us\/training-development\/"},"modified":"2018-10-18T10:26:26","modified_gmt":"2018-10-18T10:26:26","slug":"formation-et-perfectionnement","status":"publish","type":"page","link":"https:\/\/tdbank4.site.findly.com\/fr-CA\/pourquoi-nous-choisir\/formation-et-perfectionnement\/","title":{"rendered":"Formation et perfectionnement"},"content":{"rendered":"<\/div><\/div><\/div><!-- close content main div --><\/div><\/div><div id='banner-subpage' class='avia-section alternate_color avia-section-default avia-no-border-styling avia-bg-style-scroll   av-minimum-height av-minimum-height-custom container_wrap fullsize' style = 'background-repeat: no-repeat; background-image: url(https:\/\/tdbank4.site.findly.com\/wp-content\/uploads\/sites\/605\/2015\/05\/DT-TDSNYC-0001.jpg); background-attachment: scroll; background-position: top center; ' data-section-bg-repeat='no-repeat' ><div class='container' ><div class='template-page content  av-content-full alpha units'><div class='post-entry post-entry-type-page post-entry-1541'><div class='entry-content-wrapper clearfix'>\n<section class=\"av_textblock_section\"  itemscope=\"itemscope\" itemtype=\"https:\/\/schema.org\/CreativeWork\" ><div class='avia_textblock headertext w42 tagline-position-banner left50'   itemprop=\"text\" ><div>La passion de r\u00e9aliser le plein potentiel des employ\u00e9s.<\/div>\n<\/div><\/section>\n<\/div><\/div><\/div><!-- close content main div --><\/div><\/div><div id='mobile-bannertext' class='avia-section alternate_color avia-section-default avia-no-border-styling avia-bg-style-scroll   av-minimum-height av-minimum-height-custom container_wrap fullsize'   ><div class='container' ><div class='template-page content  av-content-full alpha units'><div class='post-entry post-entry-type-page post-entry-1541'><div class='entry-content-wrapper clearfix'>\n<section class=\"av_textblock_section\"  itemscope=\"itemscope\" itemtype=\"https:\/\/schema.org\/CreativeWork\" ><div class='avia_textblock headertext'   itemprop=\"text\" ><div>La passion de r\u00e9aliser le plein potentiel des employ\u00e9s.<\/div>\n<\/div><\/section>\n<\/p>\n<\/div><\/div><\/div><!-- close content main div --><\/div><\/div><div id='secjobsearchbar' class='avia-section main_color avia-section-small avia-no-border-styling avia-bg-style-scroll   container_wrap fullsize'   ><div class='container' ><div class='template-page content  av-content-full alpha units'><div class='post-entry post-entry-type-page post-entry-1541'><div class='entry-content-wrapper clearfix'>\n\n\n<\/div><\/div><\/div><!-- close content main div --><\/div><\/div><div id='secMainCopy' class='av-layout-grid-container entry-content-wrapper main_color av-flex-cells   container_wrap fullsize'   >\n<div class=\"flex_cell no_margin av_one_fourth  navCell  \" style='vertical-align:top; padding:0px 0px 0 0px ; background-color:#efeff4; '><div class='flex_cell_inner' ><div class=\"flex_column av_one_full  flex_column_div first  \" ><div class='avia-builder-widget-area clearfix '><div id=\"nav_menu-7\" class=\"widget clearfix widget_nav_menu\"><div class=\"menu-why-us-french-can0-container\"><ul id=\"menu-why-us-french-can0\" class=\"menu\"><li id=\"menu-item-2064\" class=\"menu-item menu-item-type-post_type menu-item-object-page menu-item-has-children menu-item-2064\"><a href=\"https:\/\/tdbank4.site.findly.com\/fr-CA\/pourquoi-nous-choisir\/\">Pourquoi nous choisir?<\/a>\n<ul class=\"sub-menu\">\n\t<li id=\"menu-item-2066\" class=\"menu-item menu-item-type-post_type menu-item-object-page menu-item-2066\"><a href=\"https:\/\/tdbank4.site.findly.com\/fr-CA\/pourquoi-nous-choisir\/reconnaissances\/\">Nos reconnaissances<\/a><\/li>\n\t<li id=\"menu-item-2068\" class=\"menu-item menu-item-type-post_type menu-item-object-page menu-item-2068\"><a href=\"https:\/\/tdbank4.site.findly.com\/fr-CA\/pourquoi-nous-choisir\/avantages\/\">Avantages<\/a><\/li>\n\t<li id=\"menu-item-2070\" class=\"menu-item menu-item-type-post_type menu-item-object-page menu-item-2070\"><a href=\"https:\/\/tdbank4.site.findly.com\/fr-CA\/pourquoi-nous-choisir\/engagement-communautaire\/\">Notre engagement envers les collectivit\u00e9s<\/a><\/li>\n\t<li id=\"menu-item-20061\" class=\"sidebar-accordion menu-item menu-item-type-custom menu-item-object-custom menu-item-has-children menu-item-20061\"><a href=\"#\">Diversit\u00e9<\/a>\n\t<ul class=\"sub-menu\">\n\t\t<li id=\"menu-item-2072\" class=\"menu-item menu-item-type-post_type menu-item-object-page menu-item-2072\"><a href=\"https:\/\/tdbank4.site.findly.com\/fr-CA\/pourquoi-nous-choisir\/diversite\/\">Notre engagement envers la diversit\u00e9<\/a><\/li>\n\t\t<li id=\"menu-item-20146\" class=\"menu-item menu-item-type-post_type menu-item-object-page menu-item-20146\"><a href=\"https:\/\/tdbank4.site.findly.com\/fr-CA\/pourquoi-nous-choisir\/diversite\/personnes-handicapees\/\">Personnes Handicap\u00e9es<\/a><\/li>\n\t<\/ul>\n<\/li>\n\t<li id=\"menu-item-2074\" class=\"menu-item menu-item-type-post_type menu-item-object-page menu-item-2074\"><a href=\"https:\/\/tdbank4.site.findly.com\/fr-CA\/pourquoi-nous-choisir\/environnement\/\">Protection de notre environnement<\/a><\/li>\n\t<li id=\"menu-item-2076\" class=\"menu-item menu-item-type-post_type menu-item-object-page menu-item-2076\"><a href=\"https:\/\/tdbank4.site.findly.com\/fr-CA\/pourquoi-nous-choisir\/leadership\/\">Notre leadership<\/a><\/li>\n\t<li id=\"menu-item-2078\" class=\"menu-item menu-item-type-post_type menu-item-object-page menu-item-2078\"><a href=\"https:\/\/tdbank4.site.findly.com\/fr-CA\/pourquoi-nous-choisir\/formation-et-perfectionnement\/\">Formation et perfectionnement<\/a><\/li>\n<\/ul>\n<\/li>\n<\/ul><\/div><\/div><\/div><\/div>\n<\/div><\/div><div class=\"flex_cell no_margin av_three_fourth  mainCell  \" style='vertical-align:top; padding:0px 30px 30px 30px ; background-color:#ffffff; '><div class='flex_cell_inner' ><div class=\"flex_column av_one_full  flex_column_div first  \" ><section class=\"av_textblock_section\"  itemscope=\"itemscope\" itemtype=\"https:\/\/schema.org\/CreativeWork\" ><div class='avia_textblock '   itemprop=\"text\" ><h1 class=\"copyHeading\">Formation et perfectionnement<\/h1>\n<\/div><\/section><br \/>\n<section class=\"av_textblock_section\"  itemscope=\"itemscope\" itemtype=\"https:\/\/schema.org\/CreativeWork\" ><div class='avia_textblock '   itemprop=\"text\" ><p>\u00c0 la\u00a0TD, nous croyons dans le perfectionnement de nos employ\u00e9s. En plus de recevoir r\u00e9guli\u00e8rement une r\u00e9troaction et un encadrement de leur sup\u00e9rieur, tous nos employ\u00e9s ont acc\u00e8s \u00e0 une formation en milieu de travail et \u00e0 une vari\u00e9t\u00e9 d\u2019outils et de ressources. Ces services comprennent notre programme de soutien \u00e0 la formation, des cours de cyberapprentissage, des ateliers ou des formations en classe, et bien plus encore.<\/p>\n<p>Nos processus de rendement et de perfectionnement individuels vous aideront \u00e0 cerner vos objectifs de perfectionnement et vos d\u00e9sirs en terme de carri\u00e8re pour d\u00e9finir un plan d\u2019action et les atteindre. Tout au long du processus, votre gestionnaire de personnel vous aidera \u00e0 atteindre et \u00e0 d\u00e9passer les attentes li\u00e9es au rendement. Nous vous offrons le soutien et les ressources dont vous avez besoin pour parfaire vos connaissances, perfectionner vos comp\u00e9tences et acqu\u00e9rir de l\u2019exp\u00e9rience, et ce, pour promouvoir votre r\u00e9ussite professionnelle. Nous voulons que tous nos employ\u00e9s atteignent leurs objectifs professionnels \u00e0 court et \u00e0 long terme, et votre gestionnaire soutiendra votre croissance en\u00a0:<\/p>\n<ul>\n<li>expliquant le processus de rendement et de perfectionnement individuels et les outils et les ressources disponibles;<\/li>\n<li>expliquant les responsabilit\u00e9s, les objectifs et les attentes en mati\u00e8re de rendement;<\/li>\n<li>d\u00e9montrant le lien entre vos contributions et le succ\u00e8s de l\u2019entreprise dans son ensemble;<\/li>\n<li>donnant r\u00e9guli\u00e8rement de la r\u00e9troaction \u00e9quilibr\u00e9e sur le rendement et le perfectionnement, de fa\u00e7on tant formelle qu\u2019informelle;<\/li>\n<li>donnant acc\u00e8s \u00e0 des exp\u00e9riences et des occasions au travail.<\/li>\n<\/ul>\n<\/div><\/section><\/p><\/div>\n<\/div><\/div>\n<\/div>\n","protected":false},"excerpt":{"rendered":"","protected":false},"author":1,"featured_media":0,"parent":1524,"menu_order":0,"comment_status":"closed","ping_status":"closed","template":"","meta":{"footnotes":""},"class_list":["post-1541","page","type-page","status-publish","hentry"],"yoast_head":"<!-- This site is optimized with the Yoast SEO Premium plugin v23.0 (Yoast SEO v23.0) - https:\/\/yoast.com\/wordpress\/plugins\/seo\/ -->\n<title>Formation et perfectionnement<\/title>\n<meta name=\"robots\" content=\"noindex, follow, max-snippet:-1, max-image-preview:large, max-video-preview:-1\" \/>\n<meta property=\"og:locale\" content=\"fr_CA\" \/>\n<meta property=\"og:type\" content=\"article\" \/>\n<meta property=\"og:title\" content=\"Formation et perfectionnement\" \/>\n<meta property=\"og:url\" content=\"https:\/\/tdbank4.site.findly.com\/fr-CA\/pourquoi-nous-choisir\/formation-et-perfectionnement\/\" \/>\n<meta property=\"og:site_name\" content=\"Banque TD\" \/>\n<meta property=\"article:publisher\" content=\"https:\/\/www.facebook.com\/TDBank\" \/>\n<meta property=\"article:modified_time\" content=\"2018-10-18T10:26:26+00:00\" \/>\n<meta name=\"twitter:label1\" content=\"Estimation du temps de lecture\" \/>\n\t<meta name=\"twitter:data1\" content=\"4 minutes\" \/>\n<script type=\"application\/ld+json\" class=\"yoast-schema-graph\">{\"@context\":\"https:\/\/schema.org\",\"@graph\":[{\"@type\":\"WebPage\",\"@id\":\"https:\/\/tdbank4.site.findly.com\/fr-CA\/pourquoi-nous-choisir\/formation-et-perfectionnement\/\",\"url\":\"https:\/\/tdbank4.site.findly.com\/fr-CA\/pourquoi-nous-choisir\/formation-et-perfectionnement\/\",\"name\":\"Formation et perfectionnement\",\"isPartOf\":{\"@id\":\"https:\/\/tdbank4.site.findly.com\/fr-CA\/#website\"},\"datePublished\":\"2015-05-15T16:55:55+00:00\",\"dateModified\":\"2018-10-18T10:26:26+00:00\",\"breadcrumb\":{\"@id\":\"https:\/\/tdbank4.site.findly.com\/fr-CA\/pourquoi-nous-choisir\/formation-et-perfectionnement\/#breadcrumb\"},\"inLanguage\":\"fr-CA\",\"potentialAction\":[{\"@type\":\"ReadAction\",\"target\":[\"https:\/\/tdbank4.site.findly.com\/fr-CA\/pourquoi-nous-choisir\/formation-et-perfectionnement\/\"]}]},{\"@type\":\"BreadcrumbList\",\"@id\":\"https:\/\/tdbank4.site.findly.com\/fr-CA\/pourquoi-nous-choisir\/formation-et-perfectionnement\/#breadcrumb\",\"itemListElement\":[{\"@type\":\"ListItem\",\"position\":1,\"name\":\"Home\",\"item\":\"https:\/\/tdbank4.site.findly.com\/fr-CA\/\"},{\"@type\":\"ListItem\",\"position\":2,\"name\":\"Pourquoi nous choisir?\",\"item\":\"https:\/\/tdbank4.site.findly.com\/fr-CA\/pourquoi-nous-choisir\/\"},{\"@type\":\"ListItem\",\"position\":3,\"name\":\"Formation et perfectionnement\"}]},{\"@type\":\"WebSite\",\"@id\":\"https:\/\/tdbank4.site.findly.com\/fr-CA\/#website\",\"url\":\"https:\/\/tdbank4.site.findly.com\/fr-CA\/\",\"name\":\"Banque TD\",\"description\":\"Responsive Career site\",\"potentialAction\":[{\"@type\":\"SearchAction\",\"target\":{\"@type\":\"EntryPoint\",\"urlTemplate\":\"https:\/\/tdbank4.site.findly.com\/fr-CA\/?s={search_term_string}\"},\"query-input\":\"required name=search_term_string\"}],\"inLanguage\":\"fr-CA\"}]}<\/script>\n<!-- \/ Yoast SEO Premium plugin. -->","yoast_head_json":{"title":"Formation et perfectionnement","robots":{"index":"noindex","follow":"follow","max-snippet":"max-snippet:-1","max-image-preview":"max-image-preview:large","max-video-preview":"max-video-preview:-1"},"og_locale":"fr_CA","og_type":"article","og_title":"Formation et perfectionnement","og_url":"https:\/\/tdbank4.site.findly.com\/fr-CA\/pourquoi-nous-choisir\/formation-et-perfectionnement\/","og_site_name":"Banque TD","article_publisher":"https:\/\/www.facebook.com\/TDBank","article_modified_time":"2018-10-18T10:26:26+00:00","twitter_misc":{"Estimation du temps de lecture":"4 minutes"},"schema":{"@context":"https:\/\/schema.org","@graph":[{"@type":"WebPage","@id":"https:\/\/tdbank4.site.findly.com\/fr-CA\/pourquoi-nous-choisir\/formation-et-perfectionnement\/","url":"https:\/\/tdbank4.site.findly.com\/fr-CA\/pourquoi-nous-choisir\/formation-et-perfectionnement\/","name":"Formation et perfectionnement","isPartOf":{"@id":"https:\/\/tdbank4.site.findly.com\/fr-CA\/#website"},"datePublished":"2015-05-15T16:55:55+00:00","dateModified":"2018-10-18T10:26:26+00:00","breadcrumb":{"@id":"https:\/\/tdbank4.site.findly.com\/fr-CA\/pourquoi-nous-choisir\/formation-et-perfectionnement\/#breadcrumb"},"inLanguage":"fr-CA","potentialAction":[{"@type":"ReadAction","target":["https:\/\/tdbank4.site.findly.com\/fr-CA\/pourquoi-nous-choisir\/formation-et-perfectionnement\/"]}]},{"@type":"BreadcrumbList","@id":"https:\/\/tdbank4.site.findly.com\/fr-CA\/pourquoi-nous-choisir\/formation-et-perfectionnement\/#breadcrumb","itemListElement":[{"@type":"ListItem","position":1,"name":"Home","item":"https:\/\/tdbank4.site.findly.com\/fr-CA\/"},{"@type":"ListItem","position":2,"name":"Pourquoi nous choisir?","item":"https:\/\/tdbank4.site.findly.com\/fr-CA\/pourquoi-nous-choisir\/"},{"@type":"ListItem","position":3,"name":"Formation et perfectionnement"}]},{"@type":"WebSite","@id":"https:\/\/tdbank4.site.findly.com\/fr-CA\/#website","url":"https:\/\/tdbank4.site.findly.com\/fr-CA\/","name":"Banque TD","description":"Responsive Career site","potentialAction":[{"@type":"SearchAction","target":{"@type":"EntryPoint","urlTemplate":"https:\/\/tdbank4.site.findly.com\/fr-CA\/?s={search_term_string}"},"query-input":"required name=search_term_string"}],"inLanguage":"fr-CA"}]}},"_links":{"self":[{"href":"https:\/\/tdbank4.site.findly.com\/fr-CA\/wp-json\/wp\/v2\/pages\/1541","targetHints":{"allow":["GET"]}}],"collection":[{"href":"https:\/\/tdbank4.site.findly.com\/fr-CA\/wp-json\/wp\/v2\/pages"}],"about":[{"href":"https:\/\/tdbank4.site.findly.com\/fr-CA\/wp-json\/wp\/v2\/types\/page"}],"author":[{"embeddable":true,"href":"https:\/\/tdbank4.site.findly.com\/fr-CA\/wp-json\/wp\/v2\/users\/1"}],"replies":[{"embeddable":true,"href":"https:\/\/tdbank4.site.findly.com\/fr-CA\/wp-json\/wp\/v2\/comments?post=1541"}],"version-history":[{"count":0,"href":"https:\/\/tdbank4.site.findly.com\/fr-CA\/wp-json\/wp\/v2\/pages\/1541\/revisions"}],"up":[{"embeddable":true,"href":"https:\/\/tdbank4.site.findly.com\/fr-CA\/wp-json\/wp\/v2\/pages\/1524"}],"wp:attachment":[{"href":"https:\/\/tdbank4.site.findly.com\/fr-CA\/wp-json\/wp\/v2\/media?parent=1541"}],"curies":[{"name":"wp","href":"https:\/\/api.w.org\/{rel}","templated":true}]}}