{"id":1537,"date":"2015-05-15T15:57:24","date_gmt":"2015-05-15T15:57:24","guid":{"rendered":"http:\/\/tdbank2.site.findly.com\/why-choose-us\/leadership\/"},"modified":"2018-10-12T08:45:26","modified_gmt":"2018-10-12T08:45:26","slug":"leadership","status":"publish","type":"page","link":"https:\/\/tdbank4.site.findly.com\/fr-CA\/pourquoi-nous-choisir\/leadership\/","title":{"rendered":"Leadership"},"content":{"rendered":"<\/div><\/div><\/div><!-- close content main div --><\/div><\/div><div id='banner-subpage' class='avia-section alternate_color avia-section-default avia-no-border-styling avia-bg-style-scroll   av-minimum-height av-minimum-height-custom container_wrap fullsize' style = 'background-repeat: no-repeat; background-image: url(https:\/\/tdbank4.site.findly.com\/wp-content\/uploads\/sites\/605\/2018\/10\/DT_DGTMB_005_9946.jpg); background-attachment: scroll; background-position: top center; ' data-section-bg-repeat='no-repeat' ><div class='container' ><div class='template-page content  av-content-full alpha units'><div class='post-entry post-entry-type-page post-entry-1537'><div class='entry-content-wrapper clearfix'>\n<section class=\"av_textblock_section\"  itemscope=\"itemscope\" itemtype=\"https:\/\/schema.org\/CreativeWork\" ><div class='avia_textblock headertext t47 w43 tagline-position-banner'   itemprop=\"text\" ><div>Des leaders qui vous \u00e9paulent et vous poussent \u00e0 donner le meilleur de vous-m\u00eame.<\/div>\n<\/div><\/section>\n<\/div><\/div><\/div><!-- close content main div --><\/div><\/div><div id='mobile-bannertext' class='avia-section alternate_color avia-section-default avia-no-border-styling avia-bg-style-scroll   av-minimum-height av-minimum-height-custom container_wrap fullsize'   ><div class='container' ><div class='template-page content  av-content-full alpha units'><div class='post-entry post-entry-type-page post-entry-1537'><div class='entry-content-wrapper clearfix'>\n<section class=\"av_textblock_section\"  itemscope=\"itemscope\" itemtype=\"https:\/\/schema.org\/CreativeWork\" ><div class='avia_textblock headertext'   itemprop=\"text\" ><div>Des leaders qui vous \u00e9paulent et vous poussent \u00e0 donner le meilleur de vous-m\u00eame.<\/div>\n<\/div><\/section>\n<\/p>\n<\/div><\/div><\/div><!-- close content main div --><\/div><\/div><div id='secjobsearchbar' class='avia-section main_color avia-section-small avia-no-border-styling avia-bg-style-scroll   container_wrap fullsize'   ><div class='container' ><div class='template-page content  av-content-full alpha units'><div class='post-entry post-entry-type-page post-entry-1537'><div class='entry-content-wrapper clearfix'>\n\n\n<\/div><\/div><\/div><!-- close content main div --><\/div><\/div><div id='secMainCopy' class='av-layout-grid-container entry-content-wrapper main_color av-flex-cells   container_wrap fullsize'   >\n<div class=\"flex_cell no_margin av_one_fourth  navCell  \" style='vertical-align:top; padding:0px 0px 0 0px ; background-color:#efeff4; '><div class='flex_cell_inner' ><div class=\"flex_column av_one_full  flex_column_div first  \" ><div class='avia-builder-widget-area clearfix '><div id=\"nav_menu-7\" class=\"widget clearfix widget_nav_menu\"><div class=\"menu-why-us-french-can0-container\"><ul id=\"menu-why-us-french-can0\" class=\"menu\"><li id=\"menu-item-2064\" class=\"menu-item menu-item-type-post_type menu-item-object-page menu-item-has-children menu-item-2064\"><a href=\"https:\/\/tdbank4.site.findly.com\/fr-CA\/pourquoi-nous-choisir\/\">Pourquoi nous choisir?<\/a>\n<ul class=\"sub-menu\">\n\t<li id=\"menu-item-2066\" class=\"menu-item menu-item-type-post_type menu-item-object-page menu-item-2066\"><a href=\"https:\/\/tdbank4.site.findly.com\/fr-CA\/pourquoi-nous-choisir\/reconnaissances\/\">Nos reconnaissances<\/a><\/li>\n\t<li id=\"menu-item-2068\" class=\"menu-item menu-item-type-post_type menu-item-object-page menu-item-2068\"><a href=\"https:\/\/tdbank4.site.findly.com\/fr-CA\/pourquoi-nous-choisir\/avantages\/\">Avantages<\/a><\/li>\n\t<li id=\"menu-item-2070\" class=\"menu-item menu-item-type-post_type menu-item-object-page menu-item-2070\"><a href=\"https:\/\/tdbank4.site.findly.com\/fr-CA\/pourquoi-nous-choisir\/engagement-communautaire\/\">Notre engagement envers les collectivit\u00e9s<\/a><\/li>\n\t<li id=\"menu-item-20061\" class=\"sidebar-accordion menu-item menu-item-type-custom menu-item-object-custom menu-item-has-children menu-item-20061\"><a href=\"#\">Diversit\u00e9<\/a>\n\t<ul class=\"sub-menu\">\n\t\t<li id=\"menu-item-2072\" class=\"menu-item menu-item-type-post_type menu-item-object-page menu-item-2072\"><a href=\"https:\/\/tdbank4.site.findly.com\/fr-CA\/pourquoi-nous-choisir\/diversite\/\">Notre engagement envers la diversit\u00e9<\/a><\/li>\n\t\t<li id=\"menu-item-20146\" class=\"menu-item menu-item-type-post_type menu-item-object-page menu-item-20146\"><a href=\"https:\/\/tdbank4.site.findly.com\/fr-CA\/pourquoi-nous-choisir\/diversite\/personnes-handicapees\/\">Personnes Handicap\u00e9es<\/a><\/li>\n\t<\/ul>\n<\/li>\n\t<li id=\"menu-item-2074\" class=\"menu-item menu-item-type-post_type menu-item-object-page menu-item-2074\"><a href=\"https:\/\/tdbank4.site.findly.com\/fr-CA\/pourquoi-nous-choisir\/environnement\/\">Protection de notre environnement<\/a><\/li>\n\t<li id=\"menu-item-2076\" class=\"menu-item menu-item-type-post_type menu-item-object-page menu-item-2076\"><a href=\"https:\/\/tdbank4.site.findly.com\/fr-CA\/pourquoi-nous-choisir\/leadership\/\">Notre leadership<\/a><\/li>\n\t<li id=\"menu-item-2078\" class=\"menu-item menu-item-type-post_type menu-item-object-page menu-item-2078\"><a href=\"https:\/\/tdbank4.site.findly.com\/fr-CA\/pourquoi-nous-choisir\/formation-et-perfectionnement\/\">Formation et perfectionnement<\/a><\/li>\n<\/ul>\n<\/li>\n<\/ul><\/div><\/div><\/div><\/div>\n<\/div><\/div><div class=\"flex_cell no_margin av_three_fourth  mainCell  \" style='vertical-align:top; padding:0px 30px 30px 30px ; background-color:#ffffff; '><div class='flex_cell_inner' ><div class=\"flex_column av_one_full  flex_column_div first  \" ><section class=\"av_textblock_section\"  itemscope=\"itemscope\" itemtype=\"https:\/\/schema.org\/CreativeWork\" ><div class='avia_textblock '   itemprop=\"text\" ><h1 class=\"copyHeading\">Leadership<\/h1>\n<\/div><\/section><br \/>\n<section class=\"av_textblock_section\"  itemscope=\"itemscope\" itemtype=\"https:\/\/schema.org\/CreativeWork\" ><div class='avia_textblock '   itemprop=\"text\" ><p>\u00c0 la\u00a0TD, nous confions \u00e0 nos leaders de tous les niveaux hi\u00e9rarchiques de la Soci\u00e9t\u00e9 les t\u00e2ches les plus importantes de toutes\u00a0: la d\u00e9couverte, le perfectionnement et l\u2019encouragement des talents qui nous permettront de b\u00e2tir l\u2019avenir. Pour nous, le leadership consiste \u00e0 influencer de fa\u00e7on d\u00e9cisive et \u00e0 inspirer la volont\u00e9 de gagner, sans compromettre l\u2019int\u00e9grit\u00e9. Ici, vous travaillerez avec des personnes intelligentes et talentueuses qui vous offriront des d\u00e9fis, vous motiveront et vous inspireront.<\/p>\n<p>Nous reconnaissons le rendement exceptionnel des personnes de tous les horizons, celles qui apportent une r\u00e9elle valeur et parviennent \u00e0 des r\u00e9sultats concrets. Pour notre succ\u00e8s \u00e0 long terme, il est vital que nous offrions \u00e0 nos coll\u00e8gues le type de leadership qu\u2019ils m\u00e9ritent, sans oublier la possibilit\u00e9 d\u2019en faire b\u00e9n\u00e9ficier d\u2019autres personnes.<\/p>\n<p>\u00c0 la\u00a0TD, nous laissons \u00e0 nos employ\u00e9s la libert\u00e9 dont ils ont besoin pour explorer diff\u00e9rents cheminements de carri\u00e8re et nous les encourageons \u00e0 le faire. Nos employ\u00e9s font un travail int\u00e9ressant qui les inspire et leur permet de relever des d\u00e9fis. Par la cr\u00e9ation d\u2019occasions et la reconnaissance de l\u2019ambition, nous formons des leaders qui font la diff\u00e9rence.<\/p>\n<\/div><\/section><\/p><\/div>\n<\/div><\/div>\n<\/div>\n","protected":false},"excerpt":{"rendered":"","protected":false},"author":1,"featured_media":0,"parent":1524,"menu_order":0,"comment_status":"closed","ping_status":"closed","template":"","meta":{"footnotes":""},"class_list":["post-1537","page","type-page","status-publish","hentry"],"yoast_head":"<!-- This site is optimized with the Yoast SEO Premium plugin v23.0 (Yoast SEO v23.0) - https:\/\/yoast.com\/wordpress\/plugins\/seo\/ -->\n<title>Leadership<\/title>\n<meta name=\"robots\" content=\"noindex, follow, max-snippet:-1, max-image-preview:large, max-video-preview:-1\" \/>\n<meta property=\"og:locale\" content=\"fr_CA\" \/>\n<meta property=\"og:type\" content=\"article\" \/>\n<meta property=\"og:title\" content=\"Leadership\" \/>\n<meta property=\"og:url\" content=\"https:\/\/tdbank4.site.findly.com\/fr-CA\/pourquoi-nous-choisir\/leadership\/\" \/>\n<meta property=\"og:site_name\" content=\"Banque TD\" \/>\n<meta property=\"article:publisher\" content=\"https:\/\/www.facebook.com\/TDBank\" \/>\n<meta property=\"article:modified_time\" content=\"2018-10-12T08:45:26+00:00\" \/>\n<meta name=\"twitter:label1\" content=\"Estimation du temps de lecture\" \/>\n\t<meta name=\"twitter:data1\" content=\"3 minutes\" \/>\n<script type=\"application\/ld+json\" class=\"yoast-schema-graph\">{\"@context\":\"https:\/\/schema.org\",\"@graph\":[{\"@type\":\"WebPage\",\"@id\":\"https:\/\/tdbank4.site.findly.com\/fr-CA\/pourquoi-nous-choisir\/leadership\/\",\"url\":\"https:\/\/tdbank4.site.findly.com\/fr-CA\/pourquoi-nous-choisir\/leadership\/\",\"name\":\"Leadership\",\"isPartOf\":{\"@id\":\"https:\/\/tdbank4.site.findly.com\/fr-CA\/#website\"},\"datePublished\":\"2015-05-15T15:57:24+00:00\",\"dateModified\":\"2018-10-12T08:45:26+00:00\",\"breadcrumb\":{\"@id\":\"https:\/\/tdbank4.site.findly.com\/fr-CA\/pourquoi-nous-choisir\/leadership\/#breadcrumb\"},\"inLanguage\":\"fr-CA\",\"potentialAction\":[{\"@type\":\"ReadAction\",\"target\":[\"https:\/\/tdbank4.site.findly.com\/fr-CA\/pourquoi-nous-choisir\/leadership\/\"]}]},{\"@type\":\"BreadcrumbList\",\"@id\":\"https:\/\/tdbank4.site.findly.com\/fr-CA\/pourquoi-nous-choisir\/leadership\/#breadcrumb\",\"itemListElement\":[{\"@type\":\"ListItem\",\"position\":1,\"name\":\"Home\",\"item\":\"https:\/\/tdbank4.site.findly.com\/fr-CA\/\"},{\"@type\":\"ListItem\",\"position\":2,\"name\":\"Pourquoi nous choisir?\",\"item\":\"https:\/\/tdbank4.site.findly.com\/fr-CA\/pourquoi-nous-choisir\/\"},{\"@type\":\"ListItem\",\"position\":3,\"name\":\"Leadership\"}]},{\"@type\":\"WebSite\",\"@id\":\"https:\/\/tdbank4.site.findly.com\/fr-CA\/#website\",\"url\":\"https:\/\/tdbank4.site.findly.com\/fr-CA\/\",\"name\":\"Banque TD\",\"description\":\"Responsive Career site\",\"potentialAction\":[{\"@type\":\"SearchAction\",\"target\":{\"@type\":\"EntryPoint\",\"urlTemplate\":\"https:\/\/tdbank4.site.findly.com\/fr-CA\/?s={search_term_string}\"},\"query-input\":\"required name=search_term_string\"}],\"inLanguage\":\"fr-CA\"}]}<\/script>\n<!-- \/ Yoast SEO Premium plugin. -->","yoast_head_json":{"title":"Leadership","robots":{"index":"noindex","follow":"follow","max-snippet":"max-snippet:-1","max-image-preview":"max-image-preview:large","max-video-preview":"max-video-preview:-1"},"og_locale":"fr_CA","og_type":"article","og_title":"Leadership","og_url":"https:\/\/tdbank4.site.findly.com\/fr-CA\/pourquoi-nous-choisir\/leadership\/","og_site_name":"Banque TD","article_publisher":"https:\/\/www.facebook.com\/TDBank","article_modified_time":"2018-10-12T08:45:26+00:00","twitter_misc":{"Estimation du temps de lecture":"3 minutes"},"schema":{"@context":"https:\/\/schema.org","@graph":[{"@type":"WebPage","@id":"https:\/\/tdbank4.site.findly.com\/fr-CA\/pourquoi-nous-choisir\/leadership\/","url":"https:\/\/tdbank4.site.findly.com\/fr-CA\/pourquoi-nous-choisir\/leadership\/","name":"Leadership","isPartOf":{"@id":"https:\/\/tdbank4.site.findly.com\/fr-CA\/#website"},"datePublished":"2015-05-15T15:57:24+00:00","dateModified":"2018-10-12T08:45:26+00:00","breadcrumb":{"@id":"https:\/\/tdbank4.site.findly.com\/fr-CA\/pourquoi-nous-choisir\/leadership\/#breadcrumb"},"inLanguage":"fr-CA","potentialAction":[{"@type":"ReadAction","target":["https:\/\/tdbank4.site.findly.com\/fr-CA\/pourquoi-nous-choisir\/leadership\/"]}]},{"@type":"BreadcrumbList","@id":"https:\/\/tdbank4.site.findly.com\/fr-CA\/pourquoi-nous-choisir\/leadership\/#breadcrumb","itemListElement":[{"@type":"ListItem","position":1,"name":"Home","item":"https:\/\/tdbank4.site.findly.com\/fr-CA\/"},{"@type":"ListItem","position":2,"name":"Pourquoi nous choisir?","item":"https:\/\/tdbank4.site.findly.com\/fr-CA\/pourquoi-nous-choisir\/"},{"@type":"ListItem","position":3,"name":"Leadership"}]},{"@type":"WebSite","@id":"https:\/\/tdbank4.site.findly.com\/fr-CA\/#website","url":"https:\/\/tdbank4.site.findly.com\/fr-CA\/","name":"Banque TD","description":"Responsive Career site","potentialAction":[{"@type":"SearchAction","target":{"@type":"EntryPoint","urlTemplate":"https:\/\/tdbank4.site.findly.com\/fr-CA\/?s={search_term_string}"},"query-input":"required name=search_term_string"}],"inLanguage":"fr-CA"}]}},"_links":{"self":[{"href":"https:\/\/tdbank4.site.findly.com\/fr-CA\/wp-json\/wp\/v2\/pages\/1537","targetHints":{"allow":["GET"]}}],"collection":[{"href":"https:\/\/tdbank4.site.findly.com\/fr-CA\/wp-json\/wp\/v2\/pages"}],"about":[{"href":"https:\/\/tdbank4.site.findly.com\/fr-CA\/wp-json\/wp\/v2\/types\/page"}],"author":[{"embeddable":true,"href":"https:\/\/tdbank4.site.findly.com\/fr-CA\/wp-json\/wp\/v2\/users\/1"}],"replies":[{"embeddable":true,"href":"https:\/\/tdbank4.site.findly.com\/fr-CA\/wp-json\/wp\/v2\/comments?post=1537"}],"version-history":[{"count":0,"href":"https:\/\/tdbank4.site.findly.com\/fr-CA\/wp-json\/wp\/v2\/pages\/1537\/revisions"}],"up":[{"embeddable":true,"href":"https:\/\/tdbank4.site.findly.com\/fr-CA\/wp-json\/wp\/v2\/pages\/1524"}],"wp:attachment":[{"href":"https:\/\/tdbank4.site.findly.com\/fr-CA\/wp-json\/wp\/v2\/media?parent=1537"}],"curies":[{"name":"wp","href":"https:\/\/api.w.org\/{rel}","templated":true}]}}