{"id":1534,"date":"2015-05-15T16:55:23","date_gmt":"2015-05-15T16:55:23","guid":{"rendered":"http:\/\/tdbank2.site.findly.com\/why-choose-us\/environment\/"},"modified":"2018-12-05T04:15:43","modified_gmt":"2018-12-05T04:15:43","slug":"environnement","status":"publish","type":"page","link":"https:\/\/tdbank4.site.findly.com\/fr-CA\/pourquoi-nous-choisir\/environnement\/","title":{"rendered":"Environnement"},"content":{"rendered":"<\/div><\/div><\/div><!-- close content main div --><\/div><\/div><div id='banner-subpage' class='avia-section alternate_color avia-section-default avia-no-border-styling avia-bg-style-scroll   av-minimum-height av-minimum-height-custom container_wrap fullsize' style = 'background-repeat: no-repeat; background-image: url(https:\/\/tdbank4.site.findly.com\/wp-content\/uploads\/sites\/605\/2018\/10\/VC-ARB-020_10353.jpg); background-attachment: scroll; background-position: top left; ' data-section-bg-repeat='no-repeat' ><div class='container' ><div class='template-page content  av-content-full alpha units'><div class='post-entry post-entry-type-page post-entry-1534'><div class='entry-content-wrapper clearfix'>\n<section class=\"av_textblock_section\"  itemscope=\"itemscope\" itemtype=\"https:\/\/schema.org\/CreativeWork\" ><div class='avia_textblock headertext w30 t50 left40 tagline-position-banner'   itemprop=\"text\" ><div>Contribuez \u00e0 changer les choses l\u00e0 o\u00f9 vous vivez, travaillez et vous amusez.<\/div>\n<\/div><\/section>\n\n<\/div><\/div><\/div><!-- close content main div --><\/div><\/div><div id='mobile-bannertext' class='avia-section alternate_color avia-section-default avia-no-border-styling avia-bg-style-scroll   av-minimum-height av-minimum-height-custom container_wrap fullsize'   ><div class='container' ><div class='template-page content  av-content-full alpha units'><div class='post-entry post-entry-type-page post-entry-1534'><div class='entry-content-wrapper clearfix'>\n<section class=\"av_textblock_section\"  itemscope=\"itemscope\" itemtype=\"https:\/\/schema.org\/CreativeWork\" ><div class='avia_textblock headertext'   itemprop=\"text\" ><div>Contribuez \u00e0 changer les choses l\u00e0 o\u00f9 vous vivez, travaillez et vous amusez.<\/div>\n<\/div><\/section>\n\n<\/div><\/div><\/div><!-- close content main div --><\/div><\/div><div id='secjobsearchbar' class='avia-section main_color avia-section-small avia-no-border-styling avia-bg-style-scroll   container_wrap fullsize'   ><div class='container' ><div class='template-page content  av-content-full alpha units'><div class='post-entry post-entry-type-page post-entry-1534'><div class='entry-content-wrapper clearfix'>\n\n\n<\/div><\/div><\/div><!-- close content main div --><\/div><\/div><div id='secMainCopy' class='av-layout-grid-container entry-content-wrapper main_color av-flex-cells   container_wrap fullsize'   >\n<div class=\"flex_cell no_margin av_one_fourth  navCell  \" style='vertical-align:top; padding:0px 0px 0 0px ; background-color:#efeff4; '><div class='flex_cell_inner' ><div class=\"flex_column av_one_full  flex_column_div first  \" ><div class='avia-builder-widget-area clearfix '><div id=\"nav_menu-7\" class=\"widget clearfix widget_nav_menu\"><div class=\"menu-why-us-french-can0-container\"><ul id=\"menu-why-us-french-can0\" class=\"menu\"><li id=\"menu-item-2064\" class=\"menu-item menu-item-type-post_type menu-item-object-page menu-item-has-children menu-item-2064\"><a href=\"https:\/\/tdbank4.site.findly.com\/fr-CA\/pourquoi-nous-choisir\/\">Pourquoi nous choisir?<\/a>\n<ul class=\"sub-menu\">\n\t<li id=\"menu-item-2066\" class=\"menu-item menu-item-type-post_type menu-item-object-page menu-item-2066\"><a href=\"https:\/\/tdbank4.site.findly.com\/fr-CA\/pourquoi-nous-choisir\/reconnaissances\/\">Nos reconnaissances<\/a><\/li>\n\t<li id=\"menu-item-2068\" class=\"menu-item menu-item-type-post_type menu-item-object-page menu-item-2068\"><a href=\"https:\/\/tdbank4.site.findly.com\/fr-CA\/pourquoi-nous-choisir\/avantages\/\">Avantages<\/a><\/li>\n\t<li id=\"menu-item-2070\" class=\"menu-item menu-item-type-post_type menu-item-object-page menu-item-2070\"><a href=\"https:\/\/tdbank4.site.findly.com\/fr-CA\/pourquoi-nous-choisir\/engagement-communautaire\/\">Notre engagement envers les collectivit\u00e9s<\/a><\/li>\n\t<li id=\"menu-item-20061\" class=\"sidebar-accordion menu-item menu-item-type-custom menu-item-object-custom menu-item-has-children menu-item-20061\"><a href=\"#\">Diversit\u00e9<\/a>\n\t<ul class=\"sub-menu\">\n\t\t<li id=\"menu-item-2072\" class=\"menu-item menu-item-type-post_type menu-item-object-page menu-item-2072\"><a href=\"https:\/\/tdbank4.site.findly.com\/fr-CA\/pourquoi-nous-choisir\/diversite\/\">Notre engagement envers la diversit\u00e9<\/a><\/li>\n\t\t<li id=\"menu-item-20146\" class=\"menu-item menu-item-type-post_type menu-item-object-page menu-item-20146\"><a href=\"https:\/\/tdbank4.site.findly.com\/fr-CA\/pourquoi-nous-choisir\/diversite\/personnes-handicapees\/\">Personnes Handicap\u00e9es<\/a><\/li>\n\t<\/ul>\n<\/li>\n\t<li id=\"menu-item-2074\" class=\"menu-item menu-item-type-post_type menu-item-object-page menu-item-2074\"><a href=\"https:\/\/tdbank4.site.findly.com\/fr-CA\/pourquoi-nous-choisir\/environnement\/\">Protection de notre environnement<\/a><\/li>\n\t<li id=\"menu-item-2076\" class=\"menu-item menu-item-type-post_type menu-item-object-page menu-item-2076\"><a href=\"https:\/\/tdbank4.site.findly.com\/fr-CA\/pourquoi-nous-choisir\/leadership\/\">Notre leadership<\/a><\/li>\n\t<li id=\"menu-item-2078\" class=\"menu-item menu-item-type-post_type menu-item-object-page menu-item-2078\"><a href=\"https:\/\/tdbank4.site.findly.com\/fr-CA\/pourquoi-nous-choisir\/formation-et-perfectionnement\/\">Formation et perfectionnement<\/a><\/li>\n<\/ul>\n<\/li>\n<\/ul><\/div><\/div><\/div><\/div>\n<\/div><\/div><div class=\"flex_cell no_margin av_three_fourth  mainCell  \" style='vertical-align:top; padding:0px 30px 30px 30px ; background-color:#ffffff; '><div class='flex_cell_inner' ><p><div class=\"flex_column av_one_full  flex_column_div first  \" ><section class=\"av_textblock_section\"  itemscope=\"itemscope\" itemtype=\"https:\/\/schema.org\/CreativeWork\" ><div class='avia_textblock '   itemprop=\"text\" ><h1 class=\"copyHeading\">Protection de notre environnement<\/h1>\n<\/div><\/section><\/div><div class=\"flex_column av_one_half  flex_column_div first  \" ><section class=\"av_textblock_section\"  itemscope=\"itemscope\" itemtype=\"https:\/\/schema.org\/CreativeWork\" ><div class='avia_textblock '   itemprop=\"text\" ><p>La protection et l\u2019am\u00e9lioration de notre environnement sont des \u00e9l\u00e9ments importants de l\u2019histoire de la\u00a0TD et essentiels pour son avenir. La TD a \u00e9t\u00e9 la premi\u00e8re banque d\u2019Am\u00e9rique du Nord \u00e0 devenir carboneutre et elle a travaill\u00e9 continuellement \u00e0 int\u00e9grer la responsabilit\u00e9 environnementale dans tous les aspects de ses activit\u00e9s. En proposant la facturation en ligne pour aider les finances de nos clients et garantir des automobiles \u00e9co\u00e9nerg\u00e9tiques, nous offrons des options de produits \u00e9cologiques \u00e0 prix concurrentiel que nos clients veulent.<\/p>\n<p>Nous reconnaissons que notre engagement \u00e0 l\u2019\u00e9gard de l\u2019environnement doit aller au-del\u00e0 de nos secteurs d\u2019exploitation. C\u2019est pourquoi nous collaborons de mani\u00e8re active avec nos clients et parties prenantes afin de r\u00e9duire les risques environnementaux et sociaux associ\u00e9s \u00e0 nos activit\u00e9s de financement. Nous soutenons \u00e9galement des projets \u00e9cologiques au sein de la collectivit\u00e9 par l\u2019interm\u00e9diaire de dons d\u2019entreprise, de b\u00e9n\u00e9volat de nos employ\u00e9s et de la Fondation\u00a0TD des amis de l\u2019environnement. Gr\u00e2ce \u00e0 ces initiatives, nous visons \u00e0\u00a0:<\/p>\n<ul>\n<li>Favoriser la sensibilisation \u00e0 l\u2019environnement et l\u2019engagement communautaire<\/li>\n<li>Verdir notre environnement urbain et am\u00e9liorer de la biodiversit\u00e9<\/li>\n<li>Encourager les \u00e9conomies d\u2019\u00e9nergie et y contribuer<\/li>\n<\/ul>\n<p>\u00c0 la\u00a0TD, nous croyons qu\u2019ensemble, avec nos clients et les collectivit\u00e9s, nous pouvons avoir une v\u00e9ritable influence sur le monde en r\u00e9duisant notre impact sur l\u2019environnement.<\/p>\n<\/div><\/section><\/div><div class=\"flex_column av_one_half  flex_column_div av-zero-column-padding   \" style='border-radius:0px; '>[avia_codeblock_placeholder uid=\"0\"] <br \/>\n<section class=\"av_textblock_section\"  itemscope=\"itemscope\" itemtype=\"https:\/\/schema.org\/CreativeWork\" ><div class='avia_textblock '   itemprop=\"text\" ><div id=\"transcript\" class=\"transcript-block\" role=\"region\">\n<p>En plus d\u2019\u00eatre belle les for\u00eats sont essentiels \u00e0 notre sant\u00e9 et \u00e0 notre bien-\u00eatre.<br \/>\nIl fait bon y vivre, y travailler, et y jouer.<br \/>\nLes for\u00eats nous offre un lieu de retraite de sant\u00e9.<br \/>\nUne occasion de renouer avec la nature et de reposer notre esprit<br \/>\nCe sont les poumons de la terre qui purifient l\u2019air et temp\u00e8re le climat.<br \/>\nElles sont source d\u2019emplois. Elles abrite la faune.<br \/>\nPour certains, elles sont un lieu de ressourcement spirituel.<br \/>\nElles sont inscrites dans notre identit\u00e9 et raconte notre histoire nord-am\u00e9ricaine.<br \/>\nIl reste encore beaucoup de for\u00eats en am\u00e9rique du nord mais l&rsquo;urbanisation constitue une menace croissante pour ses for\u00eats.<br \/>\nNous avons demand\u00e9 \u00e0 des gens des r\u00e9gions nord am\u00e9ricaine nous sommes pr\u00e9sents si s&rsquo;accorder de l\u2019importance aux for\u00eats.<br \/>\nPlus de quatre-vingt-dix pourcent on dit oui, et plus de quatre-vingt-dix pourcent croyaient que les for\u00eats devait \u00eatre prot\u00e9g\u00e9.<br \/>\nNous les avons entendus et en 2012 nous avons lanc\u00e9 For\u00eats TD.<br \/>\nLe programme vise \u00e0 augmenter les for\u00eats urbaines et \u00e0 prot\u00e9ger les \u00e9cosyst\u00e8mes forestiers menac\u00e9e.<br \/>\nLes deux premi\u00e8res ann\u00e9es nos employ\u00e9s ont aider \u00e0 planter pr\u00e8s de quatre-vingt-dix milles arbres dans des centres urbains ou dans les environs gr\u00e2ce aux journ\u00e9es des arbres TD.<br \/>\nGr\u00e2ce \u00e0 ma rue mes arbres TD, nous avons offert des subventions pour verdir plus de quarante collectivit\u00e9s.<br \/>\nNous avons contribu\u00e9 \u00e0 prot\u00e9ger pr\u00e8s de vingt-cinq milles acres de for\u00eat menac\u00e9e en am\u00e9rique du nord par l\u2019entremise de conservation de la nature canada et de l\u2019organisme am\u00e9ricain \u00ab\u00a0The Nature Conservancy\u00a0\u00bb.<br \/>\nFor\u00eats TD faverus \u00e9galement des pratiques durables en foresterie et l\u2019utilisation responsable du papier et des produits forestiers.<br \/>\nNos clients nous ont demand\u00e9 d\u2019utiliser moins de papier alors nous nous sommes fix\u00e9 l\u2019objectif de r\u00e9duire la consommation de papier de la td de vingt pourcent.<br \/>\nFor\u00eats TD s&rsquo;inscrit dans notre volont\u00e9 de donner un exemple en environnement et dans notre engagement envers nos clients nos employ\u00e9s et les collectivit\u00e9s ou nous vivons et travaillons.<br \/>\nNous croyons que les for\u00eats sont source de vie et nous voulons qu\u2019elle le demeure.<br \/>\nPour en savoir plus visitez ForetsTD.com.<\/p>\n<p>END OF TRANSCRIPT<\/p>\n<\/div>\n<\/div><\/section><\/p><\/div><\/p>\n<\/div><\/div><\/div>\n","protected":false},"excerpt":{"rendered":"","protected":false},"author":1,"featured_media":0,"parent":1524,"menu_order":0,"comment_status":"closed","ping_status":"closed","template":"","meta":{"footnotes":""},"class_list":["post-1534","page","type-page","status-publish","hentry"],"yoast_head":"<!-- This site is optimized with the Yoast SEO Premium plugin v23.0 (Yoast SEO v23.0) - https:\/\/yoast.com\/wordpress\/plugins\/seo\/ -->\n<title>Environnement<\/title>\n<meta name=\"robots\" content=\"noindex, follow, max-snippet:-1, max-image-preview:large, max-video-preview:-1\" \/>\n<meta property=\"og:locale\" content=\"fr_CA\" \/>\n<meta property=\"og:type\" content=\"article\" \/>\n<meta property=\"og:title\" content=\"Environnement\" \/>\n<meta property=\"og:url\" content=\"https:\/\/tdbank4.site.findly.com\/fr-CA\/pourquoi-nous-choisir\/environnement\/\" \/>\n<meta property=\"og:site_name\" content=\"Banque TD\" \/>\n<meta property=\"article:publisher\" content=\"https:\/\/www.facebook.com\/TDBank\" \/>\n<meta property=\"article:modified_time\" content=\"2018-12-05T04:15:43+00:00\" \/>\n<meta name=\"twitter:label1\" content=\"Estimation du temps de lecture\" \/>\n\t<meta name=\"twitter:data1\" content=\"6 minutes\" \/>\n<script type=\"application\/ld+json\" class=\"yoast-schema-graph\">{\"@context\":\"https:\/\/schema.org\",\"@graph\":[{\"@type\":\"WebPage\",\"@id\":\"https:\/\/tdbank4.site.findly.com\/fr-CA\/pourquoi-nous-choisir\/environnement\/\",\"url\":\"https:\/\/tdbank4.site.findly.com\/fr-CA\/pourquoi-nous-choisir\/environnement\/\",\"name\":\"Environnement\",\"isPartOf\":{\"@id\":\"https:\/\/tdbank4.site.findly.com\/fr-CA\/#website\"},\"datePublished\":\"2015-05-15T16:55:23+00:00\",\"dateModified\":\"2018-12-05T04:15:43+00:00\",\"breadcrumb\":{\"@id\":\"https:\/\/tdbank4.site.findly.com\/fr-CA\/pourquoi-nous-choisir\/environnement\/#breadcrumb\"},\"inLanguage\":\"fr-CA\",\"potentialAction\":[{\"@type\":\"ReadAction\",\"target\":[\"https:\/\/tdbank4.site.findly.com\/fr-CA\/pourquoi-nous-choisir\/environnement\/\"]}]},{\"@type\":\"BreadcrumbList\",\"@id\":\"https:\/\/tdbank4.site.findly.com\/fr-CA\/pourquoi-nous-choisir\/environnement\/#breadcrumb\",\"itemListElement\":[{\"@type\":\"ListItem\",\"position\":1,\"name\":\"Home\",\"item\":\"https:\/\/tdbank4.site.findly.com\/fr-CA\/\"},{\"@type\":\"ListItem\",\"position\":2,\"name\":\"Pourquoi nous choisir?\",\"item\":\"https:\/\/tdbank4.site.findly.com\/fr-CA\/pourquoi-nous-choisir\/\"},{\"@type\":\"ListItem\",\"position\":3,\"name\":\"Environnement\"}]},{\"@type\":\"WebSite\",\"@id\":\"https:\/\/tdbank4.site.findly.com\/fr-CA\/#website\",\"url\":\"https:\/\/tdbank4.site.findly.com\/fr-CA\/\",\"name\":\"Banque TD\",\"description\":\"Responsive Career site\",\"potentialAction\":[{\"@type\":\"SearchAction\",\"target\":{\"@type\":\"EntryPoint\",\"urlTemplate\":\"https:\/\/tdbank4.site.findly.com\/fr-CA\/?s={search_term_string}\"},\"query-input\":\"required name=search_term_string\"}],\"inLanguage\":\"fr-CA\"}]}<\/script>\n<!-- \/ Yoast SEO Premium plugin. -->","yoast_head_json":{"title":"Environnement","robots":{"index":"noindex","follow":"follow","max-snippet":"max-snippet:-1","max-image-preview":"max-image-preview:large","max-video-preview":"max-video-preview:-1"},"og_locale":"fr_CA","og_type":"article","og_title":"Environnement","og_url":"https:\/\/tdbank4.site.findly.com\/fr-CA\/pourquoi-nous-choisir\/environnement\/","og_site_name":"Banque TD","article_publisher":"https:\/\/www.facebook.com\/TDBank","article_modified_time":"2018-12-05T04:15:43+00:00","twitter_misc":{"Estimation du temps de lecture":"6 minutes"},"schema":{"@context":"https:\/\/schema.org","@graph":[{"@type":"WebPage","@id":"https:\/\/tdbank4.site.findly.com\/fr-CA\/pourquoi-nous-choisir\/environnement\/","url":"https:\/\/tdbank4.site.findly.com\/fr-CA\/pourquoi-nous-choisir\/environnement\/","name":"Environnement","isPartOf":{"@id":"https:\/\/tdbank4.site.findly.com\/fr-CA\/#website"},"datePublished":"2015-05-15T16:55:23+00:00","dateModified":"2018-12-05T04:15:43+00:00","breadcrumb":{"@id":"https:\/\/tdbank4.site.findly.com\/fr-CA\/pourquoi-nous-choisir\/environnement\/#breadcrumb"},"inLanguage":"fr-CA","potentialAction":[{"@type":"ReadAction","target":["https:\/\/tdbank4.site.findly.com\/fr-CA\/pourquoi-nous-choisir\/environnement\/"]}]},{"@type":"BreadcrumbList","@id":"https:\/\/tdbank4.site.findly.com\/fr-CA\/pourquoi-nous-choisir\/environnement\/#breadcrumb","itemListElement":[{"@type":"ListItem","position":1,"name":"Home","item":"https:\/\/tdbank4.site.findly.com\/fr-CA\/"},{"@type":"ListItem","position":2,"name":"Pourquoi nous choisir?","item":"https:\/\/tdbank4.site.findly.com\/fr-CA\/pourquoi-nous-choisir\/"},{"@type":"ListItem","position":3,"name":"Environnement"}]},{"@type":"WebSite","@id":"https:\/\/tdbank4.site.findly.com\/fr-CA\/#website","url":"https:\/\/tdbank4.site.findly.com\/fr-CA\/","name":"Banque TD","description":"Responsive Career site","potentialAction":[{"@type":"SearchAction","target":{"@type":"EntryPoint","urlTemplate":"https:\/\/tdbank4.site.findly.com\/fr-CA\/?s={search_term_string}"},"query-input":"required name=search_term_string"}],"inLanguage":"fr-CA"}]}},"_links":{"self":[{"href":"https:\/\/tdbank4.site.findly.com\/fr-CA\/wp-json\/wp\/v2\/pages\/1534","targetHints":{"allow":["GET"]}}],"collection":[{"href":"https:\/\/tdbank4.site.findly.com\/fr-CA\/wp-json\/wp\/v2\/pages"}],"about":[{"href":"https:\/\/tdbank4.site.findly.com\/fr-CA\/wp-json\/wp\/v2\/types\/page"}],"author":[{"embeddable":true,"href":"https:\/\/tdbank4.site.findly.com\/fr-CA\/wp-json\/wp\/v2\/users\/1"}],"replies":[{"embeddable":true,"href":"https:\/\/tdbank4.site.findly.com\/fr-CA\/wp-json\/wp\/v2\/comments?post=1534"}],"version-history":[{"count":0,"href":"https:\/\/tdbank4.site.findly.com\/fr-CA\/wp-json\/wp\/v2\/pages\/1534\/revisions"}],"up":[{"embeddable":true,"href":"https:\/\/tdbank4.site.findly.com\/fr-CA\/wp-json\/wp\/v2\/pages\/1524"}],"wp:attachment":[{"href":"https:\/\/tdbank4.site.findly.com\/fr-CA\/wp-json\/wp\/v2\/media?parent=1534"}],"curies":[{"name":"wp","href":"https:\/\/api.w.org\/{rel}","templated":true}]}}