{"id":1530,"date":"2015-05-15T16:54:14","date_gmt":"2015-05-15T16:54:14","guid":{"rendered":"http:\/\/tdbank2.site.findly.com\/why-choose-us\/community-involvement\/"},"modified":"2023-03-27T17:02:21","modified_gmt":"2023-03-27T17:02:21","slug":"engagement-communautaire","status":"publish","type":"page","link":"https:\/\/tdbank4.site.findly.com\/fr-CA\/pourquoi-nous-choisir\/engagement-communautaire\/","title":{"rendered":"Engagement communautaire"},"content":{"rendered":"<\/div><\/div><\/div><!-- close content main div --><\/div><\/div><div id='banner-subpage' class='avia-section alternate_color avia-section-default avia-no-border-styling avia-bg-style-scroll   av-minimum-height av-minimum-height-custom container_wrap fullsize' style = 'background-repeat: no-repeat; background-image: url(https:\/\/tdbank4.site.findly.com\/wp-content\/uploads\/sites\/605\/2015\/05\/VC-FEF-005.jpg); background-attachment: scroll; background-position: center left; ' data-section-bg-repeat='no-repeat' ><div class='container' ><div class='template-page content  av-content-full alpha units'><div class='post-entry post-entry-type-page post-entry-1530'><div class='entry-content-wrapper clearfix'>\n<section class=\"av_textblock_section\"  itemscope=\"itemscope\" itemtype=\"https:\/\/schema.org\/CreativeWork\" ><div class='avia_textblock headertext ht5 w31 tagline-position-banner'   itemprop=\"text\" ><div>Contribuez aux causes que vous trouvez importantes.<\/div>\n<\/div><\/section>\n\n<\/div><\/div><\/div><!-- close content main div --><\/div><\/div><div id='mobile-bannertext' class='avia-section alternate_color avia-section-default avia-no-border-styling avia-bg-style-scroll   av-minimum-height av-minimum-height-custom container_wrap fullsize'   ><div class='container' ><div class='template-page content  av-content-full alpha units'><div class='post-entry post-entry-type-page post-entry-1530'><div class='entry-content-wrapper clearfix'>\n<section class=\"av_textblock_section\"  itemscope=\"itemscope\" itemtype=\"https:\/\/schema.org\/CreativeWork\" ><div class='avia_textblock headertext'   itemprop=\"text\" ><div>Contribuez aux causes que vous trouvez importantes.<\/div>\n<\/div><\/section>\n\n<\/div><\/div><\/div><!-- close content main div --><\/div><\/div><div id='secjobsearchbar' class='avia-section main_color avia-section-small avia-no-border-styling avia-bg-style-scroll   container_wrap fullsize'   ><div class='container' ><div class='template-page content  av-content-full alpha units'><div class='post-entry post-entry-type-page post-entry-1530'><div class='entry-content-wrapper clearfix'>\n\n\n<\/div><\/div><\/div><!-- close content main div --><\/div><\/div><div id='secMainCopy' class='av-layout-grid-container entry-content-wrapper main_color av-flex-cells   container_wrap fullsize'   >\n<div class=\"flex_cell no_margin av_one_fourth  navCell  \" style='vertical-align:top; padding:0px 0px 0 0px ; background-color:#efeff4; '><div class='flex_cell_inner' ><div class=\"flex_column av_one_full  flex_column_div first  \" ><div class='avia-builder-widget-area clearfix '><div id=\"nav_menu-7\" class=\"widget clearfix widget_nav_menu\"><div class=\"menu-why-us-french-can0-container\"><ul id=\"menu-why-us-french-can0\" class=\"menu\"><li id=\"menu-item-2064\" class=\"menu-item menu-item-type-post_type menu-item-object-page menu-item-has-children menu-item-2064\"><a href=\"https:\/\/tdbank4.site.findly.com\/fr-CA\/pourquoi-nous-choisir\/\">Pourquoi nous choisir?<\/a>\n<ul class=\"sub-menu\">\n\t<li id=\"menu-item-2066\" class=\"menu-item menu-item-type-post_type menu-item-object-page menu-item-2066\"><a href=\"https:\/\/tdbank4.site.findly.com\/fr-CA\/pourquoi-nous-choisir\/reconnaissances\/\">Nos reconnaissances<\/a><\/li>\n\t<li id=\"menu-item-2068\" class=\"menu-item menu-item-type-post_type menu-item-object-page menu-item-2068\"><a href=\"https:\/\/tdbank4.site.findly.com\/fr-CA\/pourquoi-nous-choisir\/avantages\/\">Avantages<\/a><\/li>\n\t<li id=\"menu-item-2070\" class=\"menu-item menu-item-type-post_type menu-item-object-page menu-item-2070\"><a href=\"https:\/\/tdbank4.site.findly.com\/fr-CA\/pourquoi-nous-choisir\/engagement-communautaire\/\">Notre engagement envers les collectivit\u00e9s<\/a><\/li>\n\t<li id=\"menu-item-20061\" class=\"sidebar-accordion menu-item menu-item-type-custom menu-item-object-custom menu-item-has-children menu-item-20061\"><a href=\"#\">Diversit\u00e9<\/a>\n\t<ul class=\"sub-menu\">\n\t\t<li id=\"menu-item-2072\" class=\"menu-item menu-item-type-post_type menu-item-object-page menu-item-2072\"><a href=\"https:\/\/tdbank4.site.findly.com\/fr-CA\/pourquoi-nous-choisir\/diversite\/\">Notre engagement envers la diversit\u00e9<\/a><\/li>\n\t\t<li id=\"menu-item-20146\" class=\"menu-item menu-item-type-post_type menu-item-object-page menu-item-20146\"><a href=\"https:\/\/tdbank4.site.findly.com\/fr-CA\/pourquoi-nous-choisir\/diversite\/personnes-handicapees\/\">Personnes Handicap\u00e9es<\/a><\/li>\n\t<\/ul>\n<\/li>\n\t<li id=\"menu-item-2074\" class=\"menu-item menu-item-type-post_type menu-item-object-page menu-item-2074\"><a href=\"https:\/\/tdbank4.site.findly.com\/fr-CA\/pourquoi-nous-choisir\/environnement\/\">Protection de notre environnement<\/a><\/li>\n\t<li id=\"menu-item-2076\" class=\"menu-item menu-item-type-post_type menu-item-object-page menu-item-2076\"><a href=\"https:\/\/tdbank4.site.findly.com\/fr-CA\/pourquoi-nous-choisir\/leadership\/\">Notre leadership<\/a><\/li>\n\t<li id=\"menu-item-2078\" class=\"menu-item menu-item-type-post_type menu-item-object-page menu-item-2078\"><a href=\"https:\/\/tdbank4.site.findly.com\/fr-CA\/pourquoi-nous-choisir\/formation-et-perfectionnement\/\">Formation et perfectionnement<\/a><\/li>\n<\/ul>\n<\/li>\n<\/ul><\/div><\/div><\/div><\/div>\n<\/div><\/div><div class=\"flex_cell no_margin av_three_fourth  mainCell  \" style='vertical-align:top; padding:0px 30px 30px 30px ; background-color:#ffffff; '><div class='flex_cell_inner' ><p><div class=\"flex_column av_one_full  flex_column_div first  \" ><section class=\"av_textblock_section\"  itemscope=\"itemscope\" itemtype=\"https:\/\/schema.org\/CreativeWork\" ><div class='avia_textblock '   itemprop=\"text\" ><h1 class=\"copyHeading\">Engagement communautaire<\/h1>\n<\/div><\/section><\/div><div class=\"flex_column av_one_full  flex_column_div first  \" ><section class=\"av_textblock_section\"  itemscope=\"itemscope\" itemtype=\"https:\/\/schema.org\/CreativeWork\" ><div class='avia_textblock '   itemprop=\"text\" ><p>La TD soutient plus de 6\u00a0000 organismes qui visent l\u2019enrichissement et le renforcement des collectivit\u00e9s locales partout en Am\u00e9rique du Nord et au Royaume-Uni.<\/p>\n<p>Nous consid\u00e9rons la contribution \u00e0 la collectivit\u00e9 comme une occasion d\u2019apporter des changements positifs \u00e0 la soci\u00e9t\u00e9. La\u00a0TD fait don de millions de dollars annuellement pour des causes que nos clients, nos employ\u00e9s et nos parties prenantes ont \u00e0 c\u0153ur. Au cours des cinq derni\u00e8res ann\u00e9es seulement, nos dons d\u2019entreprise ont d\u00e9pass\u00e9 les 300\u00a0millions de dollars.<\/p>\n<p>Bien que le soutien financier soit important, il a aussi ses limites. Nous apportons \u00e9galement nos services en \u00e9tablissant des partenariats collaboratifs avec des organismes communautaires. Dans la mesure du possible, la\u00a0TD facilite l\u2019acc\u00e8s \u00e0 des b\u00e9n\u00e9voles, \u00e0 des ressources et \u00e0 des comp\u00e9tences pour contribuer \u00e0 r\u00e9gler des probl\u00e8mes dans les collectivit\u00e9s.<\/p>\n<p>L\u2019engagement local est plus qu\u2019une tradition pour la\u00a0TD. Il fait partie de son\u00a0ADN. L\u2019engagement de nos employ\u00e9s \u00e0 l\u2019\u00e9gard de la collectivit\u00e9 se manifeste de plusieurs mani\u00e8res\u00a0: b\u00e9n\u00e9volat dans des \u00e9coles, participation \u00e0 un programme de plantation d\u2019arbres de quartier, participation \u00e0 un programme de litt\u00e9ratie financi\u00e8re, etc.<\/p>\n<p><strong>Tirer profit des ressources de la\u00a0TD pour avoir une plus grande incidence<br \/>\n<\/strong>Nous donnons \u00e0 nos collectivit\u00e9s de diff\u00e9rentes fa\u00e7ons\u00a0:<\/p>\n<p><strong>Dons d\u2019entreprise\u00a0:<\/strong> Nous sommes fiers de soutenir des organismes sans but lucratif dans l\u2019accomplissement de leurs missions et l\u2019offre de nouveaux services am\u00e9lior\u00e9s.<\/p>\n<p><strong>B\u00e9n\u00e9volat des employ\u00e9s\u00a0:<\/strong> Nous encourageons la participation de nos employ\u00e9s \u00e0 des activit\u00e9s de b\u00e9n\u00e9volat et recherchons activement \u00e0 soutenir des projets communautaires auxquels le personnel de la\u00a0TD peut participer.<\/p>\n<p><strong>Partenariats communautaires\u00a0:<\/strong> La\u00a0TD collabore fi\u00e8rement avec de nombreux organismes afin de relever d\u2019importants d\u00e9fis sociaux. Ces partenariats consistent habituellement en des engagements sur plusieurs ann\u00e9es pendant lesquels la\u00a0TD offre son expertise financi\u00e8re et professionnelle, son soutien en marketing, et bien d\u2019autres ressources.<\/p>\n<p><strong>Leadership \u00e9clair\u00e9\u00a0:<\/strong> La\u00a0TD apporte son appui et collabore aux programmes de multiples parties prenantes visant \u00e0 favoriser les discussions, les \u00e9changes d\u2019id\u00e9es et de pratiques gagnantes pour r\u00e9soudre les principaux probl\u00e8mes pr\u00e9sents dans les collectivit\u00e9s.<\/p>\n<\/div><\/section><\/div><\/p>\n<\/div><\/div><\/div>\n","protected":false},"excerpt":{"rendered":"","protected":false},"author":1,"featured_media":0,"parent":1524,"menu_order":0,"comment_status":"closed","ping_status":"closed","template":"","meta":{"footnotes":""},"class_list":["post-1530","page","type-page","status-publish","hentry"],"yoast_head":"<!-- This site is optimized with the Yoast SEO Premium plugin v23.0 (Yoast SEO v23.0) - https:\/\/yoast.com\/wordpress\/plugins\/seo\/ -->\n<title>Engagement communautaire<\/title>\n<meta name=\"robots\" content=\"noindex, follow, max-snippet:-1, max-image-preview:large, max-video-preview:-1\" \/>\n<meta property=\"og:locale\" content=\"fr_CA\" \/>\n<meta property=\"og:type\" content=\"article\" \/>\n<meta property=\"og:title\" content=\"Engagement communautaire\" \/>\n<meta property=\"og:url\" content=\"https:\/\/tdbank4.site.findly.com\/fr-CA\/pourquoi-nous-choisir\/engagement-communautaire\/\" \/>\n<meta property=\"og:site_name\" content=\"Banque TD\" \/>\n<meta property=\"article:publisher\" content=\"https:\/\/www.facebook.com\/TDBank\" \/>\n<meta property=\"article:modified_time\" content=\"2023-03-27T17:02:21+00:00\" \/>\n<meta name=\"twitter:label1\" content=\"Estimation du temps de lecture\" \/>\n\t<meta name=\"twitter:data1\" content=\"4 minutes\" \/>\n<script type=\"application\/ld+json\" class=\"yoast-schema-graph\">{\"@context\":\"https:\/\/schema.org\",\"@graph\":[{\"@type\":\"WebPage\",\"@id\":\"https:\/\/tdbank4.site.findly.com\/fr-CA\/pourquoi-nous-choisir\/engagement-communautaire\/\",\"url\":\"https:\/\/tdbank4.site.findly.com\/fr-CA\/pourquoi-nous-choisir\/engagement-communautaire\/\",\"name\":\"Engagement communautaire\",\"isPartOf\":{\"@id\":\"https:\/\/tdbank4.site.findly.com\/fr-CA\/#website\"},\"datePublished\":\"2015-05-15T16:54:14+00:00\",\"dateModified\":\"2023-03-27T17:02:21+00:00\",\"breadcrumb\":{\"@id\":\"https:\/\/tdbank4.site.findly.com\/fr-CA\/pourquoi-nous-choisir\/engagement-communautaire\/#breadcrumb\"},\"inLanguage\":\"fr-CA\",\"potentialAction\":[{\"@type\":\"ReadAction\",\"target\":[\"https:\/\/tdbank4.site.findly.com\/fr-CA\/pourquoi-nous-choisir\/engagement-communautaire\/\"]}]},{\"@type\":\"BreadcrumbList\",\"@id\":\"https:\/\/tdbank4.site.findly.com\/fr-CA\/pourquoi-nous-choisir\/engagement-communautaire\/#breadcrumb\",\"itemListElement\":[{\"@type\":\"ListItem\",\"position\":1,\"name\":\"Home\",\"item\":\"https:\/\/tdbank4.site.findly.com\/fr-CA\/\"},{\"@type\":\"ListItem\",\"position\":2,\"name\":\"Pourquoi nous choisir?\",\"item\":\"https:\/\/tdbank4.site.findly.com\/fr-CA\/pourquoi-nous-choisir\/\"},{\"@type\":\"ListItem\",\"position\":3,\"name\":\"Engagement communautaire\"}]},{\"@type\":\"WebSite\",\"@id\":\"https:\/\/tdbank4.site.findly.com\/fr-CA\/#website\",\"url\":\"https:\/\/tdbank4.site.findly.com\/fr-CA\/\",\"name\":\"Banque TD\",\"description\":\"Responsive Career site\",\"potentialAction\":[{\"@type\":\"SearchAction\",\"target\":{\"@type\":\"EntryPoint\",\"urlTemplate\":\"https:\/\/tdbank4.site.findly.com\/fr-CA\/?s={search_term_string}\"},\"query-input\":\"required name=search_term_string\"}],\"inLanguage\":\"fr-CA\"}]}<\/script>\n<!-- \/ Yoast SEO Premium plugin. -->","yoast_head_json":{"title":"Engagement communautaire","robots":{"index":"noindex","follow":"follow","max-snippet":"max-snippet:-1","max-image-preview":"max-image-preview:large","max-video-preview":"max-video-preview:-1"},"og_locale":"fr_CA","og_type":"article","og_title":"Engagement communautaire","og_url":"https:\/\/tdbank4.site.findly.com\/fr-CA\/pourquoi-nous-choisir\/engagement-communautaire\/","og_site_name":"Banque TD","article_publisher":"https:\/\/www.facebook.com\/TDBank","article_modified_time":"2023-03-27T17:02:21+00:00","twitter_misc":{"Estimation du temps de lecture":"4 minutes"},"schema":{"@context":"https:\/\/schema.org","@graph":[{"@type":"WebPage","@id":"https:\/\/tdbank4.site.findly.com\/fr-CA\/pourquoi-nous-choisir\/engagement-communautaire\/","url":"https:\/\/tdbank4.site.findly.com\/fr-CA\/pourquoi-nous-choisir\/engagement-communautaire\/","name":"Engagement communautaire","isPartOf":{"@id":"https:\/\/tdbank4.site.findly.com\/fr-CA\/#website"},"datePublished":"2015-05-15T16:54:14+00:00","dateModified":"2023-03-27T17:02:21+00:00","breadcrumb":{"@id":"https:\/\/tdbank4.site.findly.com\/fr-CA\/pourquoi-nous-choisir\/engagement-communautaire\/#breadcrumb"},"inLanguage":"fr-CA","potentialAction":[{"@type":"ReadAction","target":["https:\/\/tdbank4.site.findly.com\/fr-CA\/pourquoi-nous-choisir\/engagement-communautaire\/"]}]},{"@type":"BreadcrumbList","@id":"https:\/\/tdbank4.site.findly.com\/fr-CA\/pourquoi-nous-choisir\/engagement-communautaire\/#breadcrumb","itemListElement":[{"@type":"ListItem","position":1,"name":"Home","item":"https:\/\/tdbank4.site.findly.com\/fr-CA\/"},{"@type":"ListItem","position":2,"name":"Pourquoi nous choisir?","item":"https:\/\/tdbank4.site.findly.com\/fr-CA\/pourquoi-nous-choisir\/"},{"@type":"ListItem","position":3,"name":"Engagement communautaire"}]},{"@type":"WebSite","@id":"https:\/\/tdbank4.site.findly.com\/fr-CA\/#website","url":"https:\/\/tdbank4.site.findly.com\/fr-CA\/","name":"Banque TD","description":"Responsive Career site","potentialAction":[{"@type":"SearchAction","target":{"@type":"EntryPoint","urlTemplate":"https:\/\/tdbank4.site.findly.com\/fr-CA\/?s={search_term_string}"},"query-input":"required name=search_term_string"}],"inLanguage":"fr-CA"}]}},"_links":{"self":[{"href":"https:\/\/tdbank4.site.findly.com\/fr-CA\/wp-json\/wp\/v2\/pages\/1530","targetHints":{"allow":["GET"]}}],"collection":[{"href":"https:\/\/tdbank4.site.findly.com\/fr-CA\/wp-json\/wp\/v2\/pages"}],"about":[{"href":"https:\/\/tdbank4.site.findly.com\/fr-CA\/wp-json\/wp\/v2\/types\/page"}],"author":[{"embeddable":true,"href":"https:\/\/tdbank4.site.findly.com\/fr-CA\/wp-json\/wp\/v2\/users\/1"}],"replies":[{"embeddable":true,"href":"https:\/\/tdbank4.site.findly.com\/fr-CA\/wp-json\/wp\/v2\/comments?post=1530"}],"version-history":[{"count":2,"href":"https:\/\/tdbank4.site.findly.com\/fr-CA\/wp-json\/wp\/v2\/pages\/1530\/revisions"}],"predecessor-version":[{"id":20482,"href":"https:\/\/tdbank4.site.findly.com\/fr-CA\/wp-json\/wp\/v2\/pages\/1530\/revisions\/20482"}],"up":[{"embeddable":true,"href":"https:\/\/tdbank4.site.findly.com\/fr-CA\/wp-json\/wp\/v2\/pages\/1524"}],"wp:attachment":[{"href":"https:\/\/tdbank4.site.findly.com\/fr-CA\/wp-json\/wp\/v2\/media?parent=1530"}],"curies":[{"name":"wp","href":"https:\/\/api.w.org\/{rel}","templated":true}]}}