{"id":1528,"date":"2015-05-15T16:54:55","date_gmt":"2015-05-15T16:54:55","guid":{"rendered":"http:\/\/tdbank2.site.findly.com\/why-choose-us\/benefits\/"},"modified":"2018-10-24T11:14:40","modified_gmt":"2018-10-24T11:14:40","slug":"avantages","status":"publish","type":"page","link":"https:\/\/tdbank4.site.findly.com\/fr-CA\/pourquoi-nous-choisir\/avantages\/","title":{"rendered":"Avantages"},"content":{"rendered":"<\/div><\/div><\/div><!-- close content main div --><\/div><\/div><div id='banner-subpage' class='avia-section alternate_color avia-section-default avia-no-border-styling avia-bg-style-scroll   av-minimum-height av-minimum-height-custom container_wrap fullsize' style = 'background-repeat: no-repeat; background-image: url(https:\/\/tdbank4.site.findly.com\/wp-content\/uploads\/sites\/605\/2018\/10\/EW-TOHR-23_10405-3.jpg); background-attachment: scroll; background-position: top center; ' data-section-bg-repeat='no-repeat' ><div class='container' ><div class='template-page content  av-content-full alpha units'><div class='post-entry post-entry-type-page post-entry-1528'><div class='entry-content-wrapper clearfix'>\n<section class=\"av_textblock_section\"  itemscope=\"itemscope\" itemtype=\"https:\/\/schema.org\/CreativeWork\" ><div class='avia_textblock headertext ipad-right t50 w26 tagline-position-banner'   itemprop=\"text\" ><div>Une gamme compl\u00e8te d\u2019avantages sociaux pour vous permettre d\u2019atteindre votre plein potentiel.<\/div>\n<\/div><\/section>\n\n<\/div><\/div><\/div><!-- close content main div --><\/div><\/div><div id='mobile-bannertext' class='avia-section alternate_color avia-section-default avia-no-border-styling avia-bg-style-scroll   av-minimum-height av-minimum-height-custom container_wrap fullsize'   ><div class='container' ><div class='template-page content  av-content-full alpha units'><div class='post-entry post-entry-type-page post-entry-1528'><div class='entry-content-wrapper clearfix'>\n<section class=\"av_textblock_section\"  itemscope=\"itemscope\" itemtype=\"https:\/\/schema.org\/CreativeWork\" ><div class='avia_textblock headertext'   itemprop=\"text\" ><div>Une gamme compl\u00e8te d\u2019avantages sociaux pour vous permettre d\u2019atteindre votre plein potentiel.<\/div>\n<\/div><\/section>\n\n<\/div><\/div><\/div><!-- close content main div --><\/div><\/div><div id='secjobsearchbar' class='avia-section main_color avia-section-small avia-no-border-styling avia-bg-style-scroll   container_wrap fullsize'   ><div class='container' ><div class='template-page content  av-content-full alpha units'><div class='post-entry post-entry-type-page post-entry-1528'><div class='entry-content-wrapper clearfix'>\n\n\n<\/div><\/div><\/div><!-- close content main div --><\/div><\/div><div id='secMainCopy' class='av-layout-grid-container entry-content-wrapper main_color av-flex-cells   container_wrap fullsize'   >\n<div class=\"flex_cell no_margin av_one_fourth  navCell  \" style='vertical-align:top; padding:0px 0px 0 0px ; background-color:#efeff4; '><div class='flex_cell_inner' ><div class=\"flex_column av_one_full  flex_column_div first  \" ><div class='avia-builder-widget-area clearfix '><div id=\"nav_menu-7\" class=\"widget clearfix widget_nav_menu\"><div class=\"menu-why-us-french-can0-container\"><ul id=\"menu-why-us-french-can0\" class=\"menu\"><li id=\"menu-item-2064\" class=\"menu-item menu-item-type-post_type menu-item-object-page menu-item-has-children menu-item-2064\"><a href=\"https:\/\/tdbank4.site.findly.com\/fr-CA\/pourquoi-nous-choisir\/\">Pourquoi nous choisir?<\/a>\n<ul class=\"sub-menu\">\n\t<li id=\"menu-item-2066\" class=\"menu-item menu-item-type-post_type menu-item-object-page menu-item-2066\"><a href=\"https:\/\/tdbank4.site.findly.com\/fr-CA\/pourquoi-nous-choisir\/reconnaissances\/\">Nos reconnaissances<\/a><\/li>\n\t<li id=\"menu-item-2068\" class=\"menu-item menu-item-type-post_type menu-item-object-page menu-item-2068\"><a href=\"https:\/\/tdbank4.site.findly.com\/fr-CA\/pourquoi-nous-choisir\/avantages\/\">Avantages<\/a><\/li>\n\t<li id=\"menu-item-2070\" class=\"menu-item menu-item-type-post_type menu-item-object-page menu-item-2070\"><a href=\"https:\/\/tdbank4.site.findly.com\/fr-CA\/pourquoi-nous-choisir\/engagement-communautaire\/\">Notre engagement envers les collectivit\u00e9s<\/a><\/li>\n\t<li id=\"menu-item-20061\" class=\"sidebar-accordion menu-item menu-item-type-custom menu-item-object-custom menu-item-has-children menu-item-20061\"><a href=\"#\">Diversit\u00e9<\/a>\n\t<ul class=\"sub-menu\">\n\t\t<li id=\"menu-item-2072\" class=\"menu-item menu-item-type-post_type menu-item-object-page menu-item-2072\"><a href=\"https:\/\/tdbank4.site.findly.com\/fr-CA\/pourquoi-nous-choisir\/diversite\/\">Notre engagement envers la diversit\u00e9<\/a><\/li>\n\t\t<li id=\"menu-item-20146\" class=\"menu-item menu-item-type-post_type menu-item-object-page menu-item-20146\"><a href=\"https:\/\/tdbank4.site.findly.com\/fr-CA\/pourquoi-nous-choisir\/diversite\/personnes-handicapees\/\">Personnes Handicap\u00e9es<\/a><\/li>\n\t<\/ul>\n<\/li>\n\t<li id=\"menu-item-2074\" class=\"menu-item menu-item-type-post_type menu-item-object-page menu-item-2074\"><a href=\"https:\/\/tdbank4.site.findly.com\/fr-CA\/pourquoi-nous-choisir\/environnement\/\">Protection de notre environnement<\/a><\/li>\n\t<li id=\"menu-item-2076\" class=\"menu-item menu-item-type-post_type menu-item-object-page menu-item-2076\"><a href=\"https:\/\/tdbank4.site.findly.com\/fr-CA\/pourquoi-nous-choisir\/leadership\/\">Notre leadership<\/a><\/li>\n\t<li id=\"menu-item-2078\" class=\"menu-item menu-item-type-post_type menu-item-object-page menu-item-2078\"><a href=\"https:\/\/tdbank4.site.findly.com\/fr-CA\/pourquoi-nous-choisir\/formation-et-perfectionnement\/\">Formation et perfectionnement<\/a><\/li>\n<\/ul>\n<\/li>\n<\/ul><\/div><\/div><\/div><\/div>\n<\/div><\/div><div class=\"flex_cell no_margin av_three_fourth  mainCell  \" style='vertical-align:top; padding:0px 30px 30px 30px ; background-color:#ffffff; '><div class='flex_cell_inner' ><div class=\"flex_column av_one_full  flex_column_div first  \" ><section class=\"av_textblock_section\"  itemscope=\"itemscope\" itemtype=\"https:\/\/schema.org\/CreativeWork\" ><div class='avia_textblock '   itemprop=\"text\" ><h1 class=\"copyHeading\">Avantages<\/h1>\n<\/div><\/section><br \/>\n<section class=\"av_textblock_section\"  itemscope=\"itemscope\" itemtype=\"https:\/\/schema.org\/CreativeWork\" ><div class='avia_textblock '   itemprop=\"text\" ><p>\u00c0 la\u00a0TD, nous investissons dans nos employ\u00e9s en leur offrant des occasions d\u2019\u00e9volution, des salaires concurrentiels, des programmes incitatifs et un excellent r\u00e9gime d\u2019avantages sociaux.<\/p>\n<p>Lorsque vous joignez la\u00a0TD, vous int\u00e9grez une culture de soutien. Nos avantages sociaux ainsi que nos r\u00e9gimes de retraite et d\u2019\u00e9pargne repr\u00e9sentent une part importante des avantages et de la s\u00e9curit\u00e9 que nous offrons \u00e0 nos employ\u00e9s et qui permettent \u00e0 ces derniers d\u2019\u00eatre les meilleurs, tant dans leur travail qu\u2019en dehors.<\/p>\n<p>Nous savons qu\u2019il peut \u00eatre tr\u00e8s difficile d\u2019\u00e9quilibrer les besoins professionnels et personnels. Nous reconnaissons \u00e9galement qu\u2019il est important pour nos employ\u00e9s de trouver le juste \u00e9quilibre. C\u2019est pourquoi nous nous effor\u00e7ons de proposer \u00e0 nos employ\u00e9s une vari\u00e9t\u00e9 d\u2019options de travail pour r\u00e9pondre \u00e0 leur style de vie d\u2019aujourd\u2019hui et de demain. Comme la vie n\u2019est pas toujours un long fleuve tranquille, nous offrons des options d\u2019horaires flexibles pour vous permettre de g\u00e9rer les r\u00f4les importants que vous jouez dans votre vie personnelle et dans votre vie professionnelle.<\/p>\n<\/div><\/section><\/p><\/div>\n<\/div><\/div>\n<\/div>\n","protected":false},"excerpt":{"rendered":"","protected":false},"author":1,"featured_media":0,"parent":1524,"menu_order":0,"comment_status":"closed","ping_status":"closed","template":"","meta":{"footnotes":""},"class_list":["post-1528","page","type-page","status-publish","hentry"],"yoast_head":"<!-- This site is optimized with the Yoast SEO Premium plugin v23.0 (Yoast SEO v23.0) - https:\/\/yoast.com\/wordpress\/plugins\/seo\/ -->\n<title>Avantages<\/title>\n<meta name=\"robots\" content=\"noindex, follow, max-snippet:-1, max-image-preview:large, max-video-preview:-1\" \/>\n<meta property=\"og:locale\" content=\"fr_CA\" \/>\n<meta property=\"og:type\" content=\"article\" \/>\n<meta property=\"og:title\" content=\"Avantages\" \/>\n<meta property=\"og:url\" content=\"https:\/\/tdbank4.site.findly.com\/fr-CA\/pourquoi-nous-choisir\/avantages\/\" \/>\n<meta property=\"og:site_name\" content=\"Banque TD\" \/>\n<meta property=\"article:publisher\" content=\"https:\/\/www.facebook.com\/TDBank\" \/>\n<meta property=\"article:modified_time\" content=\"2018-10-24T11:14:40+00:00\" \/>\n<meta name=\"twitter:label1\" content=\"Estimation du temps de lecture\" \/>\n\t<meta name=\"twitter:data1\" content=\"3 minutes\" \/>\n<script type=\"application\/ld+json\" class=\"yoast-schema-graph\">{\"@context\":\"https:\/\/schema.org\",\"@graph\":[{\"@type\":\"WebPage\",\"@id\":\"https:\/\/tdbank4.site.findly.com\/fr-CA\/pourquoi-nous-choisir\/avantages\/\",\"url\":\"https:\/\/tdbank4.site.findly.com\/fr-CA\/pourquoi-nous-choisir\/avantages\/\",\"name\":\"Avantages\",\"isPartOf\":{\"@id\":\"https:\/\/tdbank4.site.findly.com\/fr-CA\/#website\"},\"datePublished\":\"2015-05-15T16:54:55+00:00\",\"dateModified\":\"2018-10-24T11:14:40+00:00\",\"breadcrumb\":{\"@id\":\"https:\/\/tdbank4.site.findly.com\/fr-CA\/pourquoi-nous-choisir\/avantages\/#breadcrumb\"},\"inLanguage\":\"fr-CA\",\"potentialAction\":[{\"@type\":\"ReadAction\",\"target\":[\"https:\/\/tdbank4.site.findly.com\/fr-CA\/pourquoi-nous-choisir\/avantages\/\"]}]},{\"@type\":\"BreadcrumbList\",\"@id\":\"https:\/\/tdbank4.site.findly.com\/fr-CA\/pourquoi-nous-choisir\/avantages\/#breadcrumb\",\"itemListElement\":[{\"@type\":\"ListItem\",\"position\":1,\"name\":\"Home\",\"item\":\"https:\/\/tdbank4.site.findly.com\/fr-CA\/\"},{\"@type\":\"ListItem\",\"position\":2,\"name\":\"Pourquoi nous choisir?\",\"item\":\"https:\/\/tdbank4.site.findly.com\/fr-CA\/pourquoi-nous-choisir\/\"},{\"@type\":\"ListItem\",\"position\":3,\"name\":\"Avantages\"}]},{\"@type\":\"WebSite\",\"@id\":\"https:\/\/tdbank4.site.findly.com\/fr-CA\/#website\",\"url\":\"https:\/\/tdbank4.site.findly.com\/fr-CA\/\",\"name\":\"Banque TD\",\"description\":\"Responsive Career site\",\"potentialAction\":[{\"@type\":\"SearchAction\",\"target\":{\"@type\":\"EntryPoint\",\"urlTemplate\":\"https:\/\/tdbank4.site.findly.com\/fr-CA\/?s={search_term_string}\"},\"query-input\":\"required name=search_term_string\"}],\"inLanguage\":\"fr-CA\"}]}<\/script>\n<!-- \/ Yoast SEO Premium plugin. -->","yoast_head_json":{"title":"Avantages","robots":{"index":"noindex","follow":"follow","max-snippet":"max-snippet:-1","max-image-preview":"max-image-preview:large","max-video-preview":"max-video-preview:-1"},"og_locale":"fr_CA","og_type":"article","og_title":"Avantages","og_url":"https:\/\/tdbank4.site.findly.com\/fr-CA\/pourquoi-nous-choisir\/avantages\/","og_site_name":"Banque TD","article_publisher":"https:\/\/www.facebook.com\/TDBank","article_modified_time":"2018-10-24T11:14:40+00:00","twitter_misc":{"Estimation du temps de lecture":"3 minutes"},"schema":{"@context":"https:\/\/schema.org","@graph":[{"@type":"WebPage","@id":"https:\/\/tdbank4.site.findly.com\/fr-CA\/pourquoi-nous-choisir\/avantages\/","url":"https:\/\/tdbank4.site.findly.com\/fr-CA\/pourquoi-nous-choisir\/avantages\/","name":"Avantages","isPartOf":{"@id":"https:\/\/tdbank4.site.findly.com\/fr-CA\/#website"},"datePublished":"2015-05-15T16:54:55+00:00","dateModified":"2018-10-24T11:14:40+00:00","breadcrumb":{"@id":"https:\/\/tdbank4.site.findly.com\/fr-CA\/pourquoi-nous-choisir\/avantages\/#breadcrumb"},"inLanguage":"fr-CA","potentialAction":[{"@type":"ReadAction","target":["https:\/\/tdbank4.site.findly.com\/fr-CA\/pourquoi-nous-choisir\/avantages\/"]}]},{"@type":"BreadcrumbList","@id":"https:\/\/tdbank4.site.findly.com\/fr-CA\/pourquoi-nous-choisir\/avantages\/#breadcrumb","itemListElement":[{"@type":"ListItem","position":1,"name":"Home","item":"https:\/\/tdbank4.site.findly.com\/fr-CA\/"},{"@type":"ListItem","position":2,"name":"Pourquoi nous choisir?","item":"https:\/\/tdbank4.site.findly.com\/fr-CA\/pourquoi-nous-choisir\/"},{"@type":"ListItem","position":3,"name":"Avantages"}]},{"@type":"WebSite","@id":"https:\/\/tdbank4.site.findly.com\/fr-CA\/#website","url":"https:\/\/tdbank4.site.findly.com\/fr-CA\/","name":"Banque TD","description":"Responsive Career site","potentialAction":[{"@type":"SearchAction","target":{"@type":"EntryPoint","urlTemplate":"https:\/\/tdbank4.site.findly.com\/fr-CA\/?s={search_term_string}"},"query-input":"required name=search_term_string"}],"inLanguage":"fr-CA"}]}},"_links":{"self":[{"href":"https:\/\/tdbank4.site.findly.com\/fr-CA\/wp-json\/wp\/v2\/pages\/1528","targetHints":{"allow":["GET"]}}],"collection":[{"href":"https:\/\/tdbank4.site.findly.com\/fr-CA\/wp-json\/wp\/v2\/pages"}],"about":[{"href":"https:\/\/tdbank4.site.findly.com\/fr-CA\/wp-json\/wp\/v2\/types\/page"}],"author":[{"embeddable":true,"href":"https:\/\/tdbank4.site.findly.com\/fr-CA\/wp-json\/wp\/v2\/users\/1"}],"replies":[{"embeddable":true,"href":"https:\/\/tdbank4.site.findly.com\/fr-CA\/wp-json\/wp\/v2\/comments?post=1528"}],"version-history":[{"count":0,"href":"https:\/\/tdbank4.site.findly.com\/fr-CA\/wp-json\/wp\/v2\/pages\/1528\/revisions"}],"up":[{"embeddable":true,"href":"https:\/\/tdbank4.site.findly.com\/fr-CA\/wp-json\/wp\/v2\/pages\/1524"}],"wp:attachment":[{"href":"https:\/\/tdbank4.site.findly.com\/fr-CA\/wp-json\/wp\/v2\/media?parent=1528"}],"curies":[{"name":"wp","href":"https:\/\/api.w.org\/{rel}","templated":true}]}}