{"id":1524,"date":"2015-05-15T15:56:55","date_gmt":"2015-05-15T15:56:55","guid":{"rendered":"http:\/\/tdbank2.site.findly.com\/why-choose-us-2\/"},"modified":"2024-04-25T19:50:11","modified_gmt":"2024-04-25T19:50:11","slug":"pourquoi-nous-choisir","status":"publish","type":"page","link":"https:\/\/tdbank4.site.findly.com\/fr-CA\/pourquoi-nous-choisir\/","title":{"rendered":"Pourquoi nous choisir?"},"content":{"rendered":"<\/div><\/div><\/div><!-- close content main div --><\/div><\/div><div id='banner-subpage' class='avia-section alternate_color avia-section-default avia-no-border-styling avia-bg-style-scroll   av-minimum-height av-minimum-height-custom container_wrap fullsize' style = 'background-repeat: no-repeat; background-image: url(https:\/\/tdbank4.site.findly.com\/wp-content\/uploads\/sites\/605\/2020\/11\/TOHR-123_10235-1067x375-12.jpg); background-attachment: scroll; background-position: top center; ' data-section-bg-repeat='no-repeat' ><div class='container' ><div class='template-page content  av-content-full alpha units'><div class='post-entry post-entry-type-page post-entry-1524'><div class='entry-content-wrapper clearfix'>\n<section class=\"av_textblock_section\"  itemscope=\"itemscope\" itemtype=\"https:\/\/schema.org\/CreativeWork\" ><div class='avia_textblock headertext w3 tagline-position-banner left50'   itemprop=\"text\" ><div>Un endroit o\u00f9 vous pouvez r\u00e9aliser des choses remarquables.<\/div>\n<\/div><\/section>\n\n<\/div><\/div><\/div><!-- close content main div --><\/div><\/div><div id='mobile-bannertext' class='avia-section alternate_color avia-section-default avia-no-border-styling avia-bg-style-scroll   av-minimum-height av-minimum-height-custom container_wrap fullsize'   ><div class='container' ><div class='template-page content  av-content-full alpha units'><div class='post-entry post-entry-type-page post-entry-1524'><div class='entry-content-wrapper clearfix'>\n<section class=\"av_textblock_section\"  itemscope=\"itemscope\" itemtype=\"https:\/\/schema.org\/CreativeWork\" ><div class='avia_textblock headertext'   itemprop=\"text\" ><div>Un endroit o\u00f9 vous pouvez r\u00e9aliser des choses remarquables.<\/div>\n<\/div><\/section>\n\n<div class=\"flex_column av_one_half  flex_column_div av-zero-column-padding first  \" style='border-radius:0px; '><section class=\"av_textblock_section\"  itemscope=\"itemscope\" itemtype=\"https:\/\/schema.org\/CreativeWork\" ><div class='avia_textblock '   itemprop=\"text\" ><p style=\"text-align: left;\"><span style=\"font-size: 18pt;\"><strong><a class=\"relaunch-button\" href=\"https:\/\/td.wd3.myworkdayjobs.com\/fr-CA\/TD_Bank_Careers\">Explorer des occasions<\/a><\/strong><\/span><\/p>\n<\/div><\/section><\/div><\/div><\/div><\/div><!-- close content main div --><\/div><\/div><div id='secMainCopy' class='av-layout-grid-container entry-content-wrapper main_color av-flex-cells   container_wrap fullsize'   >\n<div class=\"flex_cell no_margin av_one_fourth  navCell  \" style='vertical-align:top; padding:0px 0px 0 0px ; background-color:#efeff4; '><div class='flex_cell_inner' ><div class=\"flex_column av_one_full  flex_column_div first  \" ><div class='avia-builder-widget-area clearfix '><div id=\"nav_menu-7\" class=\"widget clearfix widget_nav_menu\"><div class=\"menu-why-us-french-can0-container\"><ul id=\"menu-why-us-french-can0\" class=\"menu\"><li id=\"menu-item-2064\" class=\"menu-item menu-item-type-post_type menu-item-object-page menu-item-has-children menu-item-2064\"><a href=\"https:\/\/tdbank4.site.findly.com\/fr-CA\/pourquoi-nous-choisir\/\">Pourquoi nous choisir?<\/a>\n<ul class=\"sub-menu\">\n\t<li id=\"menu-item-2066\" class=\"menu-item menu-item-type-post_type menu-item-object-page menu-item-2066\"><a href=\"https:\/\/tdbank4.site.findly.com\/fr-CA\/pourquoi-nous-choisir\/reconnaissances\/\">Nos reconnaissances<\/a><\/li>\n\t<li id=\"menu-item-2068\" class=\"menu-item menu-item-type-post_type menu-item-object-page menu-item-2068\"><a href=\"https:\/\/tdbank4.site.findly.com\/fr-CA\/pourquoi-nous-choisir\/avantages\/\">Avantages<\/a><\/li>\n\t<li id=\"menu-item-2070\" class=\"menu-item menu-item-type-post_type menu-item-object-page menu-item-2070\"><a href=\"https:\/\/tdbank4.site.findly.com\/fr-CA\/pourquoi-nous-choisir\/engagement-communautaire\/\">Notre engagement envers les collectivit\u00e9s<\/a><\/li>\n\t<li id=\"menu-item-20061\" class=\"sidebar-accordion menu-item menu-item-type-custom menu-item-object-custom menu-item-has-children menu-item-20061\"><a href=\"#\">Diversit\u00e9<\/a>\n\t<ul class=\"sub-menu\">\n\t\t<li id=\"menu-item-2072\" class=\"menu-item menu-item-type-post_type menu-item-object-page menu-item-2072\"><a href=\"https:\/\/tdbank4.site.findly.com\/fr-CA\/pourquoi-nous-choisir\/diversite\/\">Notre engagement envers la diversit\u00e9<\/a><\/li>\n\t\t<li id=\"menu-item-20146\" class=\"menu-item menu-item-type-post_type menu-item-object-page menu-item-20146\"><a href=\"https:\/\/tdbank4.site.findly.com\/fr-CA\/pourquoi-nous-choisir\/diversite\/personnes-handicapees\/\">Personnes Handicap\u00e9es<\/a><\/li>\n\t<\/ul>\n<\/li>\n\t<li id=\"menu-item-2074\" class=\"menu-item menu-item-type-post_type menu-item-object-page menu-item-2074\"><a href=\"https:\/\/tdbank4.site.findly.com\/fr-CA\/pourquoi-nous-choisir\/environnement\/\">Protection de notre environnement<\/a><\/li>\n\t<li id=\"menu-item-2076\" class=\"menu-item menu-item-type-post_type menu-item-object-page menu-item-2076\"><a href=\"https:\/\/tdbank4.site.findly.com\/fr-CA\/pourquoi-nous-choisir\/leadership\/\">Notre leadership<\/a><\/li>\n\t<li id=\"menu-item-2078\" class=\"menu-item menu-item-type-post_type menu-item-object-page menu-item-2078\"><a href=\"https:\/\/tdbank4.site.findly.com\/fr-CA\/pourquoi-nous-choisir\/formation-et-perfectionnement\/\">Formation et perfectionnement<\/a><\/li>\n<\/ul>\n<\/li>\n<\/ul><\/div><\/div><\/div><\/div>\n<\/div><\/div><div class=\"flex_cell no_margin av_three_fourth  mainCell  \" style='vertical-align:top; padding:0px 30px 30px 30px ; background-color:#ffffff; '><div class='flex_cell_inner' ><div class=\"flex_column av_one_full  flex_column_div first  \" ><section class=\"av_textblock_section\"  itemscope=\"itemscope\" itemtype=\"https:\/\/schema.org\/CreativeWork\" ><div class='avia_textblock '   itemprop=\"text\" ><h1 class=\"copyHeading\">Pourquoi nous choisir?<\/h1>\n<\/div><\/section><br \/>\n<section class=\"av_textblock_section\"  itemscope=\"itemscope\" itemtype=\"https:\/\/schema.org\/CreativeWork\" ><div class='avia_textblock '   itemprop=\"text\" ><p>Quand il est temps d\u2019orienter votre carri\u00e8re, les directions qui s\u2019offrent \u00e0 vous sont nombreuses. Avec votre talent, votre ambition et votre dynamisme, nous voulons que vous nous choisissiez.<\/p>\n<p>Le Groupe Banque TD est l\u2019une des banques les plus importantes en Am\u00e9rique du Nord et est profond\u00e9ment engag\u00e9 dans la collectivit\u00e9 depuis plus de\u00a0150\u00a0ans. Nous proposons des produits et des services bancaires de d\u00e9tail, commerciaux et pour petites entreprises \u00e0 des millions de clients partout au Canada, aux \u00c9tats-Unis et au Royaume-Uni.<\/p>\n<p>\u00c0 la\u00a0TD, nous pouvons vous offrir une carri\u00e8re fructueuse qui vous permettra de vous \u00e9panouir. C\u2019est l\u2019endroit o\u00f9 vous pouvez r\u00e9aliser vos aspirations et atteindre vos objectifs au sein d\u2019un milieu de travail inclusif et positif. En collaborant avec des coll\u00e8gues talentueux pour effectuer un travail int\u00e9ressant et stimulant, chaque employ\u00e9 a la possibilit\u00e9 d\u2019exercer une influence consid\u00e9rable sur nos activit\u00e9s et dans nos collectivit\u00e9s. Nous nous engageons \u00e0 faire la diff\u00e9rence dans la vie des gens en participant \u00e0 des initiatives et en collaborant avec des organisations locales qui ont une incidence positive sur les endroits o\u00f9 nous travaillons.<\/p>\n<p>Lorsque vous joignez la\u00a0TD, vous choisissez de joindre bien plus qu\u2019une simple banque. Vous int\u00e9grerez une \u00e9quipe de ~95 000 personnes exceptionnelles et, ensemble, vous serez inspir\u00e9s et motiv\u00e9s par les outils et le leadership dont vous avez besoin pour devenir le meilleur de vous-m\u00eame.<\/p>\n<\/div><\/section><\/p><\/div>\n<\/div><\/div>\n<\/div><\/p>\n","protected":false},"excerpt":{"rendered":"","protected":false},"author":1,"featured_media":0,"parent":0,"menu_order":3,"comment_status":"closed","ping_status":"closed","template":"","meta":{"footnotes":""},"class_list":["post-1524","page","type-page","status-publish","hentry"],"yoast_head":"<!-- This site is optimized with the Yoast SEO Premium plugin v23.0 (Yoast SEO v23.0) - https:\/\/yoast.com\/wordpress\/plugins\/seo\/ -->\n<title>Pourquoi nous choisir?<\/title>\n<meta name=\"robots\" content=\"noindex, follow, max-snippet:-1, max-image-preview:large, max-video-preview:-1\" \/>\n<meta property=\"og:locale\" content=\"fr_CA\" \/>\n<meta property=\"og:type\" content=\"article\" \/>\n<meta property=\"og:title\" content=\"Pourquoi nous choisir?\" \/>\n<meta property=\"og:url\" content=\"https:\/\/tdbank4.site.findly.com\/fr-CA\/pourquoi-nous-choisir\/\" \/>\n<meta property=\"og:site_name\" content=\"Banque TD\" \/>\n<meta property=\"article:publisher\" content=\"https:\/\/www.facebook.com\/TDBank\" \/>\n<meta property=\"article:modified_time\" content=\"2024-04-25T19:50:11+00:00\" \/>\n<meta name=\"twitter:label1\" content=\"Estimation du temps de lecture\" \/>\n\t<meta name=\"twitter:data1\" content=\"3 minutes\" \/>\n<script type=\"application\/ld+json\" class=\"yoast-schema-graph\">{\"@context\":\"https:\/\/schema.org\",\"@graph\":[{\"@type\":\"WebPage\",\"@id\":\"https:\/\/tdbank4.site.findly.com\/fr-CA\/pourquoi-nous-choisir\/\",\"url\":\"https:\/\/tdbank4.site.findly.com\/fr-CA\/pourquoi-nous-choisir\/\",\"name\":\"Pourquoi nous choisir?\",\"isPartOf\":{\"@id\":\"https:\/\/tdbank4.site.findly.com\/fr-CA\/#website\"},\"datePublished\":\"2015-05-15T15:56:55+00:00\",\"dateModified\":\"2024-04-25T19:50:11+00:00\",\"breadcrumb\":{\"@id\":\"https:\/\/tdbank4.site.findly.com\/fr-CA\/pourquoi-nous-choisir\/#breadcrumb\"},\"inLanguage\":\"fr-CA\",\"potentialAction\":[{\"@type\":\"ReadAction\",\"target\":[\"https:\/\/tdbank4.site.findly.com\/fr-CA\/pourquoi-nous-choisir\/\"]}]},{\"@type\":\"BreadcrumbList\",\"@id\":\"https:\/\/tdbank4.site.findly.com\/fr-CA\/pourquoi-nous-choisir\/#breadcrumb\",\"itemListElement\":[{\"@type\":\"ListItem\",\"position\":1,\"name\":\"Home\",\"item\":\"https:\/\/tdbank4.site.findly.com\/fr-CA\/\"},{\"@type\":\"ListItem\",\"position\":2,\"name\":\"Pourquoi nous choisir?\"}]},{\"@type\":\"WebSite\",\"@id\":\"https:\/\/tdbank4.site.findly.com\/fr-CA\/#website\",\"url\":\"https:\/\/tdbank4.site.findly.com\/fr-CA\/\",\"name\":\"Banque TD\",\"description\":\"Responsive Career site\",\"potentialAction\":[{\"@type\":\"SearchAction\",\"target\":{\"@type\":\"EntryPoint\",\"urlTemplate\":\"https:\/\/tdbank4.site.findly.com\/fr-CA\/?s={search_term_string}\"},\"query-input\":\"required name=search_term_string\"}],\"inLanguage\":\"fr-CA\"}]}<\/script>\n<!-- \/ Yoast SEO Premium plugin. -->","yoast_head_json":{"title":"Pourquoi nous choisir?","robots":{"index":"noindex","follow":"follow","max-snippet":"max-snippet:-1","max-image-preview":"max-image-preview:large","max-video-preview":"max-video-preview:-1"},"og_locale":"fr_CA","og_type":"article","og_title":"Pourquoi nous choisir?","og_url":"https:\/\/tdbank4.site.findly.com\/fr-CA\/pourquoi-nous-choisir\/","og_site_name":"Banque TD","article_publisher":"https:\/\/www.facebook.com\/TDBank","article_modified_time":"2024-04-25T19:50:11+00:00","twitter_misc":{"Estimation du temps de lecture":"3 minutes"},"schema":{"@context":"https:\/\/schema.org","@graph":[{"@type":"WebPage","@id":"https:\/\/tdbank4.site.findly.com\/fr-CA\/pourquoi-nous-choisir\/","url":"https:\/\/tdbank4.site.findly.com\/fr-CA\/pourquoi-nous-choisir\/","name":"Pourquoi nous choisir?","isPartOf":{"@id":"https:\/\/tdbank4.site.findly.com\/fr-CA\/#website"},"datePublished":"2015-05-15T15:56:55+00:00","dateModified":"2024-04-25T19:50:11+00:00","breadcrumb":{"@id":"https:\/\/tdbank4.site.findly.com\/fr-CA\/pourquoi-nous-choisir\/#breadcrumb"},"inLanguage":"fr-CA","potentialAction":[{"@type":"ReadAction","target":["https:\/\/tdbank4.site.findly.com\/fr-CA\/pourquoi-nous-choisir\/"]}]},{"@type":"BreadcrumbList","@id":"https:\/\/tdbank4.site.findly.com\/fr-CA\/pourquoi-nous-choisir\/#breadcrumb","itemListElement":[{"@type":"ListItem","position":1,"name":"Home","item":"https:\/\/tdbank4.site.findly.com\/fr-CA\/"},{"@type":"ListItem","position":2,"name":"Pourquoi nous choisir?"}]},{"@type":"WebSite","@id":"https:\/\/tdbank4.site.findly.com\/fr-CA\/#website","url":"https:\/\/tdbank4.site.findly.com\/fr-CA\/","name":"Banque TD","description":"Responsive Career site","potentialAction":[{"@type":"SearchAction","target":{"@type":"EntryPoint","urlTemplate":"https:\/\/tdbank4.site.findly.com\/fr-CA\/?s={search_term_string}"},"query-input":"required name=search_term_string"}],"inLanguage":"fr-CA"}]}},"_links":{"self":[{"href":"https:\/\/tdbank4.site.findly.com\/fr-CA\/wp-json\/wp\/v2\/pages\/1524","targetHints":{"allow":["GET"]}}],"collection":[{"href":"https:\/\/tdbank4.site.findly.com\/fr-CA\/wp-json\/wp\/v2\/pages"}],"about":[{"href":"https:\/\/tdbank4.site.findly.com\/fr-CA\/wp-json\/wp\/v2\/types\/page"}],"author":[{"embeddable":true,"href":"https:\/\/tdbank4.site.findly.com\/fr-CA\/wp-json\/wp\/v2\/users\/1"}],"replies":[{"embeddable":true,"href":"https:\/\/tdbank4.site.findly.com\/fr-CA\/wp-json\/wp\/v2\/comments?post=1524"}],"version-history":[{"count":3,"href":"https:\/\/tdbank4.site.findly.com\/fr-CA\/wp-json\/wp\/v2\/pages\/1524\/revisions"}],"predecessor-version":[{"id":22174,"href":"https:\/\/tdbank4.site.findly.com\/fr-CA\/wp-json\/wp\/v2\/pages\/1524\/revisions\/22174"}],"wp:attachment":[{"href":"https:\/\/tdbank4.site.findly.com\/fr-CA\/wp-json\/wp\/v2\/media?parent=1524"}],"curies":[{"name":"wp","href":"https:\/\/api.w.org\/{rel}","templated":true}]}}