{"id":1520,"date":"2015-05-15T15:53:12","date_gmt":"2015-05-15T15:53:12","guid":{"rendered":"http:\/\/tdbank2.site.findly.com\/our-businesses\/td-securities\/"},"modified":"2018-10-19T07:16:56","modified_gmt":"2018-10-19T07:16:56","slug":"valeurs-mobilieres-td","status":"publish","type":"page","link":"https:\/\/tdbank4.site.findly.com\/fr-CA\/secteurs-dactivite\/valeurs-mobilieres-td\/","title":{"rendered":"Valeurs Mobili\u00e8res TD"},"content":{"rendered":"<\/div><\/div><\/div><!-- close content main div --><\/div><\/div><div id='banner-subpage' class='avia-section alternate_color avia-section-default avia-no-border-styling avia-bg-style-scroll   av-minimum-height av-minimum-height-custom container_wrap fullsize' style = 'background-repeat: no-repeat; background-image: url(https:\/\/tdbank4.site.findly.com\/wp-content\/uploads\/sites\/605\/2018\/10\/CO-TDSNY-0006_10126.jpg); background-attachment: scroll; background-position: top right; ' data-section-bg-repeat='no-repeat' ><div class='container' ><div class='template-page content  av-content-full alpha units'><div class='post-entry post-entry-type-page post-entry-1520'><div class='entry-content-wrapper clearfix'>\n<section class=\"av_textblock_section\"  itemscope=\"itemscope\" itemtype=\"https:\/\/schema.org\/CreativeWork\" ><div class='avia_textblock headertext w38 left4 tagline-position-banner'   itemprop=\"text\" ><div>Des occasions de travail int\u00e9ressantes et stimulantes.<\/div>\n<\/div><\/section>\n<\/div><\/div><\/div><!-- close content main div --><\/div><\/div><div id='mobile-bannertext' class='avia-section alternate_color avia-section-default avia-no-border-styling avia-bg-style-scroll   av-minimum-height av-minimum-height-custom container_wrap fullsize'   ><div class='container' ><div class='template-page content  av-content-full alpha units'><div class='post-entry post-entry-type-page post-entry-1520'><div class='entry-content-wrapper clearfix'>\n<section class=\"av_textblock_section\"  itemscope=\"itemscope\" itemtype=\"https:\/\/schema.org\/CreativeWork\" ><div class='avia_textblock headertext'   itemprop=\"text\" ><div>Des occasions de travail int\u00e9ressantes et stimulantes.<\/div>\n<\/div><\/section>\n<\/div><\/div><\/div><!-- close content main div --><\/div><\/div><div id='secjobsearchbar' class='avia-section main_color avia-section-small avia-no-border-styling avia-bg-style-scroll   container_wrap fullsize'   ><div class='container' ><div class='template-page content  av-content-full alpha units'><div class='post-entry post-entry-type-page post-entry-1520'><div class='entry-content-wrapper clearfix'>\n\n<\/p>\n<\/div><\/div><\/div><!-- close content main div --><\/div><\/div><div id='secMainCopy' class='av-layout-grid-container entry-content-wrapper main_color av-flex-cells   container_wrap fullsize'   >\n<div class=\"flex_cell no_margin av_one_fourth  navCell  \" style='vertical-align:top; padding:0px 0px 0 0px ; background-color:#efeff4; '><div class='flex_cell_inner' ><div class=\"flex_column av_one_full  flex_column_div first  \" ><div class='avia-builder-widget-area clearfix '><div id=\"nav_menu-6\" class=\"widget clearfix widget_nav_menu\"><div class=\"menu-business-french-can0-container\"><ul id=\"menu-business-french-can0\" class=\"menu\"><li id=\"menu-item-2146\" class=\"menu-item menu-item-type-post_type menu-item-object-page menu-item-has-children menu-item-2146\"><a href=\"https:\/\/tdbank4.site.findly.com\/fr-CA\/secteurs-dactivite\/\">Secteurs d\u2019activit\u00e9<\/a>\n<ul class=\"sub-menu\">\n\t<li id=\"menu-item-2156\" class=\"menu-item menu-item-type-post_type menu-item-object-page menu-item-2156\"><a href=\"https:\/\/tdbank4.site.findly.com\/fr-CA\/secteurs-dactivite\/valeurs-mobilieres-td\/\">Valeurs Mobili\u00e8res TD<\/a><\/li>\n\t<li id=\"menu-item-2680\" class=\"menu-item menu-item-type-post_type menu-item-object-page menu-item-2680\"><a href=\"https:\/\/tdbank4.site.findly.com\/fr-CA\/secteurs-dactivite\/td-canada-trust\/\">TD Canada Trust<\/a><\/li>\n\t<li id=\"menu-item-2678\" class=\"menu-item menu-item-type-post_type menu-item-object-page menu-item-2678\"><a href=\"https:\/\/tdbank4.site.findly.com\/fr-CA\/secteurs-dactivite\/gestion-de-placements-td\/\">Gestion de Placements TD<\/a><\/li>\n\t<li id=\"menu-item-2679\" class=\"menu-item menu-item-type-post_type menu-item-object-page menu-item-2679\"><a href=\"https:\/\/tdbank4.site.findly.com\/fr-CA\/secteurs-dactivite\/td-assurance\/\">TD Assurance<\/a><\/li>\n\t<li id=\"menu-item-20128\" class=\"menu-item menu-item-type-custom menu-item-object-custom menu-item-20128\"><a target=\"_blank\" href=\"https:\/\/jobs.td.com\/fr-CA\/secteurs-dactivite\/gestion-de-patrimoine-td\/\">Gestion de patrimoine TD<\/a><\/li>\n<\/ul>\n<\/li>\n<\/ul><\/div><\/div><\/div><\/div>\n<\/div><\/div><div class=\"flex_cell no_margin av_three_fourth  mainCell  \" style='vertical-align:top; padding:0px 30px 30px 30px ; background-color:#ffffff; '><div class='flex_cell_inner' ><div class=\"flex_column av_one_full  flex_column_div first  \" ><section class=\"av_textblock_section\"  itemscope=\"itemscope\" itemtype=\"https:\/\/schema.org\/CreativeWork\" ><div class='avia_textblock '   itemprop=\"text\" ><h1 class=\"copyHeading\">Valeurs Mobili\u00e8res TD<\/h1>\n<\/div><\/section><br \/>\n<section class=\"av_textblock_section\"  itemscope=\"itemscope\" itemtype=\"https:\/\/schema.org\/CreativeWork\" ><div class='avia_textblock '   itemprop=\"text\" ><p>L\u2019importance de la formation, du mentorat et du r\u00e9seautage, chez Valeurs Mobili\u00e8res\u00a0TD, fait en sorte que vous pouvez vous r\u00e9aliser et avoir de l\u2019influence plus rapidement qu\u2019ailleurs. Au sein d\u2019une \u00e9quipe sp\u00e9cialis\u00e9e dans un secteur ou un produit, vous participerez de fa\u00e7on proactive et d\u00e9terminante \u00e0 des pr\u00e9sentations, \u00e0 des ententes et \u00e0 des transactions. De plus, comme nous valorisons et encourageons l\u2019initiative de nos nouvelles recrues, vous pourrez exercer une r\u00e9elle influence d\u00e8s le premier jour.<\/p>\n<p>Si vous voulez offrir des produits et services du march\u00e9 financier \u00e0 des entreprises, \u00e0 des gouvernements et \u00e0 une client\u00e8le institutionnelle dans le monde entier, informez-vous des possibilit\u00e9s de carri\u00e8re chez Valeurs Mobili\u00e8res\u00a0TD. Chez Valeurs Mobili\u00e8res\u00a0TD, nous savons que notre succ\u00e8s est attribuable \u00e0 nos employ\u00e9s. C\u2019est pourquoi nous recrutons les personnes les plus talentueuses, peu importe o\u00f9 elles se trouvent, et nous leur offrons la chance de travailler avec des experts de notre secteur et de se perfectionner au sein de notre soci\u00e9t\u00e9. Cette approche, de pair avec notre culture d\u2019entreprise et notre structure de gestion horizontale, est le gage de notre r\u00e9ussite au sein du dynamique march\u00e9 des services financiers.<\/p>\n<\/div><\/section><br \/>\n<div class='avia-button-wrap avia-button-left  lnkJobSearch'><a href='\/fr-CA\/recherche-demploi\/?brand=Valeurs Mobili\u00e8res TD' class='avia-button  avia-icon_select-yes-right-icon avia-color-theme-color avia-size-medium avia-position-left '   ><span class='avia_iconbox_title' >Rechercher tous les emplois \u00e0 Valeurs Mobili\u00e8res TD<\/span><span class='avia_button_icon avia_button_icon_right' aria-hidden='true' data-av_icon='\ue87d' data-av_iconfont='entypo-fontello'><\/span><\/a><\/div><\/p><\/div>\n<\/div><\/div>\n<\/div>\n","protected":false},"excerpt":{"rendered":"","protected":false},"author":1,"featured_media":0,"parent":1505,"menu_order":0,"comment_status":"closed","ping_status":"closed","template":"","meta":{"footnotes":""},"class_list":["post-1520","page","type-page","status-publish","hentry"],"yoast_head":"<!-- This site is optimized with the Yoast SEO Premium plugin v23.0 (Yoast SEO v23.0) - https:\/\/yoast.com\/wordpress\/plugins\/seo\/ -->\n<title>Valeurs Mobili\u00e8res TD<\/title>\n<meta name=\"robots\" content=\"noindex, follow, max-snippet:-1, max-image-preview:large, max-video-preview:-1\" \/>\n<meta property=\"og:locale\" content=\"fr_CA\" \/>\n<meta property=\"og:type\" content=\"article\" \/>\n<meta property=\"og:title\" content=\"Valeurs Mobili\u00e8res TD\" \/>\n<meta property=\"og:url\" content=\"https:\/\/tdbank4.site.findly.com\/fr-CA\/secteurs-dactivite\/valeurs-mobilieres-td\/\" \/>\n<meta property=\"og:site_name\" content=\"Banque TD\" \/>\n<meta property=\"article:publisher\" content=\"https:\/\/www.facebook.com\/TDBank\" \/>\n<meta property=\"article:modified_time\" content=\"2018-10-19T07:16:56+00:00\" \/>\n<meta name=\"twitter:label1\" content=\"Estimation du temps de lecture\" \/>\n\t<meta name=\"twitter:data1\" content=\"4 minutes\" \/>\n<script type=\"application\/ld+json\" class=\"yoast-schema-graph\">{\"@context\":\"https:\/\/schema.org\",\"@graph\":[{\"@type\":\"WebPage\",\"@id\":\"https:\/\/tdbank4.site.findly.com\/fr-CA\/secteurs-dactivite\/valeurs-mobilieres-td\/\",\"url\":\"https:\/\/tdbank4.site.findly.com\/fr-CA\/secteurs-dactivite\/valeurs-mobilieres-td\/\",\"name\":\"Valeurs Mobili\u00e8res TD\",\"isPartOf\":{\"@id\":\"https:\/\/tdbank4.site.findly.com\/fr-CA\/#website\"},\"datePublished\":\"2015-05-15T15:53:12+00:00\",\"dateModified\":\"2018-10-19T07:16:56+00:00\",\"breadcrumb\":{\"@id\":\"https:\/\/tdbank4.site.findly.com\/fr-CA\/secteurs-dactivite\/valeurs-mobilieres-td\/#breadcrumb\"},\"inLanguage\":\"fr-CA\",\"potentialAction\":[{\"@type\":\"ReadAction\",\"target\":[\"https:\/\/tdbank4.site.findly.com\/fr-CA\/secteurs-dactivite\/valeurs-mobilieres-td\/\"]}]},{\"@type\":\"BreadcrumbList\",\"@id\":\"https:\/\/tdbank4.site.findly.com\/fr-CA\/secteurs-dactivite\/valeurs-mobilieres-td\/#breadcrumb\",\"itemListElement\":[{\"@type\":\"ListItem\",\"position\":1,\"name\":\"Home\",\"item\":\"https:\/\/tdbank4.site.findly.com\/fr-CA\/\"},{\"@type\":\"ListItem\",\"position\":2,\"name\":\"Secteurs d\u2019activit\u00e9\",\"item\":\"https:\/\/tdbank4.site.findly.com\/fr-CA\/secteurs-dactivite\/\"},{\"@type\":\"ListItem\",\"position\":3,\"name\":\"Valeurs Mobili\u00e8res TD\"}]},{\"@type\":\"WebSite\",\"@id\":\"https:\/\/tdbank4.site.findly.com\/fr-CA\/#website\",\"url\":\"https:\/\/tdbank4.site.findly.com\/fr-CA\/\",\"name\":\"Banque TD\",\"description\":\"Responsive Career site\",\"potentialAction\":[{\"@type\":\"SearchAction\",\"target\":{\"@type\":\"EntryPoint\",\"urlTemplate\":\"https:\/\/tdbank4.site.findly.com\/fr-CA\/?s={search_term_string}\"},\"query-input\":\"required name=search_term_string\"}],\"inLanguage\":\"fr-CA\"}]}<\/script>\n<!-- \/ Yoast SEO Premium plugin. -->","yoast_head_json":{"title":"Valeurs Mobili\u00e8res TD","robots":{"index":"noindex","follow":"follow","max-snippet":"max-snippet:-1","max-image-preview":"max-image-preview:large","max-video-preview":"max-video-preview:-1"},"og_locale":"fr_CA","og_type":"article","og_title":"Valeurs Mobili\u00e8res TD","og_url":"https:\/\/tdbank4.site.findly.com\/fr-CA\/secteurs-dactivite\/valeurs-mobilieres-td\/","og_site_name":"Banque TD","article_publisher":"https:\/\/www.facebook.com\/TDBank","article_modified_time":"2018-10-19T07:16:56+00:00","twitter_misc":{"Estimation du temps de lecture":"4 minutes"},"schema":{"@context":"https:\/\/schema.org","@graph":[{"@type":"WebPage","@id":"https:\/\/tdbank4.site.findly.com\/fr-CA\/secteurs-dactivite\/valeurs-mobilieres-td\/","url":"https:\/\/tdbank4.site.findly.com\/fr-CA\/secteurs-dactivite\/valeurs-mobilieres-td\/","name":"Valeurs Mobili\u00e8res TD","isPartOf":{"@id":"https:\/\/tdbank4.site.findly.com\/fr-CA\/#website"},"datePublished":"2015-05-15T15:53:12+00:00","dateModified":"2018-10-19T07:16:56+00:00","breadcrumb":{"@id":"https:\/\/tdbank4.site.findly.com\/fr-CA\/secteurs-dactivite\/valeurs-mobilieres-td\/#breadcrumb"},"inLanguage":"fr-CA","potentialAction":[{"@type":"ReadAction","target":["https:\/\/tdbank4.site.findly.com\/fr-CA\/secteurs-dactivite\/valeurs-mobilieres-td\/"]}]},{"@type":"BreadcrumbList","@id":"https:\/\/tdbank4.site.findly.com\/fr-CA\/secteurs-dactivite\/valeurs-mobilieres-td\/#breadcrumb","itemListElement":[{"@type":"ListItem","position":1,"name":"Home","item":"https:\/\/tdbank4.site.findly.com\/fr-CA\/"},{"@type":"ListItem","position":2,"name":"Secteurs d\u2019activit\u00e9","item":"https:\/\/tdbank4.site.findly.com\/fr-CA\/secteurs-dactivite\/"},{"@type":"ListItem","position":3,"name":"Valeurs Mobili\u00e8res TD"}]},{"@type":"WebSite","@id":"https:\/\/tdbank4.site.findly.com\/fr-CA\/#website","url":"https:\/\/tdbank4.site.findly.com\/fr-CA\/","name":"Banque TD","description":"Responsive Career site","potentialAction":[{"@type":"SearchAction","target":{"@type":"EntryPoint","urlTemplate":"https:\/\/tdbank4.site.findly.com\/fr-CA\/?s={search_term_string}"},"query-input":"required name=search_term_string"}],"inLanguage":"fr-CA"}]}},"_links":{"self":[{"href":"https:\/\/tdbank4.site.findly.com\/fr-CA\/wp-json\/wp\/v2\/pages\/1520","targetHints":{"allow":["GET"]}}],"collection":[{"href":"https:\/\/tdbank4.site.findly.com\/fr-CA\/wp-json\/wp\/v2\/pages"}],"about":[{"href":"https:\/\/tdbank4.site.findly.com\/fr-CA\/wp-json\/wp\/v2\/types\/page"}],"author":[{"embeddable":true,"href":"https:\/\/tdbank4.site.findly.com\/fr-CA\/wp-json\/wp\/v2\/users\/1"}],"replies":[{"embeddable":true,"href":"https:\/\/tdbank4.site.findly.com\/fr-CA\/wp-json\/wp\/v2\/comments?post=1520"}],"version-history":[{"count":0,"href":"https:\/\/tdbank4.site.findly.com\/fr-CA\/wp-json\/wp\/v2\/pages\/1520\/revisions"}],"up":[{"embeddable":true,"href":"https:\/\/tdbank4.site.findly.com\/fr-CA\/wp-json\/wp\/v2\/pages\/1505"}],"wp:attachment":[{"href":"https:\/\/tdbank4.site.findly.com\/fr-CA\/wp-json\/wp\/v2\/media?parent=1520"}],"curies":[{"name":"wp","href":"https:\/\/api.w.org\/{rel}","templated":true}]}}