{"id":1518,"date":"2015-05-15T17:38:48","date_gmt":"2015-05-15T17:38:48","guid":{"rendered":"http:\/\/tdbank2.site.findly.com\/our-businesses\/td-insurance\/"},"modified":"2018-11-02T03:44:45","modified_gmt":"2018-11-02T03:44:45","slug":"td-assurance","status":"publish","type":"page","link":"https:\/\/tdbank4.site.findly.com\/fr-CA\/secteurs-dactivite\/td-assurance\/","title":{"rendered":"TD Assurance"},"content":{"rendered":"<\/div><\/div><\/div><!-- close content main div --><\/div><\/div><div id='banner-subpage' class='avia-section alternate_color avia-section-default avia-no-border-styling avia-bg-style-scroll   av-minimum-height av-minimum-height-custom container_wrap fullsize' style = 'background-repeat: no-repeat; background-image: url(https:\/\/tdbank4.site.findly.com\/wp-content\/uploads\/sites\/605\/2018\/11\/DT_ITSINS_023.jpg); background-attachment: scroll; background-position: bottom center; ' data-section-bg-repeat='no-repeat' ><div class='container' ><div class='template-page content  av-content-full alpha units'><div class='post-entry post-entry-type-page post-entry-1518'><div class='entry-content-wrapper clearfix'>\n<section class=\"av_textblock_section\"  itemscope=\"itemscope\" itemtype=\"https:\/\/schema.org\/CreativeWork\" ><div class='avia_textblock headertext ht5 w33 tagline-position-banner'   itemprop=\"text\" ><div>Quelle que soit l\u2019\u00e9tape \u00e0 laquelle vous en \u00eates dans votre carri\u00e8re, vous accomplirez un travail qui compte vraiment.<\/div>\n<\/div><\/section>\n\n<\/div><\/div><\/div><!-- close content main div --><\/div><\/div><div id='mobile-bannertext' class='avia-section alternate_color avia-section-default avia-no-border-styling avia-bg-style-scroll   av-minimum-height av-minimum-height-custom container_wrap fullsize'   ><div class='container' ><div class='template-page content  av-content-full alpha units'><div class='post-entry post-entry-type-page post-entry-1518'><div class='entry-content-wrapper clearfix'>\n<section class=\"av_textblock_section\"  itemscope=\"itemscope\" itemtype=\"https:\/\/schema.org\/CreativeWork\" ><div class='avia_textblock headertext'   itemprop=\"text\" ><div>Quelle que soit l\u2019\u00e9tape \u00e0 laquelle vous en \u00eates dans votre carri\u00e8re, vous accomplirez un travail qui compte vraiment.<\/div>\n<\/div><\/section>\n\n<\/div><\/div><\/div><!-- close content main div --><\/div><\/div><div id='secjobsearchbar' class='avia-section main_color avia-section-small avia-no-border-styling avia-bg-style-scroll   container_wrap fullsize'   ><div class='container' ><div class='template-page content  av-content-full alpha units'><div class='post-entry post-entry-type-page post-entry-1518'><div class='entry-content-wrapper clearfix'>\n\n\n<\/div><\/div><\/div><!-- close content main div --><\/div><\/div><div id='secMainCopy' class='av-layout-grid-container entry-content-wrapper main_color av-flex-cells   container_wrap fullsize'   >\n<div class=\"flex_cell no_margin av_one_fourth  navCell  \" style='vertical-align:top; padding:0px 0px 0 0px ; background-color:#efeff4; '><div class='flex_cell_inner' ><div class=\"flex_column av_one_full  flex_column_div first  \" ><div class='avia-builder-widget-area clearfix '><div id=\"nav_menu-6\" class=\"widget clearfix widget_nav_menu\"><div class=\"menu-business-french-can0-container\"><ul id=\"menu-business-french-can0\" class=\"menu\"><li id=\"menu-item-2146\" class=\"menu-item menu-item-type-post_type menu-item-object-page menu-item-has-children menu-item-2146\"><a href=\"https:\/\/tdbank4.site.findly.com\/fr-CA\/secteurs-dactivite\/\">Secteurs d\u2019activit\u00e9<\/a>\n<ul class=\"sub-menu\">\n\t<li id=\"menu-item-2156\" class=\"menu-item menu-item-type-post_type menu-item-object-page menu-item-2156\"><a href=\"https:\/\/tdbank4.site.findly.com\/fr-CA\/secteurs-dactivite\/valeurs-mobilieres-td\/\">Valeurs Mobili\u00e8res TD<\/a><\/li>\n\t<li id=\"menu-item-2680\" class=\"menu-item menu-item-type-post_type menu-item-object-page menu-item-2680\"><a href=\"https:\/\/tdbank4.site.findly.com\/fr-CA\/secteurs-dactivite\/td-canada-trust\/\">TD Canada Trust<\/a><\/li>\n\t<li id=\"menu-item-2678\" class=\"menu-item menu-item-type-post_type menu-item-object-page menu-item-2678\"><a href=\"https:\/\/tdbank4.site.findly.com\/fr-CA\/secteurs-dactivite\/gestion-de-placements-td\/\">Gestion de Placements TD<\/a><\/li>\n\t<li id=\"menu-item-2679\" class=\"menu-item menu-item-type-post_type menu-item-object-page menu-item-2679\"><a href=\"https:\/\/tdbank4.site.findly.com\/fr-CA\/secteurs-dactivite\/td-assurance\/\">TD Assurance<\/a><\/li>\n\t<li id=\"menu-item-20128\" class=\"menu-item menu-item-type-custom menu-item-object-custom menu-item-20128\"><a target=\"_blank\" href=\"https:\/\/jobs.td.com\/fr-CA\/secteurs-dactivite\/gestion-de-patrimoine-td\/\">Gestion de patrimoine TD<\/a><\/li>\n<\/ul>\n<\/li>\n<\/ul><\/div><\/div><\/div><\/div>\n<\/div><\/div><div class=\"flex_cell no_margin av_three_fourth  mainCell  \" style='vertical-align:top; padding:0px 30px 30px 30px ; background-color:#ffffff; '><div class='flex_cell_inner' ><div class=\"flex_column av_one_full  flex_column_div first  \" ><section class=\"av_textblock_section\"  itemscope=\"itemscope\" itemtype=\"https:\/\/schema.org\/CreativeWork\" ><div class='avia_textblock '   itemprop=\"text\" ><h1 class=\"copyHeading\">TD Assurance<\/h1>\n<\/div><\/section><br \/>\n<section class=\"av_textblock_section\"  itemscope=\"itemscope\" itemtype=\"https:\/\/schema.org\/CreativeWork\" ><div class='avia_textblock '   itemprop=\"text\" ><p>Nos employ\u00e9s travaillent directement avec les gens qui ont besoin de nos produits et services en les conseillant sur les options offertes et en les aidant \u00e0 prendre des d\u00e9cisions \u00e9clair\u00e9es. Gr\u00e2ce au savoir-faire et \u00e0 l\u2019exp\u00e9rience de nos employ\u00e9s dans le secteur, nous avons la r\u00e9putation d\u2019offrir un excellent service \u00e0 la client\u00e8le. Nous maintenons ce standard d\u2019excellence en recrutant des professionnels de haut calibre, qui, gr\u00e2ce \u00e0 leur capacit\u00e9 \u00e0 \u00e9couter les clients et \u00e0 r\u00e9pondre aux besoins de ces derniers, sauront gagner le respect et la confiance.<\/p>\n<p>Si vous voulez contribuer \u00e0 prot\u00e9ger les Canadiens partout au Canada contre les accidents de la vie, d\u00e9couvrez tous les postes chez TD\u00a0Assurance. Nous offrons une vaste gamme de produits, dont l\u2019assurance vie, maladie, voyage, habitation et auto, ainsi que la protection de cr\u00e9dit. Plus de trois millions de clients comptent sur TD\u00a0Assurance pour leur fournir des produits d\u2019assurance qui leur conviennent.<\/p>\n<\/div><\/section><br \/>\n<div class='avia-button-wrap avia-button-left  lnkJobSearch'><a href='\/fr-CA\/recherche-demploi\/?brand=TD Assurance' class='avia-button  avia-icon_select-yes-right-icon avia-color-theme-color avia-size-medium avia-position-left '   ><span class='avia_iconbox_title' >Rechercher tous les emplois \u00e0 TD Assurance<\/span><span class='avia_button_icon avia_button_icon_right' aria-hidden='true' data-av_icon='\ue87d' data-av_iconfont='entypo-fontello'><\/span><\/a><\/div><\/p><\/div>\n<\/div><\/div>\n<\/div>\n","protected":false},"excerpt":{"rendered":"","protected":false},"author":1,"featured_media":0,"parent":1505,"menu_order":0,"comment_status":"closed","ping_status":"closed","template":"","meta":{"footnotes":""},"class_list":["post-1518","page","type-page","status-publish","hentry"],"yoast_head":"<!-- This site is optimized with the Yoast SEO Premium plugin v23.0 (Yoast SEO v23.0) - https:\/\/yoast.com\/wordpress\/plugins\/seo\/ -->\n<title>TD Assurance<\/title>\n<meta name=\"robots\" content=\"noindex, follow, max-snippet:-1, max-image-preview:large, max-video-preview:-1\" \/>\n<meta property=\"og:locale\" content=\"fr_CA\" \/>\n<meta property=\"og:type\" content=\"article\" \/>\n<meta property=\"og:title\" content=\"TD Assurance\" \/>\n<meta property=\"og:url\" content=\"https:\/\/tdbank4.site.findly.com\/fr-CA\/secteurs-dactivite\/td-assurance\/\" \/>\n<meta property=\"og:site_name\" content=\"Banque TD\" \/>\n<meta property=\"article:publisher\" content=\"https:\/\/www.facebook.com\/TDBank\" \/>\n<meta property=\"article:modified_time\" content=\"2018-11-02T03:44:45+00:00\" \/>\n<meta name=\"twitter:label1\" content=\"Estimation du temps de lecture\" \/>\n\t<meta name=\"twitter:data1\" content=\"3 minutes\" \/>\n<script type=\"application\/ld+json\" class=\"yoast-schema-graph\">{\"@context\":\"https:\/\/schema.org\",\"@graph\":[{\"@type\":\"WebPage\",\"@id\":\"https:\/\/tdbank4.site.findly.com\/fr-CA\/secteurs-dactivite\/td-assurance\/\",\"url\":\"https:\/\/tdbank4.site.findly.com\/fr-CA\/secteurs-dactivite\/td-assurance\/\",\"name\":\"TD Assurance\",\"isPartOf\":{\"@id\":\"https:\/\/tdbank4.site.findly.com\/fr-CA\/#website\"},\"datePublished\":\"2015-05-15T17:38:48+00:00\",\"dateModified\":\"2018-11-02T03:44:45+00:00\",\"breadcrumb\":{\"@id\":\"https:\/\/tdbank4.site.findly.com\/fr-CA\/secteurs-dactivite\/td-assurance\/#breadcrumb\"},\"inLanguage\":\"fr-CA\",\"potentialAction\":[{\"@type\":\"ReadAction\",\"target\":[\"https:\/\/tdbank4.site.findly.com\/fr-CA\/secteurs-dactivite\/td-assurance\/\"]}]},{\"@type\":\"BreadcrumbList\",\"@id\":\"https:\/\/tdbank4.site.findly.com\/fr-CA\/secteurs-dactivite\/td-assurance\/#breadcrumb\",\"itemListElement\":[{\"@type\":\"ListItem\",\"position\":1,\"name\":\"Home\",\"item\":\"https:\/\/tdbank4.site.findly.com\/fr-CA\/\"},{\"@type\":\"ListItem\",\"position\":2,\"name\":\"Secteurs d\u2019activit\u00e9\",\"item\":\"https:\/\/tdbank4.site.findly.com\/fr-CA\/secteurs-dactivite\/\"},{\"@type\":\"ListItem\",\"position\":3,\"name\":\"TD Assurance\"}]},{\"@type\":\"WebSite\",\"@id\":\"https:\/\/tdbank4.site.findly.com\/fr-CA\/#website\",\"url\":\"https:\/\/tdbank4.site.findly.com\/fr-CA\/\",\"name\":\"Banque TD\",\"description\":\"Responsive Career site\",\"potentialAction\":[{\"@type\":\"SearchAction\",\"target\":{\"@type\":\"EntryPoint\",\"urlTemplate\":\"https:\/\/tdbank4.site.findly.com\/fr-CA\/?s={search_term_string}\"},\"query-input\":\"required name=search_term_string\"}],\"inLanguage\":\"fr-CA\"}]}<\/script>\n<!-- \/ Yoast SEO Premium plugin. -->","yoast_head_json":{"title":"TD Assurance","robots":{"index":"noindex","follow":"follow","max-snippet":"max-snippet:-1","max-image-preview":"max-image-preview:large","max-video-preview":"max-video-preview:-1"},"og_locale":"fr_CA","og_type":"article","og_title":"TD Assurance","og_url":"https:\/\/tdbank4.site.findly.com\/fr-CA\/secteurs-dactivite\/td-assurance\/","og_site_name":"Banque TD","article_publisher":"https:\/\/www.facebook.com\/TDBank","article_modified_time":"2018-11-02T03:44:45+00:00","twitter_misc":{"Estimation du temps de lecture":"3 minutes"},"schema":{"@context":"https:\/\/schema.org","@graph":[{"@type":"WebPage","@id":"https:\/\/tdbank4.site.findly.com\/fr-CA\/secteurs-dactivite\/td-assurance\/","url":"https:\/\/tdbank4.site.findly.com\/fr-CA\/secteurs-dactivite\/td-assurance\/","name":"TD Assurance","isPartOf":{"@id":"https:\/\/tdbank4.site.findly.com\/fr-CA\/#website"},"datePublished":"2015-05-15T17:38:48+00:00","dateModified":"2018-11-02T03:44:45+00:00","breadcrumb":{"@id":"https:\/\/tdbank4.site.findly.com\/fr-CA\/secteurs-dactivite\/td-assurance\/#breadcrumb"},"inLanguage":"fr-CA","potentialAction":[{"@type":"ReadAction","target":["https:\/\/tdbank4.site.findly.com\/fr-CA\/secteurs-dactivite\/td-assurance\/"]}]},{"@type":"BreadcrumbList","@id":"https:\/\/tdbank4.site.findly.com\/fr-CA\/secteurs-dactivite\/td-assurance\/#breadcrumb","itemListElement":[{"@type":"ListItem","position":1,"name":"Home","item":"https:\/\/tdbank4.site.findly.com\/fr-CA\/"},{"@type":"ListItem","position":2,"name":"Secteurs d\u2019activit\u00e9","item":"https:\/\/tdbank4.site.findly.com\/fr-CA\/secteurs-dactivite\/"},{"@type":"ListItem","position":3,"name":"TD Assurance"}]},{"@type":"WebSite","@id":"https:\/\/tdbank4.site.findly.com\/fr-CA\/#website","url":"https:\/\/tdbank4.site.findly.com\/fr-CA\/","name":"Banque TD","description":"Responsive Career site","potentialAction":[{"@type":"SearchAction","target":{"@type":"EntryPoint","urlTemplate":"https:\/\/tdbank4.site.findly.com\/fr-CA\/?s={search_term_string}"},"query-input":"required name=search_term_string"}],"inLanguage":"fr-CA"}]}},"_links":{"self":[{"href":"https:\/\/tdbank4.site.findly.com\/fr-CA\/wp-json\/wp\/v2\/pages\/1518","targetHints":{"allow":["GET"]}}],"collection":[{"href":"https:\/\/tdbank4.site.findly.com\/fr-CA\/wp-json\/wp\/v2\/pages"}],"about":[{"href":"https:\/\/tdbank4.site.findly.com\/fr-CA\/wp-json\/wp\/v2\/types\/page"}],"author":[{"embeddable":true,"href":"https:\/\/tdbank4.site.findly.com\/fr-CA\/wp-json\/wp\/v2\/users\/1"}],"replies":[{"embeddable":true,"href":"https:\/\/tdbank4.site.findly.com\/fr-CA\/wp-json\/wp\/v2\/comments?post=1518"}],"version-history":[{"count":0,"href":"https:\/\/tdbank4.site.findly.com\/fr-CA\/wp-json\/wp\/v2\/pages\/1518\/revisions"}],"up":[{"embeddable":true,"href":"https:\/\/tdbank4.site.findly.com\/fr-CA\/wp-json\/wp\/v2\/pages\/1505"}],"wp:attachment":[{"href":"https:\/\/tdbank4.site.findly.com\/fr-CA\/wp-json\/wp\/v2\/media?parent=1518"}],"curies":[{"name":"wp","href":"https:\/\/api.w.org\/{rel}","templated":true}]}}