{"id":1514,"date":"2015-05-15T15:50:06","date_gmt":"2015-05-15T15:50:06","guid":{"rendered":"http:\/\/tdbank2.site.findly.com\/our-businesses\/td-canada-trust\/"},"modified":"2018-10-23T03:38:02","modified_gmt":"2018-10-23T03:38:02","slug":"td-canada-trust","status":"publish","type":"page","link":"https:\/\/tdbank4.site.findly.com\/fr-CA\/secteurs-dactivite\/td-canada-trust\/","title":{"rendered":"TD Canada Trust"},"content":{"rendered":"<\/div><\/div><\/div><!-- close content main div --><\/div><\/div><div id='banner-subpage' class='avia-section alternate_color avia-section-default avia-no-border-styling avia-bg-style-scroll  td-canada-trust av-minimum-height av-minimum-height-custom container_wrap fullsize' style = 'background-repeat: no-repeat; background-image: url(https:\/\/tdbank4.site.findly.com\/wp-content\/uploads\/sites\/605\/2018\/10\/CF-NJSTR-0004_10290.jpg); background-attachment: scroll; background-position: bottom center; ' data-section-bg-repeat='no-repeat' ><div class='container' ><div class='template-page content  av-content-full alpha units'><div class='post-entry post-entry-type-page post-entry-1514'><div class='entry-content-wrapper clearfix'>\n<section class=\"av_textblock_section\"  itemscope=\"itemscope\" itemtype=\"https:\/\/schema.org\/CreativeWork\" ><div class='avia_textblock headertext w45 ht5 tagline-position-banner'   itemprop=\"text\" ><div>Quelle que soit l\u2019\u00e9tape \u00e0 laquelle vous en \u00eates dans votre carri\u00e8re, vous accomplirez un travail qui compte vraiment.<\/div>\n<\/div><\/section>\n\n<\/div><\/div><\/div><!-- close content main div --><\/div><\/div><div id='mobile-bannertext' class='avia-section alternate_color avia-section-default avia-no-border-styling avia-bg-style-scroll   av-minimum-height av-minimum-height-custom container_wrap fullsize'   ><div class='container' ><div class='template-page content  av-content-full alpha units'><div class='post-entry post-entry-type-page post-entry-1514'><div class='entry-content-wrapper clearfix'>\n<section class=\"av_textblock_section\"  itemscope=\"itemscope\" itemtype=\"https:\/\/schema.org\/CreativeWork\" ><div class='avia_textblock headertext'   itemprop=\"text\" ><div>Quelle que soit l\u2019\u00e9tape \u00e0 laquelle vous en \u00eates dans votre carri\u00e8re, vous accomplirez un travail qui compte vraiment.<\/div>\n<\/div><\/section>\n\n<\/div><\/div><\/div><!-- close content main div --><\/div><\/div><div id='secjobsearchbar' class='avia-section main_color avia-section-small avia-no-border-styling avia-bg-style-scroll   container_wrap fullsize'   ><div class='container' ><div class='template-page content  av-content-full alpha units'><div class='post-entry post-entry-type-page post-entry-1514'><div class='entry-content-wrapper clearfix'>\n\n\n<\/div><\/div><\/div><!-- close content main div --><\/div><\/div><div id='secMainCopy' class='av-layout-grid-container entry-content-wrapper main_color av-flex-cells   container_wrap fullsize'   >\n<div class=\"flex_cell no_margin av_one_fourth  navCell  \" style='vertical-align:top; padding:0px 0px 0 0px ; background-color:#efeff4; '><div class='flex_cell_inner' ><div class=\"flex_column av_one_full  flex_column_div first  \" ><div class='avia-builder-widget-area clearfix '><div id=\"nav_menu-6\" class=\"widget clearfix widget_nav_menu\"><div class=\"menu-business-french-can0-container\"><ul id=\"menu-business-french-can0\" class=\"menu\"><li id=\"menu-item-2146\" class=\"menu-item menu-item-type-post_type menu-item-object-page menu-item-has-children menu-item-2146\"><a href=\"https:\/\/tdbank4.site.findly.com\/fr-CA\/secteurs-dactivite\/\">Secteurs d\u2019activit\u00e9<\/a>\n<ul class=\"sub-menu\">\n\t<li id=\"menu-item-2156\" class=\"menu-item menu-item-type-post_type menu-item-object-page menu-item-2156\"><a href=\"https:\/\/tdbank4.site.findly.com\/fr-CA\/secteurs-dactivite\/valeurs-mobilieres-td\/\">Valeurs Mobili\u00e8res TD<\/a><\/li>\n\t<li id=\"menu-item-2680\" class=\"menu-item menu-item-type-post_type menu-item-object-page menu-item-2680\"><a href=\"https:\/\/tdbank4.site.findly.com\/fr-CA\/secteurs-dactivite\/td-canada-trust\/\">TD Canada Trust<\/a><\/li>\n\t<li id=\"menu-item-2678\" class=\"menu-item menu-item-type-post_type menu-item-object-page menu-item-2678\"><a href=\"https:\/\/tdbank4.site.findly.com\/fr-CA\/secteurs-dactivite\/gestion-de-placements-td\/\">Gestion de Placements TD<\/a><\/li>\n\t<li id=\"menu-item-2679\" class=\"menu-item menu-item-type-post_type menu-item-object-page menu-item-2679\"><a href=\"https:\/\/tdbank4.site.findly.com\/fr-CA\/secteurs-dactivite\/td-assurance\/\">TD Assurance<\/a><\/li>\n\t<li id=\"menu-item-20128\" class=\"menu-item menu-item-type-custom menu-item-object-custom menu-item-20128\"><a target=\"_blank\" href=\"https:\/\/jobs.td.com\/fr-CA\/secteurs-dactivite\/gestion-de-patrimoine-td\/\">Gestion de patrimoine TD<\/a><\/li>\n<\/ul>\n<\/li>\n<\/ul><\/div><\/div><\/div><\/div>\n<\/div><\/div><div class=\"flex_cell no_margin av_three_fourth  mainCell  \" style='vertical-align:top; padding:0px 30px 30px 30px ; background-color:#ffffff; '><div class='flex_cell_inner' ><div class=\"flex_column av_one_full  flex_column_div first  \" ><section class=\"av_textblock_section\"  itemscope=\"itemscope\" itemtype=\"https:\/\/schema.org\/CreativeWork\" ><div class='avia_textblock '   itemprop=\"text\" ><h1 class=\"copyHeading\">TD Canada Trust<\/h1>\n<\/div><\/section><br \/>\n<section class=\"av_textblock_section\"  itemscope=\"itemscope\" itemtype=\"https:\/\/schema.org\/CreativeWork\" ><div class='avia_textblock '   itemprop=\"text\" ><p>TD\u00a0Canada Trust est la filiale du Groupe Banque\u00a0TD ax\u00e9e sur les services bancaires personnels et les services bancaires aux entreprises. Si vous voulez avoir l\u2019occasion de contribuer \u00e0 l\u2019am\u00e9lioration de la situation financi\u00e8re de clients, c\u2019est s\u00fbrement le bon endroit pour vous! TD Canada Trust propose une gamme compl\u00e8te de produits et services financiers par l\u2019interm\u00e9diaire de son r\u00e9seau de services bancaires commerciaux et de d\u00e9tail, par t\u00e9l\u00e9phone, en ligne et \u00e0 partir d\u2019un appareil mobile ou encore au moyen des GAB Machine Verte\u00a0TD.<\/p>\n<p>De nombreuses personnes qui travaillent chez TD Canada\u00a0Trust disent que c\u2019est la diversit\u00e9 du personnel qui rend cet endroit exceptionnel. Nous avons tous quelque chose d\u2019unique \u00e0 offrir. Nous sommes respect\u00e9s pour ces diff\u00e9rences et pour \u00eatre ce que nous sommes. Mais nous savons que le secret du succ\u00e8s de la\u00a0TD repose notamment sur trois \u00e9l\u00e9ments\u00a0: tirer profit des atouts de chacun, s\u2019aider mutuellement et collaborer avec le souci de l\u2019excellence en tant qu\u2019\u00e9quipe. Ici, le travail d\u2019\u00e9quipe est tr\u00e8s, tr\u00e8s important.<\/p>\n<p>Ceux qui entrent \u00e0 la\u00a0TD ont une chose en commun\u00a0: ils ont la possibilit\u00e9 de grandir\u00a0\u2013 personnellement ou professionnellement\u00a0\u2013 s\u2019ils le d\u00e9sirent. Nous voulons que, tout au long de votre carri\u00e8re \u00e0 la\u00a0TD, vous soyez pleinement satisfait et que vous ayez le sentiment de grandir et de prosp\u00e9rer. Nous vous invitons \u00e0 vous joindre \u00e0 nous et \u00e0 donner le meilleur de vous-m\u00eame dans votre r\u00f4le, et nous vous aiderons si vous voulez explorer de nouvelles possibilit\u00e9s \u00e0 l\u2019\u00e9chelle de l\u2019entreprise. Un grand nombre d\u2019employ\u00e9s du Groupe Banque TD ont travaill\u00e9 chez TD\u00a0Canada Trust et disent que c\u2019est le meilleur endroit et que tout ce que vous y apprenez est tr\u00e8s pr\u00e9cieux.<\/p>\n<p>Nous avons des postes que vous n\u2019avez probablement jamais crus possibles dans une banque de d\u00e9tail! Nous offrons des postes qui exigent toutes sortes de qualifications et d\u2019exp\u00e9riences. Certains exigent une exp\u00e9rience en services financiers. D\u2019autres pas, mais qui exigent une exp\u00e9rience en service \u00e0 la client\u00e8le, ventes et gestion relationnelle, par exemple.<\/p>\n<p>Autres secteurs activit\u00e9s cl\u00e9s chez TD Canada Trust<\/p>\n<p><strong>Services bancaires aux entreprises<\/strong><\/p>\n<p>Les Services bancaires aux entreprises offrent des solutions financi\u00e8res aux entreprises canadiennes de toutes tailles, exer\u00e7ant leurs activit\u00e9s dans divers secteurs. Des sp\u00e9cialistes des Services bancaires aux entreprises offrent des solutions personnalis\u00e9es pour r\u00e9pondre aux besoins uniques de leurs clients. Disposant de divers produits et services de financement, de d\u00e9p\u00f4t, de placement, de gestion de tr\u00e9sorerie, de commerce international et d\u2019op\u00e9rations de change, les membres de nos \u00e9quipes de relations-clients proposent des outils et des conseils appropri\u00e9s pour aider les clients \u00e0 atteindre leurs objectifs.<\/p>\n<p>Les Services bancaires aux entreprises comprennent les unit\u00e9s suivantes\u00a0:<\/p>\n<p>Services bancaires aux petites entreprises\u00a0\u2013 Membres du r\u00e9seau de succursales de d\u00e9tail, nos gestionnaires, Services bancaires aux petites entreprises sont form\u00e9s pour r\u00e9pondre aux besoins des clients.<\/p>\n<p>Services bancaires commerciaux aux moyennes entreprises\u00a0\u2013 Exer\u00e7ant leurs activit\u00e9s \u00e0 partir des Centres bancaires commerciaux, nos directeurs des relations-clients d\u00e9vou\u00e9s offrent des solutions et des conseils personnalis\u00e9s pour r\u00e9pondre aux besoins plus complexes des clients.<\/p>\n<p>Services bancaires commerciaux sp\u00e9cialis\u00e9s\u00a0\u2013 Disposant de vastes connaissances dans divers secteurs, les membres de nos \u00e9quipes bien inform\u00e9s offrent des solutions personnalis\u00e9es en mati\u00e8re de d\u00e9p\u00f4t et de financement aux entreprises ayant des besoins particuliers. Les Services bancaires commerciaux sp\u00e9cialis\u00e9s comprennent les unit\u00e9s suivantes\u00a0:<\/p>\n<ul>\n<li>Comptes commerciaux nationaux et Pr\u00eats fond\u00e9s sur l\u2019actif<\/li>\n<li>Groupe national des services immobiliers<\/li>\n<li>Groupe des pr\u00eats hypoth\u00e9caires commerciaux<\/li>\n<li>Financement d\u2019\u00e9quipement\u00a0TD<\/li>\n<li>Services aux agriculteurs<\/li>\n<li>Services bancaires aux Autochtones<\/li>\n<\/ul>\n<p>Nos banquiers pour entreprises poss\u00e8dent une solide exp\u00e9rience des affaires et de la finance ainsi qu\u2019une vaste connaissance des produits et des services financiers. Leur approche ax\u00e9e sur la valeur ajout\u00e9e fait appel \u00e0 leur connaissance approfondie des march\u00e9s qu\u2019ils servent et des entreprises et des secteurs de leurs clients, de m\u00eame qu\u2019\u00e0 leur exp\u00e9rience, leur bon jugement, leur formation et leur exp\u00e9rience pratique sur le terrain. Outre des postes gestion des relations, les Services bancaires aux entreprises offrent divers postes de bureaux de division qui appuient les op\u00e9rations et la prestation des services de chaque secteur d\u2019activit\u00e9.<\/p>\n<p><strong>\u00a0<\/strong><\/p>\n<p><strong>Services bancaires commerciaux TD<\/strong><\/p>\n<p>Les Services bancaires commerciaux\u00a0TD, incluant les Services aux agriculteurs et Services aux commer\u00e7ants, r\u00e9pondent aux besoins financiers des entreprises canadiennes dans un grand nombre de secteurs d\u2019activit\u00e9. Des directeurs des relations-clients d\u00e9vou\u00e9s travaillent avec leurs clients pour \u00e9laborer des solutions de services financiers adapt\u00e9es aux besoins particuliers de chaque entreprise. En puisant dans une vaste gamme de produits et services, y compris le financement, les d\u00e9p\u00f4ts, le placement, la gestion de tr\u00e9sorerie, le commerce international et les services de change, nos \u00e9quipes des Services bancaires commerciaux sont engag\u00e9es \u00e0 offrir les outils et les conseils appropri\u00e9s d\u00e8s le d\u00e9part.<\/p>\n<\/div><\/section><br \/>\n<div class='avia-button-wrap avia-button-left  lnkJobSearch'><a href='\/fr-CA\/recherche-demploi\/?brand=TD Canada Trust' class='avia-button  avia-icon_select-yes-right-icon avia-color-theme-color avia-size-medium avia-position-left '   ><span class='avia_iconbox_title' >Rechercher tous les emplois \u00e0 TD Canada Trust <\/span><span class='avia_button_icon avia_button_icon_right' aria-hidden='true' data-av_icon='\ue87d' data-av_iconfont='entypo-fontello'><\/span><\/a><\/div><\/p><\/div>\n<\/div><\/div>\n<\/div>\n","protected":false},"excerpt":{"rendered":"","protected":false},"author":1,"featured_media":0,"parent":1505,"menu_order":0,"comment_status":"closed","ping_status":"closed","template":"","meta":{"footnotes":""},"class_list":["post-1514","page","type-page","status-publish","hentry"],"yoast_head":"<!-- This site is optimized with the Yoast SEO Premium plugin v23.0 (Yoast SEO v23.0) - https:\/\/yoast.com\/wordpress\/plugins\/seo\/ -->\n<title>TD Canada Trust<\/title>\n<meta name=\"robots\" content=\"noindex, follow, max-snippet:-1, max-image-preview:large, max-video-preview:-1\" \/>\n<meta property=\"og:locale\" content=\"fr_CA\" \/>\n<meta property=\"og:type\" content=\"article\" \/>\n<meta property=\"og:title\" content=\"TD Canada Trust\" \/>\n<meta property=\"og:url\" content=\"https:\/\/tdbank4.site.findly.com\/fr-CA\/secteurs-dactivite\/td-canada-trust\/\" \/>\n<meta property=\"og:site_name\" content=\"Banque TD\" \/>\n<meta property=\"article:publisher\" content=\"https:\/\/www.facebook.com\/TDBank\" \/>\n<meta property=\"article:modified_time\" content=\"2018-10-23T03:38:02+00:00\" \/>\n<meta name=\"twitter:label1\" content=\"Estimation du temps de lecture\" \/>\n\t<meta name=\"twitter:data1\" content=\"7 minutes\" \/>\n<script type=\"application\/ld+json\" class=\"yoast-schema-graph\">{\"@context\":\"https:\/\/schema.org\",\"@graph\":[{\"@type\":\"WebPage\",\"@id\":\"https:\/\/tdbank4.site.findly.com\/fr-CA\/secteurs-dactivite\/td-canada-trust\/\",\"url\":\"https:\/\/tdbank4.site.findly.com\/fr-CA\/secteurs-dactivite\/td-canada-trust\/\",\"name\":\"TD Canada Trust\",\"isPartOf\":{\"@id\":\"https:\/\/tdbank4.site.findly.com\/fr-CA\/#website\"},\"datePublished\":\"2015-05-15T15:50:06+00:00\",\"dateModified\":\"2018-10-23T03:38:02+00:00\",\"breadcrumb\":{\"@id\":\"https:\/\/tdbank4.site.findly.com\/fr-CA\/secteurs-dactivite\/td-canada-trust\/#breadcrumb\"},\"inLanguage\":\"fr-CA\",\"potentialAction\":[{\"@type\":\"ReadAction\",\"target\":[\"https:\/\/tdbank4.site.findly.com\/fr-CA\/secteurs-dactivite\/td-canada-trust\/\"]}]},{\"@type\":\"BreadcrumbList\",\"@id\":\"https:\/\/tdbank4.site.findly.com\/fr-CA\/secteurs-dactivite\/td-canada-trust\/#breadcrumb\",\"itemListElement\":[{\"@type\":\"ListItem\",\"position\":1,\"name\":\"Home\",\"item\":\"https:\/\/tdbank4.site.findly.com\/fr-CA\/\"},{\"@type\":\"ListItem\",\"position\":2,\"name\":\"Secteurs d\u2019activit\u00e9\",\"item\":\"https:\/\/tdbank4.site.findly.com\/fr-CA\/secteurs-dactivite\/\"},{\"@type\":\"ListItem\",\"position\":3,\"name\":\"TD Canada Trust\"}]},{\"@type\":\"WebSite\",\"@id\":\"https:\/\/tdbank4.site.findly.com\/fr-CA\/#website\",\"url\":\"https:\/\/tdbank4.site.findly.com\/fr-CA\/\",\"name\":\"Banque TD\",\"description\":\"Responsive Career site\",\"potentialAction\":[{\"@type\":\"SearchAction\",\"target\":{\"@type\":\"EntryPoint\",\"urlTemplate\":\"https:\/\/tdbank4.site.findly.com\/fr-CA\/?s={search_term_string}\"},\"query-input\":\"required name=search_term_string\"}],\"inLanguage\":\"fr-CA\"}]}<\/script>\n<!-- \/ Yoast SEO Premium plugin. -->","yoast_head_json":{"title":"TD Canada Trust","robots":{"index":"noindex","follow":"follow","max-snippet":"max-snippet:-1","max-image-preview":"max-image-preview:large","max-video-preview":"max-video-preview:-1"},"og_locale":"fr_CA","og_type":"article","og_title":"TD Canada Trust","og_url":"https:\/\/tdbank4.site.findly.com\/fr-CA\/secteurs-dactivite\/td-canada-trust\/","og_site_name":"Banque TD","article_publisher":"https:\/\/www.facebook.com\/TDBank","article_modified_time":"2018-10-23T03:38:02+00:00","twitter_misc":{"Estimation du temps de lecture":"7 minutes"},"schema":{"@context":"https:\/\/schema.org","@graph":[{"@type":"WebPage","@id":"https:\/\/tdbank4.site.findly.com\/fr-CA\/secteurs-dactivite\/td-canada-trust\/","url":"https:\/\/tdbank4.site.findly.com\/fr-CA\/secteurs-dactivite\/td-canada-trust\/","name":"TD Canada Trust","isPartOf":{"@id":"https:\/\/tdbank4.site.findly.com\/fr-CA\/#website"},"datePublished":"2015-05-15T15:50:06+00:00","dateModified":"2018-10-23T03:38:02+00:00","breadcrumb":{"@id":"https:\/\/tdbank4.site.findly.com\/fr-CA\/secteurs-dactivite\/td-canada-trust\/#breadcrumb"},"inLanguage":"fr-CA","potentialAction":[{"@type":"ReadAction","target":["https:\/\/tdbank4.site.findly.com\/fr-CA\/secteurs-dactivite\/td-canada-trust\/"]}]},{"@type":"BreadcrumbList","@id":"https:\/\/tdbank4.site.findly.com\/fr-CA\/secteurs-dactivite\/td-canada-trust\/#breadcrumb","itemListElement":[{"@type":"ListItem","position":1,"name":"Home","item":"https:\/\/tdbank4.site.findly.com\/fr-CA\/"},{"@type":"ListItem","position":2,"name":"Secteurs d\u2019activit\u00e9","item":"https:\/\/tdbank4.site.findly.com\/fr-CA\/secteurs-dactivite\/"},{"@type":"ListItem","position":3,"name":"TD Canada Trust"}]},{"@type":"WebSite","@id":"https:\/\/tdbank4.site.findly.com\/fr-CA\/#website","url":"https:\/\/tdbank4.site.findly.com\/fr-CA\/","name":"Banque TD","description":"Responsive Career site","potentialAction":[{"@type":"SearchAction","target":{"@type":"EntryPoint","urlTemplate":"https:\/\/tdbank4.site.findly.com\/fr-CA\/?s={search_term_string}"},"query-input":"required name=search_term_string"}],"inLanguage":"fr-CA"}]}},"_links":{"self":[{"href":"https:\/\/tdbank4.site.findly.com\/fr-CA\/wp-json\/wp\/v2\/pages\/1514","targetHints":{"allow":["GET"]}}],"collection":[{"href":"https:\/\/tdbank4.site.findly.com\/fr-CA\/wp-json\/wp\/v2\/pages"}],"about":[{"href":"https:\/\/tdbank4.site.findly.com\/fr-CA\/wp-json\/wp\/v2\/types\/page"}],"author":[{"embeddable":true,"href":"https:\/\/tdbank4.site.findly.com\/fr-CA\/wp-json\/wp\/v2\/users\/1"}],"replies":[{"embeddable":true,"href":"https:\/\/tdbank4.site.findly.com\/fr-CA\/wp-json\/wp\/v2\/comments?post=1514"}],"version-history":[{"count":1,"href":"https:\/\/tdbank4.site.findly.com\/fr-CA\/wp-json\/wp\/v2\/pages\/1514\/revisions"}],"predecessor-version":[{"id":20449,"href":"https:\/\/tdbank4.site.findly.com\/fr-CA\/wp-json\/wp\/v2\/pages\/1514\/revisions\/20449"}],"up":[{"embeddable":true,"href":"https:\/\/tdbank4.site.findly.com\/fr-CA\/wp-json\/wp\/v2\/pages\/1505"}],"wp:attachment":[{"href":"https:\/\/tdbank4.site.findly.com\/fr-CA\/wp-json\/wp\/v2\/media?parent=1514"}],"curies":[{"name":"wp","href":"https:\/\/api.w.org\/{rel}","templated":true}]}}