{"id":1512,"date":"2015-05-15T15:51:25","date_gmt":"2015-05-15T15:51:25","guid":{"rendered":"http:\/\/tdbank2.site.findly.com\/our-businesses\/td-asset-management\/"},"modified":"2018-12-06T10:52:30","modified_gmt":"2018-12-06T10:52:30","slug":"gestion-de-placements-td","status":"publish","type":"page","link":"https:\/\/tdbank4.site.findly.com\/fr-CA\/secteurs-dactivite\/gestion-de-placements-td\/","title":{"rendered":"Gestion de Placements TD"},"content":{"rendered":"<\/div><\/div><\/div><!-- close content main div --><\/div><\/div><div id='banner-subpage' class='avia-section alternate_color avia-section-default avia-no-border-styling avia-bg-style-scroll   av-minimum-height av-minimum-height-custom container_wrap fullsize' style = 'background-repeat: no-repeat; background-image: url(https:\/\/tdbank4.site.findly.com\/wp-content\/uploads\/sites\/605\/2018\/10\/EW-MH-009-1030x362.png); background-attachment: scroll; background-position: top center; ' data-section-bg-repeat='no-repeat' ><div class='container' ><div class='template-page content  av-content-full alpha units'><div class='post-entry post-entry-type-page post-entry-1512'><div class='entry-content-wrapper clearfix'>\n<section class=\"av_textblock_section\"  itemscope=\"itemscope\" itemtype=\"https:\/\/schema.org\/CreativeWork\" ><div class='avia_textblock headertext tagline-position-banner w33 left_4'   itemprop=\"text\" ><div>Des occasions de travail int\u00e9ressantes et stimulantes.<\/div>\n<\/div><\/section>\n\n<\/div><\/div><\/div><!-- close content main div --><\/div><\/div><div id='mobile-bannertext' class='avia-section alternate_color avia-section-default avia-no-border-styling avia-bg-style-scroll   av-minimum-height av-minimum-height-custom container_wrap fullsize'   ><div class='container' ><div class='template-page content  av-content-full alpha units'><div class='post-entry post-entry-type-page post-entry-1512'><div class='entry-content-wrapper clearfix'>\n<section class=\"av_textblock_section\"  itemscope=\"itemscope\" itemtype=\"https:\/\/schema.org\/CreativeWork\" ><div class='avia_textblock headertext'   itemprop=\"text\" ><div>Des occasions de travail int\u00e9ressantes et stimulantes.<\/div>\n<\/div><\/section>\n\n<\/div><\/div><\/div><!-- close content main div --><\/div><\/div><div id='secjobsearchbar' class='avia-section main_color avia-section-small avia-no-border-styling avia-bg-style-scroll   container_wrap fullsize'   ><div class='container' ><div class='template-page content  av-content-full alpha units'><div class='post-entry post-entry-type-page post-entry-1512'><div class='entry-content-wrapper clearfix'>\n\n\n<\/div><\/div><\/div><!-- close content main div --><\/div><\/div><div id='secMainCopy' class='av-layout-grid-container entry-content-wrapper main_color av-flex-cells   container_wrap fullsize'   >\n<div class=\"flex_cell no_margin av_one_fourth  navCell  \" style='vertical-align:top; padding:0px 0px 0 0px ; background-color:#efeff4; '><div class='flex_cell_inner' ><div class=\"flex_column av_one_full  flex_column_div first  \" ><div class='avia-builder-widget-area clearfix '><div id=\"nav_menu-6\" class=\"widget clearfix widget_nav_menu\"><div class=\"menu-business-french-can0-container\"><ul id=\"menu-business-french-can0\" class=\"menu\"><li id=\"menu-item-2146\" class=\"menu-item menu-item-type-post_type menu-item-object-page menu-item-has-children menu-item-2146\"><a href=\"https:\/\/tdbank4.site.findly.com\/fr-CA\/secteurs-dactivite\/\">Secteurs d\u2019activit\u00e9<\/a>\n<ul class=\"sub-menu\">\n\t<li id=\"menu-item-2156\" class=\"menu-item menu-item-type-post_type menu-item-object-page menu-item-2156\"><a href=\"https:\/\/tdbank4.site.findly.com\/fr-CA\/secteurs-dactivite\/valeurs-mobilieres-td\/\">Valeurs Mobili\u00e8res TD<\/a><\/li>\n\t<li id=\"menu-item-2680\" class=\"menu-item menu-item-type-post_type menu-item-object-page menu-item-2680\"><a href=\"https:\/\/tdbank4.site.findly.com\/fr-CA\/secteurs-dactivite\/td-canada-trust\/\">TD Canada Trust<\/a><\/li>\n\t<li id=\"menu-item-2678\" class=\"menu-item menu-item-type-post_type menu-item-object-page menu-item-2678\"><a href=\"https:\/\/tdbank4.site.findly.com\/fr-CA\/secteurs-dactivite\/gestion-de-placements-td\/\">Gestion de Placements TD<\/a><\/li>\n\t<li id=\"menu-item-2679\" class=\"menu-item menu-item-type-post_type menu-item-object-page menu-item-2679\"><a href=\"https:\/\/tdbank4.site.findly.com\/fr-CA\/secteurs-dactivite\/td-assurance\/\">TD Assurance<\/a><\/li>\n\t<li id=\"menu-item-20128\" class=\"menu-item menu-item-type-custom menu-item-object-custom menu-item-20128\"><a target=\"_blank\" href=\"https:\/\/jobs.td.com\/fr-CA\/secteurs-dactivite\/gestion-de-patrimoine-td\/\">Gestion de patrimoine TD<\/a><\/li>\n<\/ul>\n<\/li>\n<\/ul><\/div><\/div><\/div><\/div>\n<\/div><\/div><div class=\"flex_cell no_margin av_three_fourth  mainCell  \" style='vertical-align:top; padding:0px 30px 30px 30px ; background-color:#ffffff; '><div class='flex_cell_inner' ><p><div class=\"flex_column av_one_full  flex_column_div first  \" ><section class=\"av_textblock_section\"  itemscope=\"itemscope\" itemtype=\"https:\/\/schema.org\/CreativeWork\" ><div class='avia_textblock '   itemprop=\"text\" ><h1 class=\"copyHeading\">Gestion de Placements TD<\/h1>\n<\/div><\/section><br \/>\n<section class=\"av_textblock_section\"  itemscope=\"itemscope\" itemtype=\"https:\/\/schema.org\/CreativeWork\" ><div class='avia_textblock '   itemprop=\"text\" ><p>\u00cates-vous \u00e0 l\u2019aff\u00fbt d\u2019un emploi au sein d\u2019une entreprise qui vous positionne en plein c\u0153ur de nouvelles perspectives et d\u2019id\u00e9es novatrices dans le secteur des placements? Aimeriez-vous faire partie d\u2019une entreprise de gestion de placements qui d\u00e9gage des r\u00e9sultats constants et ajust\u00e9s au risque pour ses clients et qui est une chef de file en mati\u00e8re de gestion active, quantitative et passive de portefeuilles? Dans l\u2019affirmative, Gestion de Placements TD (GPTD) est l\u2019endroit tout indiqu\u00e9 pour vous!<\/p>\n<p>Une carri\u00e8re chez GPTD vous propulse \u00e0 l\u2019avant-plan dans le secteur de la gestion de placements au Canada. Travailler ici est une exp\u00e9rience qui va bien au-del\u00e0 de la simple gestion de fonds. Notre entreprise couvre divers secteurs au sein desquels vous pourriez mener une carri\u00e8re enrichissante et gratifiante. Ces secteurs comprennent :<\/p>\n<\/div><\/section><br \/>\n<div class=\"togglecontainer toggle_close_all  \">\n<section class=\"av_toggle_section\"  itemscope=\"itemscope\" itemtype=\"https:\/\/schema.org\/CreativeWork\" >    <div class=\"single_toggle\" data-tags=\"{All} \" >        <p role=\"tab\" aria-expanded=\"false\" aria-controls=\"toggle-id-1-container\" data-fake-id=\"#toggle-id-1\" class=\"toggler \"  itemprop=\"headline\"  tabindex=\"-1\">Gestion de portefeuille<span class=\"toggle_icon\">        <span class=\"vert_icon\"><\/span><span class=\"hor_icon\"><\/span><\/span><\/p>        <div role=\"tabpanel\" id=\"toggle-id-1-container\" class=\"toggle_wrap \" aria-hidden=\"true\">            <div class=\"toggle_content invers-color\"  itemprop=\"text\" ><p><span>Notre \u00e9quipe de gestion de portefeuille assure la gestion des fonds des clients institutionnels et des clients des services de d\u00e9tail au\u00a0Canada et aux \u00c9tats-Unis. Sa priorit\u00e9 est l\u2019excellence en mati\u00e8re de placements et la satisfaction des attentes des clients.<\/span><\/p>\n<table>\n<thead>\n<tr>\n<th colspan=\"2\">R\u00f4le phare : <span style=\"color: #00b254; font-size: 14px;\">Analyste<\/span><\/th>\n<\/tr>\n<\/thead>\n<tbody>\n<tr><!-- Row 1 --><\/p>\n<td width=\"20%\"><img loading=\"lazy\" decoding=\"async\" class=\"size-full wp-image-6916 aligncenter\" src=\"\/wp-content\/uploads\/sites\/109\/2016\/10\/Thumbnail-Asset-Management.png\" alt=\"thumbnail-asset-management\" width=\"94\" height=\"54\" \/><span class=\"image-overlay overlay-type-image\"><\/span><\/td>\n<td style=\"vertical-align: middle;\" width=\"80%\">Si vous poss\u00e9dez d\u2019excellentes capacit\u00e9s d\u2019analyse et que vous vous passionnez pour la gestion de placements, ce poste pourrait \u00eatre tout d\u00e9sign\u00e9 pour vous. Les analystes proc\u00e8dent \u00e0 l\u2019analyse fondamentale et quantitative des entreprises et des march\u00e9s pour les gestionnaires de portefeuille afin de b\u00e2tir les portefeuilles des clients. Ils assurent \u00e9galement la gestion des mouvements de fonds quotidiens et contribuent \u00e0 l\u2019\u00e9laboration d\u2019outils qui facilitent la gestion de portefeuille.<\/td>\n<\/tr>\n<\/tbody>\n<\/table>\n            <\/div>        <\/div>    <\/div><\/section>\n<section class=\"av_toggle_section\"  itemscope=\"itemscope\" itemtype=\"https:\/\/schema.org\/CreativeWork\" >    <div class=\"single_toggle\" data-tags=\"{All} \" >        <p role=\"tab\" aria-expanded=\"false\" aria-controls=\"toggle-id-2-container\" data-fake-id=\"#toggle-id-2\" class=\"toggler \"  itemprop=\"headline\"  tabindex=\"-1\">Ventes et distribution<span class=\"toggle_icon\">        <span class=\"vert_icon\"><\/span><span class=\"hor_icon\"><\/span><\/span><\/p>        <div role=\"tabpanel\" id=\"toggle-id-2-container\" class=\"toggle_wrap \" aria-hidden=\"true\">            <div class=\"toggle_content invers-color\"  itemprop=\"text\" ><p><span>Ventes et distribution est une grande \u00e9quipe qui cr\u00e9e et entretient des relations avec la client\u00e8le. Ce secteur compte trois\u00a0\u00e9quipes\u00a0:<\/span><span>\u00a0<\/span><\/p>\n<ul>\n<li><strong><span>Ventes\u00a0<\/span><\/strong><span>\u2013 pour \u00e9tablir et entretenir des relations avec les clients institutionnels et les clients des services de d\u00e9tail;<\/span><\/li>\n<li><strong><span>Produit\u00a0<\/span><\/strong><span>\u2013 pour d\u00e9velopper et g\u00e9rer les fonds communs de placement, les fonds n\u00e9goci\u00e9s en bourse ainsi que d\u2019autres solutions et de produits de placement;<\/span><\/li>\n<li><strong><span>Communications<\/span><\/strong><span>\u2013 pour \u00e9laborer et mettre en \u0153uvre des strat\u00e9gies de marketing, de communication et de leadership \u00e9clair\u00e9 afin de livrer un message uniforme aux publics externe et interne.<\/span><\/li>\n<\/ul>\n<table>\n<thead>\n<tr>\n<th colspan=\"2\">R\u00f4le phare : <span style=\"color: #00b254; font-size: 14px;\">Associ\u00e9, Communications<\/span><\/th>\n<\/tr>\n<\/thead>\n<tbody>\n<tr><!-- Row 1 --><\/p>\n<td width=\"20%\"><img loading=\"lazy\" decoding=\"async\" class=\"size-full wp-image-6916 aligncenter\" src=\"\/wp-content\/uploads\/sites\/109\/2016\/10\/Thumbnail-Asset-Management.png\" alt=\"thumbnail-asset-management\" width=\"94\" height=\"54\" \/><span class=\"image-overlay overlay-type-image\"><\/span><\/td>\n<td style=\"vertical-align: middle;\" width=\"80%\">Si votre passion pour l\u2019\u00e9criture est doubl\u00e9e d\u2019un solide sens du marketing, vous pourriez \u00eatre le candidat id\u00e9al pour un poste au sein du service des communications. Les associ\u00e9s, Communications contribuent \u00e0 la conceptualisation, \u00e0 la r\u00e9daction et \u00e0 la pr\u00e9sentation de diverses ressources internes et externes, y compris les commentaires \u00e9conomiques et boursiers.<\/td>\n<\/tr>\n<\/tbody>\n<\/table>\n            <\/div>        <\/div>    <\/div><\/section>\n<section class=\"av_toggle_section\"  itemscope=\"itemscope\" itemtype=\"https:\/\/schema.org\/CreativeWork\" >    <div class=\"single_toggle\" data-tags=\"{All} \" >        <p role=\"tab\" aria-expanded=\"false\" aria-controls=\"toggle-id-3-container\" data-fake-id=\"#toggle-id-3\" class=\"toggler \"  itemprop=\"headline\"  tabindex=\"-1\">Gouvernance li\u00e9e aux politiques et \u00e0 la r\u00e9glementation<span class=\"toggle_icon\">        <span class=\"vert_icon\"><\/span><span class=\"hor_icon\"><\/span><\/span><\/p>        <div role=\"tabpanel\" id=\"toggle-id-3-container\" class=\"toggle_wrap \" aria-hidden=\"true\">            <div class=\"toggle_content invers-color\"  itemprop=\"text\" ><p><span>V\u00e9ritable centre d\u2019excellence en mati\u00e8re de connaissance de la r\u00e9glementation r\u00e9gissant les valeurs mobili\u00e8res, de gestion du risque op\u00e9rationnel et de surveillance des politiques, GPTD poss\u00e8de une culture de gestion du risque qui stimule la responsabilit\u00e9 personnelle et assure l\u2019int\u00e9grit\u00e9 des processus.<\/span><\/p>\n<table>\n<thead>\n<tr>\n<th colspan=\"2\">R\u00f4le phare : <span style=\"color: #00b254; font-size: 14px;\">Associ\u00e9<\/span><\/th>\n<\/tr>\n<\/thead>\n<tbody>\n<tr><!-- Row 1 --><\/p>\n<td width=\"20%\"><img loading=\"lazy\" decoding=\"async\" class=\"size-full wp-image-6916 aligncenter\" src=\"\/wp-content\/uploads\/sites\/109\/2016\/10\/Thumbnail-Asset-Management.png\" alt=\"thumbnail-asset-management\" width=\"94\" height=\"54\" \/><span class=\"image-overlay overlay-type-image\"><\/span><\/td>\n<td style=\"vertical-align: middle;\" width=\"80%\">Gardant toujours \u00e0 l\u2019esprit les questions r\u00e9glementaires et la gouvernance des politiques, l\u2019associ\u00e9 analyse judicieusement les titres et les modifications l\u00e9gislatives et r\u00e9glementaires et repr\u00e9sente GPTD lors de divers projets \u00e0 l\u2019\u00e9chelle de l\u2019entreprise.<\/td>\n<\/tr>\n<\/tbody>\n<\/table>\n            <\/div>        <\/div>    <\/div><\/section>\n<section class=\"av_toggle_section\"  itemscope=\"itemscope\" itemtype=\"https:\/\/schema.org\/CreativeWork\" >    <div class=\"single_toggle\" data-tags=\"{All} \" >        <p role=\"tab\" aria-expanded=\"false\" aria-controls=\"toggle-id-4-container\" data-fake-id=\"#toggle-id-4\" class=\"toggler \"  itemprop=\"headline\"  tabindex=\"-1\">N\u00e9gociation et op\u00e9rations<span class=\"toggle_icon\">        <span class=\"vert_icon\"><\/span><span class=\"hor_icon\"><\/span><\/span><\/p>        <div role=\"tabpanel\" id=\"toggle-id-4-container\" class=\"toggle_wrap \" aria-hidden=\"true\">            <div class=\"toggle_content invers-color\"  itemprop=\"text\" ><p><span>L\u2019\u00e9quipe charg\u00e9e de la n\u00e9gociation et des op\u00e9rations assume des fonctions de soutien \u00e0 GPTD dans de nombreux domaines\u00a0: n\u00e9gociation, mise en \u0153uvre, communication de renseignements sur la r\u00e9glementation et surveillance des rapports financiers.<\/span><\/p>\n<table>\n<thead>\n<tr>\n<th colspan=\"2\">R\u00f4le phare : <span style=\"color: #00b254; font-size: 14px;\">N\u00e9gociateur<\/span><\/th>\n<\/tr>\n<\/thead>\n<tbody>\n<tr><!-- Row 1 --><\/p>\n<td width=\"20%\"><img loading=\"lazy\" decoding=\"async\" class=\"size-full wp-image-6916 aligncenter\" src=\"\/wp-content\/uploads\/sites\/109\/2016\/10\/Thumbnail-Asset-Management.png\" alt=\"thumbnail-asset-management\" width=\"94\" height=\"54\" \/><span class=\"image-overlay overlay-type-image\"><\/span><\/td>\n<td style=\"vertical-align: middle;\" width=\"80%\">Les n\u00e9gociateurs veillent \u00e0 l\u2019ex\u00e9cution efficace et avis\u00e9e des op\u00e9rations de mani\u00e8re \u00e0 r\u00e9duire au minimum les co\u00fbts d\u2019op\u00e9ration et \u00e0 optimiser la valeur fond\u00e9e sur la d\u00e9tention issue des id\u00e9es du gestionnaire de portefeuille. Les membres de l\u2019\u00e9quipe de n\u00e9gociation deviennent de v\u00e9ritables experts de la structure et de la liquidit\u00e9 des march\u00e9s, ainsi que de la dynamique d\u2019ex\u00e9cution des n\u00e9gociations, et ce, pour une vaste gamme de types d\u2019instruments.<\/td>\n<\/tr>\n<\/tbody>\n<\/table>\n            <\/div>        <\/div>    <\/div><\/section>\n<section class=\"av_toggle_section\"  itemscope=\"itemscope\" itemtype=\"https:\/\/schema.org\/CreativeWork\" >    <div class=\"single_toggle\" data-tags=\"{All} \" >        <p role=\"tab\" aria-expanded=\"false\" aria-controls=\"toggle-id-5-container\" data-fake-id=\"#toggle-id-5\" class=\"toggler \"  itemprop=\"headline\"  tabindex=\"-1\">Gestion des risques<span class=\"toggle_icon\">        <span class=\"vert_icon\"><\/span><span class=\"hor_icon\"><\/span><\/span><\/p>        <div role=\"tabpanel\" id=\"toggle-id-5-container\" class=\"toggle_wrap \" aria-hidden=\"true\">            <div class=\"toggle_content invers-color\"  itemprop=\"text\" ><p><span>L\u2019\u00e9quipe charg\u00e9e de la gestion des risques est tenue de comprendre les risques propres \u00e0 chaque portefeuille et de veiller \u00e0 ce que ces risques soient conformes aux objectifs du mandat de placement. Autrement dit, cette \u00e9quipe doit quantifier et comprendre les facteurs de rendement des portefeuilles de placement g\u00e9r\u00e9s par GPTD, ainsi que surveiller et comprendre les risques propres aux diverses strat\u00e9gies.\u00a0<\/span><\/p>\n<table>\n<thead>\n<tr>\n<th colspan=\"2\">R\u00f4le phare : <span style=\"color: #00b254; font-size: 14px;\">Analyste<\/span><\/th>\n<\/tr>\n<\/thead>\n<tbody>\n<tr><!-- Row 1 --><\/p>\n<td width=\"20%\"><img loading=\"lazy\" decoding=\"async\" class=\"size-full wp-image-6916 aligncenter\" src=\"\/wp-content\/uploads\/sites\/109\/2016\/10\/Thumbnail-Asset-Management.png\" alt=\"thumbnail-asset-management\" width=\"94\" height=\"54\" \/><span class=\"image-overlay overlay-type-image\"><\/span><\/td>\n<td style=\"vertical-align: middle;\" width=\"80%\">Les analystes de l\u2019\u00e9quipe de la gestion des risques doivent faire preuve d\u2019aptitudes pouss\u00e9es en analyse quantitative et en communication, car ils doivent pr\u00e9senter r\u00e9guli\u00e8rement aux gestionnaires de portefeuille des concepts quantitatifs complexes dans un grand souci de qualit\u00e9. Les analystes sont \u00e9galement appel\u00e9s \u00e0 mesurer et \u00e0 quantifier les risques li\u00e9s aux mandats afin de fournir des rapports quotidiens et mensuels aux principaux intervenants.<\/td>\n<\/tr>\n<\/tbody>\n<\/table>\n            <\/div>        <\/div>    <\/div><\/section>\n<\/div><\/p><\/div><div class=\"flex_column av_one_full  flex_column_div av-zero-column-padding first  \" style='border-radius:0px; '><p><section class=\"av_textblock_section\"  itemscope=\"itemscope\" itemtype=\"https:\/\/schema.org\/CreativeWork\" ><div class='avia_textblock '   itemprop=\"text\" ><p>L\u2019engagement de GPTD en mati\u00e8re d\u2019innovation s\u2019\u00e9tend au recrutement et \u00e0 la promotion de ses employ\u00e9s exceptionnels, lesquels ont acc\u00e8s \u00e0 une formation continue et \u00e0 des possibilit\u00e9s de perfectionnement constamment enrichies.<\/p>\n<\/div><\/section><br \/>\n<div class='avia-button-wrap avia-button-left  lnkJobSearch'><a href='\/fr-CA\/recherche-demploi\/' class='avia-button  avia-icon_select-yes-right-icon avia-color-theme-color avia-size-medium avia-position-left '   ><span class='avia_iconbox_title' >Rechercher tous les emplois \u00e0 Gestion de Placements TD<\/span><span class='avia_button_icon avia_button_icon_right' aria-hidden='true' data-av_icon='\ue87d' data-av_iconfont='entypo-fontello'><\/span><\/a><\/div><\/p><\/div><\/p>\n<\/div><\/div><\/div>\n","protected":false},"excerpt":{"rendered":"","protected":false},"author":1,"featured_media":0,"parent":1505,"menu_order":0,"comment_status":"closed","ping_status":"closed","template":"","meta":{"footnotes":""},"class_list":["post-1512","page","type-page","status-publish","hentry"],"yoast_head":"<!-- This site is optimized with the Yoast SEO Premium plugin v23.0 (Yoast SEO v23.0) - https:\/\/yoast.com\/wordpress\/plugins\/seo\/ -->\n<title>Gestion de Placements TD<\/title>\n<meta name=\"robots\" content=\"noindex, follow, max-snippet:-1, max-image-preview:large, max-video-preview:-1\" \/>\n<meta property=\"og:locale\" content=\"fr_CA\" \/>\n<meta property=\"og:type\" content=\"article\" \/>\n<meta property=\"og:title\" content=\"Gestion de Placements TD\" \/>\n<meta property=\"og:url\" content=\"https:\/\/tdbank4.site.findly.com\/fr-CA\/secteurs-dactivite\/gestion-de-placements-td\/\" \/>\n<meta property=\"og:site_name\" content=\"Banque TD\" \/>\n<meta property=\"article:publisher\" content=\"https:\/\/www.facebook.com\/TDBank\" \/>\n<meta property=\"article:modified_time\" content=\"2018-12-06T10:52:30+00:00\" \/>\n<meta property=\"og:image\" content=\"https:\/\/tdbank4.site.findly.com\/wp-content\/uploads\/sites\/109\/2016\/10\/Thumbnail-Asset-Management.png\" \/>\n<meta name=\"twitter:label1\" content=\"Estimation du temps de lecture\" \/>\n\t<meta name=\"twitter:data1\" content=\"7 minutes\" \/>\n<script type=\"application\/ld+json\" class=\"yoast-schema-graph\">{\"@context\":\"https:\/\/schema.org\",\"@graph\":[{\"@type\":\"WebPage\",\"@id\":\"https:\/\/tdbank4.site.findly.com\/fr-CA\/secteurs-dactivite\/gestion-de-placements-td\/\",\"url\":\"https:\/\/tdbank4.site.findly.com\/fr-CA\/secteurs-dactivite\/gestion-de-placements-td\/\",\"name\":\"Gestion de Placements TD\",\"isPartOf\":{\"@id\":\"https:\/\/tdbank4.site.findly.com\/fr-CA\/#website\"},\"datePublished\":\"2015-05-15T15:51:25+00:00\",\"dateModified\":\"2018-12-06T10:52:30+00:00\",\"breadcrumb\":{\"@id\":\"https:\/\/tdbank4.site.findly.com\/fr-CA\/secteurs-dactivite\/gestion-de-placements-td\/#breadcrumb\"},\"inLanguage\":\"fr-CA\",\"potentialAction\":[{\"@type\":\"ReadAction\",\"target\":[\"https:\/\/tdbank4.site.findly.com\/fr-CA\/secteurs-dactivite\/gestion-de-placements-td\/\"]}]},{\"@type\":\"BreadcrumbList\",\"@id\":\"https:\/\/tdbank4.site.findly.com\/fr-CA\/secteurs-dactivite\/gestion-de-placements-td\/#breadcrumb\",\"itemListElement\":[{\"@type\":\"ListItem\",\"position\":1,\"name\":\"Home\",\"item\":\"https:\/\/tdbank4.site.findly.com\/fr-CA\/\"},{\"@type\":\"ListItem\",\"position\":2,\"name\":\"Secteurs d\u2019activit\u00e9\",\"item\":\"https:\/\/tdbank4.site.findly.com\/fr-CA\/secteurs-dactivite\/\"},{\"@type\":\"ListItem\",\"position\":3,\"name\":\"Gestion de Placements TD\"}]},{\"@type\":\"WebSite\",\"@id\":\"https:\/\/tdbank4.site.findly.com\/fr-CA\/#website\",\"url\":\"https:\/\/tdbank4.site.findly.com\/fr-CA\/\",\"name\":\"Banque TD\",\"description\":\"Responsive Career site\",\"potentialAction\":[{\"@type\":\"SearchAction\",\"target\":{\"@type\":\"EntryPoint\",\"urlTemplate\":\"https:\/\/tdbank4.site.findly.com\/fr-CA\/?s={search_term_string}\"},\"query-input\":\"required name=search_term_string\"}],\"inLanguage\":\"fr-CA\"}]}<\/script>\n<!-- \/ Yoast SEO Premium plugin. -->","yoast_head_json":{"title":"Gestion de Placements TD","robots":{"index":"noindex","follow":"follow","max-snippet":"max-snippet:-1","max-image-preview":"max-image-preview:large","max-video-preview":"max-video-preview:-1"},"og_locale":"fr_CA","og_type":"article","og_title":"Gestion de Placements TD","og_url":"https:\/\/tdbank4.site.findly.com\/fr-CA\/secteurs-dactivite\/gestion-de-placements-td\/","og_site_name":"Banque TD","article_publisher":"https:\/\/www.facebook.com\/TDBank","article_modified_time":"2018-12-06T10:52:30+00:00","og_image":[{"url":"https:\/\/tdbank4.site.findly.com\/wp-content\/uploads\/sites\/109\/2016\/10\/Thumbnail-Asset-Management.png"}],"twitter_misc":{"Estimation du temps de lecture":"7 minutes"},"schema":{"@context":"https:\/\/schema.org","@graph":[{"@type":"WebPage","@id":"https:\/\/tdbank4.site.findly.com\/fr-CA\/secteurs-dactivite\/gestion-de-placements-td\/","url":"https:\/\/tdbank4.site.findly.com\/fr-CA\/secteurs-dactivite\/gestion-de-placements-td\/","name":"Gestion de Placements TD","isPartOf":{"@id":"https:\/\/tdbank4.site.findly.com\/fr-CA\/#website"},"datePublished":"2015-05-15T15:51:25+00:00","dateModified":"2018-12-06T10:52:30+00:00","breadcrumb":{"@id":"https:\/\/tdbank4.site.findly.com\/fr-CA\/secteurs-dactivite\/gestion-de-placements-td\/#breadcrumb"},"inLanguage":"fr-CA","potentialAction":[{"@type":"ReadAction","target":["https:\/\/tdbank4.site.findly.com\/fr-CA\/secteurs-dactivite\/gestion-de-placements-td\/"]}]},{"@type":"BreadcrumbList","@id":"https:\/\/tdbank4.site.findly.com\/fr-CA\/secteurs-dactivite\/gestion-de-placements-td\/#breadcrumb","itemListElement":[{"@type":"ListItem","position":1,"name":"Home","item":"https:\/\/tdbank4.site.findly.com\/fr-CA\/"},{"@type":"ListItem","position":2,"name":"Secteurs d\u2019activit\u00e9","item":"https:\/\/tdbank4.site.findly.com\/fr-CA\/secteurs-dactivite\/"},{"@type":"ListItem","position":3,"name":"Gestion de Placements TD"}]},{"@type":"WebSite","@id":"https:\/\/tdbank4.site.findly.com\/fr-CA\/#website","url":"https:\/\/tdbank4.site.findly.com\/fr-CA\/","name":"Banque TD","description":"Responsive Career site","potentialAction":[{"@type":"SearchAction","target":{"@type":"EntryPoint","urlTemplate":"https:\/\/tdbank4.site.findly.com\/fr-CA\/?s={search_term_string}"},"query-input":"required name=search_term_string"}],"inLanguage":"fr-CA"}]}},"_links":{"self":[{"href":"https:\/\/tdbank4.site.findly.com\/fr-CA\/wp-json\/wp\/v2\/pages\/1512","targetHints":{"allow":["GET"]}}],"collection":[{"href":"https:\/\/tdbank4.site.findly.com\/fr-CA\/wp-json\/wp\/v2\/pages"}],"about":[{"href":"https:\/\/tdbank4.site.findly.com\/fr-CA\/wp-json\/wp\/v2\/types\/page"}],"author":[{"embeddable":true,"href":"https:\/\/tdbank4.site.findly.com\/fr-CA\/wp-json\/wp\/v2\/users\/1"}],"replies":[{"embeddable":true,"href":"https:\/\/tdbank4.site.findly.com\/fr-CA\/wp-json\/wp\/v2\/comments?post=1512"}],"version-history":[{"count":0,"href":"https:\/\/tdbank4.site.findly.com\/fr-CA\/wp-json\/wp\/v2\/pages\/1512\/revisions"}],"up":[{"embeddable":true,"href":"https:\/\/tdbank4.site.findly.com\/fr-CA\/wp-json\/wp\/v2\/pages\/1505"}],"wp:attachment":[{"href":"https:\/\/tdbank4.site.findly.com\/fr-CA\/wp-json\/wp\/v2\/media?parent=1512"}],"curies":[{"name":"wp","href":"https:\/\/api.w.org\/{rel}","templated":true}]}}