{"id":1503,"date":"2015-04-29T20:42:59","date_gmt":"2015-04-29T20:42:59","guid":{"rendered":"http:\/\/tdbank2.site.findly.com\/job-opportunities\/retail\/management\/"},"modified":"2018-12-06T10:42:17","modified_gmt":"2018-12-06T10:42:17","slug":"gestion","status":"publish","type":"page","link":"https:\/\/tdbank4.site.findly.com\/fr-CA\/possibilites-demploi\/services-bancaires-de-detail\/gestion\/","title":{"rendered":"Gestion"},"content":{"rendered":"<\/div><\/div><\/div><!-- close content main div --><\/div><\/div><div id='banner-subpage' class='avia-section alternate_color avia-section-default avia-no-border-styling avia-bg-style-scroll   av-minimum-height av-minimum-height-custom container_wrap fullsize' style = 'background-repeat: no-repeat; background-image: url(https:\/\/tdbank4.site.findly.com\/wp-content\/uploads\/sites\/605\/2015\/04\/TD_Toronto_10.2017_ROUGHPASS_SELECTS-911_1067x375.jpg); background-attachment: scroll; background-position: top center; ' data-section-bg-repeat='no-repeat' ><div class='container' ><div class='template-page content  av-content-full alpha units'><div class='post-entry post-entry-type-page post-entry-1503'><div class='entry-content-wrapper clearfix'>\n<section class=\"av_textblock_section\"  itemscope=\"itemscope\" itemtype=\"https:\/\/schema.org\/CreativeWork\" ><div class='avia_textblock headertext ht5 tagline-position-banner w34'   itemprop=\"text\" ><div>Transformez les possibilit\u00e9s en r\u00e9ussites.<\/div>\n<\/div><\/section>\n\n<\/div><\/div><\/div><!-- close content main div --><\/div><\/div><div id='mobile-bannertext' class='avia-section alternate_color avia-section-default avia-no-border-styling avia-bg-style-scroll   av-minimum-height av-minimum-height-custom container_wrap fullsize'   ><div class='container' ><div class='template-page content  av-content-full alpha units'><div class='post-entry post-entry-type-page post-entry-1503'><div class='entry-content-wrapper clearfix'>\n<section class=\"av_textblock_section\"  itemscope=\"itemscope\" itemtype=\"https:\/\/schema.org\/CreativeWork\" ><div class='avia_textblock headertext'   itemprop=\"text\" ><div>Transformez les possibilit\u00e9s en r\u00e9ussites.<\/div>\n<\/div><\/section>\n\n<\/div><\/div><\/div><!-- close content main div --><\/div><\/div><div id='secjobsearchbar' class='avia-section main_color avia-section-small avia-no-border-styling avia-bg-style-scroll   container_wrap fullsize'   ><div class='container' ><div class='template-page content  av-content-full alpha units'><div class='post-entry post-entry-type-page post-entry-1503'><div class='entry-content-wrapper clearfix'>\n\n\n<\/div><\/div><\/div><!-- close content main div --><\/div><\/div><div id='secMainCopy' class='av-layout-grid-container entry-content-wrapper main_color av-flex-cells   container_wrap fullsize'   >\n<div class=\"flex_cell no_margin av_one_fourth  navCell  \" style='vertical-align:top; padding:0px 0px 0 0px ; background-color:#efeff4; '><div class='flex_cell_inner' ><div class=\"flex_column av_one_full  flex_column_div first  \" ><div class='avia-builder-widget-area clearfix '><div id=\"nav_menu-3\" class=\"widget clearfix widget_nav_menu\"><div class=\"menu-job-ops-retail-french-can0-container\"><ul id=\"menu-job-ops-retail-french-can0\" class=\"menu\"><li id=\"menu-item-2126\" class=\"menu-item menu-item-type-post_type menu-item-object-page menu-item-has-children menu-item-2126\"><a href=\"https:\/\/tdbank4.site.findly.com\/fr-CA\/possibilites-demploi\/services-bancaires-de-detail\/\">Services bancaires de d\u00e9tail<\/a>\n<ul class=\"sub-menu\">\n\t<li id=\"menu-item-2128\" class=\"menu-item menu-item-type-post_type menu-item-object-page menu-item-2128\"><a href=\"https:\/\/tdbank4.site.findly.com\/fr-CA\/possibilites-demploi\/services-bancaires-de-detail\/service-a-la-clientele\/\">Service \u00e0 la client\u00e8le<\/a><\/li>\n\t<li id=\"menu-item-2130\" class=\"menu-item menu-item-type-post_type menu-item-object-page menu-item-2130\"><a href=\"https:\/\/tdbank4.site.findly.com\/fr-CA\/possibilites-demploi\/services-bancaires-de-detail\/financial-services\/\">Services financiers<\/a><\/li>\n\t<li id=\"menu-item-2132\" class=\"menu-item menu-item-type-post_type menu-item-object-page menu-item-2132\"><a href=\"https:\/\/tdbank4.site.findly.com\/fr-CA\/possibilites-demploi\/services-bancaires-de-detail\/gestion\/\">Gestion<\/a><\/li>\n<\/ul>\n<\/li>\n<li id=\"menu-item-2134\" class=\"menu-item menu-item-type-post_type menu-item-object-page menu-item-2134\"><a href=\"https:\/\/tdbank4.site.findly.com\/fr-CA\/possibilites-demploi\/occasions-au-sein-du-bureau-de-la-societe\/\">Occasions au sein du Bureau de la Soci\u00e9t\u00e9<\/a><\/li>\n<li id=\"menu-item-7399\" class=\"menu-item menu-item-type-post_type menu-item-object-page menu-item-7399\"><a href=\"https:\/\/tdbank4.site.findly.com\/fr-CA\/possibilites-demploi\/occasions-au-sein-du-bureau-de-la-societe\/centre-de-contact\/\">Centre de contact<\/a><\/li>\n<\/ul><\/div><\/div><\/div><\/div>\n<\/div><\/div><div class=\"flex_cell no_margin av_three_fourth  mainCell  \" style='vertical-align:top; padding:0px 30px 30px 30px ; background-color:#ffffff; '><div class='flex_cell_inner' ><p><div class=\"flex_column av_one_full  flex_column_div first  \" ><section class=\"av_textblock_section\"  itemscope=\"itemscope\" itemtype=\"https:\/\/schema.org\/CreativeWork\" ><div class='avia_textblock '   itemprop=\"text\" ><h1 class=\"copyHeading\">Gestion<\/h1>\n<\/div><\/section><\/div><div class=\"flex_column av_one_half  flex_column_div first  \" ><section class=\"av_textblock_section\"  itemscope=\"itemscope\" itemtype=\"https:\/\/schema.org\/CreativeWork\" ><div class='avia_textblock '   itemprop=\"text\" ><p>Les gestionnaires de personnel de la\u00a0TD se font une fiert\u00e9 de guider nos efforts pour offrir le meilleur \u00e0 nos clients tout en veillant \u00e0 ce que la TD atteigne ses objectifs. Ce groupe utilise des connaissances commerciales et des comp\u00e9tences en gestion des ventes pour superviser un portefeuille complet de d\u00e9p\u00f4ts, de pr\u00eats, de frais et de d\u00e9penses.<\/p>\n<p>M\u00eame si nous \u00e9voluons dans un monde de chiffres, la croissance de notre entreprise est assur\u00e9e par nos employ\u00e9s. Nos gestionnaires de personnel doivent les guider, les encadrer et les motiver, pour qu\u2019ils puissent donner le meilleur d\u2019eux-m\u00eames. En effet, lorsque nos employ\u00e9s sont capables d\u2019atteindre leur plein potentiel, ils sont mieux \u00e9quip\u00e9s pour contribuer \u00e0 une exp\u00e9rience client l\u00e9gendaire.<\/p>\n<p>Responsables du rendement global de la succursale, ces personnes rel\u00e8vent les d\u00e9fis en combinant un sens aigu des affaires et une perspective d\u2019ensemble afin d\u2019augmenter la valeur pour les actionnaires tout en d\u00e9passant les attentes de la client\u00e8le. Leur leadership m\u00e8ne \u00e0 la r\u00e9ussite de nos employ\u00e9s et de nos activit\u00e9s.<\/p>\n<\/div><\/section><\/div><div class=\"flex_column av_one_half  flex_column_div av-zero-column-padding   \" style='border-radius:0px; '>[avia_codeblock_placeholder uid=\"0\"] <br \/>\n<section class=\"av_textblock_section\"  itemscope=\"itemscope\" itemtype=\"https:\/\/schema.org\/CreativeWork\" ><div class='avia_textblock '   itemprop=\"text\" ><div id=\"transcript\" class=\"transcript-block\" role=\"region\">\n<p>Parfois, on veut simplement dire merci &#8230;<br \/>\nNous avons transform\u00e9 un GAB en Guichet automatique du bonheur.<br \/>\nOn a embauch\u00e9 Philippe Bond pour l&rsquo;animer.<br \/>\nBonjour. Pour commencer, veulliez ins\u00e9rer votre carte.<br \/>\nBonjour Karen.<br \/>\nBonjour.<br \/>\nBonjour D\u00e9m\u00e9trius.<br \/>\nBonjour.<br \/>\nJe suis le guichet automatique du bonheur.<br \/>\nOK.<br \/>\nComment \u00e7a se fait?<br \/>\nJe suis le guichet automatique du bonheur, je l&rsquo;ai dit.<br \/>\nJe suis le guichet automatique du bonheur.<br \/>\nAh, vous allez me donner cinq mille pi\u00e8ces?<br \/>\nAh bien s\u00fbr.<br \/>\nMarie Kokolakis &#8211; Directrice service \u00e0 la client\u00e8le<br \/>\nLe raison de pourquoi on fait \u00e7a c&rsquo;est pour de remercier des clientes chez TD.<br \/>\nParfait.<br \/>\nOui je veux des cadeaux.<br \/>\nEt combine veut-tu?<br \/>\nOh wow! Oh wow!<br \/>\nOh b\u00e9b\u00e9, c&rsquo;est pour toi bien-s\u00fbr.<br \/>\nLes vacances a Tremblant, \u00e7a vous dit Tony?<br \/>\n\u00c7a va, \u00e7a va mieux.<br \/>\n\u00c7a va mieux comme \u00e7a?<br \/>\nOui.<br \/>\nEt madame va \u00eatre contente?<br \/>\nJe pense que oui<br \/>\n\u00c7a je vais laisser avec vous.<br \/>\nPas moi, non.<br \/>\nC&rsquo;est un cadeau que vous offre.<br \/>\nJe vous merci beaucoup.<br \/>\nPour votre petite fille et pour votre futur caf\u00e9<br \/>\nOui, merci beaucoup, merci beaucoup elle va \u00eatre tr\u00e8s contente.<br \/>\nNous voulons te remercier d&rsquo;\u00eatre une cliente exceptionnelle de la TD.<br \/>\nEst-ce que vous aimez la spa?<br \/>\nOui, bien s\u00fbr.<br \/>\nQui n&rsquo;aime pas la spa?<br \/>\nC&rsquo;est \u00e7a.<br \/>\nRegardez \u00e0 votre gauche.<br \/>\nTout est \u00e0 vous sa journ\u00e9e cadeaux.<br \/>\nMerci beaucoup.<br \/>\nAimes-tu-les humoristes?<br \/>\nOui j&rsquo;aime, oui.<br \/>\nPhilippe Bond.<br \/>\nAh il est beau, je l&rsquo;aime bien lui.<br \/>\nPis, y es-tu cute?<br \/>\nOui, pas mal, c&rsquo;est juste l\u00e0 que je suis mari\u00e9 mais ce n&rsquo;est pas grave<br \/>\nMais c&rsquo;est \u00e7a, en ami, il est cute, en ami sur dix, il est cute combien?<br \/>\nIl cute a dix, a m\u00eame plus.<br \/>\nJe suis le guichet automatique du bonheur.<br \/>\nPour vrai, mais c&rsquo;est cool.<br \/>\nOn fait \u00e7a, c&rsquo;est pour te remercier d&rsquo;\u00eatre une exceptionnelle cliente de TD.<br \/>\nMerci!<br \/>\nEst-ce-que tu penses a couche si Vendredi?<br \/>\nNon.<br \/>\nNon, \u00e7a va, tu dois voir mon spectacle.<br \/>\nCertain.<br \/>\nComment \u00e7a va!<br \/>\n\u00c7a va bien.<br \/>\nToi un voiture?<br \/>\nOui<br \/>\nVien se Vendredi pour voir mon spectacle.<br \/>\nJe vais voir Vendredi<br \/>\nOk.<br \/>\nBonsoir! \u00c7a va bien?<br \/>\nUn simple merci peut ensoleiller une journ\u00e9e. #TDVousDitMerci<\/p>\n<p>END OF TRANSCRIPT<\/p>\n<\/div>\n<\/div><\/section><br \/>\n<div style='height:50px' class='hr hr-invisible  '><span class='hr-inner ' ><span class='hr-inner-style'><\/span><\/span><\/div><br \/>\n<section class=\"av_textblock_section\"  itemscope=\"itemscope\" itemtype=\"https:\/\/schema.org\/CreativeWork\" ><div class='avia_textblock '   itemprop=\"text\" ><h2>Pr\u00eat \u00e0 postuler un poste?<\/h2>\n<\/div><\/section><br \/>\n<div class='avia-button-wrap avia-button-left  lnkJobSearch'><a href='\/fr-CA\/recherche-demploi\/?addtnl_categories=Services%20bancaires%20de%20d\u00e9tail%20\u2013%20Gestion&amp;primary_country=CA' class='avia-button  avia-icon_select-yes-right-icon avia-color-theme-color avia-size-medium avia-position-left '   ><span class='avia_iconbox_title' >Recherche d\u2019emplois de gestion<\/span><span class='avia_button_icon avia_button_icon_right' aria-hidden='true' data-av_icon='\ue885' data-av_iconfont='entypo-fontello'><\/span><\/a><\/div><\/p><\/div><\/p>\n<\/div><\/div><\/div>\n","protected":false},"excerpt":{"rendered":"","protected":false},"author":1,"featured_media":0,"parent":1497,"menu_order":0,"comment_status":"closed","ping_status":"closed","template":"","meta":{"footnotes":""},"class_list":["post-1503","page","type-page","status-publish","hentry"],"yoast_head":"<!-- This site is optimized with the Yoast SEO Premium plugin v23.0 (Yoast SEO v23.0) - https:\/\/yoast.com\/wordpress\/plugins\/seo\/ -->\n<title>Gestion<\/title>\n<meta name=\"robots\" content=\"noindex, follow, max-snippet:-1, max-image-preview:large, max-video-preview:-1\" \/>\n<meta property=\"og:locale\" content=\"fr_CA\" \/>\n<meta property=\"og:type\" content=\"article\" \/>\n<meta property=\"og:title\" content=\"Gestion\" \/>\n<meta property=\"og:url\" content=\"https:\/\/tdbank4.site.findly.com\/fr-CA\/possibilites-demploi\/services-bancaires-de-detail\/gestion\/\" \/>\n<meta property=\"og:site_name\" content=\"Banque TD\" \/>\n<meta property=\"article:publisher\" content=\"https:\/\/www.facebook.com\/TDBank\" \/>\n<meta property=\"article:modified_time\" content=\"2018-12-06T10:42:17+00:00\" \/>\n<meta name=\"twitter:label1\" content=\"Estimation du temps de lecture\" \/>\n\t<meta name=\"twitter:data1\" content=\"6 minutes\" \/>\n<script type=\"application\/ld+json\" class=\"yoast-schema-graph\">{\"@context\":\"https:\/\/schema.org\",\"@graph\":[{\"@type\":\"WebPage\",\"@id\":\"https:\/\/tdbank4.site.findly.com\/fr-CA\/possibilites-demploi\/services-bancaires-de-detail\/gestion\/\",\"url\":\"https:\/\/tdbank4.site.findly.com\/fr-CA\/possibilites-demploi\/services-bancaires-de-detail\/gestion\/\",\"name\":\"Gestion\",\"isPartOf\":{\"@id\":\"https:\/\/tdbank4.site.findly.com\/fr-CA\/#website\"},\"datePublished\":\"2015-04-29T20:42:59+00:00\",\"dateModified\":\"2018-12-06T10:42:17+00:00\",\"breadcrumb\":{\"@id\":\"https:\/\/tdbank4.site.findly.com\/fr-CA\/possibilites-demploi\/services-bancaires-de-detail\/gestion\/#breadcrumb\"},\"inLanguage\":\"fr-CA\",\"potentialAction\":[{\"@type\":\"ReadAction\",\"target\":[\"https:\/\/tdbank4.site.findly.com\/fr-CA\/possibilites-demploi\/services-bancaires-de-detail\/gestion\/\"]}]},{\"@type\":\"BreadcrumbList\",\"@id\":\"https:\/\/tdbank4.site.findly.com\/fr-CA\/possibilites-demploi\/services-bancaires-de-detail\/gestion\/#breadcrumb\",\"itemListElement\":[{\"@type\":\"ListItem\",\"position\":1,\"name\":\"Home\",\"item\":\"https:\/\/tdbank4.site.findly.com\/fr-CA\/\"},{\"@type\":\"ListItem\",\"position\":2,\"name\":\"Possibilit\u00e9s d\u2019emploi\",\"item\":\"https:\/\/tdbank4.site.findly.com\/fr-CA\/possibilites-demploi\/\"},{\"@type\":\"ListItem\",\"position\":3,\"name\":\"Services bancaires de d\u00e9tail\",\"item\":\"https:\/\/tdbank4.site.findly.com\/fr-CA\/possibilites-demploi\/services-bancaires-de-detail\/\"},{\"@type\":\"ListItem\",\"position\":4,\"name\":\"Gestion\"}]},{\"@type\":\"WebSite\",\"@id\":\"https:\/\/tdbank4.site.findly.com\/fr-CA\/#website\",\"url\":\"https:\/\/tdbank4.site.findly.com\/fr-CA\/\",\"name\":\"Banque TD\",\"description\":\"Responsive Career site\",\"potentialAction\":[{\"@type\":\"SearchAction\",\"target\":{\"@type\":\"EntryPoint\",\"urlTemplate\":\"https:\/\/tdbank4.site.findly.com\/fr-CA\/?s={search_term_string}\"},\"query-input\":\"required name=search_term_string\"}],\"inLanguage\":\"fr-CA\"}]}<\/script>\n<!-- \/ Yoast SEO Premium plugin. -->","yoast_head_json":{"title":"Gestion","robots":{"index":"noindex","follow":"follow","max-snippet":"max-snippet:-1","max-image-preview":"max-image-preview:large","max-video-preview":"max-video-preview:-1"},"og_locale":"fr_CA","og_type":"article","og_title":"Gestion","og_url":"https:\/\/tdbank4.site.findly.com\/fr-CA\/possibilites-demploi\/services-bancaires-de-detail\/gestion\/","og_site_name":"Banque TD","article_publisher":"https:\/\/www.facebook.com\/TDBank","article_modified_time":"2018-12-06T10:42:17+00:00","twitter_misc":{"Estimation du temps de lecture":"6 minutes"},"schema":{"@context":"https:\/\/schema.org","@graph":[{"@type":"WebPage","@id":"https:\/\/tdbank4.site.findly.com\/fr-CA\/possibilites-demploi\/services-bancaires-de-detail\/gestion\/","url":"https:\/\/tdbank4.site.findly.com\/fr-CA\/possibilites-demploi\/services-bancaires-de-detail\/gestion\/","name":"Gestion","isPartOf":{"@id":"https:\/\/tdbank4.site.findly.com\/fr-CA\/#website"},"datePublished":"2015-04-29T20:42:59+00:00","dateModified":"2018-12-06T10:42:17+00:00","breadcrumb":{"@id":"https:\/\/tdbank4.site.findly.com\/fr-CA\/possibilites-demploi\/services-bancaires-de-detail\/gestion\/#breadcrumb"},"inLanguage":"fr-CA","potentialAction":[{"@type":"ReadAction","target":["https:\/\/tdbank4.site.findly.com\/fr-CA\/possibilites-demploi\/services-bancaires-de-detail\/gestion\/"]}]},{"@type":"BreadcrumbList","@id":"https:\/\/tdbank4.site.findly.com\/fr-CA\/possibilites-demploi\/services-bancaires-de-detail\/gestion\/#breadcrumb","itemListElement":[{"@type":"ListItem","position":1,"name":"Home","item":"https:\/\/tdbank4.site.findly.com\/fr-CA\/"},{"@type":"ListItem","position":2,"name":"Possibilit\u00e9s d\u2019emploi","item":"https:\/\/tdbank4.site.findly.com\/fr-CA\/possibilites-demploi\/"},{"@type":"ListItem","position":3,"name":"Services bancaires de d\u00e9tail","item":"https:\/\/tdbank4.site.findly.com\/fr-CA\/possibilites-demploi\/services-bancaires-de-detail\/"},{"@type":"ListItem","position":4,"name":"Gestion"}]},{"@type":"WebSite","@id":"https:\/\/tdbank4.site.findly.com\/fr-CA\/#website","url":"https:\/\/tdbank4.site.findly.com\/fr-CA\/","name":"Banque TD","description":"Responsive Career site","potentialAction":[{"@type":"SearchAction","target":{"@type":"EntryPoint","urlTemplate":"https:\/\/tdbank4.site.findly.com\/fr-CA\/?s={search_term_string}"},"query-input":"required name=search_term_string"}],"inLanguage":"fr-CA"}]}},"_links":{"self":[{"href":"https:\/\/tdbank4.site.findly.com\/fr-CA\/wp-json\/wp\/v2\/pages\/1503","targetHints":{"allow":["GET"]}}],"collection":[{"href":"https:\/\/tdbank4.site.findly.com\/fr-CA\/wp-json\/wp\/v2\/pages"}],"about":[{"href":"https:\/\/tdbank4.site.findly.com\/fr-CA\/wp-json\/wp\/v2\/types\/page"}],"author":[{"embeddable":true,"href":"https:\/\/tdbank4.site.findly.com\/fr-CA\/wp-json\/wp\/v2\/users\/1"}],"replies":[{"embeddable":true,"href":"https:\/\/tdbank4.site.findly.com\/fr-CA\/wp-json\/wp\/v2\/comments?post=1503"}],"version-history":[{"count":0,"href":"https:\/\/tdbank4.site.findly.com\/fr-CA\/wp-json\/wp\/v2\/pages\/1503\/revisions"}],"up":[{"embeddable":true,"href":"https:\/\/tdbank4.site.findly.com\/fr-CA\/wp-json\/wp\/v2\/pages\/1497"}],"wp:attachment":[{"href":"https:\/\/tdbank4.site.findly.com\/fr-CA\/wp-json\/wp\/v2\/media?parent=1503"}],"curies":[{"name":"wp","href":"https:\/\/api.w.org\/{rel}","templated":true}]}}