{"id":1489,"date":"2015-05-15T15:44:51","date_gmt":"2015-05-15T15:44:51","guid":{"rendered":"http:\/\/tdbank2.site.findly.com\/job-opportunities\/corporate\/procurement-sourcing\/"},"modified":"2020-12-03T21:02:19","modified_gmt":"2020-12-03T21:02:19","slug":"approvisionnement","status":"publish","type":"page","link":"https:\/\/tdbank4.site.findly.com\/fr-CA\/possibilites-demploi\/occasions-au-sein-du-bureau-de-la-societe\/approvisionnement\/","title":{"rendered":"Approvisionnement"},"content":{"rendered":"<\/div><\/div><\/div><!-- close content main div --><\/div><\/div><div id='banner-subpage' class='avia-section alternate_color avia-section-default avia-no-border-styling avia-bg-style-scroll   av-minimum-height av-minimum-height-custom container_wrap fullsize' style = 'background-repeat: no-repeat; background-image: url(https:\/\/tdbank4.site.findly.com\/wp-content\/uploads\/sites\/605\/2020\/11\/TOHR-123_10235-1067x375-12.jpg); background-attachment: scroll; background-position: top left; ' data-section-bg-repeat='no-repeat' ><div class='container' ><div class='template-page content  av-content-full alpha units'><div class='post-entry post-entry-type-page post-entry-1489'><div class='entry-content-wrapper clearfix'>\n<section class=\"av_textblock_section\"  itemscope=\"itemscope\" itemtype=\"https:\/\/schema.org\/CreativeWork\" ><div class='avia_textblock headertext w43 left56 tagline-position-banner'   itemprop=\"text\" ><div>Ouvrez-vous \u00e0 des possibilit\u00e9s qui vous permettront de b\u00e2tir votre avenir.<\/div>\n<\/div><\/section>\n\n<\/div><\/div><\/div><!-- close content main div --><\/div><\/div><div id='mobile-bannertext' class='avia-section alternate_color avia-section-default avia-no-border-styling avia-bg-style-scroll   av-minimum-height av-minimum-height-custom container_wrap fullsize'   ><div class='container' ><div class='template-page content  av-content-full alpha units'><div class='post-entry post-entry-type-page post-entry-1489'><div class='entry-content-wrapper clearfix'>\n<section class=\"av_textblock_section\"  itemscope=\"itemscope\" itemtype=\"https:\/\/schema.org\/CreativeWork\" ><div class='avia_textblock headertext'   itemprop=\"text\" ><div>Ouvrez-vous \u00e0 des possibilit\u00e9s qui vous permettront de b\u00e2tir votre avenir.<\/div>\n<\/div><\/section>\n\n<\/div><\/div><\/div><!-- close content main div --><\/div><\/div><div id='secjobsearchbar' class='avia-section main_color avia-section-small avia-no-border-styling avia-bg-style-scroll   container_wrap fullsize'   ><div class='container' ><div class='template-page content  av-content-full alpha units'><div class='post-entry post-entry-type-page post-entry-1489'><div class='entry-content-wrapper clearfix'>\n\n\n<\/div><\/div><\/div><!-- close content main div --><\/div><\/div><div id='secMainCopy' class='av-layout-grid-container entry-content-wrapper main_color av-flex-cells   container_wrap fullsize'   >\n<div class=\"flex_cell no_margin av_one_fourth  navCell  \" style='vertical-align:top; padding:0px 0px 0 0px ; background-color:#efeff4; '><div class='flex_cell_inner' ><div class=\"flex_column av_one_full  flex_column_div first  \" ><div class='avia-builder-widget-area clearfix '><div id=\"nav_menu-8\" class=\"widget clearfix widget_nav_menu\"><div class=\"menu-job-ops-corporate-french-can0-container\"><ul id=\"menu-job-ops-corporate-french-can0\" class=\"menu\"><li id=\"menu-item-2012\" class=\"menu-item menu-item-type-post_type menu-item-object-page menu-item-2012\"><a href=\"https:\/\/tdbank4.site.findly.com\/fr-CA\/possibilites-demploi\/services-bancaires-de-detail\/\">Occasions au sein des Services bancaires de d\u00e9tail<\/a><\/li>\n<li id=\"menu-item-2014\" class=\"menu-item menu-item-type-post_type menu-item-object-page menu-item-has-children menu-item-2014\"><a href=\"https:\/\/tdbank4.site.findly.com\/fr-CA\/possibilites-demploi\/occasions-au-sein-du-bureau-de-la-societe\/\">Occasions au sein du Bureau de la Soci\u00e9t\u00e9<\/a>\n<ul class=\"sub-menu\">\n\t<li id=\"menu-item-20564\" class=\"menu-item menu-item-type-post_type menu-item-object-page menu-item-20564\"><a href=\"https:\/\/tdbank4.site.findly.com\/fr-CA\/agile-scale\/\">Agile \u00e0 grande \u00e9chelle<\/a><\/li>\n\t<li id=\"menu-item-21110\" class=\"menu-item menu-item-type-post_type menu-item-object-page menu-item-21110\"><a href=\"https:\/\/tdbank4.site.findly.com\/fr-CA\/engineering\/\">Pratiques d\u2019ing\u00e9nierie<\/a><\/li>\n\t<li id=\"menu-item-2016\" class=\"menu-item menu-item-type-post_type menu-item-object-page menu-item-2016\"><a href=\"https:\/\/tdbank4.site.findly.com\/fr-CA\/possibilites-demploi\/occasions-au-sein-du-bureau-de-la-societe\/lutte-contre-le-blanchiment-dargent-conformite-et-relations-avec-les-autorites-de-reglementation\/\">Lutte contre le blanchiment d\u2019argent, Conformit\u00e9 et Relations avec les autorit\u00e9s de r\u00e9glementation<\/a><\/li>\n\t<li id=\"menu-item-2018\" class=\"menu-item menu-item-type-post_type menu-item-object-page menu-item-2018\"><a href=\"https:\/\/tdbank4.site.findly.com\/fr-CA\/possibilites-demploi\/occasions-au-sein-du-bureau-de-la-societe\/audit\/\">Audit<\/a><\/li>\n\t<li id=\"menu-item-2020\" class=\"menu-item menu-item-type-post_type menu-item-object-page menu-item-2020\"><a href=\"https:\/\/tdbank4.site.findly.com\/fr-CA\/possibilites-demploi\/occasions-au-sein-du-bureau-de-la-societe\/affaires-internes-et-publiques\/\">Affaires internes et publiques<\/a><\/li>\n\t<li id=\"menu-item-2022\" class=\"menu-item menu-item-type-post_type menu-item-object-page menu-item-2022\"><a href=\"https:\/\/tdbank4.site.findly.com\/fr-CA\/possibilites-demploi\/occasions-au-sein-du-bureau-de-la-societe\/relations-communautaires-et-environnement\/\">Relations communautaires et Environnement<\/a><\/li>\n\t<li id=\"menu-item-2026\" class=\"menu-item menu-item-type-post_type menu-item-object-page menu-item-2026\"><a href=\"https:\/\/tdbank4.site.findly.com\/fr-CA\/possibilites-demploi\/occasions-au-sein-du-bureau-de-la-societe\/services-immobiliers-de-lentreprise\/\">Services immobiliers de l\u2019entreprise<\/a><\/li>\n\t<li id=\"menu-item-14598\" class=\"menu-item menu-item-type-post_type menu-item-object-page menu-item-14598\"><a href=\"https:\/\/tdbank4.site.findly.com\/fr-CA\/donnees-analyses\/\">Donn\u00e9es et analyses<\/a><\/li>\n\t<li id=\"menu-item-2028\" class=\"menu-item menu-item-type-post_type menu-item-object-page menu-item-2028\"><a href=\"https:\/\/tdbank4.site.findly.com\/fr-CA\/possibilites-demploi\/occasions-au-sein-du-bureau-de-la-societe\/finances\/\">Finances<\/a><\/li>\n\t<li id=\"menu-item-2030\" class=\"menu-item menu-item-type-post_type menu-item-object-page menu-item-2030\"><a href=\"https:\/\/tdbank4.site.findly.com\/fr-CA\/possibilites-demploi\/occasions-au-sein-du-bureau-de-la-societe\/ressources-humaines\/\">Ressources humaines<\/a><\/li>\n\t<li id=\"menu-item-2034\" class=\"menu-item menu-item-type-post_type menu-item-object-page menu-item-2034\"><a href=\"https:\/\/tdbank4.site.findly.com\/fr-CA\/possibilites-demploi\/occasions-au-sein-du-bureau-de-la-societe\/conseiller-en-placement\/\">Conseiller en placement<\/a><\/li>\n\t<li id=\"menu-item-2036\" class=\"menu-item menu-item-type-post_type menu-item-object-page menu-item-2036\"><a href=\"https:\/\/tdbank4.site.findly.com\/fr-CA\/possibilites-demploi\/occasions-au-sein-du-bureau-de-la-societe\/service-juridique-td\/\">Service juridique TD<\/a><\/li>\n\t<li id=\"menu-item-2038\" class=\"menu-item menu-item-type-post_type menu-item-object-page menu-item-2038\"><a href=\"https:\/\/tdbank4.site.findly.com\/fr-CA\/possibilites-demploi\/occasions-au-sein-du-bureau-de-la-societe\/marketing\/\">Marketing<\/a><\/li>\n\t<li id=\"menu-item-2040\" class=\"menu-item menu-item-type-post_type menu-item-object-page menu-item-2040\"><a href=\"https:\/\/tdbank4.site.findly.com\/fr-CA\/possibilites-demploi\/occasions-au-sein-du-bureau-de-la-societe\/exploitation\/\">Exploitation<\/a><\/li>\n\t<li id=\"menu-item-2042\" class=\"menu-item menu-item-type-post_type menu-item-object-page menu-item-2042\"><a href=\"https:\/\/tdbank4.site.findly.com\/fr-CA\/possibilites-demploi\/occasions-au-sein-du-bureau-de-la-societe\/approvisionnement\/\">Approvisionnement<\/a><\/li>\n\t<li id=\"menu-item-2044\" class=\"menu-item menu-item-type-post_type menu-item-object-page menu-item-2044\"><a href=\"https:\/\/tdbank4.site.findly.com\/fr-CA\/possibilites-demploi\/occasions-au-sein-du-bureau-de-la-societe\/gestion-de-developpement-de-produits\/\">Gestion de d\u00e9veloppement de produits<\/a><\/li>\n\t<li id=\"menu-item-2046\" class=\"menu-item menu-item-type-post_type menu-item-object-page menu-item-2046\"><a href=\"https:\/\/tdbank4.site.findly.com\/fr-CA\/possibilites-demploi\/occasions-au-sein-du-bureau-de-la-societe\/risque\/\">Risque<\/a><\/li>\n\t<li id=\"menu-item-2048\" class=\"menu-item menu-item-type-post_type menu-item-object-page menu-item-2048\"><a href=\"https:\/\/tdbank4.site.findly.com\/fr-CA\/possibilites-demploi\/occasions-au-sein-du-bureau-de-la-societe\/ventes-et-expansion-des-affaires\/\">Ventes et Expansion des affaires<\/a><\/li>\n\t<li id=\"menu-item-2032\" class=\"menu-item menu-item-type-post_type menu-item-object-page menu-item-2032\"><a href=\"https:\/\/tdbank4.site.findly.com\/fr-CA\/possibilites-demploi\/occasions-au-sein-du-bureau-de-la-societe\/technologies-de-linformation\/\">Solutions technologiques<\/a><\/li>\n<\/ul>\n<\/li>\n<li id=\"menu-item-7399\" class=\"menu-item menu-item-type-post_type menu-item-object-page menu-item-7399\"><a href=\"https:\/\/tdbank4.site.findly.com\/fr-CA\/possibilites-demploi\/occasions-au-sein-du-bureau-de-la-societe\/centre-de-contact\/\">Centre de contact<\/a><\/li>\n<\/ul><\/div><\/div><\/div><\/div>\n<\/div><\/div><div class=\"flex_cell no_margin av_three_fourth  mainCell  \" style='vertical-align:top; padding:0px 30px 30px 30px ; background-color:#ffffff; '><div class='flex_cell_inner' ><p><div class=\"flex_column av_one_full  flex_column_div first  \" ><section class=\"av_textblock_section\"  itemscope=\"itemscope\" itemtype=\"https:\/\/schema.org\/CreativeWork\" ><div class='avia_textblock '   itemprop=\"text\" ><h1 class=\"copyHeading\">Approvisionnement<\/h1>\n<\/div><\/section><br \/>\n<section class=\"av_textblock_section\"  itemscope=\"itemscope\" itemtype=\"https:\/\/schema.org\/CreativeWork\" ><div class='avia_textblock '   itemprop=\"text\" ><p>Les professionnels de l\u2019Approvisionnement travaillent avec les fournisseurs et des intervenants internes pour trouver, \u00e9tablir et maintenir des relations d\u2019approvisionnement strat\u00e9gique qui permettent \u00e0 la\u00a0TD de r\u00e9ussir.<\/p>\n<p>Les professionnels de l\u2019Approvisionnement g\u00e8rent tous les aspects des relations avec les fournisseurs\u00a0: n\u00e9gociation de contrat, r\u00e9solution de probl\u00e8mes, facturation, \u00e9valuation des risques, etc. Il est n\u00e9cessaire d\u2019entretenir de solides partenariats, qu\u2019ils soient internes ou externes.<\/p>\n<p>Les membres de cette \u00e9quipe font quotidiennement appel \u00e0 leurs comp\u00e9tences en r\u00e9solution de probl\u00e8mes, en gestion des relations et en communication proactive. Ils ont une solide connaissance des m\u00e9thodologies et des pratiques gagnantes du secteur qui contribuent \u00e0 notre strat\u00e9gie d\u2019approvisionnement et favorisent l\u2019efficacit\u00e9. Ils repr\u00e9sentent \u00e9galement notre marque en veillant \u00e0 ce que les personnes qui choisissent de travailler avec nous croient en notre mission et en nos valeurs autant que nous y croyions.<\/p>\n<h2>Pr\u00eat \u00e0 postuler un poste?<\/h2>\n<\/div><\/section><br \/>\n<div class='avia-button-wrap avia-button-left  lnkJobSearch'><a href='\/fr-CA\/recherche-demploi\/?addtnl_categories=Approvisionnement' class='avia-button  avia-icon_select-yes-right-icon avia-color-theme-color avia-size-medium avia-position-left '   ><span class='avia_iconbox_title' >Recherche d\u2019emplois<\/span><span class='avia_button_icon avia_button_icon_right' aria-hidden='true' data-av_icon='\ue87d' data-av_iconfont='entypo-fontello'><\/span><\/a><\/div><\/p><\/div><div style='height:50px' class='hr hr-invisible  '><span class='hr-inner ' ><span class='hr-inner-style'><\/span><\/span><\/div><br \/>\n<div class=\"flex_column av_one_fourth  flex_column_div av-zero-column-padding first  \" style='border-radius:0px; '><div class='avia-image-container  av-styling-    avia-align-center '  itemscope=\"itemscope\" itemtype=\"https:\/\/schema.org\/ImageObject\"  ><div class='avia-image-container-inner'><img class='avia_image ' src='https:\/\/tdbank4.site.findly.com\/wp-content\/uploads\/sites\/605\/2018\/10\/CO-RESL-Exec-68_10120.jpg' alt='' title=''   itemprop=\"contentURL\"  \/><\/div><\/div><\/div><div class=\"flex_column av_two_third  flex_column_div av-zero-column-padding   \" style='border-radius:0px; '><div style='padding-bottom:10px;color:#027602;' class='av-special-heading av-special-heading-h3 custom-color-heading   left-border'><h3 class='av-special-heading-tag'  itemprop=\"headline\"  >Nos \u00e9quipes du Bureau de la Soci\u00e9t\u00e9 qui sont r\u00e9parties dans diff\u00e9rents secteurs, dont Ressources humaines, Gestion des risques, Finances et Marketing, offrent du soutien et des services qui permettent \u00e0 la TD d\u2019\u00eatre la meilleure banque.<\/h3><div class='special-heading-border'><div class='special-heading-inner-border' style='border-color:#027602'><\/div><\/div><\/div><\/div><\/p>\n<\/div><\/div>\n<\/div>\n","protected":false},"excerpt":{"rendered":"","protected":false},"author":1,"featured_media":0,"parent":1453,"menu_order":0,"comment_status":"closed","ping_status":"closed","template":"","meta":{"footnotes":""},"class_list":["post-1489","page","type-page","status-publish","hentry"],"yoast_head":"<!-- This site is optimized with the Yoast SEO Premium plugin v23.0 (Yoast SEO v23.0) - https:\/\/yoast.com\/wordpress\/plugins\/seo\/ -->\n<title>Approvisionnement<\/title>\n<meta name=\"robots\" content=\"noindex, follow, max-snippet:-1, max-image-preview:large, max-video-preview:-1\" \/>\n<meta property=\"og:locale\" content=\"fr_CA\" \/>\n<meta property=\"og:type\" content=\"article\" \/>\n<meta property=\"og:title\" content=\"Approvisionnement\" \/>\n<meta property=\"og:url\" content=\"https:\/\/tdbank4.site.findly.com\/fr-CA\/possibilites-demploi\/occasions-au-sein-du-bureau-de-la-societe\/approvisionnement\/\" \/>\n<meta property=\"og:site_name\" content=\"Banque TD\" \/>\n<meta property=\"article:publisher\" content=\"https:\/\/www.facebook.com\/TDBank\" \/>\n<meta property=\"article:modified_time\" content=\"2020-12-03T21:02:19+00:00\" \/>\n<meta name=\"twitter:label1\" content=\"Estimation du temps de lecture\" \/>\n\t<meta name=\"twitter:data1\" content=\"5 minutes\" \/>\n<script type=\"application\/ld+json\" class=\"yoast-schema-graph\">{\"@context\":\"https:\/\/schema.org\",\"@graph\":[{\"@type\":\"WebPage\",\"@id\":\"https:\/\/tdbank4.site.findly.com\/fr-CA\/possibilites-demploi\/occasions-au-sein-du-bureau-de-la-societe\/approvisionnement\/\",\"url\":\"https:\/\/tdbank4.site.findly.com\/fr-CA\/possibilites-demploi\/occasions-au-sein-du-bureau-de-la-societe\/approvisionnement\/\",\"name\":\"Approvisionnement\",\"isPartOf\":{\"@id\":\"https:\/\/tdbank4.site.findly.com\/fr-CA\/#website\"},\"datePublished\":\"2015-05-15T15:44:51+00:00\",\"dateModified\":\"2020-12-03T21:02:19+00:00\",\"breadcrumb\":{\"@id\":\"https:\/\/tdbank4.site.findly.com\/fr-CA\/possibilites-demploi\/occasions-au-sein-du-bureau-de-la-societe\/approvisionnement\/#breadcrumb\"},\"inLanguage\":\"fr-CA\",\"potentialAction\":[{\"@type\":\"ReadAction\",\"target\":[\"https:\/\/tdbank4.site.findly.com\/fr-CA\/possibilites-demploi\/occasions-au-sein-du-bureau-de-la-societe\/approvisionnement\/\"]}]},{\"@type\":\"BreadcrumbList\",\"@id\":\"https:\/\/tdbank4.site.findly.com\/fr-CA\/possibilites-demploi\/occasions-au-sein-du-bureau-de-la-societe\/approvisionnement\/#breadcrumb\",\"itemListElement\":[{\"@type\":\"ListItem\",\"position\":1,\"name\":\"Home\",\"item\":\"https:\/\/tdbank4.site.findly.com\/fr-CA\/\"},{\"@type\":\"ListItem\",\"position\":2,\"name\":\"Possibilit\u00e9s d\u2019emploi\",\"item\":\"https:\/\/tdbank4.site.findly.com\/fr-CA\/possibilites-demploi\/\"},{\"@type\":\"ListItem\",\"position\":3,\"name\":\"Occasions au sein du Bureau de la Soci\u00e9t\u00e9\",\"item\":\"https:\/\/tdbank4.site.findly.com\/fr-CA\/possibilites-demploi\/occasions-au-sein-du-bureau-de-la-societe\/\"},{\"@type\":\"ListItem\",\"position\":4,\"name\":\"Approvisionnement\"}]},{\"@type\":\"WebSite\",\"@id\":\"https:\/\/tdbank4.site.findly.com\/fr-CA\/#website\",\"url\":\"https:\/\/tdbank4.site.findly.com\/fr-CA\/\",\"name\":\"Banque TD\",\"description\":\"Responsive Career site\",\"potentialAction\":[{\"@type\":\"SearchAction\",\"target\":{\"@type\":\"EntryPoint\",\"urlTemplate\":\"https:\/\/tdbank4.site.findly.com\/fr-CA\/?s={search_term_string}\"},\"query-input\":\"required name=search_term_string\"}],\"inLanguage\":\"fr-CA\"}]}<\/script>\n<!-- \/ Yoast SEO Premium plugin. -->","yoast_head_json":{"title":"Approvisionnement","robots":{"index":"noindex","follow":"follow","max-snippet":"max-snippet:-1","max-image-preview":"max-image-preview:large","max-video-preview":"max-video-preview:-1"},"og_locale":"fr_CA","og_type":"article","og_title":"Approvisionnement","og_url":"https:\/\/tdbank4.site.findly.com\/fr-CA\/possibilites-demploi\/occasions-au-sein-du-bureau-de-la-societe\/approvisionnement\/","og_site_name":"Banque TD","article_publisher":"https:\/\/www.facebook.com\/TDBank","article_modified_time":"2020-12-03T21:02:19+00:00","twitter_misc":{"Estimation du temps de lecture":"5 minutes"},"schema":{"@context":"https:\/\/schema.org","@graph":[{"@type":"WebPage","@id":"https:\/\/tdbank4.site.findly.com\/fr-CA\/possibilites-demploi\/occasions-au-sein-du-bureau-de-la-societe\/approvisionnement\/","url":"https:\/\/tdbank4.site.findly.com\/fr-CA\/possibilites-demploi\/occasions-au-sein-du-bureau-de-la-societe\/approvisionnement\/","name":"Approvisionnement","isPartOf":{"@id":"https:\/\/tdbank4.site.findly.com\/fr-CA\/#website"},"datePublished":"2015-05-15T15:44:51+00:00","dateModified":"2020-12-03T21:02:19+00:00","breadcrumb":{"@id":"https:\/\/tdbank4.site.findly.com\/fr-CA\/possibilites-demploi\/occasions-au-sein-du-bureau-de-la-societe\/approvisionnement\/#breadcrumb"},"inLanguage":"fr-CA","potentialAction":[{"@type":"ReadAction","target":["https:\/\/tdbank4.site.findly.com\/fr-CA\/possibilites-demploi\/occasions-au-sein-du-bureau-de-la-societe\/approvisionnement\/"]}]},{"@type":"BreadcrumbList","@id":"https:\/\/tdbank4.site.findly.com\/fr-CA\/possibilites-demploi\/occasions-au-sein-du-bureau-de-la-societe\/approvisionnement\/#breadcrumb","itemListElement":[{"@type":"ListItem","position":1,"name":"Home","item":"https:\/\/tdbank4.site.findly.com\/fr-CA\/"},{"@type":"ListItem","position":2,"name":"Possibilit\u00e9s d\u2019emploi","item":"https:\/\/tdbank4.site.findly.com\/fr-CA\/possibilites-demploi\/"},{"@type":"ListItem","position":3,"name":"Occasions au sein du Bureau de la Soci\u00e9t\u00e9","item":"https:\/\/tdbank4.site.findly.com\/fr-CA\/possibilites-demploi\/occasions-au-sein-du-bureau-de-la-societe\/"},{"@type":"ListItem","position":4,"name":"Approvisionnement"}]},{"@type":"WebSite","@id":"https:\/\/tdbank4.site.findly.com\/fr-CA\/#website","url":"https:\/\/tdbank4.site.findly.com\/fr-CA\/","name":"Banque TD","description":"Responsive Career site","potentialAction":[{"@type":"SearchAction","target":{"@type":"EntryPoint","urlTemplate":"https:\/\/tdbank4.site.findly.com\/fr-CA\/?s={search_term_string}"},"query-input":"required name=search_term_string"}],"inLanguage":"fr-CA"}]}},"_links":{"self":[{"href":"https:\/\/tdbank4.site.findly.com\/fr-CA\/wp-json\/wp\/v2\/pages\/1489","targetHints":{"allow":["GET"]}}],"collection":[{"href":"https:\/\/tdbank4.site.findly.com\/fr-CA\/wp-json\/wp\/v2\/pages"}],"about":[{"href":"https:\/\/tdbank4.site.findly.com\/fr-CA\/wp-json\/wp\/v2\/types\/page"}],"author":[{"embeddable":true,"href":"https:\/\/tdbank4.site.findly.com\/fr-CA\/wp-json\/wp\/v2\/users\/1"}],"replies":[{"embeddable":true,"href":"https:\/\/tdbank4.site.findly.com\/fr-CA\/wp-json\/wp\/v2\/comments?post=1489"}],"version-history":[{"count":0,"href":"https:\/\/tdbank4.site.findly.com\/fr-CA\/wp-json\/wp\/v2\/pages\/1489\/revisions"}],"up":[{"embeddable":true,"href":"https:\/\/tdbank4.site.findly.com\/fr-CA\/wp-json\/wp\/v2\/pages\/1453"}],"wp:attachment":[{"href":"https:\/\/tdbank4.site.findly.com\/fr-CA\/wp-json\/wp\/v2\/media?parent=1489"}],"curies":[{"name":"wp","href":"https:\/\/api.w.org\/{rel}","templated":true}]}}