{"id":1483,"date":"2015-05-15T15:43:02","date_gmt":"2015-05-15T15:43:02","guid":{"rendered":"http:\/\/tdbank2.site.findly.com\/job-opportunities\/corporate\/legal\/"},"modified":"2019-04-12T12:38:23","modified_gmt":"2019-04-12T12:38:23","slug":"service-juridique-td","status":"publish","type":"page","link":"https:\/\/tdbank4.site.findly.com\/fr-CA\/possibilites-demploi\/occasions-au-sein-du-bureau-de-la-societe\/service-juridique-td\/","title":{"rendered":"Service juridique TD"},"content":{"rendered":"<\/div><\/div><\/div><!-- close content main div --><\/div><\/div><div id='banner-subpage' class='avia-section alternate_color avia-section-default avia-no-border-styling avia-bg-style-scroll   av-minimum-height av-minimum-height-custom container_wrap fullsize' style = 'background-repeat: no-repeat; background-image: url(https:\/\/tdbank4.site.findly.com\/wp-content\/uploads\/sites\/605\/2015\/05\/DT_DGTCX_026.jpg); background-attachment: scroll; background-position: top left; ' data-section-bg-repeat='no-repeat' ><div class='container' ><div class='template-page content  av-content-full alpha units'><div class='post-entry post-entry-type-page post-entry-1483'><div class='entry-content-wrapper clearfix'>\n<section class=\"av_textblock_section\"  itemscope=\"itemscope\" itemtype=\"https:\/\/schema.org\/CreativeWork\" ><div class='avia_textblock headertext ht5 w38 tagline-position-banner'   itemprop=\"text\" ><div>D\u00e9couvrez des possibilit\u00e9s de carri\u00e8re qui d\u00e9passent vos attentes.<\/div>\n<\/div><\/section>\n\n<\/div><\/div><\/div><!-- close content main div --><\/div><\/div><div id='mobile-bannertext' class='avia-section alternate_color avia-section-default avia-no-border-styling avia-bg-style-scroll   av-minimum-height av-minimum-height-custom container_wrap fullsize'   ><div class='container' ><div class='template-page content  av-content-full alpha units'><div class='post-entry post-entry-type-page post-entry-1483'><div class='entry-content-wrapper clearfix'>\n<section class=\"av_textblock_section\"  itemscope=\"itemscope\" itemtype=\"https:\/\/schema.org\/CreativeWork\" ><div class='avia_textblock headertext'   itemprop=\"text\" ><div>D\u00e9couvrez des possibilit\u00e9s de carri\u00e8re qui d\u00e9passent vos attentes.<\/div>\n<\/div><\/section>\n\n<\/div><\/div><\/div><!-- close content main div --><\/div><\/div><div id='secjobsearchbar' class='avia-section main_color avia-section-small avia-no-border-styling avia-bg-style-scroll   container_wrap fullsize'   ><div class='container' ><div class='template-page content  av-content-full alpha units'><div class='post-entry post-entry-type-page post-entry-1483'><div class='entry-content-wrapper clearfix'>\n\n\n<\/div><\/div><\/div><!-- close content main div --><\/div><\/div><div id='secMainCopy' class='av-layout-grid-container entry-content-wrapper main_color av-flex-cells   container_wrap fullsize'   >\n<div class=\"flex_cell no_margin av_one_fourth  navCell  \" style='vertical-align:top; padding:0px 0px 0 0px ; background-color:#efeff4; '><div class='flex_cell_inner' ><div class=\"flex_column av_one_full  flex_column_div first  \" ><div class='avia-builder-widget-area clearfix '><div id=\"nav_menu-8\" class=\"widget clearfix widget_nav_menu\"><div class=\"menu-job-ops-corporate-french-can0-container\"><ul id=\"menu-job-ops-corporate-french-can0\" class=\"menu\"><li id=\"menu-item-2012\" class=\"menu-item menu-item-type-post_type menu-item-object-page menu-item-2012\"><a href=\"https:\/\/tdbank4.site.findly.com\/fr-CA\/possibilites-demploi\/services-bancaires-de-detail\/\">Occasions au sein des Services bancaires de d\u00e9tail<\/a><\/li>\n<li id=\"menu-item-2014\" class=\"menu-item menu-item-type-post_type menu-item-object-page menu-item-has-children menu-item-2014\"><a href=\"https:\/\/tdbank4.site.findly.com\/fr-CA\/possibilites-demploi\/occasions-au-sein-du-bureau-de-la-societe\/\">Occasions au sein du Bureau de la Soci\u00e9t\u00e9<\/a>\n<ul class=\"sub-menu\">\n\t<li id=\"menu-item-20564\" class=\"menu-item menu-item-type-post_type menu-item-object-page menu-item-20564\"><a href=\"https:\/\/tdbank4.site.findly.com\/fr-CA\/agile-scale\/\">Agile \u00e0 grande \u00e9chelle<\/a><\/li>\n\t<li id=\"menu-item-21110\" class=\"menu-item menu-item-type-post_type menu-item-object-page menu-item-21110\"><a href=\"https:\/\/tdbank4.site.findly.com\/fr-CA\/engineering\/\">Pratiques d\u2019ing\u00e9nierie<\/a><\/li>\n\t<li id=\"menu-item-2016\" class=\"menu-item menu-item-type-post_type menu-item-object-page menu-item-2016\"><a href=\"https:\/\/tdbank4.site.findly.com\/fr-CA\/possibilites-demploi\/occasions-au-sein-du-bureau-de-la-societe\/lutte-contre-le-blanchiment-dargent-conformite-et-relations-avec-les-autorites-de-reglementation\/\">Lutte contre le blanchiment d\u2019argent, Conformit\u00e9 et Relations avec les autorit\u00e9s de r\u00e9glementation<\/a><\/li>\n\t<li id=\"menu-item-2018\" class=\"menu-item menu-item-type-post_type menu-item-object-page menu-item-2018\"><a href=\"https:\/\/tdbank4.site.findly.com\/fr-CA\/possibilites-demploi\/occasions-au-sein-du-bureau-de-la-societe\/audit\/\">Audit<\/a><\/li>\n\t<li id=\"menu-item-2020\" class=\"menu-item menu-item-type-post_type menu-item-object-page menu-item-2020\"><a href=\"https:\/\/tdbank4.site.findly.com\/fr-CA\/possibilites-demploi\/occasions-au-sein-du-bureau-de-la-societe\/affaires-internes-et-publiques\/\">Affaires internes et publiques<\/a><\/li>\n\t<li id=\"menu-item-2022\" class=\"menu-item menu-item-type-post_type menu-item-object-page menu-item-2022\"><a href=\"https:\/\/tdbank4.site.findly.com\/fr-CA\/possibilites-demploi\/occasions-au-sein-du-bureau-de-la-societe\/relations-communautaires-et-environnement\/\">Relations communautaires et Environnement<\/a><\/li>\n\t<li id=\"menu-item-2026\" class=\"menu-item menu-item-type-post_type menu-item-object-page menu-item-2026\"><a href=\"https:\/\/tdbank4.site.findly.com\/fr-CA\/possibilites-demploi\/occasions-au-sein-du-bureau-de-la-societe\/services-immobiliers-de-lentreprise\/\">Services immobiliers de l\u2019entreprise<\/a><\/li>\n\t<li id=\"menu-item-14598\" class=\"menu-item menu-item-type-post_type menu-item-object-page menu-item-14598\"><a href=\"https:\/\/tdbank4.site.findly.com\/fr-CA\/donnees-analyses\/\">Donn\u00e9es et analyses<\/a><\/li>\n\t<li id=\"menu-item-2028\" class=\"menu-item menu-item-type-post_type menu-item-object-page menu-item-2028\"><a href=\"https:\/\/tdbank4.site.findly.com\/fr-CA\/possibilites-demploi\/occasions-au-sein-du-bureau-de-la-societe\/finances\/\">Finances<\/a><\/li>\n\t<li id=\"menu-item-2030\" class=\"menu-item menu-item-type-post_type menu-item-object-page menu-item-2030\"><a href=\"https:\/\/tdbank4.site.findly.com\/fr-CA\/possibilites-demploi\/occasions-au-sein-du-bureau-de-la-societe\/ressources-humaines\/\">Ressources humaines<\/a><\/li>\n\t<li id=\"menu-item-2034\" class=\"menu-item menu-item-type-post_type menu-item-object-page menu-item-2034\"><a href=\"https:\/\/tdbank4.site.findly.com\/fr-CA\/possibilites-demploi\/occasions-au-sein-du-bureau-de-la-societe\/conseiller-en-placement\/\">Conseiller en placement<\/a><\/li>\n\t<li id=\"menu-item-2036\" class=\"menu-item menu-item-type-post_type menu-item-object-page menu-item-2036\"><a href=\"https:\/\/tdbank4.site.findly.com\/fr-CA\/possibilites-demploi\/occasions-au-sein-du-bureau-de-la-societe\/service-juridique-td\/\">Service juridique TD<\/a><\/li>\n\t<li id=\"menu-item-2038\" class=\"menu-item menu-item-type-post_type menu-item-object-page menu-item-2038\"><a href=\"https:\/\/tdbank4.site.findly.com\/fr-CA\/possibilites-demploi\/occasions-au-sein-du-bureau-de-la-societe\/marketing\/\">Marketing<\/a><\/li>\n\t<li id=\"menu-item-2040\" class=\"menu-item menu-item-type-post_type menu-item-object-page menu-item-2040\"><a href=\"https:\/\/tdbank4.site.findly.com\/fr-CA\/possibilites-demploi\/occasions-au-sein-du-bureau-de-la-societe\/exploitation\/\">Exploitation<\/a><\/li>\n\t<li id=\"menu-item-2042\" class=\"menu-item menu-item-type-post_type menu-item-object-page menu-item-2042\"><a href=\"https:\/\/tdbank4.site.findly.com\/fr-CA\/possibilites-demploi\/occasions-au-sein-du-bureau-de-la-societe\/approvisionnement\/\">Approvisionnement<\/a><\/li>\n\t<li id=\"menu-item-2044\" class=\"menu-item menu-item-type-post_type menu-item-object-page menu-item-2044\"><a href=\"https:\/\/tdbank4.site.findly.com\/fr-CA\/possibilites-demploi\/occasions-au-sein-du-bureau-de-la-societe\/gestion-de-developpement-de-produits\/\">Gestion de d\u00e9veloppement de produits<\/a><\/li>\n\t<li id=\"menu-item-2046\" class=\"menu-item menu-item-type-post_type menu-item-object-page menu-item-2046\"><a href=\"https:\/\/tdbank4.site.findly.com\/fr-CA\/possibilites-demploi\/occasions-au-sein-du-bureau-de-la-societe\/risque\/\">Risque<\/a><\/li>\n\t<li id=\"menu-item-2048\" class=\"menu-item menu-item-type-post_type menu-item-object-page menu-item-2048\"><a href=\"https:\/\/tdbank4.site.findly.com\/fr-CA\/possibilites-demploi\/occasions-au-sein-du-bureau-de-la-societe\/ventes-et-expansion-des-affaires\/\">Ventes et Expansion des affaires<\/a><\/li>\n\t<li id=\"menu-item-2032\" class=\"menu-item menu-item-type-post_type menu-item-object-page menu-item-2032\"><a href=\"https:\/\/tdbank4.site.findly.com\/fr-CA\/possibilites-demploi\/occasions-au-sein-du-bureau-de-la-societe\/technologies-de-linformation\/\">Solutions technologiques<\/a><\/li>\n<\/ul>\n<\/li>\n<li id=\"menu-item-7399\" class=\"menu-item menu-item-type-post_type menu-item-object-page menu-item-7399\"><a href=\"https:\/\/tdbank4.site.findly.com\/fr-CA\/possibilites-demploi\/occasions-au-sein-du-bureau-de-la-societe\/centre-de-contact\/\">Centre de contact<\/a><\/li>\n<\/ul><\/div><\/div><\/div><\/div>\n<\/div><\/div><div class=\"flex_cell no_margin av_three_fourth  mainCell  \" style='vertical-align:top; padding:0px 30px 30px 30px ; background-color:#ffffff; '><div class='flex_cell_inner' ><p><div class=\"flex_column av_one_full  flex_column_div first  \" ><section class=\"av_textblock_section\"  itemscope=\"itemscope\" itemtype=\"https:\/\/schema.org\/CreativeWork\" ><div class='avia_textblock '   itemprop=\"text\" ><h1 class=\"copyHeading\">Service juridique TD<\/h1>\n<\/div><\/section><br \/>\n<section class=\"av_textblock_section\"  itemscope=\"itemscope\" itemtype=\"https:\/\/schema.org\/CreativeWork\" ><div class='avia_textblock '   itemprop=\"text\" ><p>Notre \u00e9quipe du Service juridique est compos\u00e9e de personnes talentueuses dont la pluralit\u00e9 des comp\u00e9tences et de l\u2019exp\u00e9rience guident et am\u00e9liorent l\u2019offre de la\u00a0TD. Que ce soit au sujet de la politique environnementale de la\u00a0TD ou de la pr\u00e9paration de documents se rapportant \u00e0 un litige, les conseils fournis par ces professionnels sont essentiels. Les membres de l\u2019\u00e9quipe s\u2019engagent \u00e0 offrir le niveau le plus \u00e9lev\u00e9 en mati\u00e8re d\u2019expertise juridique, de service et de r\u00e9activit\u00e9.<\/p>\n<p>Gr\u00e2ce \u00e0 une r\u00e9flexion critique et des solutions cr\u00e9atives, cette \u00e9quipe travaille avec certains secteurs d\u2019activit\u00e9 et soutient les activit\u00e9s de la Soci\u00e9t\u00e9 \u00e0 l\u2019\u00e9chelle de la\u00a0TD. Des Services immobiliers de l\u2019entreprise au Recouvrement des comptes, l\u2019envergure des domaines d\u2019application leur permet de conseiller efficacement sur les activit\u00e9s et les strat\u00e9gies au sein de la\u00a0TD. L\u2019\u00e9quipe du Service juridique a une v\u00e9ritable incidence sur nos activit\u00e9s en fournissant des conseils pr\u00e9cieux et en prot\u00e9geant notre r\u00e9putation.<\/p>\n<p>Puisqu\u2019ils collaborent avec des partenaires et des coll\u00e8gues talentueux dans une vari\u00e9t\u00e9 de sp\u00e9cialisations juridiques, les membres de l\u2019\u00e9quipe du Service juridique ont la chance de perfectionner leurs comp\u00e9tences quotidiennement. Ils sont responsables de soutenir la\u00a0TD dans sa qu\u00eate d\u2019excellence. Ils travaillent ensemble pour rep\u00e9rer des occasions, offrir une assistance juridique \u00e9clair\u00e9e, mettre en place des solutions novatrices et obtenir des r\u00e9sultats tangibles, et ce, dans un environnement au rythme rapide o\u00f9 les d\u00e9fis sont importants\u00a0\u2013 et les r\u00e9compenses encore plus importantes.<\/p>\n<h2>Pr\u00eat \u00e0 postuler un poste?<\/h2>\n<\/div><\/section><br \/>\n<div class='avia-button-wrap avia-button-left  lnkJobSearch'><a href='\/fr-CA\/recherche-demploi\/?addtnl_categories=Services%20juridiques%20%2F%20avocat' class='avia-button  avia-icon_select-yes-right-icon avia-color-theme-color avia-size-medium avia-position-left '   ><span class='avia_iconbox_title' >Recherche d\u2019emplois<\/span><span class='avia_button_icon avia_button_icon_right' aria-hidden='true' data-av_icon='\ue87d' data-av_iconfont='entypo-fontello'><\/span><\/a><\/div><\/p><\/div><div style='height:50px' class='hr hr-invisible  '><span class='hr-inner ' ><span class='hr-inner-style'><\/span><\/span><\/div><br \/>\n<div class=\"flex_column av_one_fourth  flex_column_div av-zero-column-padding first  \" style='border-radius:0px; '><div class='avia-image-container  av-styling-    avia-align-center '  itemscope=\"itemscope\" itemtype=\"https:\/\/schema.org\/ImageObject\"  ><div class='avia-image-container-inner'><img class='avia_image ' src='https:\/\/tdbank4.site.findly.com\/wp-content\/uploads\/sites\/605\/2018\/10\/CO-RESL-Exec-68_10120.jpg' alt='' title=''   itemprop=\"contentURL\"  \/><\/div><\/div><\/div><div class=\"flex_column av_two_third  flex_column_div av-zero-column-padding   \" style='border-radius:0px; '><div style='padding-bottom:10px;color:#027602;' class='av-special-heading av-special-heading-h3 custom-color-heading   left-border'><h3 class='av-special-heading-tag'  itemprop=\"headline\"  >Nos \u00e9quipes du Bureau de la Soci\u00e9t\u00e9 qui sont r\u00e9parties dans diff\u00e9rents secteurs, dont Ressources humaines, Gestion des risques, Finances et Marketing, offrent du soutien et des services qui permettent \u00e0 la TD d\u2019\u00eatre la meilleure banque.<\/h3><div class='special-heading-border'><div class='special-heading-inner-border' style='border-color:#027602'><\/div><\/div><\/div><\/div><\/p>\n<\/div><\/div><\/div>\n","protected":false},"excerpt":{"rendered":"","protected":false},"author":1,"featured_media":0,"parent":1453,"menu_order":0,"comment_status":"closed","ping_status":"closed","template":"","meta":{"footnotes":""},"class_list":["post-1483","page","type-page","status-publish","hentry"],"yoast_head":"<!-- This site is optimized with the Yoast SEO Premium plugin v23.0 (Yoast SEO v23.0) - https:\/\/yoast.com\/wordpress\/plugins\/seo\/ -->\n<title>Service juridique TD<\/title>\n<meta name=\"robots\" content=\"noindex, follow, max-snippet:-1, max-image-preview:large, max-video-preview:-1\" \/>\n<meta property=\"og:locale\" content=\"fr_CA\" \/>\n<meta property=\"og:type\" content=\"article\" \/>\n<meta property=\"og:title\" content=\"Service juridique TD\" \/>\n<meta property=\"og:url\" content=\"https:\/\/tdbank4.site.findly.com\/fr-CA\/possibilites-demploi\/occasions-au-sein-du-bureau-de-la-societe\/service-juridique-td\/\" \/>\n<meta property=\"og:site_name\" content=\"Banque TD\" \/>\n<meta property=\"article:publisher\" content=\"https:\/\/www.facebook.com\/TDBank\" \/>\n<meta property=\"article:modified_time\" content=\"2019-04-12T12:38:23+00:00\" \/>\n<meta name=\"twitter:label1\" content=\"Estimation du temps de lecture\" \/>\n\t<meta name=\"twitter:data1\" content=\"5 minutes\" \/>\n<script type=\"application\/ld+json\" class=\"yoast-schema-graph\">{\"@context\":\"https:\/\/schema.org\",\"@graph\":[{\"@type\":\"WebPage\",\"@id\":\"https:\/\/tdbank4.site.findly.com\/fr-CA\/possibilites-demploi\/occasions-au-sein-du-bureau-de-la-societe\/service-juridique-td\/\",\"url\":\"https:\/\/tdbank4.site.findly.com\/fr-CA\/possibilites-demploi\/occasions-au-sein-du-bureau-de-la-societe\/service-juridique-td\/\",\"name\":\"Service juridique TD\",\"isPartOf\":{\"@id\":\"https:\/\/tdbank4.site.findly.com\/fr-CA\/#website\"},\"datePublished\":\"2015-05-15T15:43:02+00:00\",\"dateModified\":\"2019-04-12T12:38:23+00:00\",\"breadcrumb\":{\"@id\":\"https:\/\/tdbank4.site.findly.com\/fr-CA\/possibilites-demploi\/occasions-au-sein-du-bureau-de-la-societe\/service-juridique-td\/#breadcrumb\"},\"inLanguage\":\"fr-CA\",\"potentialAction\":[{\"@type\":\"ReadAction\",\"target\":[\"https:\/\/tdbank4.site.findly.com\/fr-CA\/possibilites-demploi\/occasions-au-sein-du-bureau-de-la-societe\/service-juridique-td\/\"]}]},{\"@type\":\"BreadcrumbList\",\"@id\":\"https:\/\/tdbank4.site.findly.com\/fr-CA\/possibilites-demploi\/occasions-au-sein-du-bureau-de-la-societe\/service-juridique-td\/#breadcrumb\",\"itemListElement\":[{\"@type\":\"ListItem\",\"position\":1,\"name\":\"Home\",\"item\":\"https:\/\/tdbank4.site.findly.com\/fr-CA\/\"},{\"@type\":\"ListItem\",\"position\":2,\"name\":\"Possibilit\u00e9s d\u2019emploi\",\"item\":\"https:\/\/tdbank4.site.findly.com\/fr-CA\/possibilites-demploi\/\"},{\"@type\":\"ListItem\",\"position\":3,\"name\":\"Occasions au sein du Bureau de la Soci\u00e9t\u00e9\",\"item\":\"https:\/\/tdbank4.site.findly.com\/fr-CA\/possibilites-demploi\/occasions-au-sein-du-bureau-de-la-societe\/\"},{\"@type\":\"ListItem\",\"position\":4,\"name\":\"Service juridique TD\"}]},{\"@type\":\"WebSite\",\"@id\":\"https:\/\/tdbank4.site.findly.com\/fr-CA\/#website\",\"url\":\"https:\/\/tdbank4.site.findly.com\/fr-CA\/\",\"name\":\"Banque TD\",\"description\":\"Responsive Career site\",\"potentialAction\":[{\"@type\":\"SearchAction\",\"target\":{\"@type\":\"EntryPoint\",\"urlTemplate\":\"https:\/\/tdbank4.site.findly.com\/fr-CA\/?s={search_term_string}\"},\"query-input\":\"required name=search_term_string\"}],\"inLanguage\":\"fr-CA\"}]}<\/script>\n<!-- \/ Yoast SEO Premium plugin. -->","yoast_head_json":{"title":"Service juridique TD","robots":{"index":"noindex","follow":"follow","max-snippet":"max-snippet:-1","max-image-preview":"max-image-preview:large","max-video-preview":"max-video-preview:-1"},"og_locale":"fr_CA","og_type":"article","og_title":"Service juridique TD","og_url":"https:\/\/tdbank4.site.findly.com\/fr-CA\/possibilites-demploi\/occasions-au-sein-du-bureau-de-la-societe\/service-juridique-td\/","og_site_name":"Banque TD","article_publisher":"https:\/\/www.facebook.com\/TDBank","article_modified_time":"2019-04-12T12:38:23+00:00","twitter_misc":{"Estimation du temps de lecture":"5 minutes"},"schema":{"@context":"https:\/\/schema.org","@graph":[{"@type":"WebPage","@id":"https:\/\/tdbank4.site.findly.com\/fr-CA\/possibilites-demploi\/occasions-au-sein-du-bureau-de-la-societe\/service-juridique-td\/","url":"https:\/\/tdbank4.site.findly.com\/fr-CA\/possibilites-demploi\/occasions-au-sein-du-bureau-de-la-societe\/service-juridique-td\/","name":"Service juridique TD","isPartOf":{"@id":"https:\/\/tdbank4.site.findly.com\/fr-CA\/#website"},"datePublished":"2015-05-15T15:43:02+00:00","dateModified":"2019-04-12T12:38:23+00:00","breadcrumb":{"@id":"https:\/\/tdbank4.site.findly.com\/fr-CA\/possibilites-demploi\/occasions-au-sein-du-bureau-de-la-societe\/service-juridique-td\/#breadcrumb"},"inLanguage":"fr-CA","potentialAction":[{"@type":"ReadAction","target":["https:\/\/tdbank4.site.findly.com\/fr-CA\/possibilites-demploi\/occasions-au-sein-du-bureau-de-la-societe\/service-juridique-td\/"]}]},{"@type":"BreadcrumbList","@id":"https:\/\/tdbank4.site.findly.com\/fr-CA\/possibilites-demploi\/occasions-au-sein-du-bureau-de-la-societe\/service-juridique-td\/#breadcrumb","itemListElement":[{"@type":"ListItem","position":1,"name":"Home","item":"https:\/\/tdbank4.site.findly.com\/fr-CA\/"},{"@type":"ListItem","position":2,"name":"Possibilit\u00e9s d\u2019emploi","item":"https:\/\/tdbank4.site.findly.com\/fr-CA\/possibilites-demploi\/"},{"@type":"ListItem","position":3,"name":"Occasions au sein du Bureau de la Soci\u00e9t\u00e9","item":"https:\/\/tdbank4.site.findly.com\/fr-CA\/possibilites-demploi\/occasions-au-sein-du-bureau-de-la-societe\/"},{"@type":"ListItem","position":4,"name":"Service juridique TD"}]},{"@type":"WebSite","@id":"https:\/\/tdbank4.site.findly.com\/fr-CA\/#website","url":"https:\/\/tdbank4.site.findly.com\/fr-CA\/","name":"Banque TD","description":"Responsive Career site","potentialAction":[{"@type":"SearchAction","target":{"@type":"EntryPoint","urlTemplate":"https:\/\/tdbank4.site.findly.com\/fr-CA\/?s={search_term_string}"},"query-input":"required name=search_term_string"}],"inLanguage":"fr-CA"}]}},"_links":{"self":[{"href":"https:\/\/tdbank4.site.findly.com\/fr-CA\/wp-json\/wp\/v2\/pages\/1483","targetHints":{"allow":["GET"]}}],"collection":[{"href":"https:\/\/tdbank4.site.findly.com\/fr-CA\/wp-json\/wp\/v2\/pages"}],"about":[{"href":"https:\/\/tdbank4.site.findly.com\/fr-CA\/wp-json\/wp\/v2\/types\/page"}],"author":[{"embeddable":true,"href":"https:\/\/tdbank4.site.findly.com\/fr-CA\/wp-json\/wp\/v2\/users\/1"}],"replies":[{"embeddable":true,"href":"https:\/\/tdbank4.site.findly.com\/fr-CA\/wp-json\/wp\/v2\/comments?post=1483"}],"version-history":[{"count":0,"href":"https:\/\/tdbank4.site.findly.com\/fr-CA\/wp-json\/wp\/v2\/pages\/1483\/revisions"}],"up":[{"embeddable":true,"href":"https:\/\/tdbank4.site.findly.com\/fr-CA\/wp-json\/wp\/v2\/pages\/1453"}],"wp:attachment":[{"href":"https:\/\/tdbank4.site.findly.com\/fr-CA\/wp-json\/wp\/v2\/media?parent=1483"}],"curies":[{"name":"wp","href":"https:\/\/api.w.org\/{rel}","templated":true}]}}