{"id":1457,"date":"2015-05-15T15:38:34","date_gmt":"2015-05-15T15:38:34","guid":{"rendered":"http:\/\/tdbank2.site.findly.com\/job-opportunities\/corporate\/anti-money-launderingcompliance-regulatory-relations\/"},"modified":"2019-04-09T13:28:55","modified_gmt":"2019-04-09T13:28:55","slug":"lutte-contre-le-blanchiment-dargent-conformite-et-relations-avec-les-autorites-de-reglementation","status":"publish","type":"page","link":"https:\/\/tdbank4.site.findly.com\/fr-CA\/possibilites-demploi\/occasions-au-sein-du-bureau-de-la-societe\/lutte-contre-le-blanchiment-dargent-conformite-et-relations-avec-les-autorites-de-reglementation\/","title":{"rendered":"Lutte contre le blanchiment d\u2019argent, Conformit\u00e9 et Relations avec les autorit\u00e9s de r\u00e9glementation"},"content":{"rendered":"<\/div><\/div><\/div><!-- close content main div --><\/div><\/div><div id='banner-subpage' class='avia-section alternate_color avia-section-default avia-no-border-styling avia-bg-style-scroll   av-minimum-height av-minimum-height-custom container_wrap fullsize' style = 'background-repeat: no-repeat; background-image: url(https:\/\/tdbank4.site.findly.com\/wp-content\/uploads\/sites\/605\/2018\/03\/CO-MKTGNJ-011.jpg); background-attachment: scroll; background-position: top left; ' data-section-bg-repeat='no-repeat' ><div class='container' ><div class='template-page content  av-content-full alpha units'><div class='post-entry post-entry-type-page post-entry-1457'><div class='entry-content-wrapper clearfix'>\n<section class=\"av_textblock_section\"  itemscope=\"itemscope\" itemtype=\"https:\/\/schema.org\/CreativeWork\" ><div class='avia_textblock headertext w28 left60 tagline-position-banner'   itemprop=\"text\" ><div>Soyez fiers de votre expertise.<\/div>\n<\/div><\/section>\n\n<\/div><\/div><\/div><!-- close content main div --><\/div><\/div><div id='mobile-bannertext' class='avia-section alternate_color avia-section-default avia-no-border-styling avia-bg-style-scroll   av-minimum-height av-minimum-height-custom container_wrap fullsize'   ><div class='container' ><div class='template-page content  av-content-full alpha units'><div class='post-entry post-entry-type-page post-entry-1457'><div class='entry-content-wrapper clearfix'>\n<section class=\"av_textblock_section\"  itemscope=\"itemscope\" itemtype=\"https:\/\/schema.org\/CreativeWork\" ><div class='avia_textblock headertext'   itemprop=\"text\" ><div>Soyez fiers de votre expertise.<\/div>\n<\/div><\/section>\n\n<\/div><\/div><\/div><!-- close content main div --><\/div><\/div><div id='secjobsearchbar' class='avia-section main_color avia-section-small avia-no-border-styling avia-bg-style-scroll   container_wrap fullsize'   ><div class='container' ><div class='template-page content  av-content-full alpha units'><div class='post-entry post-entry-type-page post-entry-1457'><div class='entry-content-wrapper clearfix'>\n\n\n<\/div><\/div><\/div><!-- close content main div --><\/div><\/div><div id='secMainCopy' class='av-layout-grid-container entry-content-wrapper main_color av-flex-cells   container_wrap fullsize'   >\n<div class=\"flex_cell no_margin av_one_fourth  navCell  \" style='vertical-align:top; padding:0px 0px 0 0px ; background-color:#efeff4; '><div class='flex_cell_inner' ><div class=\"flex_column av_one_full  flex_column_div first  \" ><div class='avia-builder-widget-area clearfix '><div id=\"nav_menu-8\" class=\"widget clearfix widget_nav_menu\"><div class=\"menu-job-ops-corporate-french-can0-container\"><ul id=\"menu-job-ops-corporate-french-can0\" class=\"menu\"><li id=\"menu-item-2012\" class=\"menu-item menu-item-type-post_type menu-item-object-page menu-item-2012\"><a href=\"https:\/\/tdbank4.site.findly.com\/fr-CA\/possibilites-demploi\/services-bancaires-de-detail\/\">Occasions au sein des Services bancaires de d\u00e9tail<\/a><\/li>\n<li id=\"menu-item-2014\" class=\"menu-item menu-item-type-post_type menu-item-object-page menu-item-has-children menu-item-2014\"><a href=\"https:\/\/tdbank4.site.findly.com\/fr-CA\/possibilites-demploi\/occasions-au-sein-du-bureau-de-la-societe\/\">Occasions au sein du Bureau de la Soci\u00e9t\u00e9<\/a>\n<ul class=\"sub-menu\">\n\t<li id=\"menu-item-20564\" class=\"menu-item menu-item-type-post_type menu-item-object-page menu-item-20564\"><a href=\"https:\/\/tdbank4.site.findly.com\/fr-CA\/agile-scale\/\">Agile \u00e0 grande \u00e9chelle<\/a><\/li>\n\t<li id=\"menu-item-21110\" class=\"menu-item menu-item-type-post_type menu-item-object-page menu-item-21110\"><a href=\"https:\/\/tdbank4.site.findly.com\/fr-CA\/engineering\/\">Pratiques d\u2019ing\u00e9nierie<\/a><\/li>\n\t<li id=\"menu-item-2016\" class=\"menu-item menu-item-type-post_type menu-item-object-page menu-item-2016\"><a href=\"https:\/\/tdbank4.site.findly.com\/fr-CA\/possibilites-demploi\/occasions-au-sein-du-bureau-de-la-societe\/lutte-contre-le-blanchiment-dargent-conformite-et-relations-avec-les-autorites-de-reglementation\/\">Lutte contre le blanchiment d\u2019argent, Conformit\u00e9 et Relations avec les autorit\u00e9s de r\u00e9glementation<\/a><\/li>\n\t<li id=\"menu-item-2018\" class=\"menu-item menu-item-type-post_type menu-item-object-page menu-item-2018\"><a href=\"https:\/\/tdbank4.site.findly.com\/fr-CA\/possibilites-demploi\/occasions-au-sein-du-bureau-de-la-societe\/audit\/\">Audit<\/a><\/li>\n\t<li id=\"menu-item-2020\" class=\"menu-item menu-item-type-post_type menu-item-object-page menu-item-2020\"><a href=\"https:\/\/tdbank4.site.findly.com\/fr-CA\/possibilites-demploi\/occasions-au-sein-du-bureau-de-la-societe\/affaires-internes-et-publiques\/\">Affaires internes et publiques<\/a><\/li>\n\t<li id=\"menu-item-2022\" class=\"menu-item menu-item-type-post_type menu-item-object-page menu-item-2022\"><a href=\"https:\/\/tdbank4.site.findly.com\/fr-CA\/possibilites-demploi\/occasions-au-sein-du-bureau-de-la-societe\/relations-communautaires-et-environnement\/\">Relations communautaires et Environnement<\/a><\/li>\n\t<li id=\"menu-item-2026\" class=\"menu-item menu-item-type-post_type menu-item-object-page menu-item-2026\"><a href=\"https:\/\/tdbank4.site.findly.com\/fr-CA\/possibilites-demploi\/occasions-au-sein-du-bureau-de-la-societe\/services-immobiliers-de-lentreprise\/\">Services immobiliers de l\u2019entreprise<\/a><\/li>\n\t<li id=\"menu-item-14598\" class=\"menu-item menu-item-type-post_type menu-item-object-page menu-item-14598\"><a href=\"https:\/\/tdbank4.site.findly.com\/fr-CA\/donnees-analyses\/\">Donn\u00e9es et analyses<\/a><\/li>\n\t<li id=\"menu-item-2028\" class=\"menu-item menu-item-type-post_type menu-item-object-page menu-item-2028\"><a href=\"https:\/\/tdbank4.site.findly.com\/fr-CA\/possibilites-demploi\/occasions-au-sein-du-bureau-de-la-societe\/finances\/\">Finances<\/a><\/li>\n\t<li id=\"menu-item-2030\" class=\"menu-item menu-item-type-post_type menu-item-object-page menu-item-2030\"><a href=\"https:\/\/tdbank4.site.findly.com\/fr-CA\/possibilites-demploi\/occasions-au-sein-du-bureau-de-la-societe\/ressources-humaines\/\">Ressources humaines<\/a><\/li>\n\t<li id=\"menu-item-2034\" class=\"menu-item menu-item-type-post_type menu-item-object-page menu-item-2034\"><a href=\"https:\/\/tdbank4.site.findly.com\/fr-CA\/possibilites-demploi\/occasions-au-sein-du-bureau-de-la-societe\/conseiller-en-placement\/\">Conseiller en placement<\/a><\/li>\n\t<li id=\"menu-item-2036\" class=\"menu-item menu-item-type-post_type menu-item-object-page menu-item-2036\"><a href=\"https:\/\/tdbank4.site.findly.com\/fr-CA\/possibilites-demploi\/occasions-au-sein-du-bureau-de-la-societe\/service-juridique-td\/\">Service juridique TD<\/a><\/li>\n\t<li id=\"menu-item-2038\" class=\"menu-item menu-item-type-post_type menu-item-object-page menu-item-2038\"><a href=\"https:\/\/tdbank4.site.findly.com\/fr-CA\/possibilites-demploi\/occasions-au-sein-du-bureau-de-la-societe\/marketing\/\">Marketing<\/a><\/li>\n\t<li id=\"menu-item-2040\" class=\"menu-item menu-item-type-post_type menu-item-object-page menu-item-2040\"><a href=\"https:\/\/tdbank4.site.findly.com\/fr-CA\/possibilites-demploi\/occasions-au-sein-du-bureau-de-la-societe\/exploitation\/\">Exploitation<\/a><\/li>\n\t<li id=\"menu-item-2042\" class=\"menu-item menu-item-type-post_type menu-item-object-page menu-item-2042\"><a href=\"https:\/\/tdbank4.site.findly.com\/fr-CA\/possibilites-demploi\/occasions-au-sein-du-bureau-de-la-societe\/approvisionnement\/\">Approvisionnement<\/a><\/li>\n\t<li id=\"menu-item-2044\" class=\"menu-item menu-item-type-post_type menu-item-object-page menu-item-2044\"><a href=\"https:\/\/tdbank4.site.findly.com\/fr-CA\/possibilites-demploi\/occasions-au-sein-du-bureau-de-la-societe\/gestion-de-developpement-de-produits\/\">Gestion de d\u00e9veloppement de produits<\/a><\/li>\n\t<li id=\"menu-item-2046\" class=\"menu-item menu-item-type-post_type menu-item-object-page menu-item-2046\"><a href=\"https:\/\/tdbank4.site.findly.com\/fr-CA\/possibilites-demploi\/occasions-au-sein-du-bureau-de-la-societe\/risque\/\">Risque<\/a><\/li>\n\t<li id=\"menu-item-2048\" class=\"menu-item menu-item-type-post_type menu-item-object-page menu-item-2048\"><a href=\"https:\/\/tdbank4.site.findly.com\/fr-CA\/possibilites-demploi\/occasions-au-sein-du-bureau-de-la-societe\/ventes-et-expansion-des-affaires\/\">Ventes et Expansion des affaires<\/a><\/li>\n\t<li id=\"menu-item-2032\" class=\"menu-item menu-item-type-post_type menu-item-object-page menu-item-2032\"><a href=\"https:\/\/tdbank4.site.findly.com\/fr-CA\/possibilites-demploi\/occasions-au-sein-du-bureau-de-la-societe\/technologies-de-linformation\/\">Solutions technologiques<\/a><\/li>\n<\/ul>\n<\/li>\n<li id=\"menu-item-7399\" class=\"menu-item menu-item-type-post_type menu-item-object-page menu-item-7399\"><a href=\"https:\/\/tdbank4.site.findly.com\/fr-CA\/possibilites-demploi\/occasions-au-sein-du-bureau-de-la-societe\/centre-de-contact\/\">Centre de contact<\/a><\/li>\n<\/ul><\/div><\/div><\/div><\/div>\n<\/div><\/div><div class=\"flex_cell no_margin av_three_fourth  mainCell  \" style='vertical-align:top; padding:0px 30px 30px 30px ; background-color:#ffffff; '><div class='flex_cell_inner' ><p><div class=\"flex_column av_one_full  flex_column_div first  \" ><section class=\"av_textblock_section\"  itemscope=\"itemscope\" itemtype=\"https:\/\/schema.org\/CreativeWork\" ><div class='avia_textblock '   itemprop=\"text\" ><h1 class=\"copyHeading\">Lutte contre le blanchiment d\u2019argent, Conformit\u00e9 et Relations avec les autorit\u00e9s de r\u00e9glementation<\/h1>\n<\/div><\/section><br \/>\n<section class=\"av_textblock_section\"  itemscope=\"itemscope\" itemtype=\"https:\/\/schema.org\/CreativeWork\" ><div class='avia_textblock '   itemprop=\"text\" ><p>Lutte contre le blanchiment d\u2019argent, Conformit\u00e9 et Relations avec les autorit\u00e9s de r\u00e9glementation prot\u00e8gent la\u00a0TD en soutenant et en favorisant la sensibilisation aux nouvelles l\u00e9gislations et r\u00e9glementations financi\u00e8res. Elles sont responsables de rep\u00e9rer les tendances en mati\u00e8re de conformit\u00e9, les priorit\u00e9s r\u00e9glementaires et les risques \u00e9mergents relatifs \u00e0 la conformit\u00e9. C\u2019est un travail complexe et parfois difficile, mais il s\u2019accompagne d\u2019un haut niveau de fiert\u00e9 et d\u2019accomplissement.<\/p>\n<p>En tant qu\u2019entreprise globale, nous avons la responsabilit\u00e9 de respecter les nouvelles exigences r\u00e9glementaires l\u00e0 o\u00f9 nous exer\u00e7ons nos activit\u00e9s. Nos employ\u00e9s travaillent avec des partenaires cl\u00e9s pour veiller \u00e0 la conformit\u00e9 dans tous les secteurs de la soci\u00e9t\u00e9. Apr\u00e8s tout, l\u2019int\u00e9grit\u00e9 fait partie de notre\u00a0ADN. De l\u2019avis juridique \u00e0 l\u2019audit, nos employ\u00e9s sont expos\u00e9s \u00e0 la plupart des secteurs de la\u00a0TD, travaillant avec des employ\u00e9s de tous les niveaux hi\u00e9rarchiques. V\u00e9ritables experts en la mati\u00e8re, les membres de cette \u00e9quipe fournissent des conseils et leur soutien de fa\u00e7on continue pour que nous soyons en mesure de maintenir un ensemble coh\u00e9rent de normes internes et r\u00e9glementaires.<\/p>\n<p>Nos employ\u00e9s travaillent dans un environnement en constante \u00e9volution et souvent ambigu. Donc, une r\u00e9flexion critique et la r\u00e9solution cr\u00e9ative des probl\u00e8mes sont indispensables pour am\u00e9liorer la qualit\u00e9 et l\u2019efficacit\u00e9 de nos efforts en mati\u00e8re de conformit\u00e9 et de lutte contre le blanchiment d\u2019argent. En combinant une solide recherche analytique, des analyses et une \u00e9valuation, cette \u00e9quipe veille \u00e0 ce que nous soyons bien inform\u00e9s des exigences de conformit\u00e9, et ce, dans toutes les unit\u00e9s, les fonctions et les r\u00e9gions.<\/p>\n<h2>Pr\u00eat \u00e0 postuler un poste?<\/h2>\n<\/div><\/section><br \/>\n<div class='avia-button-wrap avia-button-left  lnkJobSearch'><a href='\/fr-CA\/recherche-demploi\/?addtnl_categories=Lutte%20contre%20le%20blanchiment%20d%E2%80%99argent%20%2F%20Conformit%C3%A9%20et%20r%C3%A9glementation' class='avia-button  avia-icon_select-yes-right-icon avia-color-theme-color avia-size-medium avia-position-left '   ><span class='avia_iconbox_title' >Recherche d\u2019emplois<\/span><span class='avia_button_icon avia_button_icon_right' aria-hidden='true' data-av_icon='\ue87d' data-av_iconfont='entypo-fontello'><\/span><\/a><\/div><\/p><\/div><div style='height:50px' class='hr hr-invisible  '><span class='hr-inner ' ><span class='hr-inner-style'><\/span><\/span><\/div><br \/>\n<div class=\"flex_column av_one_fourth  flex_column_div av-zero-column-padding first  \" style='border-radius:0px; '><div class='avia-image-container  av-styling-    avia-align-center '  itemscope=\"itemscope\" itemtype=\"https:\/\/schema.org\/ImageObject\"  ><div class='avia-image-container-inner'><img class='avia_image ' src='https:\/\/tdbank4.site.findly.com\/wp-content\/uploads\/sites\/605\/2018\/10\/CO-RESL-Exec-68_10120.jpg' alt='' title=''   itemprop=\"contentURL\"  \/><\/div><\/div><\/div><div class=\"flex_column av_two_third  flex_column_div av-zero-column-padding   \" style='border-radius:0px; '><div style='padding-bottom:10px;color:#027602;' class='av-special-heading av-special-heading-h3 custom-color-heading   left-border'><h3 class='av-special-heading-tag'  itemprop=\"headline\"  >Nos \u00e9quipes du Bureau de la Soci\u00e9t\u00e9 qui sont r\u00e9parties dans diff\u00e9rents secteurs, dont Ressources humaines, Gestion des risques, Finances et Marketing, offrent du soutien et des services qui permettent \u00e0 la TD d\u2019\u00eatre la meilleure banque.<\/h3><div class='special-heading-border'><div class='special-heading-inner-border' style='border-color:#027602'><\/div><\/div><\/div><\/div><\/p>\n<\/div><\/div><\/div>\n","protected":false},"excerpt":{"rendered":"","protected":false},"author":1,"featured_media":0,"parent":1453,"menu_order":0,"comment_status":"closed","ping_status":"closed","template":"","meta":{"footnotes":""},"class_list":["post-1457","page","type-page","status-publish","hentry"],"yoast_head":"<!-- This site is optimized with the Yoast SEO Premium plugin v23.0 (Yoast SEO v23.0) - https:\/\/yoast.com\/wordpress\/plugins\/seo\/ -->\n<title>Lutte contre le blanchiment d\u2019argent, Conformit\u00e9 et Relations avec les autorit\u00e9s de r\u00e9glementation<\/title>\n<meta name=\"robots\" content=\"noindex, follow, max-snippet:-1, max-image-preview:large, max-video-preview:-1\" \/>\n<meta property=\"og:locale\" content=\"fr_CA\" \/>\n<meta property=\"og:type\" content=\"article\" \/>\n<meta property=\"og:title\" content=\"Lutte contre le blanchiment d\u2019argent, Conformit\u00e9 et Relations avec les autorit\u00e9s de r\u00e9glementation\" \/>\n<meta property=\"og:url\" content=\"https:\/\/tdbank4.site.findly.com\/fr-CA\/possibilites-demploi\/occasions-au-sein-du-bureau-de-la-societe\/lutte-contre-le-blanchiment-dargent-conformite-et-relations-avec-les-autorites-de-reglementation\/\" \/>\n<meta property=\"og:site_name\" content=\"Banque TD\" \/>\n<meta property=\"article:publisher\" content=\"https:\/\/www.facebook.com\/TDBank\" \/>\n<meta property=\"article:modified_time\" content=\"2019-04-09T13:28:55+00:00\" \/>\n<meta name=\"twitter:label1\" content=\"Estimation du temps de lecture\" \/>\n\t<meta name=\"twitter:data1\" content=\"5 minutes\" \/>\n<script type=\"application\/ld+json\" class=\"yoast-schema-graph\">{\"@context\":\"https:\/\/schema.org\",\"@graph\":[{\"@type\":\"WebPage\",\"@id\":\"https:\/\/tdbank4.site.findly.com\/fr-CA\/possibilites-demploi\/occasions-au-sein-du-bureau-de-la-societe\/lutte-contre-le-blanchiment-dargent-conformite-et-relations-avec-les-autorites-de-reglementation\/\",\"url\":\"https:\/\/tdbank4.site.findly.com\/fr-CA\/possibilites-demploi\/occasions-au-sein-du-bureau-de-la-societe\/lutte-contre-le-blanchiment-dargent-conformite-et-relations-avec-les-autorites-de-reglementation\/\",\"name\":\"Lutte contre le blanchiment d\u2019argent, Conformit\u00e9 et Relations avec les autorit\u00e9s de r\u00e9glementation\",\"isPartOf\":{\"@id\":\"https:\/\/tdbank4.site.findly.com\/fr-CA\/#website\"},\"datePublished\":\"2015-05-15T15:38:34+00:00\",\"dateModified\":\"2019-04-09T13:28:55+00:00\",\"breadcrumb\":{\"@id\":\"https:\/\/tdbank4.site.findly.com\/fr-CA\/possibilites-demploi\/occasions-au-sein-du-bureau-de-la-societe\/lutte-contre-le-blanchiment-dargent-conformite-et-relations-avec-les-autorites-de-reglementation\/#breadcrumb\"},\"inLanguage\":\"fr-CA\",\"potentialAction\":[{\"@type\":\"ReadAction\",\"target\":[\"https:\/\/tdbank4.site.findly.com\/fr-CA\/possibilites-demploi\/occasions-au-sein-du-bureau-de-la-societe\/lutte-contre-le-blanchiment-dargent-conformite-et-relations-avec-les-autorites-de-reglementation\/\"]}]},{\"@type\":\"BreadcrumbList\",\"@id\":\"https:\/\/tdbank4.site.findly.com\/fr-CA\/possibilites-demploi\/occasions-au-sein-du-bureau-de-la-societe\/lutte-contre-le-blanchiment-dargent-conformite-et-relations-avec-les-autorites-de-reglementation\/#breadcrumb\",\"itemListElement\":[{\"@type\":\"ListItem\",\"position\":1,\"name\":\"Home\",\"item\":\"https:\/\/tdbank4.site.findly.com\/fr-CA\/\"},{\"@type\":\"ListItem\",\"position\":2,\"name\":\"Possibilit\u00e9s d\u2019emploi\",\"item\":\"https:\/\/tdbank4.site.findly.com\/fr-CA\/possibilites-demploi\/\"},{\"@type\":\"ListItem\",\"position\":3,\"name\":\"Occasions au sein du Bureau de la Soci\u00e9t\u00e9\",\"item\":\"https:\/\/tdbank4.site.findly.com\/fr-CA\/possibilites-demploi\/occasions-au-sein-du-bureau-de-la-societe\/\"},{\"@type\":\"ListItem\",\"position\":4,\"name\":\"Lutte contre le blanchiment d\u2019argent, Conformit\u00e9 et Relations avec les autorit\u00e9s de r\u00e9glementation\"}]},{\"@type\":\"WebSite\",\"@id\":\"https:\/\/tdbank4.site.findly.com\/fr-CA\/#website\",\"url\":\"https:\/\/tdbank4.site.findly.com\/fr-CA\/\",\"name\":\"Banque TD\",\"description\":\"Responsive Career site\",\"potentialAction\":[{\"@type\":\"SearchAction\",\"target\":{\"@type\":\"EntryPoint\",\"urlTemplate\":\"https:\/\/tdbank4.site.findly.com\/fr-CA\/?s={search_term_string}\"},\"query-input\":\"required name=search_term_string\"}],\"inLanguage\":\"fr-CA\"}]}<\/script>\n<!-- \/ Yoast SEO Premium plugin. -->","yoast_head_json":{"title":"Lutte contre le blanchiment d\u2019argent, Conformit\u00e9 et Relations avec les autorit\u00e9s de r\u00e9glementation","robots":{"index":"noindex","follow":"follow","max-snippet":"max-snippet:-1","max-image-preview":"max-image-preview:large","max-video-preview":"max-video-preview:-1"},"og_locale":"fr_CA","og_type":"article","og_title":"Lutte contre le blanchiment d\u2019argent, Conformit\u00e9 et Relations avec les autorit\u00e9s de r\u00e9glementation","og_url":"https:\/\/tdbank4.site.findly.com\/fr-CA\/possibilites-demploi\/occasions-au-sein-du-bureau-de-la-societe\/lutte-contre-le-blanchiment-dargent-conformite-et-relations-avec-les-autorites-de-reglementation\/","og_site_name":"Banque TD","article_publisher":"https:\/\/www.facebook.com\/TDBank","article_modified_time":"2019-04-09T13:28:55+00:00","twitter_misc":{"Estimation du temps de lecture":"5 minutes"},"schema":{"@context":"https:\/\/schema.org","@graph":[{"@type":"WebPage","@id":"https:\/\/tdbank4.site.findly.com\/fr-CA\/possibilites-demploi\/occasions-au-sein-du-bureau-de-la-societe\/lutte-contre-le-blanchiment-dargent-conformite-et-relations-avec-les-autorites-de-reglementation\/","url":"https:\/\/tdbank4.site.findly.com\/fr-CA\/possibilites-demploi\/occasions-au-sein-du-bureau-de-la-societe\/lutte-contre-le-blanchiment-dargent-conformite-et-relations-avec-les-autorites-de-reglementation\/","name":"Lutte contre le blanchiment d\u2019argent, Conformit\u00e9 et Relations avec les autorit\u00e9s de r\u00e9glementation","isPartOf":{"@id":"https:\/\/tdbank4.site.findly.com\/fr-CA\/#website"},"datePublished":"2015-05-15T15:38:34+00:00","dateModified":"2019-04-09T13:28:55+00:00","breadcrumb":{"@id":"https:\/\/tdbank4.site.findly.com\/fr-CA\/possibilites-demploi\/occasions-au-sein-du-bureau-de-la-societe\/lutte-contre-le-blanchiment-dargent-conformite-et-relations-avec-les-autorites-de-reglementation\/#breadcrumb"},"inLanguage":"fr-CA","potentialAction":[{"@type":"ReadAction","target":["https:\/\/tdbank4.site.findly.com\/fr-CA\/possibilites-demploi\/occasions-au-sein-du-bureau-de-la-societe\/lutte-contre-le-blanchiment-dargent-conformite-et-relations-avec-les-autorites-de-reglementation\/"]}]},{"@type":"BreadcrumbList","@id":"https:\/\/tdbank4.site.findly.com\/fr-CA\/possibilites-demploi\/occasions-au-sein-du-bureau-de-la-societe\/lutte-contre-le-blanchiment-dargent-conformite-et-relations-avec-les-autorites-de-reglementation\/#breadcrumb","itemListElement":[{"@type":"ListItem","position":1,"name":"Home","item":"https:\/\/tdbank4.site.findly.com\/fr-CA\/"},{"@type":"ListItem","position":2,"name":"Possibilit\u00e9s d\u2019emploi","item":"https:\/\/tdbank4.site.findly.com\/fr-CA\/possibilites-demploi\/"},{"@type":"ListItem","position":3,"name":"Occasions au sein du Bureau de la Soci\u00e9t\u00e9","item":"https:\/\/tdbank4.site.findly.com\/fr-CA\/possibilites-demploi\/occasions-au-sein-du-bureau-de-la-societe\/"},{"@type":"ListItem","position":4,"name":"Lutte contre le blanchiment d\u2019argent, Conformit\u00e9 et Relations avec les autorit\u00e9s de r\u00e9glementation"}]},{"@type":"WebSite","@id":"https:\/\/tdbank4.site.findly.com\/fr-CA\/#website","url":"https:\/\/tdbank4.site.findly.com\/fr-CA\/","name":"Banque TD","description":"Responsive Career site","potentialAction":[{"@type":"SearchAction","target":{"@type":"EntryPoint","urlTemplate":"https:\/\/tdbank4.site.findly.com\/fr-CA\/?s={search_term_string}"},"query-input":"required name=search_term_string"}],"inLanguage":"fr-CA"}]}},"_links":{"self":[{"href":"https:\/\/tdbank4.site.findly.com\/fr-CA\/wp-json\/wp\/v2\/pages\/1457","targetHints":{"allow":["GET"]}}],"collection":[{"href":"https:\/\/tdbank4.site.findly.com\/fr-CA\/wp-json\/wp\/v2\/pages"}],"about":[{"href":"https:\/\/tdbank4.site.findly.com\/fr-CA\/wp-json\/wp\/v2\/types\/page"}],"author":[{"embeddable":true,"href":"https:\/\/tdbank4.site.findly.com\/fr-CA\/wp-json\/wp\/v2\/users\/1"}],"replies":[{"embeddable":true,"href":"https:\/\/tdbank4.site.findly.com\/fr-CA\/wp-json\/wp\/v2\/comments?post=1457"}],"version-history":[{"count":1,"href":"https:\/\/tdbank4.site.findly.com\/fr-CA\/wp-json\/wp\/v2\/pages\/1457\/revisions"}],"predecessor-version":[{"id":22203,"href":"https:\/\/tdbank4.site.findly.com\/fr-CA\/wp-json\/wp\/v2\/pages\/1457\/revisions\/22203"}],"up":[{"embeddable":true,"href":"https:\/\/tdbank4.site.findly.com\/fr-CA\/wp-json\/wp\/v2\/pages\/1453"}],"wp:attachment":[{"href":"https:\/\/tdbank4.site.findly.com\/fr-CA\/wp-json\/wp\/v2\/media?parent=1457"}],"curies":[{"name":"wp","href":"https:\/\/api.w.org\/{rel}","templated":true}]}}