{"id":14479,"date":"2019-06-04T11:48:28","date_gmt":"2019-06-04T11:48:28","guid":{"rendered":"https:\/\/jobs.td.com\/?page_id=14479\/"},"modified":"2024-01-26T13:51:56","modified_gmt":"2024-01-26T13:51:56","slug":"donnees-analyses","status":"publish","type":"page","link":"https:\/\/tdbank4.site.findly.com\/fr-CA\/donnees-analyses\/","title":{"rendered":"Data &#038; Analytics"},"content":{"rendered":"<\/div><\/div><\/div><!-- close content main div --><\/div><\/div><div id='banner-subpage' class='avia-section alternate_color avia-section-default avia-no-border-styling avia-bg-style-scroll   av-minimum-height av-minimum-height-custom container_wrap fullsize' style = 'background-repeat: no-repeat; background-image: url(https:\/\/tdbank4.site.findly.com\/wp-content\/uploads\/sites\/605\/2019\/06\/Banner_image.jpg); background-attachment: scroll; background-position: top left; ' data-section-bg-repeat='no-repeat' ><div class='container' style='height:375px'><div class='template-page content  av-content-full alpha units'><div class='post-entry post-entry-type-page post-entry-14479'><div class='entry-content-wrapper clearfix'>\n<section class=\"av_textblock_section\"  itemscope=\"itemscope\" itemtype=\"https:\/\/schema.org\/CreativeWork\" ><div class='avia_textblock headertext w32 left40 tagline-position-banner'   itemprop=\"text\" ><div>Des gens \u2013 et une banque \u2013 guid\u00e9s par les donn\u00e9es.<\/div>\n<\/div><\/section>\n\n<\/div><\/div><\/div><!-- close content main div --><\/div><\/div><div id='mobile-bannertext' class='avia-section main_color avia-section-default avia-no-border-styling avia-bg-style-scroll   container_wrap fullsize'   ><div class='container' ><div class='template-page content  av-content-full alpha units'><div class='post-entry post-entry-type-page post-entry-14479'><div class='entry-content-wrapper clearfix'>\n<section class=\"av_textblock_section\"  itemscope=\"itemscope\" itemtype=\"https:\/\/schema.org\/CreativeWork\" ><div class='avia_textblock headertext'   itemprop=\"text\" ><div>Des gens \u2013 et une banque \u2013 guid\u00e9s par les donn\u00e9es.<\/div>\n<\/div><\/section>\n\n<\/div><\/div><\/div><!-- close content main div --><\/div><\/div><div id='secjobsearchbar' class='avia-section main_color avia-section-small avia-no-border-styling avia-bg-style-scroll   container_wrap fullsize' style = 'background-color: #e1e2eb; background-color: #e1e2eb; '  ><div class='container' ><div class='template-page content  av-content-full alpha units'><div class='post-entry post-entry-type-page post-entry-14479'><div class='entry-content-wrapper clearfix'>\n\n\n<\/div><\/div><\/div><!-- close content main div --><\/div><\/div><div id='secMainCopy' class='av-layout-grid-container entry-content-wrapper main_color av-flex-cells   container_wrap fullsize'   >\n<div class=\"flex_cell no_margin av_one_fourth  navCell  \" style='vertical-align:top; padding:0px 0px 0 0px ; background-color:#efeff4; '><div class='flex_cell_inner' ><div class=\"flex_column av_one_full  flex_column_div first  \" ><div class='avia-builder-widget-area clearfix '><div id=\"nav_menu-8\" class=\"widget clearfix widget_nav_menu\"><div class=\"menu-job-ops-corporate-french-can0-container\"><ul id=\"menu-job-ops-corporate-french-can0\" class=\"menu\"><li id=\"menu-item-2012\" class=\"menu-item menu-item-type-post_type menu-item-object-page menu-item-2012\"><a href=\"https:\/\/tdbank4.site.findly.com\/fr-CA\/possibilites-demploi\/services-bancaires-de-detail\/\">Occasions au sein des Services bancaires de d\u00e9tail<\/a><\/li>\n<li id=\"menu-item-2014\" class=\"menu-item menu-item-type-post_type menu-item-object-page menu-item-has-children menu-item-2014\"><a href=\"https:\/\/tdbank4.site.findly.com\/fr-CA\/possibilites-demploi\/occasions-au-sein-du-bureau-de-la-societe\/\">Occasions au sein du Bureau de la Soci\u00e9t\u00e9<\/a>\n<ul class=\"sub-menu\">\n\t<li id=\"menu-item-20564\" class=\"menu-item menu-item-type-post_type menu-item-object-page menu-item-20564\"><a href=\"https:\/\/tdbank4.site.findly.com\/fr-CA\/agile-scale\/\">Agile \u00e0 grande \u00e9chelle<\/a><\/li>\n\t<li id=\"menu-item-21110\" class=\"menu-item menu-item-type-post_type menu-item-object-page menu-item-21110\"><a href=\"https:\/\/tdbank4.site.findly.com\/fr-CA\/engineering\/\">Pratiques d\u2019ing\u00e9nierie<\/a><\/li>\n\t<li id=\"menu-item-2016\" class=\"menu-item menu-item-type-post_type menu-item-object-page menu-item-2016\"><a href=\"https:\/\/tdbank4.site.findly.com\/fr-CA\/possibilites-demploi\/occasions-au-sein-du-bureau-de-la-societe\/lutte-contre-le-blanchiment-dargent-conformite-et-relations-avec-les-autorites-de-reglementation\/\">Lutte contre le blanchiment d\u2019argent, Conformit\u00e9 et Relations avec les autorit\u00e9s de r\u00e9glementation<\/a><\/li>\n\t<li id=\"menu-item-2018\" class=\"menu-item menu-item-type-post_type menu-item-object-page menu-item-2018\"><a href=\"https:\/\/tdbank4.site.findly.com\/fr-CA\/possibilites-demploi\/occasions-au-sein-du-bureau-de-la-societe\/audit\/\">Audit<\/a><\/li>\n\t<li id=\"menu-item-2020\" class=\"menu-item menu-item-type-post_type menu-item-object-page menu-item-2020\"><a href=\"https:\/\/tdbank4.site.findly.com\/fr-CA\/possibilites-demploi\/occasions-au-sein-du-bureau-de-la-societe\/affaires-internes-et-publiques\/\">Affaires internes et publiques<\/a><\/li>\n\t<li id=\"menu-item-2022\" class=\"menu-item menu-item-type-post_type menu-item-object-page menu-item-2022\"><a href=\"https:\/\/tdbank4.site.findly.com\/fr-CA\/possibilites-demploi\/occasions-au-sein-du-bureau-de-la-societe\/relations-communautaires-et-environnement\/\">Relations communautaires et Environnement<\/a><\/li>\n\t<li id=\"menu-item-2026\" class=\"menu-item menu-item-type-post_type menu-item-object-page menu-item-2026\"><a href=\"https:\/\/tdbank4.site.findly.com\/fr-CA\/possibilites-demploi\/occasions-au-sein-du-bureau-de-la-societe\/services-immobiliers-de-lentreprise\/\">Services immobiliers de l\u2019entreprise<\/a><\/li>\n\t<li id=\"menu-item-14598\" class=\"menu-item menu-item-type-post_type menu-item-object-page menu-item-14598\"><a href=\"https:\/\/tdbank4.site.findly.com\/fr-CA\/donnees-analyses\/\">Donn\u00e9es et analyses<\/a><\/li>\n\t<li id=\"menu-item-2028\" class=\"menu-item menu-item-type-post_type menu-item-object-page menu-item-2028\"><a href=\"https:\/\/tdbank4.site.findly.com\/fr-CA\/possibilites-demploi\/occasions-au-sein-du-bureau-de-la-societe\/finances\/\">Finances<\/a><\/li>\n\t<li id=\"menu-item-2030\" class=\"menu-item menu-item-type-post_type menu-item-object-page menu-item-2030\"><a href=\"https:\/\/tdbank4.site.findly.com\/fr-CA\/possibilites-demploi\/occasions-au-sein-du-bureau-de-la-societe\/ressources-humaines\/\">Ressources humaines<\/a><\/li>\n\t<li id=\"menu-item-2034\" class=\"menu-item menu-item-type-post_type menu-item-object-page menu-item-2034\"><a href=\"https:\/\/tdbank4.site.findly.com\/fr-CA\/possibilites-demploi\/occasions-au-sein-du-bureau-de-la-societe\/conseiller-en-placement\/\">Conseiller en placement<\/a><\/li>\n\t<li id=\"menu-item-2036\" class=\"menu-item menu-item-type-post_type menu-item-object-page menu-item-2036\"><a href=\"https:\/\/tdbank4.site.findly.com\/fr-CA\/possibilites-demploi\/occasions-au-sein-du-bureau-de-la-societe\/service-juridique-td\/\">Service juridique TD<\/a><\/li>\n\t<li id=\"menu-item-2038\" class=\"menu-item menu-item-type-post_type menu-item-object-page menu-item-2038\"><a href=\"https:\/\/tdbank4.site.findly.com\/fr-CA\/possibilites-demploi\/occasions-au-sein-du-bureau-de-la-societe\/marketing\/\">Marketing<\/a><\/li>\n\t<li id=\"menu-item-2040\" class=\"menu-item menu-item-type-post_type menu-item-object-page menu-item-2040\"><a href=\"https:\/\/tdbank4.site.findly.com\/fr-CA\/possibilites-demploi\/occasions-au-sein-du-bureau-de-la-societe\/exploitation\/\">Exploitation<\/a><\/li>\n\t<li id=\"menu-item-2042\" class=\"menu-item menu-item-type-post_type menu-item-object-page menu-item-2042\"><a href=\"https:\/\/tdbank4.site.findly.com\/fr-CA\/possibilites-demploi\/occasions-au-sein-du-bureau-de-la-societe\/approvisionnement\/\">Approvisionnement<\/a><\/li>\n\t<li id=\"menu-item-2044\" class=\"menu-item menu-item-type-post_type menu-item-object-page menu-item-2044\"><a href=\"https:\/\/tdbank4.site.findly.com\/fr-CA\/possibilites-demploi\/occasions-au-sein-du-bureau-de-la-societe\/gestion-de-developpement-de-produits\/\">Gestion de d\u00e9veloppement de produits<\/a><\/li>\n\t<li id=\"menu-item-2046\" class=\"menu-item menu-item-type-post_type menu-item-object-page menu-item-2046\"><a href=\"https:\/\/tdbank4.site.findly.com\/fr-CA\/possibilites-demploi\/occasions-au-sein-du-bureau-de-la-societe\/risque\/\">Risque<\/a><\/li>\n\t<li id=\"menu-item-2048\" class=\"menu-item menu-item-type-post_type menu-item-object-page menu-item-2048\"><a href=\"https:\/\/tdbank4.site.findly.com\/fr-CA\/possibilites-demploi\/occasions-au-sein-du-bureau-de-la-societe\/ventes-et-expansion-des-affaires\/\">Ventes et Expansion des affaires<\/a><\/li>\n\t<li id=\"menu-item-2032\" class=\"menu-item menu-item-type-post_type menu-item-object-page menu-item-2032\"><a href=\"https:\/\/tdbank4.site.findly.com\/fr-CA\/possibilites-demploi\/occasions-au-sein-du-bureau-de-la-societe\/technologies-de-linformation\/\">Solutions technologiques<\/a><\/li>\n<\/ul>\n<\/li>\n<li id=\"menu-item-7399\" class=\"menu-item menu-item-type-post_type menu-item-object-page menu-item-7399\"><a href=\"https:\/\/tdbank4.site.findly.com\/fr-CA\/possibilites-demploi\/occasions-au-sein-du-bureau-de-la-societe\/centre-de-contact\/\">Centre de contact<\/a><\/li>\n<\/ul><\/div><\/div><\/div><\/div>\n<\/div><\/div><div class=\"flex_cell no_margin av_three_fourth  mainCell  \" style='vertical-align:top; padding:0px 30px 30px 30px ; background-color:#ffffff; '><div class='flex_cell_inner' ><p><div class=\"flex_column av_one_full  flex_column_div av-zero-column-padding first  tech-content \" style='border-radius:0px; '><p><section class=\"avia_codeblock_section avia_code_block_0\"  itemscope=\"itemscope\" itemtype=\"https:\/\/schema.org\/CreativeWork\" ><div class='avia_codeblock '  itemprop=\"text\" ><script > [avia_codeblock_placeholder uid=\"0\"] <\/script><\/div><\/section><br \/>\n<section class=\"av_textblock_section\"  itemscope=\"itemscope\" itemtype=\"https:\/\/schema.org\/CreativeWork\" ><div class='avia_textblock '   itemprop=\"text\" ><h1 class=\"copyHeading\">Donn\u00e9es et analyses<\/h1>\n<\/div><\/section><br \/>\n<section class=\"av_textblock_section\"  itemscope=\"itemscope\" itemtype=\"https:\/\/schema.org\/CreativeWork\" ><div class='avia_textblock '   itemprop=\"text\" ><p><span class=\"sub-text\">Les donn\u00e9es et l\u2019analyse sont au c\u0153ur de toutes les activit\u00e9s de la TD.<\/span>\u00a0Lorsqu\u2019elles sont \u00e9clair\u00e9es, elles favorisent l\u2019approfondissement des relations et la prestation d\u2019une exp\u00e9rience personnalis\u00e9e \u00e0 nos clients. Le d\u00e9veloppement des capacit\u00e9s li\u00e9es aux donn\u00e9es fait partie des cinq priorit\u00e9s strat\u00e9giques de la TD, et nos \u00e9quipes responsables des donn\u00e9es et de l\u2019analyse travaillent \u00e9troitement avec chaque unit\u00e9 \u00e0 cet effet.<\/p>\n<p><span class=\"sub-text\">Nous cherchons des talents en donn\u00e9es et en analyse qui souhaitent innover.<\/span> Que ce soit par le d\u00e9veloppement de l\u2019apprentissage automatique ou des fonctions pr\u00e9dictives aliment\u00e9es par l\u2019intelligence artificielle, par l\u2019\u00e9volution de nos syst\u00e8mes et plateformes de donn\u00e9es ou par le perfectionnement de nos capacit\u00e9s de gestion des donn\u00e9es, votre travail aura des r\u00e9percussions sur plus de 25\u00a0millions de clients et de 85\u2009000\u00a0employ\u00e9s r\u00e9partis dans les unit\u00e9s des services bancaires, de la gestion de patrimoine, de l\u2019assurance et des fonctions d\u2019entreprises.<\/p>\n<\/div><\/section><\/p><\/div><div class=\"flex_column av_one_full  flex_column_div av-zero-column-padding first  openings \" style='border-radius:0px; '><section class=\"av_textblock_section\"  itemscope=\"itemscope\" itemtype=\"https:\/\/schema.org\/CreativeWork\" ><div class='avia_textblock '   itemprop=\"text\" ><div class=\"avia_textblock \">\n<div class=\"flex_column av_one_half flex_column_div av-zero-column-padding first el_before_av_one_half\">\n<div class=\"copen\">\u00cates-vous\u2026<\/div>\n<ul class=\"copen-list\">\n<li>Motiv\u00e9s \u00e0 l\u2019id\u00e9e de r\u00e9soudre des probl\u00e8mes complexes en vous fondant sur les donn\u00e9es?<\/li>\n<li>Attir\u00e9s par la perspective de cr\u00e9er une exp\u00e9rience client am\u00e9lior\u00e9e et personnalis\u00e9e?<\/li>\n<li>Pr\u00eats \u00e0 transformer l\u2019utilisation des donn\u00e9es et de la technologie \u00e0 la TD?<\/li>\n<\/ul>\n<\/div>\n<div class=\"flex_column av_one_half flex_column_div av-zero-column-padding el_after_av_one_half avia-builder-el-last\">\n<div class=\"copen_txt\">Consultez nos offres d\u2019emploi actuelles :<\/div>\n<div class='avia-button-wrap avia-button-center  tech-jobs-btn en-ca'><a href='\/fr-CA\/recherche-demploi\/?addtnl_categories=Donn\u00e9es%20et%20analyses%20de%20l\u2019entreprise' class='avia-button  avia-icon_select-no avia-color-custom avia-size-small avia-position-center '  style='background-color:#1a5336; border-color:#1a5336; color:#ffffff; ' ><span class='avia_iconbox_title' >Recherche d'emplois<\/span><\/a><\/div><\/div>\n<\/div>\n<\/div><\/section><\/div><div class=\"flex_column av_one_full  flex_column_div av-zero-column-padding first  \" style='border-radius:0px; '><section class=\"av_textblock_section\"  itemscope=\"itemscope\" itemtype=\"https:\/\/schema.org\/CreativeWork\" ><div class='avia_textblock '   itemprop=\"text\" ><h2 class=\"copen\">Devenez un acteur de notre parcours pour devenir un chef de file ax\u00e9 sur les donn\u00e9es dans le secteur bancaire.<\/h2>\n<\/div><\/section><\/div><div class=\"flex_column av_one_third  flex_column_div av-zero-column-padding first  mark \" style='border-radius:0px; '><section class=\"av_textblock_section\"  itemscope=\"itemscope\" itemtype=\"https:\/\/schema.org\/CreativeWork\" ><div class='avia_textblock '   itemprop=\"text\" ><p><img decoding=\"async\" class=\"aligncenter size-square wp-image-6468\" title=\"makeyourmark2\" src=\"\/wp-content\/uploads\/sites\/605\/2019\/06\/barGraph-new.png\" alt=\"\" \/><\/p>\n<div class=\"icon-caption\">Laissez votre marque<\/div>\n<div class=\"icon-text\">en science des donn\u00e9es, analyse avanc\u00e9e, veille strat\u00e9gique et gestion des donn\u00e9es.<\/div>\n<\/div><\/section><\/div><div class=\"flex_column av_one_third  flex_column_div av-zero-column-padding   ideas \" style='border-radius:0px; '><section class=\"av_textblock_section\"  itemscope=\"itemscope\" itemtype=\"https:\/\/schema.org\/CreativeWork\" ><div class='avia_textblock '   itemprop=\"text\" ><p><img loading=\"lazy\" decoding=\"async\" class=\"aligncenter size-full wp-image-6470\" title=\"newideas2\" src=\"\/wp-content\/uploads\/sites\/109\/2016\/04\/newideas2.png\" alt=\"\" width=\"226\" height=\"130\" \/><\/p>\n<div class=\"icon-caption\">D\u00e9veloppez de nouvelles strat\u00e9gies et solutions<\/div>\n<div class=\"icon-text\">qui profiteront aux clients, coll\u00e8gues et collectivit\u00e9s.<\/div>\n<\/div><\/section><\/div><div class=\"flex_column av_one_third  flex_column_div av-zero-column-padding   team \" style='border-radius:0px; '><section class=\"av_textblock_section\"  itemscope=\"itemscope\" itemtype=\"https:\/\/schema.org\/CreativeWork\" ><div class='avia_textblock '   itemprop=\"text\" ><p><img decoding=\"async\" class=\"aligncenter size-full wp-image-6469\" title=\"dynamicteam2\" src=\"\/wp-content\/uploads\/sites\/605\/2019\/06\/computerWithDebitCard-new.png\" alt=\"\" \/><\/p>\n<div class=\"icon-caption\">Joignez-vous \u00e0 notre \u00e9quipe dynamique<\/div>\n<div class=\"icon-text\">pour fa\u00e7onner un avenir fond\u00e9 sur les donn\u00e9es et trouver une multitude d\u2019occasions de cro\u00eetre et d\u2019apprendre.<\/div>\n<\/div><\/section><\/div><div class=\"flex_column av_one_full  flex_column_div av-zero-column-padding first  1tech-testimonial \" style='border-radius:0px; '><section class=\"avia_codeblock_section avia_code_block_1\"  itemscope=\"itemscope\" itemtype=\"https:\/\/schema.org\/CreativeWork\" ><div class='avia_codeblock '  itemprop=\"text\" > [avia_codeblock_placeholder uid=\"1\"] <\/div><\/section><br \/>\n<section class=\"av_textblock_section\"  itemscope=\"itemscope\" itemtype=\"https:\/\/schema.org\/CreativeWork\" ><div class='avia_textblock '   itemprop=\"text\" ><div id=\"transcript\" class=\"transcript-block\" role=\"region\">\n<p>L&rsquo;analyse de donn\u00e9es @ TD<\/p>\n<p>Pourquoi vouliez-vous travailler \u00e0 la TD?<\/p>\n<p>Hira Fatima, Directrice, Exp\u00e9rience client, Num\u00e9rique dit : \u00ab\u00a0Parce que quand on travaille pour une entreprise qui partage nos valeurs, c&rsquo;est plus facile de s&rsquo;int\u00e9grer et de sentir qu\u2019on fait partie de cette entreprise.\u00a0\u00bb<br \/>\nKatherine Heighington, Directrice, Science des donn\u00e9es dit : \u00ab\u00a0Parce qu&rsquo;il y a beaucoup de donn\u00e9es et beaucoup de gens brillants, et pour la culture sur le partage des connaissances entre coll\u00e8gues.\u00a0\u00bb<\/p>\n<p>Qu&rsquo;aimez-vous le plus de votre travail?<\/p>\n<p>Katherine : J&rsquo;aime beaucoup qu&rsquo;on me donne des probl\u00e8mes et que je doive trouver les meilleures solutions.<br \/>\nHira : \u00ab\u00a0En analyse de donn\u00e9es, on utilise toujours les donn\u00e9es et l&rsquo;analyse pour orienter les d\u00e9cisions. J&rsquo;adore aussi utiliser les donn\u00e9es pour cr\u00e9er un r\u00e9cit.\u00a0\u00bb<\/p>\n<p>\u00c0 quoi ressemble votre avenir \u00e0 la TD?<\/p>\n<p>Katherine : \u00ab\u00a0Mon avenir \u00e0 la TD m&#8217;emballe, parce qu&rsquo;il y a une foule de possibilit\u00e9s. Je peux choisir le volet gestion de personnel, puis gravir les \u00e9chelons, ou rester dans le technique comme collaboratrice individuelle.\u00a0\u00bb<br \/>\nHira : \u00ab\u00a0Mon avenir \u00e0 la TD? Il n&rsquo;y a pas de limites!\u00a0\u00bb<\/p>\n<p>Pour en savoir plus, veuillez visitez emplois.td.com .<\/p>\n<p>FIN DE LA TRANSCRIPTION<\/p>\n<\/div>\n<\/div><\/section><\/p><\/div><\/p>\n<\/div><\/div><\/div>\n","protected":false},"excerpt":{"rendered":"","protected":false},"author":1048,"featured_media":0,"parent":0,"menu_order":0,"comment_status":"closed","ping_status":"closed","template":"","meta":{"footnotes":""},"class_list":["post-14479","page","type-page","status-publish","hentry"],"yoast_head":"<!-- This site is optimized with the Yoast SEO Premium plugin v23.0 (Yoast SEO v23.0) - https:\/\/yoast.com\/wordpress\/plugins\/seo\/ -->\n<title>Donn\u00e9es et analyses<\/title>\n<meta name=\"robots\" content=\"noindex, follow, max-snippet:-1, max-image-preview:large, max-video-preview:-1\" \/>\n<meta property=\"og:locale\" content=\"fr_CA\" \/>\n<meta property=\"og:type\" content=\"article\" \/>\n<meta property=\"og:title\" content=\"Data &amp; Analytics\" \/>\n<meta property=\"og:url\" content=\"https:\/\/tdbank4.site.findly.com\/fr-CA\/donnees-analyses\/\" \/>\n<meta property=\"og:site_name\" content=\"Banque TD\" \/>\n<meta property=\"article:publisher\" content=\"https:\/\/www.facebook.com\/TDBank\" \/>\n<meta property=\"article:modified_time\" content=\"2024-01-26T13:51:56+00:00\" \/>\n<meta property=\"og:image\" content=\"https:\/\/tdbank4.site.findly.com\/wp-content\/uploads\/sites\/605\/2019\/06\/barGraph-new.png\" \/>\n<meta name=\"twitter:label1\" content=\"Estimation du temps de lecture\" \/>\n\t<meta name=\"twitter:data1\" content=\"8 minutes\" \/>\n<script type=\"application\/ld+json\" class=\"yoast-schema-graph\">{\"@context\":\"https:\/\/schema.org\",\"@graph\":[{\"@type\":\"WebPage\",\"@id\":\"https:\/\/tdbank4.site.findly.com\/fr-CA\/donnees-analyses\/\",\"url\":\"https:\/\/tdbank4.site.findly.com\/fr-CA\/donnees-analyses\/\",\"name\":\"Donn\u00e9es et analyses\",\"isPartOf\":{\"@id\":\"https:\/\/tdbank4.site.findly.com\/fr-CA\/#website\"},\"datePublished\":\"2019-06-04T11:48:28+00:00\",\"dateModified\":\"2024-01-26T13:51:56+00:00\",\"breadcrumb\":{\"@id\":\"https:\/\/tdbank4.site.findly.com\/fr-CA\/donnees-analyses\/#breadcrumb\"},\"inLanguage\":\"fr-CA\",\"potentialAction\":[{\"@type\":\"ReadAction\",\"target\":[\"https:\/\/tdbank4.site.findly.com\/fr-CA\/donnees-analyses\/\"]}]},{\"@type\":\"BreadcrumbList\",\"@id\":\"https:\/\/tdbank4.site.findly.com\/fr-CA\/donnees-analyses\/#breadcrumb\",\"itemListElement\":[{\"@type\":\"ListItem\",\"position\":1,\"name\":\"Home\",\"item\":\"https:\/\/tdbank4.site.findly.com\/fr-CA\/\"},{\"@type\":\"ListItem\",\"position\":2,\"name\":\"Data &#038; Analytics\"}]},{\"@type\":\"WebSite\",\"@id\":\"https:\/\/tdbank4.site.findly.com\/fr-CA\/#website\",\"url\":\"https:\/\/tdbank4.site.findly.com\/fr-CA\/\",\"name\":\"Banque TD\",\"description\":\"Responsive Career site\",\"potentialAction\":[{\"@type\":\"SearchAction\",\"target\":{\"@type\":\"EntryPoint\",\"urlTemplate\":\"https:\/\/tdbank4.site.findly.com\/fr-CA\/?s={search_term_string}\"},\"query-input\":\"required name=search_term_string\"}],\"inLanguage\":\"fr-CA\"}]}<\/script>\n<!-- \/ Yoast SEO Premium plugin. -->","yoast_head_json":{"title":"Donn\u00e9es et analyses","robots":{"index":"noindex","follow":"follow","max-snippet":"max-snippet:-1","max-image-preview":"max-image-preview:large","max-video-preview":"max-video-preview:-1"},"og_locale":"fr_CA","og_type":"article","og_title":"Data & Analytics","og_url":"https:\/\/tdbank4.site.findly.com\/fr-CA\/donnees-analyses\/","og_site_name":"Banque TD","article_publisher":"https:\/\/www.facebook.com\/TDBank","article_modified_time":"2024-01-26T13:51:56+00:00","og_image":[{"url":"https:\/\/tdbank4.site.findly.com\/wp-content\/uploads\/sites\/605\/2019\/06\/barGraph-new.png"}],"twitter_misc":{"Estimation du temps de lecture":"8 minutes"},"schema":{"@context":"https:\/\/schema.org","@graph":[{"@type":"WebPage","@id":"https:\/\/tdbank4.site.findly.com\/fr-CA\/donnees-analyses\/","url":"https:\/\/tdbank4.site.findly.com\/fr-CA\/donnees-analyses\/","name":"Donn\u00e9es et analyses","isPartOf":{"@id":"https:\/\/tdbank4.site.findly.com\/fr-CA\/#website"},"datePublished":"2019-06-04T11:48:28+00:00","dateModified":"2024-01-26T13:51:56+00:00","breadcrumb":{"@id":"https:\/\/tdbank4.site.findly.com\/fr-CA\/donnees-analyses\/#breadcrumb"},"inLanguage":"fr-CA","potentialAction":[{"@type":"ReadAction","target":["https:\/\/tdbank4.site.findly.com\/fr-CA\/donnees-analyses\/"]}]},{"@type":"BreadcrumbList","@id":"https:\/\/tdbank4.site.findly.com\/fr-CA\/donnees-analyses\/#breadcrumb","itemListElement":[{"@type":"ListItem","position":1,"name":"Home","item":"https:\/\/tdbank4.site.findly.com\/fr-CA\/"},{"@type":"ListItem","position":2,"name":"Data &#038; Analytics"}]},{"@type":"WebSite","@id":"https:\/\/tdbank4.site.findly.com\/fr-CA\/#website","url":"https:\/\/tdbank4.site.findly.com\/fr-CA\/","name":"Banque TD","description":"Responsive Career site","potentialAction":[{"@type":"SearchAction","target":{"@type":"EntryPoint","urlTemplate":"https:\/\/tdbank4.site.findly.com\/fr-CA\/?s={search_term_string}"},"query-input":"required name=search_term_string"}],"inLanguage":"fr-CA"}]}},"_links":{"self":[{"href":"https:\/\/tdbank4.site.findly.com\/fr-CA\/wp-json\/wp\/v2\/pages\/14479","targetHints":{"allow":["GET"]}}],"collection":[{"href":"https:\/\/tdbank4.site.findly.com\/fr-CA\/wp-json\/wp\/v2\/pages"}],"about":[{"href":"https:\/\/tdbank4.site.findly.com\/fr-CA\/wp-json\/wp\/v2\/types\/page"}],"author":[{"embeddable":true,"href":"https:\/\/tdbank4.site.findly.com\/fr-CA\/wp-json\/wp\/v2\/users\/1048"}],"replies":[{"embeddable":true,"href":"https:\/\/tdbank4.site.findly.com\/fr-CA\/wp-json\/wp\/v2\/comments?post=14479"}],"version-history":[{"count":2,"href":"https:\/\/tdbank4.site.findly.com\/fr-CA\/wp-json\/wp\/v2\/pages\/14479\/revisions"}],"predecessor-version":[{"id":21377,"href":"https:\/\/tdbank4.site.findly.com\/fr-CA\/wp-json\/wp\/v2\/pages\/14479\/revisions\/21377"}],"wp:attachment":[{"href":"https:\/\/tdbank4.site.findly.com\/fr-CA\/wp-json\/wp\/v2\/media?parent=14479"}],"curies":[{"name":"wp","href":"https:\/\/api.w.org\/{rel}","templated":true}]}}